{"id":95,"date":"2021-06-01T07:13:17","date_gmt":"2021-06-01T05:13:17","guid":{"rendered":"https:\/\/ligueechecsgrandest.fr\/?page_id=95"},"modified":"2026-03-22T11:11:08","modified_gmt":"2026-03-22T10:11:08","slug":"finances","status":"publish","type":"page","link":"https:\/\/ligueechecsgrandest.fr\/?page_id=95","title":{"rendered":"Aides financi\u00e8res de la LEGE"},"content":{"rendered":"<p><em>Mise \u00e0 jour le 22\/03\/2026<\/em><\/p>\n<p>La Ligue des Echecs du Grand Est aide financi\u00e8rement les clubs (Equipes &#8211; Organisation d&rsquo;\u00e9v\u00e9nements &#8211; D\u00e9veloppement des \u00e9checs) et les joueurs (Participation aux championnats individuels).<\/p>\n<p>Le tableau des montants des subventions synth\u00e9tise les aides propos\u00e9es :\u00a0<a href=\"http:\/\/ligueechecsgrandest.fr\/wp-content\/uploads\/2026\/03\/Tableau-des-aides-22.03.2026.pdf\">Tableau des aides &#8211; 22.03.2026<\/a><\/p>\n<p>Le r\u00e8glement des aides propos\u00e9es d\u00e9taille les modalit\u00e9s d&rsquo;obtention de ces aides : <a href=\"http:\/\/ligueechecsgrandest.fr\/wp-content\/uploads\/2026\/03\/Reglement-pour-les-subventions-de-la-LEGE-22.03.2026.pdf\">R\u00e8glement pour les subventions de la LEGE &#8211; 22.03.2026<\/a><\/p>\n<p>Les demandes d&rsquo;aides se font via des formulaires \u00e0 compl\u00e9ter en ligne.<\/p>\n<p>Le prochain versement des aides se fera :<\/p>\n<p>&#8212; Le 05 juillet 2026 &#8211; Formulaire d&rsquo;aide \u00e0 compl\u00e9ter avant le 01 juillet 2026 : <a href=\"https:\/\/framaforms.org\/demandes-daides-pour-la-saison-2025-2026-date-de-versement-572026-1773871645\">https:\/\/framaforms.org\/demandes-daides-pour-la-saison-2025-2026-date-de-versement-572026-1773871645<\/a><\/p>\n<p>Le RIB de la LEGE : <a href=\"http:\/\/ligueechecsgrandest.fr\/wp-content\/uploads\/2022\/06\/RIB-LEGE.pdf\" target=\"_blank\" rel=\"noopener\">Ici<\/a><\/p>\n","protected":false},"excerpt":{"rendered":"<p>Mise \u00e0 jour le 22\/03\/2026 La Ligue des Echecs du Grand Est aide financi\u00e8rement les clubs (Equipes &#8211; Organisation d&rsquo;\u00e9v\u00e9nements &#8211; D\u00e9veloppement des \u00e9checs) et les joueurs (Participation aux championnats individuels). Le tableau des montants des subventions synth\u00e9tise les aides &hellip; <a href=\"https:\/\/ligueechecsgrandest.fr\/?page_id=95\">Continuer la lecture <span class=\"meta-nav\">&rarr;<\/span><\/a><\/p>\n","protected":false},"author":1,"featured_media":0,"parent":0,"menu_order":0,"comment_status":"closed","ping_status":"closed","template":"onecolumn-page.php","meta":{"_EventAllDay":false,"_EventTimezone":"","_EventStartDate":"","_EventEndDate":"","_EventStartDateUTC":"","_EventEndDateUTC":"","_EventShowMap":false,"_EventShowMapLink":false,"_EventURL":"","_EventCost":"","_EventCostDescription":"","_EventCurrencySymbol":"","_EventCurrencyCode":"","_EventCurrencyPosition":"","_EventDateTimeSeparator":"","_EventTimeRangeSeparator":"","_EventOrganizerID":[],"_EventVenueID":[],"_OrganizerEmail":"","_OrganizerPhone":"","_OrganizerWebsite":"","_VenueAddress":"","_VenueCity":"","_VenueCountry":"","_VenueProvince":"","_VenueState":"","_VenueZip":"","_VenuePhone":"","_VenueURL":"","_VenueStateProvince":"","_VenueLat":"","_VenueLng":"","_VenueShowMap":false,"_VenueShowMapLink":false,"footnotes":""},"class_list":["post-95","page","type-page","status-publish","hentry"],"aioseo_notices":[],"_links":{"self":[{"href":"https:\/\/ligueechecsgrandest.fr\/index.php?rest_route=\/wp\/v2\/pages\/95","targetHints":{"allow":["GET"]}}],"collection":[{"href":"https:\/\/ligueechecsgrandest.fr\/index.php?rest_route=\/wp\/v2\/pages"}],"about":[{"href":"https:\/\/ligueechecsgrandest.fr\/index.php?rest_route=\/wp\/v2\/types\/page"}],"author":[{"embeddable":true,"href":"https:\/\/ligueechecsgrandest.fr\/index.php?rest_route=\/wp\/v2\/users\/1"}],"replies":[{"embeddable":true,"href":"https:\/\/ligueechecsgrandest.fr\/index.php?rest_route=%2Fwp%2Fv2%2Fcomments&post=95"}],"version-history":[{"count":33,"href":"https:\/\/ligueechecsgrandest.fr\/index.php?rest_route=\/wp\/v2\/pages\/95\/revisions"}],"predecessor-version":[{"id":6304,"href":"https:\/\/ligueechecsgrandest.fr\/index.php?rest_route=\/wp\/v2\/pages\/95\/revisions\/6304"}],"wp:attachment":[{"href":"https:\/\/ligueechecsgrandest.fr\/index.php?rest_route=%2Fwp%2Fv2%2Fmedia&parent=95"}],"curies":[{"name":"wp","href":"https:\/\/api.w.org\/{rel}","templated":true}]}}