{"id":807,"date":"2021-08-23T20:54:17","date_gmt":"2021-08-23T18:54:17","guid":{"rendered":"https:\/\/ligueechecsgrandest.fr\/?page_id=807"},"modified":"2026-03-30T11:18:41","modified_gmt":"2026-03-30T09:18:41","slug":"national-4","status":"publish","type":"page","link":"https:\/\/ligueechecsgrandest.fr\/?page_id=807","title":{"rendered":"Nationale 4"},"content":{"rendered":"<p><strong><em><span style=\"color: #993366;\">Saison 2025\/2026<\/span><\/em><\/strong><\/p>\n<p>La N4 est une comp\u00e9tition organis\u00e9e par la Ligue des Echecs du Grand Est.<\/p>\n<p>Le r\u00e8glement de base est le suivant : <a href=\"http:\/\/ligueechecsgrandest.fr\/wp-content\/uploads\/2025\/08\/2025-2026-N4-Reglement-de-base.pdf\">2025-2026 &#8211; N4 &#8211; R\u00e8glement de base<\/a><\/p>\n<p>Les modifications suivantes ont \u00e9t\u00e9 apport\u00e9es lors de la saison 2024-2025 : <a href=\"http:\/\/ligueechecsgrandest.fr\/wp-content\/uploads\/2025\/08\/2025-2026-4-Modifications-1.pdf\">2025-2026 &#8211; 4 &#8211; Modifications 1<\/a><\/p>\n<p>Les modifications suivantes ont \u00e9t\u00e9 apport\u00e9es pour la saison 2025-2026 : <a href=\"http:\/\/ligueechecsgrandest.fr\/wp-content\/uploads\/2025\/08\/2025-2026-N4-Modifications-2.pdf\">2025-2026 &#8211; N4 &#8211; Modifications 2<\/a><\/p>\n<p>54 \u00e9quipes sont r\u00e9parties dans 7 groupes, seules 6 \u00e9quipes peuvent acc\u00e9der en N3. L&rsquo;annexe suivante d\u00e9termine les modalit\u00e9s d&rsquo;accession en N3 : <a href=\"http:\/\/ligueechecsgrandest.fr\/wp-content\/uploads\/2025\/08\/2025-2026-Annexe-au-reglement.pdf\">2025-2026 &#8211; Annexe au r\u00e8glement<\/a><\/p>\n<p>La date du barrage est fix\u00e9e au dimanche 10 mai 2026 (Date pouvant \u00e9volu\u00e9e selon les demandes des barragistes ).<\/p>\n<p>Pour toutes questions sur les r\u00e8glements;, merci de contacter Marc Fourcart.<\/p>\n<p style=\"text-align: left;\">Les r\u00e9sultats de N4 &#8211; Groupe 1 : <a href=\"https:\/\/www.echecs.asso.fr\/EquipesCalendrier.aspx?Ref=89&amp;Saison=3000\">https:\/\/www.echecs.asso.fr\/EquipesCalendrier.aspx?Ref=89&amp;Saison=3000<\/a><\/p>\n<p style=\"text-align: center;\"><img loading=\"lazy\" decoding=\"async\" class=\"alignnone wp-image-6363\" src=\"http:\/\/ligueechecsgrandest.fr\/wp-content\/uploads\/2026\/03\/20252026n41-300x181.png\" alt=\"\" width=\"381\" height=\"230\" srcset=\"https:\/\/ligueechecsgrandest.fr\/wp-content\/uploads\/2026\/03\/20252026n41-300x181.png 300w, https:\/\/ligueechecsgrandest.fr\/wp-content\/uploads\/2026\/03\/20252026n41.png 409w\" sizes=\"auto, (max-width: 381px) 100vw, 381px\" \/><\/p>\n<p>Les r\u00e9sultats de N4 &#8211; Groupe 2 : <a href=\"https:\/\/www.echecs.asso.fr\/EquipesCalendrier.aspx?Ref=90&amp;Saison=3000\">https:\/\/www.echecs.asso.fr\/EquipesCalendrier.aspx?Ref=90&amp;Saison=3000<\/a><\/p>\n<p style=\"text-align: center;\"><img loading=\"lazy\" decoding=\"async\" class=\"alignnone wp-image-6364\" src=\"http:\/\/ligueechecsgrandest.fr\/wp-content\/uploads\/2026\/03\/20252026n42-300x182.png\" alt=\"\" width=\"377\" height=\"229\" srcset=\"https:\/\/ligueechecsgrandest.fr\/wp-content\/uploads\/2026\/03\/20252026n42-300x182.png 300w, https:\/\/ligueechecsgrandest.fr\/wp-content\/uploads\/2026\/03\/20252026n42.png 404w\" sizes=\"auto, (max-width: 377px) 100vw, 377px\" \/><\/p>\n<p>Les r\u00e9sultats de N4 &#8211; Groupe 3 : <a href=\"https:\/\/www.echecs.asso.fr\/EquipesCalendrier.aspx?Ref=91&amp;Saison=3000\">https:\/\/www.echecs.asso.fr\/EquipesCalendrier.aspx?Ref=91&amp;Saison=3000<\/a><\/p>\n<p style=\"text-align: center;\"><img loading=\"lazy\" decoding=\"async\" class=\"alignnone wp-image-6365\" src=\"http:\/\/ligueechecsgrandest.fr\/wp-content\/uploads\/2026\/03\/20252026n43-300x179.png\" alt=\"\" width=\"374\" height=\"223\" srcset=\"https:\/\/ligueechecsgrandest.fr\/wp-content\/uploads\/2026\/03\/20252026n43-300x179.png 300w, https:\/\/ligueechecsgrandest.fr\/wp-content\/uploads\/2026\/03\/20252026n43.png 407w\" sizes=\"auto, (max-width: 374px) 100vw, 374px\" \/><\/p>\n<p>Les r\u00e9sultats de N4 &#8211; Groupe 4 : <a href=\"https:\/\/www.echecs.asso.fr\/EquipesCalendrier.aspx?Ref=122&amp;Saison=3000\">https:\/\/www.echecs.asso.fr\/EquipesCalendrier.aspx?Ref=122&amp;Saison=3000<\/a><\/p>\n<p style=\"text-align: center;\"><img loading=\"lazy\" decoding=\"async\" class=\"alignnone wp-image-6366\" src=\"http:\/\/ligueechecsgrandest.fr\/wp-content\/uploads\/2026\/03\/20252026n44-300x152.png\" alt=\"\" width=\"369\" height=\"187\" srcset=\"https:\/\/ligueechecsgrandest.fr\/wp-content\/uploads\/2026\/03\/20252026n44-300x152.png 300w, https:\/\/ligueechecsgrandest.fr\/wp-content\/uploads\/2026\/03\/20252026n44.png 407w\" sizes=\"auto, (max-width: 369px) 100vw, 369px\" \/><\/p>\n<p>Les r\u00e9sultats de N4 &#8211; Groupe 5 : <a href=\"https:\/\/www.echecs.asso.fr\/EquipesCalendrier.aspx?Ref=884&amp;Saison=3000\">https:\/\/www.echecs.asso.fr\/EquipesCalendrier.aspx?Ref=884&amp;Saison=3000<\/a><\/p>\n<p style=\"text-align: center;\"><img loading=\"lazy\" decoding=\"async\" class=\"alignnone wp-image-6367\" src=\"http:\/\/ligueechecsgrandest.fr\/wp-content\/uploads\/2026\/03\/20252026n45-300x165.png\" alt=\"\" width=\"364\" height=\"200\" srcset=\"https:\/\/ligueechecsgrandest.fr\/wp-content\/uploads\/2026\/03\/20252026n45-300x165.png 300w, https:\/\/ligueechecsgrandest.fr\/wp-content\/uploads\/2026\/03\/20252026n45.png 408w\" sizes=\"auto, (max-width: 364px) 100vw, 364px\" \/><\/p>\n<p>Les r\u00e9sultats de N4 &#8211; Groupe 6 : <a href=\"https:\/\/www.echecs.asso.fr\/EquipesCalendrier.aspx?Ref=142&amp;Saison=3000\">https:\/\/www.echecs.asso.fr\/EquipesCalendrier.aspx?Ref=142&amp;Saison=3000<\/a><\/p>\n<p style=\"text-align: center;\"><img loading=\"lazy\" decoding=\"async\" class=\"alignnone wp-image-6368\" src=\"http:\/\/ligueechecsgrandest.fr\/wp-content\/uploads\/2026\/03\/20252026n46-300x177.png\" alt=\"\" width=\"363\" height=\"214\" srcset=\"https:\/\/ligueechecsgrandest.fr\/wp-content\/uploads\/2026\/03\/20252026n46-300x177.png 300w, https:\/\/ligueechecsgrandest.fr\/wp-content\/uploads\/2026\/03\/20252026n46.png 406w\" sizes=\"auto, (max-width: 363px) 100vw, 363px\" \/><\/p>\n<p>Les r\u00e9sultats de N4 &#8211; Groupe 7 : <a href=\"https:\/\/www.echecs.asso.fr\/EquipesCalendrier.aspx?Ref=143&amp;Saison=3000\">https:\/\/www.echecs.asso.fr\/EquipesCalendrier.aspx?Ref=143&amp;Saison=3000<\/a><\/p>\n<p style=\"text-align: center;\"><img loading=\"lazy\" decoding=\"async\" class=\"alignnone wp-image-6369\" src=\"http:\/\/ligueechecsgrandest.fr\/wp-content\/uploads\/2026\/03\/20252026n47-300x178.png\" alt=\"\" width=\"354\" height=\"210\" srcset=\"https:\/\/ligueechecsgrandest.fr\/wp-content\/uploads\/2026\/03\/20252026n47-300x178.png 300w, https:\/\/ligueechecsgrandest.fr\/wp-content\/uploads\/2026\/03\/20252026n47.png 406w\" sizes=\"auto, (max-width: 354px) 100vw, 354px\" \/><\/p>\n<p style=\"text-align: center;\">****<\/p>\n<p><strong><em><span style=\"color: #993366;\">Saison 2024\/2025<\/span><\/em><\/strong><\/p>\n<p>Le Championnat de N4, organis\u00e9 par la LEGE, a r\u00e9uni cette saison 54 \u00e9quipes r\u00e9parties dans 7 groupes.<\/p>\n<p>A l&rsquo;issue des 6 ou 7 rondes de comp\u00e9tition, les champions sont connus.<\/p>\n<p>Toutes nos f\u00e9licitations \u00e0 Gerstheim 1, Ill-Regence 1, Colmar 1, Rethel-Le Palam\u00e8de, Saint-Di\u00e9 des Vosges, Vandoeuvre 3 et Creutzwald.<\/p>\n<p>Rappelons que seules 6 \u00e9quipes acc\u00e8deront en N3 selon le r\u00e8glement suivant :<\/p>\n<p><em>Pour d\u00e9terminer les 6 accessions \u00e0 la fin de la saison et les modalit\u00e9s du match de barrage, la Direction Technique a pris les dispositions suivantes qui ont \u00e9t\u00e9 valid\u00e9es par le Comit\u00e9 lors de la r\u00e9union du 6 juin 2024 et approuv\u00e9 par la consultation de la CT f\u00e9d\u00e9rale d\u00e9but septembre :\u00a0<a href=\"http:\/\/ligueechecsgrandest.fr\/wp-content\/uploads\/2024\/09\/20242025n4reglementannexe.pdf\">20242025n4reglementannexe<\/a><\/em><\/p>\n<p><em>La date retenue pour l\u2019\u00e9ventuel match de barrage est le samedi 26 avril 2025.<\/em><\/p>\n<p>Cette saison, seules 6 \u00e9quipes \u00e9voluant en N4 pouvaient pr\u00e9tendre acc\u00e9der au niveau sup\u00e9rieur alors que 7 groupes avaient \u00e9t\u00e9 constitu\u00e9s.<\/p>\n<p>Un match de barrage entre Saint-Di\u00e9 des Vosges et Vandoeuvre 3 ( champions des groupes 5 et 6 ) a donc \u00e9t\u00e9 disput\u00e9 dans les Vosges pour conna\u00eetre l&rsquo;ultime laur\u00e9at.<\/p>\n<p>Malgr\u00e9 une belle r\u00e9sistance et avec un effectif aux ELO un peu moins \u00e9lev\u00e9s, Saint-Di\u00e9 des Vosges s&rsquo;incline 5 \u00e0 2 face \u00e0 une tr\u00e8s belle \u00e9quipe de Vandoeuvre 3.<\/p>\n<p>Les \u00e9quipes du Grand Est qui acc\u00e8dent en N3 sont donc : Gerstheim 1, Ill-Regence 1, Colmar 1, Rethel-Le Palam\u00e8de, Vandoeuvre 3 et Creutzwald.<\/p>\n<p>Toutes nos f\u00e9licitations \u00e0 toutes les \u00e9quipes et tous nos remerciements aux arbitres, aux organisateurs ainsi qu&rsquo;un notre triplette de Directeurs de Groupes : Pierre Rost, Marc Fourcart et Roger Marchal !!!!<\/p>\n<p style=\"text-align: center;\"><img loading=\"lazy\" decoding=\"async\" class=\"alignnone wp-image-4709\" src=\"http:\/\/ligueechecsgrandest.fr\/wp-content\/uploads\/2025\/04\/20242025n41classement-300x179.jpg\" alt=\"\" width=\"453\" height=\"270\" srcset=\"https:\/\/ligueechecsgrandest.fr\/wp-content\/uploads\/2025\/04\/20242025n41classement-300x179.jpg 300w, https:\/\/ligueechecsgrandest.fr\/wp-content\/uploads\/2025\/04\/20242025n41classement.jpg 410w\" sizes=\"auto, (max-width: 453px) 100vw, 453px\" \/> <img loading=\"lazy\" decoding=\"async\" class=\"alignnone wp-image-4710\" src=\"http:\/\/ligueechecsgrandest.fr\/wp-content\/uploads\/2025\/04\/20242025n42classement-300x180.jpg\" alt=\"\" width=\"442\" height=\"265\" srcset=\"https:\/\/ligueechecsgrandest.fr\/wp-content\/uploads\/2025\/04\/20242025n42classement-300x180.jpg 300w, https:\/\/ligueechecsgrandest.fr\/wp-content\/uploads\/2025\/04\/20242025n42classement.jpg 409w\" sizes=\"auto, (max-width: 442px) 100vw, 442px\" \/> <img loading=\"lazy\" decoding=\"async\" class=\"alignnone wp-image-4711\" src=\"http:\/\/ligueechecsgrandest.fr\/wp-content\/uploads\/2025\/04\/20242025n43classement-300x180.jpg\" alt=\"\" width=\"443\" height=\"266\" srcset=\"https:\/\/ligueechecsgrandest.fr\/wp-content\/uploads\/2025\/04\/20242025n43classement-300x180.jpg 300w, https:\/\/ligueechecsgrandest.fr\/wp-content\/uploads\/2025\/04\/20242025n43classement.jpg 409w\" sizes=\"auto, (max-width: 443px) 100vw, 443px\" \/> <img loading=\"lazy\" decoding=\"async\" class=\"alignnone wp-image-4712\" src=\"http:\/\/ligueechecsgrandest.fr\/wp-content\/uploads\/2025\/04\/20242025n44classement-300x166.jpg\" alt=\"\" width=\"429\" height=\"237\" srcset=\"https:\/\/ligueechecsgrandest.fr\/wp-content\/uploads\/2025\/04\/20242025n44classement-300x166.jpg 300w, https:\/\/ligueechecsgrandest.fr\/wp-content\/uploads\/2025\/04\/20242025n44classement.jpg 408w\" sizes=\"auto, (max-width: 429px) 100vw, 429px\" \/> <img loading=\"lazy\" decoding=\"async\" class=\"alignnone wp-image-4713\" src=\"http:\/\/ligueechecsgrandest.fr\/wp-content\/uploads\/2025\/04\/20242025n45classement-300x167.jpg\" alt=\"\" width=\"428\" height=\"238\" srcset=\"https:\/\/ligueechecsgrandest.fr\/wp-content\/uploads\/2025\/04\/20242025n45classement-300x167.jpg 300w, https:\/\/ligueechecsgrandest.fr\/wp-content\/uploads\/2025\/04\/20242025n45classement.jpg 409w\" sizes=\"auto, (max-width: 428px) 100vw, 428px\" \/> <img loading=\"lazy\" decoding=\"async\" class=\"alignnone wp-image-4714\" src=\"http:\/\/ligueechecsgrandest.fr\/wp-content\/uploads\/2025\/04\/20242025n46classement-300x180.jpg\" alt=\"\" width=\"420\" height=\"252\" srcset=\"https:\/\/ligueechecsgrandest.fr\/wp-content\/uploads\/2025\/04\/20242025n46classement-300x180.jpg 300w, https:\/\/ligueechecsgrandest.fr\/wp-content\/uploads\/2025\/04\/20242025n46classement.jpg 410w\" sizes=\"auto, (max-width: 420px) 100vw, 420px\" \/> <img loading=\"lazy\" decoding=\"async\" class=\"alignnone wp-image-4715\" src=\"http:\/\/ligueechecsgrandest.fr\/wp-content\/uploads\/2025\/04\/20242025n47classement-300x180.jpg\" alt=\"\" width=\"415\" height=\"249\" srcset=\"https:\/\/ligueechecsgrandest.fr\/wp-content\/uploads\/2025\/04\/20242025n47classement-300x180.jpg 300w, https:\/\/ligueechecsgrandest.fr\/wp-content\/uploads\/2025\/04\/20242025n47classement.jpg 409w\" sizes=\"auto, (max-width: 415px) 100vw, 415px\" \/><\/p>\n<p style=\"text-align: center;\">****<\/p>\n<p style=\"text-align: left;\"><strong><em><span style=\"color: #993366;\">Saison 2023\/2024<\/span><\/em><\/strong><\/p>\n<p>53 \u00e9quipes r\u00e9parties dans 7 groupes ont particip\u00e9 au Championnat de N4.<\/p>\n<p>Maizi\u00e8res, Thionville 1, Neufch\u00e2teau, La Francheville, Mulhouse Philidor 4, Mossig 1 et S\u00e9lestat 1 sont de brillants champions qui \u00e9volueront la saison prochaine en N3.<\/p>\n<p>Tous nos remerciements aux Directeurs de Groupes : Marc, Pierre et Roger<\/p>\n<p><img loading=\"lazy\" decoding=\"async\" class=\" wp-image-2894 aligncenter\" src=\"http:\/\/ligueechecsgrandest.fr\/wp-content\/uploads\/2024\/06\/20232024n47-300x178.jpg\" alt=\"\" width=\"415\" height=\"246\" srcset=\"https:\/\/ligueechecsgrandest.fr\/wp-content\/uploads\/2024\/06\/20232024n47-300x178.jpg 300w, https:\/\/ligueechecsgrandest.fr\/wp-content\/uploads\/2024\/06\/20232024n47-768x455.jpg 768w, https:\/\/ligueechecsgrandest.fr\/wp-content\/uploads\/2024\/06\/20232024n47.jpg 809w\" sizes=\"auto, (max-width: 415px) 100vw, 415px\" \/> <img loading=\"lazy\" decoding=\"async\" class=\"wp-image-2895 aligncenter\" src=\"http:\/\/ligueechecsgrandest.fr\/wp-content\/uploads\/2024\/06\/20232024n46-300x178.jpg\" alt=\"\" width=\"406\" height=\"241\" srcset=\"https:\/\/ligueechecsgrandest.fr\/wp-content\/uploads\/2024\/06\/20232024n46-300x178.jpg 300w, https:\/\/ligueechecsgrandest.fr\/wp-content\/uploads\/2024\/06\/20232024n46-768x456.jpg 768w, https:\/\/ligueechecsgrandest.fr\/wp-content\/uploads\/2024\/06\/20232024n46.jpg 811w\" sizes=\"auto, (max-width: 406px) 100vw, 406px\" \/> <img loading=\"lazy\" decoding=\"async\" class=\" wp-image-2896 aligncenter\" src=\"http:\/\/ligueechecsgrandest.fr\/wp-content\/uploads\/2024\/06\/20232024n45-300x140.jpg\" alt=\"\" width=\"399\" height=\"186\" srcset=\"https:\/\/ligueechecsgrandest.fr\/wp-content\/uploads\/2024\/06\/20232024n45-300x140.jpg 300w, https:\/\/ligueechecsgrandest.fr\/wp-content\/uploads\/2024\/06\/20232024n45-768x357.jpg 768w, https:\/\/ligueechecsgrandest.fr\/wp-content\/uploads\/2024\/06\/20232024n45.jpg 810w\" sizes=\"auto, (max-width: 399px) 100vw, 399px\" \/> <img loading=\"lazy\" decoding=\"async\" class=\" wp-image-2897 aligncenter\" src=\"http:\/\/ligueechecsgrandest.fr\/wp-content\/uploads\/2024\/06\/20232024n44-300x179.jpg\" alt=\"\" width=\"399\" height=\"238\" srcset=\"https:\/\/ligueechecsgrandest.fr\/wp-content\/uploads\/2024\/06\/20232024n44-300x179.jpg 300w, https:\/\/ligueechecsgrandest.fr\/wp-content\/uploads\/2024\/06\/20232024n44-768x457.jpg 768w, https:\/\/ligueechecsgrandest.fr\/wp-content\/uploads\/2024\/06\/20232024n44.jpg 810w\" sizes=\"auto, (max-width: 399px) 100vw, 399px\" \/> <img loading=\"lazy\" decoding=\"async\" class=\" wp-image-2898 aligncenter\" src=\"http:\/\/ligueechecsgrandest.fr\/wp-content\/uploads\/2024\/06\/20232024n43-300x178.jpg\" alt=\"\" width=\"396\" height=\"235\" srcset=\"https:\/\/ligueechecsgrandest.fr\/wp-content\/uploads\/2024\/06\/20232024n43-300x178.jpg 300w, https:\/\/ligueechecsgrandest.fr\/wp-content\/uploads\/2024\/06\/20232024n43-768x456.jpg 768w, https:\/\/ligueechecsgrandest.fr\/wp-content\/uploads\/2024\/06\/20232024n43.jpg 811w\" sizes=\"auto, (max-width: 396px) 100vw, 396px\" \/> <img loading=\"lazy\" decoding=\"async\" class=\" wp-image-2899 aligncenter\" src=\"http:\/\/ligueechecsgrandest.fr\/wp-content\/uploads\/2024\/06\/20232024n42-300x179.jpg\" alt=\"\" width=\"394\" height=\"235\" srcset=\"https:\/\/ligueechecsgrandest.fr\/wp-content\/uploads\/2024\/06\/20232024n42-300x179.jpg 300w, https:\/\/ligueechecsgrandest.fr\/wp-content\/uploads\/2024\/06\/20232024n42-768x457.jpg 768w, https:\/\/ligueechecsgrandest.fr\/wp-content\/uploads\/2024\/06\/20232024n42.jpg 810w\" sizes=\"auto, (max-width: 394px) 100vw, 394px\" \/> <img loading=\"lazy\" decoding=\"async\" class=\" wp-image-2900 aligncenter\" src=\"http:\/\/ligueechecsgrandest.fr\/wp-content\/uploads\/2024\/06\/20232024n41-300x179.jpg\" alt=\"\" width=\"394\" height=\"235\" srcset=\"https:\/\/ligueechecsgrandest.fr\/wp-content\/uploads\/2024\/06\/20232024n41-300x179.jpg 300w, https:\/\/ligueechecsgrandest.fr\/wp-content\/uploads\/2024\/06\/20232024n41-768x458.jpg 768w, https:\/\/ligueechecsgrandest.fr\/wp-content\/uploads\/2024\/06\/20232024n41.jpg 810w\" sizes=\"auto, (max-width: 394px) 100vw, 394px\" \/><\/p>\n<p>&nbsp;<\/p>\n<p>&nbsp;<\/p>\n","protected":false},"excerpt":{"rendered":"<p>Saison 2025\/2026 La N4 est une comp\u00e9tition organis\u00e9e par la Ligue des Echecs du Grand Est. Le r\u00e8glement de base est le suivant : 2025-2026 &#8211; N4 &#8211; R\u00e8glement de base Les modifications suivantes ont \u00e9t\u00e9 apport\u00e9es lors de la &hellip; <a href=\"https:\/\/ligueechecsgrandest.fr\/?page_id=807\">Continuer la lecture <span class=\"meta-nav\">&rarr;<\/span><\/a><\/p>\n","protected":false},"author":1,"featured_media":0,"parent":0,"menu_order":0,"comment_status":"closed","ping_status":"closed","template":"","meta":{"_EventAllDay":false,"_EventTimezone":"","_EventStartDate":"","_EventEndDate":"","_EventStartDateUTC":"","_EventEndDateUTC":"","_EventShowMap":false,"_EventShowMapLink":false,"_EventURL":"","_EventCost":"","_EventCostDescription":"","_EventCurrencySymbol":"","_EventCurrencyCode":"","_EventCurrencyPosition":"","_EventDateTimeSeparator":"","_EventTimeRangeSeparator":"","_EventOrganizerID":[],"_EventVenueID":[],"_OrganizerEmail":"","_OrganizerPhone":"","_OrganizerWebsite":"","_VenueAddress":"","_VenueCity":"","_VenueCountry":"","_VenueProvince":"","_VenueState":"","_VenueZip":"","_VenuePhone":"","_VenueURL":"","_VenueStateProvince":"","_VenueLat":"","_VenueLng":"","_VenueShowMap":false,"_VenueShowMapLink":false,"footnotes":""},"class_list":["post-807","page","type-page","status-publish","hentry"],"aioseo_notices":[],"_links":{"self":[{"href":"https:\/\/ligueechecsgrandest.fr\/index.php?rest_route=\/wp\/v2\/pages\/807","targetHints":{"allow":["GET"]}}],"collection":[{"href":"https:\/\/ligueechecsgrandest.fr\/index.php?rest_route=\/wp\/v2\/pages"}],"about":[{"href":"https:\/\/ligueechecsgrandest.fr\/index.php?rest_route=\/wp\/v2\/types\/page"}],"author":[{"embeddable":true,"href":"https:\/\/ligueechecsgrandest.fr\/index.php?rest_route=\/wp\/v2\/users\/1"}],"replies":[{"embeddable":true,"href":"https:\/\/ligueechecsgrandest.fr\/index.php?rest_route=%2Fwp%2Fv2%2Fcomments&post=807"}],"version-history":[{"count":35,"href":"https:\/\/ligueechecsgrandest.fr\/index.php?rest_route=\/wp\/v2\/pages\/807\/revisions"}],"predecessor-version":[{"id":6374,"href":"https:\/\/ligueechecsgrandest.fr\/index.php?rest_route=\/wp\/v2\/pages\/807\/revisions\/6374"}],"wp:attachment":[{"href":"https:\/\/ligueechecsgrandest.fr\/index.php?rest_route=%2Fwp%2Fv2%2Fmedia&parent=807"}],"curies":[{"name":"wp","href":"https:\/\/api.w.org\/{rel}","templated":true}]}}