{"id":805,"date":"2021-08-23T20:54:01","date_gmt":"2021-08-23T18:54:01","guid":{"rendered":"https:\/\/ligueechecsgrandest.fr\/?page_id=805"},"modified":"2026-03-30T11:18:03","modified_gmt":"2026-03-30T09:18:03","slug":"national-3","status":"publish","type":"page","link":"https:\/\/ligueechecsgrandest.fr\/?page_id=805","title":{"rendered":"Nationale 3"},"content":{"rendered":"<p><strong><em><span style=\"color: #993366;\">Saison 2025\/2026<\/span><\/em><\/strong><\/p>\n<p style=\"text-align: left;\">Les r\u00e9sultats de N3 &#8211; Groupe 10 : <a href=\"https:\/\/www.echecs.asso.fr\/EquipesCalendrier.aspx?Ref=46&amp;Saison=3000\">https:\/\/www.echecs.asso.fr\/EquipesCalendrier.aspx?Ref=46&amp;Saison=3000<\/a><\/p>\n<p style=\"text-align: center;\"><img loading=\"lazy\" decoding=\"async\" class=\"alignnone wp-image-6359\" src=\"http:\/\/ligueechecsgrandest.fr\/wp-content\/uploads\/2026\/03\/20252026n310-300x207.png\" alt=\"\" width=\"362\" height=\"250\" srcset=\"https:\/\/ligueechecsgrandest.fr\/wp-content\/uploads\/2026\/03\/20252026n310-300x207.png 300w, https:\/\/ligueechecsgrandest.fr\/wp-content\/uploads\/2026\/03\/20252026n310.png 405w\" sizes=\"auto, (max-width: 362px) 100vw, 362px\" \/><\/p>\n<p style=\"text-align: left;\">Les r\u00e9sultats de N3 &#8211; Groupe 11 : <a href=\"https:\/\/www.echecs.asso.fr\/EquipesCalendrier.aspx?Ref=47&amp;Saison=3000\">https:\/\/www.echecs.asso.fr\/EquipesCalendrier.aspx?Ref=47&amp;Saison=3000<\/a><\/p>\n<p style=\"text-align: center;\"><img loading=\"lazy\" decoding=\"async\" class=\"alignnone wp-image-6360\" src=\"http:\/\/ligueechecsgrandest.fr\/wp-content\/uploads\/2026\/03\/20252026n311-300x206.png\" alt=\"\" width=\"373\" height=\"256\" srcset=\"https:\/\/ligueechecsgrandest.fr\/wp-content\/uploads\/2026\/03\/20252026n311-300x206.png 300w, https:\/\/ligueechecsgrandest.fr\/wp-content\/uploads\/2026\/03\/20252026n311.png 405w\" sizes=\"auto, (max-width: 373px) 100vw, 373px\" \/><\/p>\n<p>Les r\u00e9sultats de N3 &#8211; Groupe 13 : <a href=\"https:\/\/www.echecs.asso.fr\/EquipesCalendrier.aspx?Ref=49&amp;Saison=3000\">https:\/\/www.echecs.asso.fr\/EquipesCalendrier.aspx?Ref=49&amp;Saison=3000<\/a><\/p>\n<p style=\"text-align: center;\"><img loading=\"lazy\" decoding=\"async\" class=\"alignnone wp-image-6361\" src=\"http:\/\/ligueechecsgrandest.fr\/wp-content\/uploads\/2026\/03\/20252026n313-300x202.png\" alt=\"\" width=\"400\" height=\"269\" srcset=\"https:\/\/ligueechecsgrandest.fr\/wp-content\/uploads\/2026\/03\/20252026n313-300x202.png 300w, https:\/\/ligueechecsgrandest.fr\/wp-content\/uploads\/2026\/03\/20252026n313.png 408w\" sizes=\"auto, (max-width: 400px) 100vw, 400px\" \/><\/p>\n<p>Les r\u00e9sultats de N3 &#8211; Groupe 14 : <a href=\"https:\/\/www.echecs.asso.fr\/EquipesCalendrier.aspx?Ref=50&amp;Saison=3000\">https:\/\/www.echecs.asso.fr\/EquipesCalendrier.aspx?Ref=50&amp;Saison=3000<\/a><\/p>\n<p style=\"text-align: center;\"><img loading=\"lazy\" decoding=\"async\" class=\"alignnone wp-image-6362\" src=\"http:\/\/ligueechecsgrandest.fr\/wp-content\/uploads\/2026\/03\/20252026n314-300x204.png\" alt=\"\" width=\"384\" height=\"261\" srcset=\"https:\/\/ligueechecsgrandest.fr\/wp-content\/uploads\/2026\/03\/20252026n314-300x204.png 300w, https:\/\/ligueechecsgrandest.fr\/wp-content\/uploads\/2026\/03\/20252026n314.png 412w\" sizes=\"auto, (max-width: 384px) 100vw, 384px\" \/><\/p>\n<p style=\"text-align: center;\">****<\/p>\n<p><strong><em><span style=\"color: #993366;\">Saison 2024\/2025<\/span><\/em><\/strong><\/p>\n<p>Cette saison, 25 \u00e9quipes de la LEGE \u00e9taient engag\u00e9es en N3 et se r\u00e9partissaient dans 4 groupes diff\u00e9rents ( 2 hybrides et 2 100% Grand Est).<\/p>\n<p>A l&rsquo;issue des 6 mois de comp\u00e9tition, Ch\u00e2lons en Champagne 3 et Bischwiller 2 terminent au sommet de leur groupe et obtiennent leur billet vers la N2.<\/p>\n<p>C\u00f4t\u00e9 rel\u00e9gation, Reims 2, Seichamps, Neufch\u00e2teau, Maizi\u00e8res, Wintzenheim, Mulhouse Philidor 4 et Mossig devront attendre un hypoth\u00e9tique rep\u00eachage pour rester \u00e0 ce niveau de comp\u00e9tition.<\/p>\n<p>Toutes nos f\u00e9licitations \u00e0 Ch\u00e2lons en Champagne 3 et Bischwiller et bravo \u00e0 tous les participants, arbitres et organisateurs !!!!<\/p>\n<p style=\"text-align: center;\">.\u00a0\u00a0\u00a0<img loading=\"lazy\" decoding=\"async\" class=\"alignnone wp-image-4705\" src=\"http:\/\/ligueechecsgrandest.fr\/wp-content\/uploads\/2025\/04\/20242025n311classement-300x206.jpg\" alt=\"\" width=\"465\" height=\"319\" srcset=\"https:\/\/ligueechecsgrandest.fr\/wp-content\/uploads\/2025\/04\/20242025n311classement-300x206.jpg 300w, https:\/\/ligueechecsgrandest.fr\/wp-content\/uploads\/2025\/04\/20242025n311classement.jpg 411w\" sizes=\"auto, (max-width: 465px) 100vw, 465px\" \/><img loading=\"lazy\" decoding=\"async\" class=\"alignnone wp-image-4704\" src=\"http:\/\/ligueechecsgrandest.fr\/wp-content\/uploads\/2025\/04\/20242025n314classement-300x205.jpg\" alt=\"\" width=\"458\" height=\"313\" srcset=\"https:\/\/ligueechecsgrandest.fr\/wp-content\/uploads\/2025\/04\/20242025n314classement-300x205.jpg 300w, https:\/\/ligueechecsgrandest.fr\/wp-content\/uploads\/2025\/04\/20242025n314classement.jpg 408w\" sizes=\"auto, (max-width: 458px) 100vw, 458px\" \/><img loading=\"lazy\" decoding=\"async\" class=\"alignnone wp-image-4703\" src=\"http:\/\/ligueechecsgrandest.fr\/wp-content\/uploads\/2025\/04\/20242025n315classement-300x206.jpg\" alt=\"\" width=\"445\" height=\"306\" srcset=\"https:\/\/ligueechecsgrandest.fr\/wp-content\/uploads\/2025\/04\/20242025n315classement-300x206.jpg 300w, https:\/\/ligueechecsgrandest.fr\/wp-content\/uploads\/2025\/04\/20242025n315classement.jpg 409w\" sizes=\"auto, (max-width: 445px) 100vw, 445px\" \/><img loading=\"lazy\" decoding=\"async\" class=\"alignnone wp-image-4702\" src=\"http:\/\/ligueechecsgrandest.fr\/wp-content\/uploads\/2025\/04\/20242025n316classement-300x207.jpg\" alt=\"\" width=\"447\" height=\"309\" srcset=\"https:\/\/ligueechecsgrandest.fr\/wp-content\/uploads\/2025\/04\/20242025n316classement-300x207.jpg 300w, https:\/\/ligueechecsgrandest.fr\/wp-content\/uploads\/2025\/04\/20242025n316classement.jpg 408w\" sizes=\"auto, (max-width: 447px) 100vw, 447px\" \/><\/p>\n<p style=\"text-align: center;\">****<\/p>\n<p><strong><em><span style=\"color: #993366;\">Saison 2023\/2024<\/span><\/em><\/strong><\/p>\n<p>Les 23 \u00e9quipes de la LEGE engag\u00e9es en N3 ont \u00e9volu\u00e9 dans 4 groupes diff\u00e9rents.<\/p>\n<p>Coup de chapeau \u00e0 Forbach et Mundolsheim 2 qui sont champions et acc\u00e8dent en N2.<\/p>\n<p style=\"text-align: center;\"><img loading=\"lazy\" decoding=\"async\" class=\"alignnone wp-image-2882\" src=\"http:\/\/ligueechecsgrandest.fr\/wp-content\/uploads\/2024\/06\/20232024n316-300x205.jpg\" alt=\"\" width=\"460\" height=\"314\" srcset=\"https:\/\/ligueechecsgrandest.fr\/wp-content\/uploads\/2024\/06\/20232024n316-300x205.jpg 300w, https:\/\/ligueechecsgrandest.fr\/wp-content\/uploads\/2024\/06\/20232024n316-768x524.jpg 768w, https:\/\/ligueechecsgrandest.fr\/wp-content\/uploads\/2024\/06\/20232024n316.jpg 810w\" sizes=\"auto, (max-width: 460px) 100vw, 460px\" \/> <img loading=\"lazy\" decoding=\"async\" class=\"alignnone wp-image-2883\" src=\"http:\/\/ligueechecsgrandest.fr\/wp-content\/uploads\/2024\/06\/20232024n315-300x203.jpg\" alt=\"\" width=\"457\" height=\"309\" srcset=\"https:\/\/ligueechecsgrandest.fr\/wp-content\/uploads\/2024\/06\/20232024n315-300x203.jpg 300w, https:\/\/ligueechecsgrandest.fr\/wp-content\/uploads\/2024\/06\/20232024n315-768x520.jpg 768w, https:\/\/ligueechecsgrandest.fr\/wp-content\/uploads\/2024\/06\/20232024n315.jpg 813w\" sizes=\"auto, (max-width: 457px) 100vw, 457px\" \/> <img loading=\"lazy\" decoding=\"async\" class=\"alignnone wp-image-2884\" src=\"http:\/\/ligueechecsgrandest.fr\/wp-content\/uploads\/2024\/06\/20232024n314-300x206.jpg\" alt=\"\" width=\"450\" height=\"309\" srcset=\"https:\/\/ligueechecsgrandest.fr\/wp-content\/uploads\/2024\/06\/20232024n314-300x206.jpg 300w, https:\/\/ligueechecsgrandest.fr\/wp-content\/uploads\/2024\/06\/20232024n314-768x527.jpg 768w, https:\/\/ligueechecsgrandest.fr\/wp-content\/uploads\/2024\/06\/20232024n314.jpg 811w\" sizes=\"auto, (max-width: 450px) 100vw, 450px\" \/> <img loading=\"lazy\" decoding=\"async\" class=\"alignnone wp-image-2885\" src=\"http:\/\/ligueechecsgrandest.fr\/wp-content\/uploads\/2024\/06\/20232024n311-300x203.jpg\" alt=\"\" width=\"449\" height=\"304\" srcset=\"https:\/\/ligueechecsgrandest.fr\/wp-content\/uploads\/2024\/06\/20232024n311-300x203.jpg 300w, https:\/\/ligueechecsgrandest.fr\/wp-content\/uploads\/2024\/06\/20232024n311-768x521.jpg 768w, https:\/\/ligueechecsgrandest.fr\/wp-content\/uploads\/2024\/06\/20232024n311.jpg 811w\" sizes=\"auto, (max-width: 449px) 100vw, 449px\" \/><\/p>\n<p>&nbsp;<\/p>\n","protected":false},"excerpt":{"rendered":"<p>Saison 2025\/2026 Les r\u00e9sultats de N3 &#8211; Groupe 10 : https:\/\/www.echecs.asso.fr\/EquipesCalendrier.aspx?Ref=46&amp;Saison=3000 Les r\u00e9sultats de N3 &#8211; Groupe 11 : https:\/\/www.echecs.asso.fr\/EquipesCalendrier.aspx?Ref=47&amp;Saison=3000 Les r\u00e9sultats de N3 &#8211; Groupe 13 : https:\/\/www.echecs.asso.fr\/EquipesCalendrier.aspx?Ref=49&amp;Saison=3000 Les r\u00e9sultats de N3 &#8211; Groupe 14 : https:\/\/www.echecs.asso.fr\/EquipesCalendrier.aspx?Ref=50&amp;Saison=3000 **** Saison &hellip; <a href=\"https:\/\/ligueechecsgrandest.fr\/?page_id=805\">Continuer la lecture <span class=\"meta-nav\">&rarr;<\/span><\/a><\/p>\n","protected":false},"author":1,"featured_media":0,"parent":0,"menu_order":0,"comment_status":"closed","ping_status":"closed","template":"","meta":{"_EventAllDay":false,"_EventTimezone":"","_EventStartDate":"","_EventEndDate":"","_EventStartDateUTC":"","_EventEndDateUTC":"","_EventShowMap":false,"_EventShowMapLink":false,"_EventURL":"","_EventCost":"","_EventCostDescription":"","_EventCurrencySymbol":"","_EventCurrencyCode":"","_EventCurrencyPosition":"","_EventDateTimeSeparator":"","_EventTimeRangeSeparator":"","_EventOrganizerID":[],"_EventVenueID":[],"_OrganizerEmail":"","_OrganizerPhone":"","_OrganizerWebsite":"","_VenueAddress":"","_VenueCity":"","_VenueCountry":"","_VenueProvince":"","_VenueState":"","_VenueZip":"","_VenuePhone":"","_VenueURL":"","_VenueStateProvince":"","_VenueLat":"","_VenueLng":"","_VenueShowMap":false,"_VenueShowMapLink":false,"footnotes":""},"class_list":["post-805","page","type-page","status-publish","hentry"],"aioseo_notices":[],"_links":{"self":[{"href":"https:\/\/ligueechecsgrandest.fr\/index.php?rest_route=\/wp\/v2\/pages\/805","targetHints":{"allow":["GET"]}}],"collection":[{"href":"https:\/\/ligueechecsgrandest.fr\/index.php?rest_route=\/wp\/v2\/pages"}],"about":[{"href":"https:\/\/ligueechecsgrandest.fr\/index.php?rest_route=\/wp\/v2\/types\/page"}],"author":[{"embeddable":true,"href":"https:\/\/ligueechecsgrandest.fr\/index.php?rest_route=\/wp\/v2\/users\/1"}],"replies":[{"embeddable":true,"href":"https:\/\/ligueechecsgrandest.fr\/index.php?rest_route=%2Fwp%2Fv2%2Fcomments&post=805"}],"version-history":[{"count":30,"href":"https:\/\/ligueechecsgrandest.fr\/index.php?rest_route=\/wp\/v2\/pages\/805\/revisions"}],"predecessor-version":[{"id":6373,"href":"https:\/\/ligueechecsgrandest.fr\/index.php?rest_route=\/wp\/v2\/pages\/805\/revisions\/6373"}],"wp:attachment":[{"href":"https:\/\/ligueechecsgrandest.fr\/index.php?rest_route=%2Fwp%2Fv2%2Fmedia&parent=805"}],"curies":[{"name":"wp","href":"https:\/\/api.w.org\/{rel}","templated":true}]}}