{"id":803,"date":"2021-08-23T20:53:46","date_gmt":"2021-08-23T18:53:46","guid":{"rendered":"https:\/\/ligueechecsgrandest.fr\/?page_id=803"},"modified":"2026-03-30T11:17:32","modified_gmt":"2026-03-30T09:17:32","slug":"national-2","status":"publish","type":"page","link":"https:\/\/ligueechecsgrandest.fr\/?page_id=803","title":{"rendered":"Nationale 2"},"content":{"rendered":"<p><strong><em><span style=\"color: #993366;\">Saison 2025\/2026<\/span><\/em><\/strong><\/p>\n<p>Les r\u00e9sultats de N2 &#8211; Groupe Est : <a href=\"https:\/\/www.echecs.asso.fr\/EquipesCalendrier.aspx?Ref=878&amp;Saison=3000\">https:\/\/www.echecs.asso.fr\/EquipesCalendrier.aspx?Ref=878&amp;Saison=3000<\/a><\/p>\n<p style=\"text-align: center;\"><img loading=\"lazy\" decoding=\"async\" class=\"alignnone wp-image-6358\" src=\"http:\/\/ligueechecsgrandest.fr\/wp-content\/uploads\/2026\/03\/20252026n2Est-300x206.png\" alt=\"\" width=\"377\" height=\"259\" srcset=\"https:\/\/ligueechecsgrandest.fr\/wp-content\/uploads\/2026\/03\/20252026n2Est-300x206.png 300w, https:\/\/ligueechecsgrandest.fr\/wp-content\/uploads\/2026\/03\/20252026n2Est.png 407w\" sizes=\"auto, (max-width: 377px) 100vw, 377px\" \/><\/p>\n<p style=\"text-align: center;\">****<\/p>\n<p><strong><em><span style=\"color: #993366;\">Saison 2024\/2025<\/span><\/em><\/strong><\/p>\n<p>Apr\u00e8s \u00eatre pass\u00e9 \u00e0 tout petit point de la mont\u00e9e la saison derni\u00e8re, Sundgau a d\u00e9croch\u00e9 le Graal \u00e0 l\u2019issue d\u2019un duel haletant tout au long de l\u2019exercice avec La Tour Blanche Paris. Les deux \u00e9quipes se sont livr\u00e9es un mano \u00e0 mano durant plus de 6 mois. Avec un parcours parfait \u00e0 l\u2019issue des 7 premi\u00e8res rondes, le duel entre les deux coleaders a d\u00e9bouch\u00e9 sur un nul mettant les Parisiens en bonne position gr\u00e2ce \u00e0 leur d\u00e9partage favorable. Toutefois, tandis que Sundgau s\u2019imposait lors de l\u2019ultime ronde, Vandoeuvre 2 est venu jouer les trouble-f\u00eates en accrochant un nul face \u00e0 La Tour Blanche, synonyme de titre pour Sundgau et de place sur le podium pour les Vandops.<\/p>\n<p>Les autres repr\u00e9sentants r\u00e9gionaux se r\u00e9partissent tout au long de la suite du classement, Reims devant maintenant esp\u00e9rer un rep\u00eachage pour pouvoir poursuivre l\u2019aventure en N2 la saison prochaine.<\/p>\n<p>Bravo \u00e0 nos 8 repr\u00e9sentants et toutes nos f\u00e9licitations \u00e0 Sundgau pour son tire et l\u2019accession en N1\u00a0!!!!<\/p>\n<p><img loading=\"lazy\" decoding=\"async\" class=\"alignnone wp-image-4680 aligncenter\" src=\"http:\/\/ligueechecsgrandest.fr\/wp-content\/uploads\/2025\/03\/20242025n2classement-300x206.jpg\" alt=\"\" width=\"510\" height=\"350\" srcset=\"https:\/\/ligueechecsgrandest.fr\/wp-content\/uploads\/2025\/03\/20242025n2classement-300x206.jpg 300w, https:\/\/ligueechecsgrandest.fr\/wp-content\/uploads\/2025\/03\/20242025n2classement.jpg 410w\" sizes=\"auto, (max-width: 510px) 100vw, 510px\" \/><\/p>\n<p style=\"text-align: center;\">****<\/p>\n<p style=\"text-align: left;\"><strong><em><span style=\"color: #993366;\">Saison 2023\/2024<\/span><\/em><\/strong><\/p>\n<p>Pas moins de 7 \u00e9quipes de la LEGE ont \u00e9volu\u00e9 cette saison en N2. Sundgau Echecs &#8211;\u00a0 Altkirch est pass\u00e9 tout pr\u00e8s du titre et de la mont\u00e9e, terminant \u00e0 un point de Saint-Mand\u00e9.<\/p>\n<p>Vandoeuvre 2 et Ch\u00e2lons en Champagne 2 assurent sereinement une place en milieu de tableau.<\/p>\n<p>Le suspens a battu son plein jusqu&rsquo;\u00e0 l&rsquo;ultime ronde pour \u00e9viter les 3 derni\u00e8res places, Metz Fischer 2 et Bischwiller 2 se maintient tandis que Reims 1 et Strasbourg 2 sont rel\u00e9gu\u00e9s \u00e0 l&rsquo;\u00e9chelon inf\u00e9rieur.<\/p>\n<p><img loading=\"lazy\" decoding=\"async\" class=\"alignnone wp-image-2708 aligncenter\" src=\"http:\/\/ligueechecsgrandest.fr\/wp-content\/uploads\/2024\/04\/20232024n2estclassement-300x206.jpg\" alt=\"\" width=\"430\" height=\"295\" srcset=\"https:\/\/ligueechecsgrandest.fr\/wp-content\/uploads\/2024\/04\/20232024n2estclassement-300x206.jpg 300w, https:\/\/ligueechecsgrandest.fr\/wp-content\/uploads\/2024\/04\/20232024n2estclassement-768x528.jpg 768w, https:\/\/ligueechecsgrandest.fr\/wp-content\/uploads\/2024\/04\/20232024n2estclassement.jpg 813w\" sizes=\"auto, (max-width: 430px) 100vw, 430px\" \/><\/p>\n","protected":false},"excerpt":{"rendered":"<p>Saison 2025\/2026 Les r\u00e9sultats de N2 &#8211; Groupe Est : https:\/\/www.echecs.asso.fr\/EquipesCalendrier.aspx?Ref=878&amp;Saison=3000 **** Saison 2024\/2025 Apr\u00e8s \u00eatre pass\u00e9 \u00e0 tout petit point de la mont\u00e9e la saison derni\u00e8re, Sundgau a d\u00e9croch\u00e9 le Graal \u00e0 l\u2019issue d\u2019un duel haletant tout au long &hellip; <a href=\"https:\/\/ligueechecsgrandest.fr\/?page_id=803\">Continuer la lecture <span class=\"meta-nav\">&rarr;<\/span><\/a><\/p>\n","protected":false},"author":1,"featured_media":0,"parent":0,"menu_order":0,"comment_status":"closed","ping_status":"closed","template":"","meta":{"_EventAllDay":false,"_EventTimezone":"","_EventStartDate":"","_EventEndDate":"","_EventStartDateUTC":"","_EventEndDateUTC":"","_EventShowMap":false,"_EventShowMapLink":false,"_EventURL":"","_EventCost":"","_EventCostDescription":"","_EventCurrencySymbol":"","_EventCurrencyCode":"","_EventCurrencyPosition":"","_EventDateTimeSeparator":"","_EventTimeRangeSeparator":"","_EventOrganizerID":[],"_EventVenueID":[],"_OrganizerEmail":"","_OrganizerPhone":"","_OrganizerWebsite":"","_VenueAddress":"","_VenueCity":"","_VenueCountry":"","_VenueProvince":"","_VenueState":"","_VenueZip":"","_VenuePhone":"","_VenueURL":"","_VenueStateProvince":"","_VenueLat":"","_VenueLng":"","_VenueShowMap":false,"_VenueShowMapLink":false,"footnotes":""},"class_list":["post-803","page","type-page","status-publish","hentry"],"aioseo_notices":[],"_links":{"self":[{"href":"https:\/\/ligueechecsgrandest.fr\/index.php?rest_route=\/wp\/v2\/pages\/803","targetHints":{"allow":["GET"]}}],"collection":[{"href":"https:\/\/ligueechecsgrandest.fr\/index.php?rest_route=\/wp\/v2\/pages"}],"about":[{"href":"https:\/\/ligueechecsgrandest.fr\/index.php?rest_route=\/wp\/v2\/types\/page"}],"author":[{"embeddable":true,"href":"https:\/\/ligueechecsgrandest.fr\/index.php?rest_route=\/wp\/v2\/users\/1"}],"replies":[{"embeddable":true,"href":"https:\/\/ligueechecsgrandest.fr\/index.php?rest_route=%2Fwp%2Fv2%2Fcomments&post=803"}],"version-history":[{"count":27,"href":"https:\/\/ligueechecsgrandest.fr\/index.php?rest_route=\/wp\/v2\/pages\/803\/revisions"}],"predecessor-version":[{"id":6372,"href":"https:\/\/ligueechecsgrandest.fr\/index.php?rest_route=\/wp\/v2\/pages\/803\/revisions\/6372"}],"wp:attachment":[{"href":"https:\/\/ligueechecsgrandest.fr\/index.php?rest_route=%2Fwp%2Fv2%2Fmedia&parent=803"}],"curies":[{"name":"wp","href":"https:\/\/api.w.org\/{rel}","templated":true}]}}