{"id":799,"date":"2021-08-23T20:53:13","date_gmt":"2021-08-23T18:53:13","guid":{"rendered":"https:\/\/ligueechecsgrandest.fr\/?page_id=799"},"modified":"2025-06-07T11:26:36","modified_gmt":"2025-06-07T09:26:36","slug":"top-12","status":"publish","type":"page","link":"https:\/\/ligueechecsgrandest.fr\/?page_id=799","title":{"rendered":"Top 16"},"content":{"rendered":"<p><strong><em><span style=\"color: #993366;\">Saison 2024\/2025<\/span><\/em><\/strong><\/p>\n<p><strong>Poules Hautes et Basses :<\/strong><\/p>\n<p>Apr\u00e8s une semaine de comp\u00e9tition ayant d\u00e9j\u00e0 \u00e9prouv\u00e9 les organismes, les \u00e9quipes participant en Top16 ont \u00e9t\u00e9 r\u00e9parties en deux poules \u00e0 l&rsquo;issue de la Phase 1. Huit \u00e9quipes en poule Haute qui se disputent le titre et huit \u00e9quipes en poule Basse qui luttent pour \u00e9viter une des quatre derni\u00e8res places synonymes de rel\u00e9gation.<\/p>\n<p>Seule une \u00e9quipe de la LEGE a atteint la poule Haute et a donc eu le privil\u00e8ge de disputer encore quatre rencontres pour viser un podium. Malgr\u00e9 un bon classement \u00e0 l&rsquo;entame de cette phase, les joueurs de Mulhouse Philidor ont conc\u00e9d\u00e9 trois d\u00e9faites qui les conduisent \u00e0 la cinqui\u00e8me place, soit quand m\u00eame, quatre place mieux que la saison derni\u00e8re.<\/p>\n<p><img loading=\"lazy\" decoding=\"async\" class=\"wp-image-5079 aligncenter\" src=\"http:\/\/ligueechecsgrandest.fr\/wp-content\/uploads\/2025\/06\/20242025top16poulehaute-300x180.jpg\" alt=\"\" width=\"443\" height=\"266\" srcset=\"https:\/\/ligueechecsgrandest.fr\/wp-content\/uploads\/2025\/06\/20242025top16poulehaute-300x180.jpg 300w, https:\/\/ligueechecsgrandest.fr\/wp-content\/uploads\/2025\/06\/20242025top16poulehaute.jpg 410w\" sizes=\"auto, (max-width: 443px) 100vw, 443px\" \/><\/p>\n<p>Avec quatre \u00e9quipes engag\u00e9es en poule Basse, l&rsquo;objectif, bien \u00e9videmment, \u00e9taient pour tous de sauver sa place parmi l&rsquo;\u00e9lite. En ballottage plut\u00f4t favorable \u00e0 l&rsquo;aube des quatre rondes annonc\u00e9es, Vandoeuvre a assur\u00e9 le maintien, non sans avoir d\u00fb combattre jusqu&rsquo;\u00e0 la derni\u00e8re ronde. Pour l&rsquo;Echiquier Ch\u00e2lonnais, les donn\u00e9es \u00e9taient simples, r\u00e9aliser un parcours sans-faute et compter sur quelques faux-pas de ses adversaires directs. Les plan\u00e8tes se sont align\u00e9es \u00e0 la perfection pour les Marnais qui ont su combiner talent et r\u00e9ussite pour rempiler en Top16. Metz Fischer a su profiter de son capital points acquis lors de la Phase 1 et l&rsquo;a suffisamment bonifi\u00e9 pour d\u00e9crocher \u00e9galement son maintien. Pas de miracle pour Bischwiller qui aura toutefois r\u00e9ussi \u00e0 sauver l&rsquo;honneur en remportant un match et se dirige donc vers la N1 avec sans doute l&rsquo;ambition de remonter tr\u00e8s rapidement.<\/p>\n<p><img loading=\"lazy\" decoding=\"async\" class=\"alignnone wp-image-5080 aligncenter\" src=\"http:\/\/ligueechecsgrandest.fr\/wp-content\/uploads\/2025\/06\/20242025top16poulebasse-300x181.jpg\" alt=\"\" width=\"464\" height=\"280\" srcset=\"https:\/\/ligueechecsgrandest.fr\/wp-content\/uploads\/2025\/06\/20242025top16poulebasse-300x181.jpg 300w, https:\/\/ligueechecsgrandest.fr\/wp-content\/uploads\/2025\/06\/20242025top16poulebasse.jpg 408w\" sizes=\"auto, (max-width: 464px) 100vw, 464px\" \/><\/p>\n<p>La saison prochaine, la Ligue des Echecs du Grand Est sera toujours repr\u00e9sent\u00e9e en Top 16 par cinq clubs puisque Strasbourg a valid\u00e9 son ticket pour rejoindre l&rsquo;\u00e9lite des clubs fran\u00e7ais.<\/p>\n<p>Toutes nos f\u00e9licitations aux participants, arbitres et organisateurs de ce Top16 version 2025.<\/p>\n<p>&nbsp;<\/p>\n<p><strong>Groupes A et B :<\/strong><\/p>\n<p>Apr\u00e8s 7 jours de comp\u00e9tition intense, le verdict de la premi\u00e8re phase de Top16 est connu. Pour rappel, les 4 premiers de chaque groupe partent en Poule Haute pour se disputer le titre et les 4 suivants filent en Poule Basse pour \u00e9viter une des 4 derni\u00e8res places synonymes de rel\u00e9gation.<\/p>\n<p>Avec 5 \u00e9quipes en lice, la LEGE est la Ligue la plus repr\u00e9sent\u00e9e gr\u00e2ce aux\u00a0 dynamisme de ses clubs.<\/p>\n<p>A l&rsquo;issue des 7 rondes de cette premi\u00e8re tranche de comp\u00e9tition, seul Mulhouse Philidor a d\u00e9croch\u00e9 son ticket pour la Poule Haute avec \u00e0 son actif un excellent parcours ponctu\u00e9 de 6 victoires et seulement 1 d\u00e9faite contre l&rsquo;ultra favori C&rsquo;Chartes Echecs. Place d\u00e9sormais \u00e0 4 rondes d\u00e9cisives avec en ligne de mire un podium qui tend les bras aux Mulhousiens.<\/p>\n<p>Metz Fischer et Vandoeuvre ont m\u00e9nag\u00e9 le suspens jusqu&rsquo;au dernier match en \u00e9tant en position de rejoindre le Top8, sans succ\u00e8s malheureusement, mais avec un capital points qui les place en ballotage plut\u00f4t favorable pour d\u00e9crocher le maintien.<\/p>\n<p>Situation plus complexe pour L&rsquo;Echiquier Ch\u00e2lonnais qui devra sans doute r\u00e9aliser un sans-faute en poule Basse mais en a largement les capacit\u00e9s vu l&rsquo;effectif pr\u00e9sent\u00e9.<\/p>\n<p>Pour Bischwiller, tout n&rsquo;est pas perdu, mais il faudra un concours de circonstances favorable pour ne pas quitter l&rsquo;\u00e9lite.<\/p>\n<p>Bonne nouvelle pour Strasbourg puisque le passage en Poule Haute de Marseille Echecs valide la place des Strasbourgeois la saison prochaine en Top16.<\/p>\n<p><img loading=\"lazy\" decoding=\"async\" class=\"alignnone wp-image-5039 aligncenter\" src=\"http:\/\/ligueechecsgrandest.fr\/wp-content\/uploads\/2025\/05\/20242025top16poulea-300x180.jpg\" alt=\"\" width=\"456\" height=\"274\" srcset=\"https:\/\/ligueechecsgrandest.fr\/wp-content\/uploads\/2025\/05\/20242025top16poulea-300x180.jpg 300w, https:\/\/ligueechecsgrandest.fr\/wp-content\/uploads\/2025\/05\/20242025top16poulea.jpg 409w\" sizes=\"auto, (max-width: 456px) 100vw, 456px\" \/><\/p>\n<p>&nbsp;<\/p>\n<p style=\"text-align: center;\"><img loading=\"lazy\" decoding=\"async\" class=\"alignnone wp-image-5040\" src=\"http:\/\/ligueechecsgrandest.fr\/wp-content\/uploads\/2025\/05\/20242025top16pouleb-300x182.jpg\" alt=\"\" width=\"461\" height=\"280\" srcset=\"https:\/\/ligueechecsgrandest.fr\/wp-content\/uploads\/2025\/05\/20242025top16pouleb-300x182.jpg 300w, https:\/\/ligueechecsgrandest.fr\/wp-content\/uploads\/2025\/05\/20242025top16pouleb.jpg 410w\" sizes=\"auto, (max-width: 461px) 100vw, 461px\" \/><\/p>\n<p style=\"text-align: center;\">****<\/p>\n<p><strong><em><span style=\"color: #993366;\">Saison 2023\/2024<\/span><\/em><\/strong><\/p>\n<p><strong>Poules Hautes et Basses :<\/strong><\/p>\n<p>Clap de fin sur le Top16 disput\u00e9 avec 4 rondes en Poule Haute et autant en Poule Basse.<\/p>\n<p>Pr\u00e9sent\u00e9 comme un des cadors de la division, Bischwiller a port\u00e9 tr\u00e8s hauts ses couleurs et d\u00e9croche le titre de vice-champion de France, juste derri\u00e8re la tr\u00e8s forte \u00e9quipe de Chartres.<\/p>\n<p>Toutes nos f\u00e9licitations !!!!<\/p>\n<p><img loading=\"lazy\" decoding=\"async\" class=\"alignnone wp-image-2889 aligncenter\" src=\"http:\/\/ligueechecsgrandest.fr\/wp-content\/uploads\/2024\/06\/20232024top16haute-300x177.jpg\" alt=\"\" width=\"468\" height=\"276\" srcset=\"https:\/\/ligueechecsgrandest.fr\/wp-content\/uploads\/2024\/06\/20232024top16haute-300x177.jpg 300w, https:\/\/ligueechecsgrandest.fr\/wp-content\/uploads\/2024\/06\/20232024top16haute-768x453.jpg 768w, https:\/\/ligueechecsgrandest.fr\/wp-content\/uploads\/2024\/06\/20232024top16haute.jpg 811w\" sizes=\"auto, (max-width: 468px) 100vw, 468px\" \/><\/p>\n<p>Un seul objectif pour Mulhouse Philidor, L&rsquo;Echiquier Ch\u00e2lonnais et Metz Fischer : Assurer le maintien. En ballotage tr\u00e8s favorable \u00e0 l&rsquo;heure de lancer les pendules dans la Poule Basse, nos 3 repr\u00e9sentants ont fait le n\u00e9cessaire pour se mettre \u00e0 l&rsquo;abri rapidement e terminer en roue libre.<\/p>\n<p>Bravo \u00e0 tous !!!!<\/p>\n<p style=\"text-align: center;\"><img loading=\"lazy\" decoding=\"async\" class=\"alignnone wp-image-2888 aligncenter\" src=\"http:\/\/ligueechecsgrandest.fr\/wp-content\/uploads\/2024\/06\/20232024top16basse-300x178.jpg\" alt=\"\" width=\"485\" height=\"288\" srcset=\"https:\/\/ligueechecsgrandest.fr\/wp-content\/uploads\/2024\/06\/20232024top16basse-300x178.jpg 300w, https:\/\/ligueechecsgrandest.fr\/wp-content\/uploads\/2024\/06\/20232024top16basse-768x456.jpg 768w, https:\/\/ligueechecsgrandest.fr\/wp-content\/uploads\/2024\/06\/20232024top16basse.jpg 812w\" sizes=\"auto, (max-width: 485px) 100vw, 485px\" \/><\/p>\n<p><strong>Poules A et B :<\/strong><\/p>\n<p>Les phases de poules du Top16 on rendu leur verdict.<\/p>\n<p>Dans la Poule A, malgr\u00e9 une victoire face \u00e0 Ani\u00e8res lors de la ronde initiale, Metz Fischer termine 6\u00e8me et jouera ses 4 derniers matchs dans la Poule Basse pour assurer le maintien. Avec 4 points d&rsquo;avance sur le 1er rel\u00e9gable, le s\u00e9rieux mosellan devrait permettre d&rsquo;atteindre tranquillement l&rsquo;objectif.<\/p>\n<p><img loading=\"lazy\" decoding=\"async\" class=\"alignnone wp-image-2891 aligncenter\" src=\"http:\/\/ligueechecsgrandest.fr\/wp-content\/uploads\/2024\/06\/20232024top16a-300x180.jpg\" alt=\"\" width=\"467\" height=\"280\" srcset=\"https:\/\/ligueechecsgrandest.fr\/wp-content\/uploads\/2024\/06\/20232024top16a-300x180.jpg 300w, https:\/\/ligueechecsgrandest.fr\/wp-content\/uploads\/2024\/06\/20232024top16a-768x461.jpg 768w, https:\/\/ligueechecsgrandest.fr\/wp-content\/uploads\/2024\/06\/20232024top16a.jpg 810w\" sizes=\"auto, (max-width: 467px) 100vw, 467px\" \/><\/p>\n<p>Dans la Poule B, Bischwiller a d\u00e9montr\u00e9 toute son ambition en terminant 1er ( certes ex-aequo mais 1er quand m\u00eame ). Direction la Poule Haute avec 3 rencontres qui s&rsquo;annoncent d\u00e9j\u00e0 d&rsquo;anthologie pour d\u00e9partager notamment les 5 leaders qui pointent tous avec 18 points.<\/p>\n<p>Mulhouse Philidor est pass\u00e9 \u00e0 un cheveu de la qualification pour aller disputer le titre, simplement devanc\u00e9 pour 1 point de d\u00e9partage. D\u00e9fait lors de l&rsquo;ultime rencontre d\u00e9cisive, L&rsquo;Echiquier Ch\u00e2lonnais bataillera aussi pour obtenir le maintien. Nos 2 repr\u00e9sentants semblent ne pas avoir trop de soucis \u00e0 se faire pour rempiler dans l&rsquo;\u00e9lite, le niveau affich\u00e9 par les joueurs du Grand Est inspirant la confiance.<\/p>\n<p><img loading=\"lazy\" decoding=\"async\" class=\"alignnone wp-image-2890 aligncenter\" src=\"http:\/\/ligueechecsgrandest.fr\/wp-content\/uploads\/2024\/06\/20232024top16b-300x176.jpg\" alt=\"\" width=\"463\" height=\"272\" srcset=\"https:\/\/ligueechecsgrandest.fr\/wp-content\/uploads\/2024\/06\/20232024top16b-300x176.jpg 300w, https:\/\/ligueechecsgrandest.fr\/wp-content\/uploads\/2024\/06\/20232024top16b-768x451.jpg 768w, https:\/\/ligueechecsgrandest.fr\/wp-content\/uploads\/2024\/06\/20232024top16b.jpg 811w\" sizes=\"auto, (max-width: 463px) 100vw, 463px\" \/><\/p>\n<p>Toutes les infos sur le site de la FFE : <a href=\"http:\/\/www.echecs.asso.fr\/Actu.aspx?Ref=14938\">Ici<\/a><\/p>\n<p>Toutes les infos sur le site d\u00e9di\u00e9 : <a href=\"https:\/\/chartres2024.ffechecs.org\/\">Ici<\/a><\/p>\n<p style=\"text-align: center;\">****<\/p>\n<p><strong><em><span style=\"color: #993366;\">Saison 2022\/2023<\/span><\/em><\/strong><\/p>\n<p>Pour le TOP16, les clubs pr\u00e9sents dans la comp\u00e9tition \u00e9taient :<br \/>\nBischwieller, Ch\u00e2lons-en-Champagne, Mulhouse Philidor, Metz Fischer, Vandoeuvre Echecs, Strasbourg. <em><strong>Soit 6 clubs sur les 16 en comp\u00e9titions !<\/strong><\/em><\/p>\n<p><em><strong><span style=\"color: #993366;\">Poule Haute<\/span><\/strong><\/em><br \/>\n2\u00e8me\u00a0 \u00a0Bischwiller\u00a0 \u00a0 \u00a0 \u00a0 \u00a0 \u00a0 \u00a0 \u00a0 \u00a0 \u00a0 \u00a0 \u00a0 \u00a0 \u00a0 29 points\u00a0 \u00a0(idem le 1er)<br \/>\n6\u00e8me\u00a0 \u00a0L&rsquo;Echiquier Ch\u00e2lonnais\u00a0 \u00a0 \u00a0 25 points<br \/>\n7\u00e8me\u00a0 \u00a0Mulhouse Philidor\u00a0 \u00a0 \u00a0 \u00a0 \u00a0 \u00a0 \u00a0 \u00a023 points<\/p>\n<p><em><strong><span style=\"color: #993366;\">Poule Basse<\/span><\/strong><\/em><br \/>\n12\u00e8me\u00a0 Metz Fischer\u00a0 \u00a0 \u00a0 \u00a0 \u00a0 \u00a0 \u00a0 \u00a0 \u00a0 \u00a0 \u00a0 \u00a0 20 points<br \/>\n13\u00e8me\u00a0 Vandoeuvre Echecs\u00a0 \u00a0 \u00a0 \u00a0 \u00a0 \u00a0 13 points<br \/>\n14\u00e8me\u00a0 Strasbourg\u00a0 \u00a0 \u00a0 \u00a0 \u00a0 \u00a0 \u00a0 \u00a0 \u00a0 \u00a0 \u00a0 \u00a0 \u00a0 \u00a0 14 points<\/p>\n<p style=\"text-align: center;\">****<\/p>\n<p><em><span style=\"color: #800080;\"><strong>Saison 2021\/2022<\/strong><\/span><\/em><\/p>\n<p>Pour le\u00a0<strong>TOP16<\/strong>, les clubs de la LEGE\u00a0 pr\u00e9sents dans la comp\u00e9tition \u00e9taient :<br \/>\n<em>Bischwiller, Mulhouse Philidor, Vandoeuvre Echecs, <\/em><em>Ch\u00e2lons-en-Champagne et Metz-Fischer.\u00a0 \u00a0 <strong>S<\/strong><strong>oit plus du 1\/4 des clubs en comp\u00e9tition !<\/strong><\/em><\/p>\n<p><strong>Suivi des r\u00e9sultats saison 2022\/2023<\/strong><\/p>\n<p>&nbsp;<\/p>\n<p><strong>Classement final 19 juin 2022<\/strong><\/p>\n<p><strong><span style=\"color: #800080;\">Poule Haute :<\/span><br \/>\n1er\u00a0 \u00a0 \u00a0 \u00a0 \u00a0 \u00a0 \u00a0Bischwiller\u00a0 \u00a0 \u00a0 \u00a0 \u00a0 \u00a0 \u00a0 \u00a0 \u00a0 \u00a0 \u00a0 \u00a0 \u00a0 \u00a032 pts\u00a0 \u00a0<\/strong> pour la 5\u00e8me fois !<br \/>\n4\u00e8me\u00a0 \u00a0 \u00a0 \u00a0 \u00a0 Ch\u00e2lons-en-Champagne\u00a0 \u00a0 \u00a0 \u00a0 \u00a028 pts<br \/>\n6\u00e8me\u00a0 \u00a0 \u00a0 \u00a0 \u00a0 Mulhouse Philidor\u00a0 \u00a0 \u00a0 \u00a0 \u00a0 \u00a0 \u00a0 \u00a0 \u00a0 \u00a022 pts<br \/>\n8\u00e8me\u00a0 \u00a0 \u00a0 \u00a0 \u00a0Vandoeuvre\u00a0 \u00a0 \u00a0 \u00a0 \u00a0 \u00a0 \u00a0 \u00a0 \u00a0 \u00a0 \u00a0 \u00a0 \u00a0 \u00a0 \u00a0 \u00a0 20 pts<\/p>\n<p><span style=\"color: #800080;\"><em><strong>Poule Basse :\u00a0<\/strong><\/em><\/span><br \/>\n2\u00e8me\u00a0 \u00a0 \u00a0 \u00a0 Metz Fischer\u00a0 \u00a0 \u00a0 \u00a0 \u00a0 \u00a0 \u00a0 \u00a0 \u00a0 \u00a0 \u00a0 \u00a0 \u00a0 \u00a0 \u00a0 \u00a0 23 pts<\/p>\n","protected":false},"excerpt":{"rendered":"<p>Saison 2024\/2025 Poules Hautes et Basses : Apr\u00e8s une semaine de comp\u00e9tition ayant d\u00e9j\u00e0 \u00e9prouv\u00e9 les organismes, les \u00e9quipes participant en Top16 ont \u00e9t\u00e9 r\u00e9parties en deux poules \u00e0 l&rsquo;issue de la Phase 1. Huit \u00e9quipes en poule Haute qui &hellip; <a href=\"https:\/\/ligueechecsgrandest.fr\/?page_id=799\">Continuer la lecture <span class=\"meta-nav\">&rarr;<\/span><\/a><\/p>\n","protected":false},"author":1,"featured_media":0,"parent":0,"menu_order":0,"comment_status":"closed","ping_status":"closed","template":"","meta":{"_EventAllDay":false,"_EventTimezone":"","_EventStartDate":"","_EventEndDate":"","_EventStartDateUTC":"","_EventEndDateUTC":"","_EventShowMap":false,"_EventShowMapLink":false,"_EventURL":"","_EventCost":"","_EventCostDescription":"","_EventCurrencySymbol":"","_EventCurrencyCode":"","_EventCurrencyPosition":"","_EventDateTimeSeparator":"","_EventTimeRangeSeparator":"","_EventOrganizerID":[],"_EventVenueID":[],"_OrganizerEmail":"","_OrganizerPhone":"","_OrganizerWebsite":"","_VenueAddress":"","_VenueCity":"","_VenueCountry":"","_VenueProvince":"","_VenueState":"","_VenueZip":"","_VenuePhone":"","_VenueURL":"","_VenueStateProvince":"","_VenueLat":"","_VenueLng":"","_VenueShowMap":false,"_VenueShowMapLink":false,"footnotes":""},"class_list":["post-799","page","type-page","status-publish","hentry"],"aioseo_notices":[],"_links":{"self":[{"href":"https:\/\/ligueechecsgrandest.fr\/index.php?rest_route=\/wp\/v2\/pages\/799","targetHints":{"allow":["GET"]}}],"collection":[{"href":"https:\/\/ligueechecsgrandest.fr\/index.php?rest_route=\/wp\/v2\/pages"}],"about":[{"href":"https:\/\/ligueechecsgrandest.fr\/index.php?rest_route=\/wp\/v2\/types\/page"}],"author":[{"embeddable":true,"href":"https:\/\/ligueechecsgrandest.fr\/index.php?rest_route=\/wp\/v2\/users\/1"}],"replies":[{"embeddable":true,"href":"https:\/\/ligueechecsgrandest.fr\/index.php?rest_route=%2Fwp%2Fv2%2Fcomments&post=799"}],"version-history":[{"count":19,"href":"https:\/\/ligueechecsgrandest.fr\/index.php?rest_route=\/wp\/v2\/pages\/799\/revisions"}],"predecessor-version":[{"id":5084,"href":"https:\/\/ligueechecsgrandest.fr\/index.php?rest_route=\/wp\/v2\/pages\/799\/revisions\/5084"}],"wp:attachment":[{"href":"https:\/\/ligueechecsgrandest.fr\/index.php?rest_route=%2Fwp%2Fv2%2Fmedia&parent=799"}],"curies":[{"name":"wp","href":"https:\/\/api.w.org\/{rel}","templated":true}]}}