{"id":67,"date":"2021-05-31T13:53:14","date_gmt":"2021-05-31T11:53:14","guid":{"rendered":"https:\/\/ligueechecsgrandest.fr\/?page_id=67"},"modified":"2026-04-20T08:18:53","modified_gmt":"2026-04-20T06:18:53","slug":"formations","status":"publish","type":"page","link":"https:\/\/ligueechecsgrandest.fr\/?page_id=67","title":{"rendered":"Arbitrage"},"content":{"rendered":"<p>Nous contacter : <a href=\"mailto:dra@grandest-echecs.fr\">dra@grandest-echecs.fr<\/a><\/p>\n<p>Pr\u00e9sentation de la Commission Arbitrage : <a href=\"http:\/\/ligueechecsgrandest.fr\/wp-content\/uploads\/2026\/01\/Presentation-de-la-commission-Arbitrage-26.01.2026.pdf\">Pr\u00e9sentation de la commission Arbitrage &#8211; 26.01.2026<\/a><\/p>\n<p>La lettre d\u2019info#4 de la Direction R\u00e9gionale de l\u2019Arbitrage : <a href=\"http:\/\/ligueechecsgrandest.fr\/wp-content\/uploads\/2025\/10\/lettredinfodeladra4.pdf\">lettredinfodeladra4<\/a><\/p>\n<p>La lettre d&rsquo;info#3 de la Direction R\u00e9gionale de l&rsquo;Arbitrage : <a href=\"http:\/\/ligueechecsgrandest.fr\/wp-content\/uploads\/2025\/10\/lettredinfodeladra3.pdf\">lettredinfodeladra3<\/a><\/p>\n<p>La lettre d&rsquo;info#2 de la Direction R\u00e9gionale de l&rsquo;Arbitrage : <a href=\"http:\/\/ligueechecsgrandest.fr\/wp-content\/uploads\/2025\/10\/lettredinfodeladra2.pdf\">lettredinfodeladra2<\/a><\/p>\n<p>La lettre d&rsquo;info#1 de la Direction R\u00e9gionale de l&rsquo;Arbitrage :\u00a0<a href=\"http:\/\/ligueechecsgrandest.fr\/wp-content\/uploads\/2025\/10\/lettredinfodeladra1.pdf\">lettredinfodeladra1<\/a><\/p>\n<h3 style=\"text-align: center;\">****<\/h3>\n<div>\n<p style=\"text-align: center;\"><img loading=\"lazy\" decoding=\"async\" class=\"alignnone wp-image-6457 alignleft\" src=\"http:\/\/ligueechecsgrandest.fr\/wp-content\/uploads\/2026\/04\/AFC-Rethel-2324052026-217x300.png\" alt=\"\" width=\"190\" height=\"263\" srcset=\"https:\/\/ligueechecsgrandest.fr\/wp-content\/uploads\/2026\/04\/AFC-Rethel-2324052026-217x300.png 217w, https:\/\/ligueechecsgrandest.fr\/wp-content\/uploads\/2026\/04\/AFC-Rethel-2324052026.png 644w\" sizes=\"auto, (max-width: 190px) 100vw, 190px\" \/><\/p>\n<p class=\"v1MsoNormal\">La Ligue des Echecs du Grand Est organise les 23 et 24 mai 2026 \u00e0 Rethel (08) un stage d\u2019arbitrage pour devenir Arbitre F\u00e9d\u00e9ral de Club (AFC)<\/p>\n<p><b>A qui s\u2019adresse ce stage :<\/b><br \/>\nIl permet de pr\u00e9parer le titre d\u2019Arbitre F\u00e9d\u00e9ral de Club.<br \/>\nIl est essentiellement ax\u00e9 sur l\u2019enseignement des r\u00e8gles du jeu. S\u2019y ajoutent l\u2019aptitude \u00e0 arbitrer un match et l\u2019acquisition de comp\u00e9tences organisationnelles, la connaissance des comp\u00e9titions f\u00e9d\u00e9rales et des r\u00e8glements f\u00e9d\u00e9raux ainsi que des cours portant sur la philosophie de l\u2019arbitrage, le fonctionnement des pendules \u00e9lectroniques, l\u2019accueil du joueur handicap\u00e9, les missions et les devoirs de l\u2019arbitre, le r\u00e8glement int\u00e9rieur de la D.N.A.<br \/>\nLe stage est ouvert \u00e0 tout licenci\u00e9 A \u00e2g\u00e9 d\u2019au moins 11 ans (si un participant \u00e0 moins de 15 ans, cela comptera pour lui comme un stage d\u2019arbitre jeune).<\/p>\n<\/div>\n<div>\n<p class=\"v1MsoNormal\"><b>Important :\u00a0<\/b>Ce stage peut aussi faire office de formation continue pour les arbitres en ayant besoin, il est n\u00e9cessaire pour cela de faire les deux jours de formation (pour les personnes concern\u00e9es ne pouvant pas suivre ce stage, une session de formation continue sera propos\u00e9e en ligne en septembre 2026).<\/p>\n<\/div>\n<div>\n<p class=\"v1MsoNormal\"><b>Informations pratiques :<\/b><br \/>\n<u>Dates, horaires et lieu :<\/u><br \/>\nSamedi 23 mai 2026 de 09h30 \u00e0 12h30 et de 14h00 \u00e0 18h00<br \/>\nDimanche 24 mai 2026 de 08h30 \u00e0 12h00 et de 13h30 \u00e0 17h30<br \/>\nSalle Linard &#8211; Place de l\u2019octroi &#8211; 08300 Rethel<\/p>\n<\/div>\n<div>\n<p class=\"v1MsoNormal\"><u>Tarif d\u2019inscription :<\/u>\u00a060 \u20ac<br \/>\nMerci de vous pr\u00e9inscrire par mail \u00e0 <a href=\"mailto:Club_echecsrethel@orange.fr\">Club_echecsrethel@orange.fr<\/a> &#8211;\u00a0Un lien HelloAsso pour r\u00e9gler directement en ligne sera envoy\u00e9 ensuite aux pr\u00e9inscrits.<\/p>\n<\/div>\n<p style=\"text-align: center;\">****<\/p>\n<div>\n<p style=\"text-align: center;\"><img loading=\"lazy\" decoding=\"async\" class=\"alignnone size-medium wp-image-6343 alignleft\" src=\"http:\/\/ligueechecsgrandest.fr\/wp-content\/uploads\/2026\/03\/Affiche-Stage-SC-Ensisheim-2-167x300.png\" alt=\"\" width=\"167\" height=\"300\" srcset=\"https:\/\/ligueechecsgrandest.fr\/wp-content\/uploads\/2026\/03\/Affiche-Stage-SC-Ensisheim-2-167x300.png 167w, https:\/\/ligueechecsgrandest.fr\/wp-content\/uploads\/2026\/03\/Affiche-Stage-SC-Ensisheim-2-572x1024.png 572w, https:\/\/ligueechecsgrandest.fr\/wp-content\/uploads\/2026\/03\/Affiche-Stage-SC-Ensisheim-2.png 768w\" sizes=\"auto, (max-width: 167px) 100vw, 167px\" \/><\/p>\n<p class=\"v1MsoNormal\">La Ligue des Echecs du Grand Est organise les 02 et 03 mai 2026 \u00e0 Ensisheim (68) un stage d&rsquo;arbitrage pour devenir Arbitre F\u00e9d\u00e9ral de Club (AFC)<\/p>\n<p><b>A qui s&rsquo;adresse ce stage :<\/b><br \/>\nIl permet de pr\u00e9parer le titre d&rsquo;Arbitre F\u00e9d\u00e9ral de Club.<br \/>\nIl est essentiellement ax\u00e9 sur l&rsquo;enseignement des r\u00e8gles du jeu. S&rsquo;y ajoutent l&rsquo;aptitude \u00e0 arbitrer un match et l&rsquo;acquisition de comp\u00e9tences organisationnelles, la connaissance des comp\u00e9titions f\u00e9d\u00e9rales et des r\u00e8glements f\u00e9d\u00e9raux ainsi que des cours portant sur la philosophie de l&rsquo;arbitrage, le fonctionnement des pendules \u00e9lectroniques, l&rsquo;accueil du joueur handicap\u00e9, les missions et les devoirs de l&rsquo;arbitre, le r\u00e8glement int\u00e9rieur de la D.N.A.<br \/>\nLe stage est ouvert \u00e0 tout licenci\u00e9 A \u00e2g\u00e9 d&rsquo;au moins 11 ans (si un participant \u00e0 moins de 15 ans, cela comptera pour lui comme un stage d&rsquo;arbitre jeune).<\/p>\n<\/div>\n<div>\n<p class=\"v1MsoNormal\"><b>Important : <\/b>Ce stage peut aussi faire office de formation continue pour les arbitres en ayant besoin, il est n\u00e9cessaire pour cela de faire les deux jours de formation (pour les personnes concern\u00e9es ne pouvant pas suivre ce stage, une session de formation continue sera propos\u00e9e en ligne en septembre 2026).<\/p>\n<\/div>\n<div>\n<p class=\"v1MsoNormal\"><b>Informations pratiques :<\/b><br \/>\n<u>Dates, horaires et lieu :<\/u><br \/>\nSamedi 02 mai et Dimanche 03 mai 2026<br \/>\nDe 09h \u00e0 12h et de 14h \u00e0 18h, les deux jours<br \/>\nDans les locaux de l&rsquo;Ill-R\u00e9gence, \u00e0 la Maison des associations &#8211; Rue de Pulversheim &#8211; 68190 Ensisheim<\/p>\n<\/div>\n<div>\n<p class=\"v1MsoNormal\"><u>Tarif d&rsquo;inscription :<\/u>\u00a060 \u20ac<br \/>\nMerci de vous pr\u00e9inscrire par mail \u00e0 <a href=\"mailto:guillaume.goettelmann@gmail.com\" rel=\"noreferrer\">guillaume.goettelmann@gmail.com<\/a> . Un lien HelloAsso pour r\u00e9gler directement en ligne sera envoy\u00e9 ensuite aux pr\u00e9inscrits.<\/p>\n<\/div>\n<div>\n<p class=\"v1MsoNormal\"><b>Date limite d&rsquo;inscriptions : 19 avril 2026<\/b><\/p>\n<\/div>\n<p style=\"text-align: center;\">****<\/p>\n<h2>8 stagiaires \u00e0 la formation d\u2019arbitrage AFC organis\u00e9e \u00e0 G\u00e9rardmer<\/h2>\n<p style=\"text-align: center;\"><img loading=\"lazy\" decoding=\"async\" class=\"alignnone size-medium wp-image-5634 alignleft\" src=\"http:\/\/ligueechecsgrandest.fr\/wp-content\/uploads\/2025\/10\/arbitragegerardmer0405102025-300x225.jpg\" alt=\"\" width=\"300\" height=\"225\" srcset=\"https:\/\/ligueechecsgrandest.fr\/wp-content\/uploads\/2025\/10\/arbitragegerardmer0405102025-300x225.jpg 300w, https:\/\/ligueechecsgrandest.fr\/wp-content\/uploads\/2025\/10\/arbitragegerardmer0405102025-1024x768.jpg 1024w, https:\/\/ligueechecsgrandest.fr\/wp-content\/uploads\/2025\/10\/arbitragegerardmer0405102025-768x576.jpg 768w, https:\/\/ligueechecsgrandest.fr\/wp-content\/uploads\/2025\/10\/arbitragegerardmer0405102025.jpg 1386w\" sizes=\"auto, (max-width: 300px) 100vw, 300px\" \/><\/p>\n<p>La <strong>Ligue des \u00c9checs du Grand Est<\/strong>, en partenariat avec <strong>l\u2019\u00c9chiquier de G\u00e9rardmer<\/strong>, a organis\u00e9 une <strong>formation d\u2019Arbitre F\u00e9d\u00e9ral Club (AFC)<\/strong> les <strong>4 et 5 octobre 2025<\/strong> \u00e0 G\u00e9rardmer.<\/p>\n<p>La session \u00e9tait anim\u00e9e par <strong>Sylvain WLASSEWITCH<\/strong>, formateur exp\u00e9riment\u00e9, qui a su transmettre son savoir-faire et son exp\u00e9rience avec p\u00e9dagogie et enthousiasme.<\/p>\n<p>Les <strong>huit stagiaires pr\u00e9sents<\/strong> ont fait preuve d\u2019une grande motivation tout au long du week-end, participant activement aux \u00e9changes et aux exercices pratiques. Leur objectif est d\u00e9sormais clair : <strong>r\u00e9ussir l\u2019examen f\u00e9d\u00e9ral du mois de d\u00e9cembre<\/strong>.<\/p>\n<p>Il ne leur reste plus qu\u2019\u00e0 <strong>approfondir leurs connaissances<\/strong> et \u00e0 <strong>affiner leur ma\u00eetrise des r\u00e8glements et des outils d\u2019arbitrage<\/strong> pour mettre toutes les chances de leur c\u00f4t\u00e9.<\/p>\n<p>En organisant ce stage, <strong>l\u2019Echiquier de G\u00e9rardmer<\/strong> a \u00e9t\u00e9 heureux de contribuer \u00e0 la formation de futurs arbitres pour assurer la rel\u00e8ve.<\/p>\n<p><em>Jean-Pierre LIST<\/em><\/p>\n<p style=\"text-align: center;\">****<\/p>\n<h2 style=\"text-align: left;\">12 stagiaires \u00e0 la formation d\u2019arbitrage AFC organis\u00e9e \u00e0 Chalons en Champagne<\/h2>\n<p style=\"text-align: center;\"><img loading=\"lazy\" decoding=\"async\" class=\"alignnone size-medium wp-image-5630 alignleft\" src=\"http:\/\/ligueechecsgrandest.fr\/wp-content\/uploads\/2025\/10\/arbitragechalons0405102025-300x225.jpg\" alt=\"\" width=\"300\" height=\"225\" srcset=\"https:\/\/ligueechecsgrandest.fr\/wp-content\/uploads\/2025\/10\/arbitragechalons0405102025-300x225.jpg 300w, https:\/\/ligueechecsgrandest.fr\/wp-content\/uploads\/2025\/10\/arbitragechalons0405102025.jpg 605w\" sizes=\"auto, (max-width: 300px) 100vw, 300px\" \/><\/p>\n<p>Les 04 et 05 octobre 2025, la <strong>Ligue des \u00c9checs du Grand Est<\/strong> a organis\u00e9 une <strong>session de formation d\u2019arbitrage<\/strong> destin\u00e9e aux futurs <strong>Arbitres F\u00e9d\u00e9raux Club (AFC)<\/strong> et <strong>Arbitres F\u00e9d\u00e9raux Jeunes (AFJ)<\/strong>.<\/p>\n<p>Anim\u00e9e par <strong>Emmanuel Variniac<\/strong>, arbitre-formateur exp\u00e9riment\u00e9, cette formation a r\u00e9uni <strong>12 stagiaires motiv\u00e9s<\/strong>, parmi lesquels <strong>3 futurs arbitres jeunes<\/strong> et <strong>1 future arbitre f\u00e9minine<\/strong>, sous la <strong>coordination attentive de Jordan Akremann<\/strong>, <strong>Directeur R\u00e9gional de l\u2019Arbitrage (DRA)<\/strong> de la Ligue.<\/p>\n<p>Durant ces deux journ\u00e9es intenses et conviviales, les participants ont approfondi leurs connaissances des <strong>r\u00e8gles du jeu d\u2019\u00e9checs sous toutes ses formes<\/strong>, appris \u00e0 <strong>r\u00e9gler et g\u00e9rer une pendule<\/strong>, et surtout \u00e0 <strong>intervenir avec impartialit\u00e9, rigueur et discernement<\/strong> lors d\u2019une partie.<\/p>\n<p>Des mises en situation concr\u00e8tes ont permis d\u2019illustrer les nombreux aspects du r\u00f4le d\u2019arbitre, de la gestion des incidents \u00e0 la communication avec les joueurs.<\/p>\n<p>\u00c0 l\u2019issue de cette formation, les stagiaires repartent avec <strong>toutes les cl\u00e9s n\u00e9cessaires pour aborder sereinement leur stage pratique<\/strong> et <strong>pr\u00e9parer les examens du 13 d\u00e9cembre prochain<\/strong>.<br \/>\nUne \u00e9tape importante vers leur future mission : <strong>garantir le bon d\u00e9roulement des comp\u00e9titions \u00e9chiqu\u00e9ennes dans le Grand Est<\/strong>.<\/p>\n<p><em>Jordan Akremann<\/em><br \/>\n<strong>Directeur R\u00e9gional de l\u2019Arbitrage \u2013 Ligue Grand Est des \u00c9checs<\/strong><\/p>\n<p style=\"text-align: center;\">****<\/p>\n<h2 class=\"entry-title\">12 stagiaires motiv\u00e9s \u00e0 la Formation Continue d\u2019Arbitrage enti\u00e8rement en ligne<\/h2>\n<p style=\"text-align: center;\"><img loading=\"lazy\" decoding=\"async\" class=\"alignnone size-medium wp-image-5565 alignleft\" src=\"http:\/\/ligueechecsgrandest.fr\/wp-content\/uploads\/2025\/09\/formationarbitrage091116092025-300x172.jpg\" alt=\"\" width=\"300\" height=\"172\" srcset=\"https:\/\/ligueechecsgrandest.fr\/wp-content\/uploads\/2025\/09\/formationarbitrage091116092025-300x172.jpg 300w, https:\/\/ligueechecsgrandest.fr\/wp-content\/uploads\/2025\/09\/formationarbitrage091116092025-1024x587.jpg 1024w, https:\/\/ligueechecsgrandest.fr\/wp-content\/uploads\/2025\/09\/formationarbitrage091116092025-768x440.jpg 768w, https:\/\/ligueechecsgrandest.fr\/wp-content\/uploads\/2025\/09\/formationarbitrage091116092025.jpg 1388w\" sizes=\"auto, (max-width: 300px) 100vw, 300px\" \/><\/p>\n<p>La Ligue des \u00c9checs du Grand Est a organis\u00e9, les 09, 11 et 16 septembre 2025, une session de Formation Continue d\u2019Arbitrage enti\u00e8rement en ligne. Cette formation, anim\u00e9e par Pierre Lapeyre, arbitre-formateur exp\u00e9riment\u00e9, a r\u00e9uni 12 stagiaires motiv\u00e9s, sous la coordination attentive de notre DRA Jordan Akremann.<\/p>\n<p>Durant ces trois soir\u00e9es, les participants ont pu consolider et renouveler la validit\u00e9 de leur titre d\u2019arbitre gr\u00e2ce \u00e0 un programme \u00e0 la fois riche et interactif. Dans une ambiance studieuse et propice aux \u00e9changes, les stagiaires ont revisit\u00e9 l\u2019ensemble des connaissances essentielles \u00e0 la pratique de l\u2019arbitrage :<\/p>\n<ul>\n<li>quiz sur les r\u00e8gles du jeu,<\/li>\n<li>rappels sur le r\u00f4le de la Direction Nationale de l\u2019Arbitrage (DNA) et sur les nouveaut\u00e9s r\u00e9glementaires r\u00e9centes,<\/li>\n<li>bonnes pratiques en mati\u00e8re de fair-play, pr\u00e9vention des violences dans le sport et lutte anti-triche.<\/li>\n<\/ul>\n<p>Cette formation a permis \u00e0 chacun d\u2019actualiser ses comp\u00e9tences dans un esprit collaboratif et bienveillant. Les apports p\u00e9dagogiques de Pierre Lapeyre ont favoris\u00e9 le partage d\u2019exp\u00e9riences, la clarification des interrogations et l\u2019approfondissement de points pr\u00e9cis du r\u00e8glement.<\/p>\n<p>\u00c0 l\u2019issue de ce stage intensif et formateur, les arbitres repartent confiants et mieux pr\u00e9par\u00e9s pour assumer leurs futures missions et contribuer activement au bon d\u00e9roulement des comp\u00e9titions.<\/p>\n<p>Jordan Akremann<br \/>\nDirecteur R\u00e9gional de l\u2019Arbitrage \u2013 Ligue Grand Est<\/p>\n<p style=\"text-align: center;\">****<\/p>\n<h2>Stage de formation continue en ligne<\/h2>\n<p><img loading=\"lazy\" decoding=\"async\" class=\"alignnone size-medium wp-image-5191 alignleft\" src=\"http:\/\/ligueechecsgrandest.fr\/wp-content\/uploads\/2025\/06\/arbitragef-300x164.jpg\" alt=\"\" width=\"300\" height=\"164\" srcset=\"https:\/\/ligueechecsgrandest.fr\/wp-content\/uploads\/2025\/06\/arbitragef-300x164.jpg 300w, https:\/\/ligueechecsgrandest.fr\/wp-content\/uploads\/2025\/06\/arbitragef-1024x559.jpg 1024w, https:\/\/ligueechecsgrandest.fr\/wp-content\/uploads\/2025\/06\/arbitragef-768x419.jpg 768w, https:\/\/ligueechecsgrandest.fr\/wp-content\/uploads\/2025\/06\/arbitragef.jpg 1386w\" sizes=\"auto, (max-width: 300px) 100vw, 300px\" \/><\/p>\n<p class=\"xdj266r x14z9mp xat24cr x1lziwak x1vvkbs x126k92a\">La Ligue des \u00c9checs du Grand Est a organis\u00e9, les 17, 19 et 24 juin 2025, une session de Formation Continue d\u2019Arbitrage enti\u00e8rement en ligne. Cette formation, dirig\u00e9e par Pierre Lapeyre, arbitre-formateur d\u2019exp\u00e9rience, a r\u00e9uni 11 stagiaires motiv\u00e9s sous la coordination attentive de Jordan AKREMANN, DRA de la Ligue.<\/p>\n<p dir=\"auto\">Tout au long de ces trois soir\u00e9es, les participants ont ainsi pu consolider et renouveler la validit\u00e9 de leur titre d\u2019arbitre gr\u00e2ce \u00e0 un programme \u00e0 la fois riche et interactif. Dans une ambiance studieuse, propice aux \u00e9changes, les stagiaires ont revu l\u2019ensemble des connaissances indispensables \u00e0 la pratique de l\u2019arbitrage : quiz sur les r\u00e8gles du jeu, rappels sur le r\u00f4le de la DNA (Direction Nationale de l\u2019Arbitrage) et les grands chantiers en cours pour les quatre ann\u00e9es \u00e0 venir, ainsi que les bonnes pratiques en mati\u00e8re de fair-play, de pr\u00e9vention des violences dans le sport et de lutte anti-triche.<\/p>\n<p dir=\"auto\">Ce stage a permis \u00e0 chacun d\u2019actualiser ses comp\u00e9tences dans un esprit collaboratif et bienveillant. Gr\u00e2ce aux apports p\u00e9dagogiques de Pierre Lapeyre, les stagiaires ont \u00e9galement pu partager leurs exp\u00e9riences, poser toutes leurs questions et approfondir des points pr\u00e9cis du r\u00e8glement.<\/p>\n<p dir=\"auto\">En sortant de ce stage intensif et formateur, les arbitres repartent confiants, mieux arm\u00e9s pour assumer leurs futures missions et contribuer activement au bon d\u00e9roulement des comp\u00e9titions.<\/p>\n<p class=\"x14z9mp xat24cr x1lziwak x1vvkbs xtlvy1s x126k92a\">Jordan AKREMANN, DRA Ligue Grand Est<\/p>\n<h3 style=\"text-align: center;\">****<\/h3>\n<h2>Stage papiweb du 01 septembre 2024<\/h2>\n<div class=\"entry-meta\"><img loading=\"lazy\" decoding=\"async\" class=\"alignnone size-medium wp-image-3517 alignleft\" style=\"font-size: 16px;\" src=\"http:\/\/ligueechecsgrandest.fr\/wp-content\/uploads\/2024\/09\/papiwebp1-300x225.jpg\" sizes=\"auto, (max-width: 300px) 100vw, 300px\" srcset=\"https:\/\/ligueechecsgrandest.fr\/wp-content\/uploads\/2024\/09\/papiwebp1-300x225.jpg 300w, https:\/\/ligueechecsgrandest.fr\/wp-content\/uploads\/2024\/09\/papiwebp1.jpg 768w\" alt=\"\" width=\"300\" height=\"225\" \/><\/div>\n<div class=\"entry-content\">\n<p>En ce premier jour de la saison 2024-2025, la LEGE a organis\u00e9 un stage sur le logiciel Papiweb. Objectif : Tendre vers le z\u00e9ro papier.<\/p>\n<p>Pour cette grande premi\u00e8re, 15 arbitres, pour la plupart de Champagne-Ardenne, se sont retrouv\u00e9s dans les locaux de L\u2019Echiquier Ch\u00e2lonnais pour une journ\u00e9e anim\u00e9e par Eric Delmotte.<\/p>\n<p>Apr\u00e8s une matin\u00e9e consacr\u00e9e \u00e0 la d\u00e9couverte du logiciel, nos arbitres ont pu \u00e9tudier la pratique avec notamment la cr\u00e9ation de tournois et d\u2019\u00e9crans, chacun pouvant \u00e9voluer \u00e0 son rythme sur son PC.<\/p>\n<p>L\u2019essai est transform\u00e9 et appelle d\u2019ores et d\u00e9j\u00e0 une nouvelle session, sans doute \u00e0 l\u2019occasion du lancement de la prochaine saison.<\/p>\n<p><img loading=\"lazy\" decoding=\"async\" class=\"alignnone size-medium wp-image-3518\" src=\"http:\/\/ligueechecsgrandest.fr\/wp-content\/uploads\/2024\/09\/papiwebp2-300x225.jpg\" sizes=\"auto, (max-width: 300px) 100vw, 300px\" srcset=\"https:\/\/ligueechecsgrandest.fr\/wp-content\/uploads\/2024\/09\/papiwebp2-300x225.jpg 300w, https:\/\/ligueechecsgrandest.fr\/wp-content\/uploads\/2024\/09\/papiwebp2-1024x768.jpg 1024w, https:\/\/ligueechecsgrandest.fr\/wp-content\/uploads\/2024\/09\/papiwebp2-768x576.jpg 768w, https:\/\/ligueechecsgrandest.fr\/wp-content\/uploads\/2024\/09\/papiwebp2-1536x1152.jpg 1536w, https:\/\/ligueechecsgrandest.fr\/wp-content\/uploads\/2024\/09\/papiwebp2.jpg 1600w\" alt=\"\" width=\"300\" height=\"225\" \/>\u00a0<img loading=\"lazy\" decoding=\"async\" class=\"alignnone size-medium wp-image-3519\" src=\"http:\/\/ligueechecsgrandest.fr\/wp-content\/uploads\/2024\/09\/papiwebp3-300x225.jpg\" sizes=\"auto, (max-width: 300px) 100vw, 300px\" srcset=\"https:\/\/ligueechecsgrandest.fr\/wp-content\/uploads\/2024\/09\/papiwebp3-300x225.jpg 300w, https:\/\/ligueechecsgrandest.fr\/wp-content\/uploads\/2024\/09\/papiwebp3-1024x768.jpg 1024w, https:\/\/ligueechecsgrandest.fr\/wp-content\/uploads\/2024\/09\/papiwebp3-768x576.jpg 768w, https:\/\/ligueechecsgrandest.fr\/wp-content\/uploads\/2024\/09\/papiwebp3-1536x1152.jpg 1536w, https:\/\/ligueechecsgrandest.fr\/wp-content\/uploads\/2024\/09\/papiwebp3.jpg 1600w\" alt=\"\" width=\"300\" height=\"225\" \/><\/p>\n<\/div>\n<h3 style=\"text-align: center;\">****<\/h3>\n<h2>Guides<\/h2>\n<h3 style=\"padding-left: 40px;\"><a href=\"http:\/\/ligueechecsgrandest.fr\/wp-content\/uploads\/2022\/01\/Guide-des-formations-darbitres-federaux.pdf\" target=\"_blank\" rel=\"noopener\">Guide des formations d&rsquo;arbitres f\u00e9d\u00e9raux<\/a><\/h3>\n<p style=\"padding-left: 40px;\"><em>Calendrier des stages de formation d&rsquo;arbitres f\u00e9d\u00e9raux dans le Grand Est<\/em><\/p>\n<p style=\"padding-left: 40px;\"><a href=\"https:\/\/www.google.com\/maps\/d\/u\/4\/viewer?mid=13xy0jVLN6e6uZYRRWnPfIRZfAgeVtDyd&amp;ll=48.97836908298585%2C8.343843965618772&amp;z=7\" target=\"_blank\" rel=\"noopener\">Carte des stages de formation organis\u00e9s en France <\/a>\u00a0 source DNA<\/p>\n<p style=\"text-align: center;\">****<\/p>\n<h2>Formation de tuteurs ASP du 05 novembre 2022<\/h2>\n<h2 class=\"entry-meta\"><a style=\"font-size: 16px;\" href=\"http:\/\/ligueechecsgrandest.fr\/wp-content\/uploads\/2022\/11\/2022-11-05-ASP.jpg\"><img loading=\"lazy\" decoding=\"async\" class=\"alignnone wp-image-1860 size-full\" src=\"http:\/\/ligueechecsgrandest.fr\/wp-content\/uploads\/2022\/11\/2022-11-05-ASP.jpg\" sizes=\"auto, (max-width: 1144px) 100vw, 1144px\" srcset=\"https:\/\/ligueechecsgrandest.fr\/wp-content\/uploads\/2022\/11\/2022-11-05-ASP.jpg 1144w, https:\/\/ligueechecsgrandest.fr\/wp-content\/uploads\/2022\/11\/2022-11-05-ASP-300x177.jpg 300w, https:\/\/ligueechecsgrandest.fr\/wp-content\/uploads\/2022\/11\/2022-11-05-ASP-1024x605.jpg 1024w, https:\/\/ligueechecsgrandest.fr\/wp-content\/uploads\/2022\/11\/2022-11-05-ASP-768x454.jpg 768w\" alt=\"\" width=\"1144\" height=\"676\" \/><\/a><\/h2>\n<div class=\"entry-content\">\n<p>Rachid HEDACHE \u2013 DRA de la LEGE \u2013 a organis\u00e9 le samedi 5 novembre une formation destin\u00e9e aux arbitres AFO (1) qui souhaitent passer AFO (2) et \u00eatre habilit\u00e9 \u00e0 d\u00e9livrer des attestations de stage pratique ASP. Cette formation a \u00e9t\u00e9 anim\u00e9e par Pierre LAPEYRE\u00a0 en visioconf\u00e9rence sur une dur\u00e9e de 3 heures 30.<br \/>\nElle a r\u00e9uni 6 participants qui venaient non seulement des 4 coins de l\u2019hexagone mais m\u00eame de Cayenne !<\/p>\n<p>L\u2019objectif de cette formation est de faire du stage ASP des futurs arbitres AFJ, AFC et AFO une v\u00e9ritable \u00e9tape de leur parcours de formation, en permettant de les confronter \u00e0 des situations concr\u00e8tes et d\u2019\u00e9valuer leur ma\u00eetrise pratique dans diff\u00e9rents domaines de comp\u00e9tences.<\/p>\n<p>Pr\u00e9alablement \u00e0 cette formation d\u2019arbitre tuteur, chaque participant devait r\u00e9diger une liste de points \u00e0 soumettre \u00e0 un stagiaire ASP \u00e0 l\u2019occasion d\u2019un tournoi. Pierre LAPEYRE \u00e0 fait des remarques directement \u00e0 chaque participant sur la bonne ad\u00e9quation de l\u2019action propos\u00e9e par rapport aux objectifs d\u2019\u00e9valuation des comp\u00e9tences op\u00e9rationnelles.<\/p>\n<p>La formation a aussi \u00e9t\u00e9 l\u2019occasion d\u2019un dialogue tr\u00e8s riche entre les participants et avec le formateur. Ce dialogue \u00e9t\u00e9 rendu possible par le nombre tr\u00e8s limit\u00e9 de participants et surtout \u00e0 l\u2019expertise de Pierre LAPEYRE.<\/p>\n<p>Jean-Pierre LIST<br \/>\nParticipant \u00e0 la formation<\/p>\n<\/div>\n<p>&nbsp;<\/p>\n","protected":false},"excerpt":{"rendered":"<p>Nous contacter : dra@grandest-echecs.fr Pr\u00e9sentation de la Commission Arbitrage : Pr\u00e9sentation de la commission Arbitrage &#8211; 26.01.2026 La lettre d\u2019info#4 de la Direction R\u00e9gionale de l\u2019Arbitrage : lettredinfodeladra4 La lettre d&rsquo;info#3 de la Direction R\u00e9gionale de l&rsquo;Arbitrage : lettredinfodeladra3 La &hellip; <a href=\"https:\/\/ligueechecsgrandest.fr\/?page_id=67\">Continuer la lecture <span class=\"meta-nav\">&rarr;<\/span><\/a><\/p>\n","protected":false},"author":1,"featured_media":0,"parent":0,"menu_order":0,"comment_status":"closed","ping_status":"closed","template":"","meta":{"_EventAllDay":false,"_EventTimezone":"","_EventStartDate":"","_EventEndDate":"","_EventStartDateUTC":"","_EventEndDateUTC":"","_EventShowMap":false,"_EventShowMapLink":false,"_EventURL":"","_EventCost":"","_EventCostDescription":"","_EventCurrencySymbol":"","_EventCurrencyCode":"","_EventCurrencyPosition":"","_EventDateTimeSeparator":"","_EventTimeRangeSeparator":"","_EventOrganizerID":[],"_EventVenueID":[],"_OrganizerEmail":"","_OrganizerPhone":"","_OrganizerWebsite":"","_VenueAddress":"","_VenueCity":"","_VenueCountry":"","_VenueProvince":"","_VenueState":"","_VenueZip":"","_VenuePhone":"","_VenueURL":"","_VenueStateProvince":"","_VenueLat":"","_VenueLng":"","_VenueShowMap":false,"_VenueShowMapLink":false,"footnotes":""},"class_list":["post-67","page","type-page","status-publish","hentry"],"aioseo_notices":[],"_links":{"self":[{"href":"https:\/\/ligueechecsgrandest.fr\/index.php?rest_route=\/wp\/v2\/pages\/67","targetHints":{"allow":["GET"]}}],"collection":[{"href":"https:\/\/ligueechecsgrandest.fr\/index.php?rest_route=\/wp\/v2\/pages"}],"about":[{"href":"https:\/\/ligueechecsgrandest.fr\/index.php?rest_route=\/wp\/v2\/types\/page"}],"author":[{"embeddable":true,"href":"https:\/\/ligueechecsgrandest.fr\/index.php?rest_route=\/wp\/v2\/users\/1"}],"replies":[{"embeddable":true,"href":"https:\/\/ligueechecsgrandest.fr\/index.php?rest_route=%2Fwp%2Fv2%2Fcomments&post=67"}],"version-history":[{"count":55,"href":"https:\/\/ligueechecsgrandest.fr\/index.php?rest_route=\/wp\/v2\/pages\/67\/revisions"}],"predecessor-version":[{"id":6459,"href":"https:\/\/ligueechecsgrandest.fr\/index.php?rest_route=\/wp\/v2\/pages\/67\/revisions\/6459"}],"wp:attachment":[{"href":"https:\/\/ligueechecsgrandest.fr\/index.php?rest_route=%2Fwp%2Fv2%2Fmedia&parent=67"}],"curies":[{"name":"wp","href":"https:\/\/api.w.org\/{rel}","templated":true}]}}