{"id":503,"date":"2021-06-19T10:59:00","date_gmt":"2021-06-19T08:59:00","guid":{"rendered":"https:\/\/ligueechecsgrandest.fr\/?page_id=503"},"modified":"2026-03-09T19:17:53","modified_gmt":"2026-03-09T18:17:53","slug":"direction","status":"publish","type":"page","link":"https:\/\/ligueechecsgrandest.fr\/?page_id=503","title":{"rendered":"Une \u00e9quipe \u00e0 votre service"},"content":{"rendered":"<p><strong style=\"font-size: 16px;\"><u>Vos interlocuteurs<\/u><\/strong><\/p>\n<p><strong>Le Bureau :<\/strong><\/p>\n<p><a href=\"https:\/\/ligueechecsgrandest.fr\/?page_id=3993\">Eric Delmotte<\/a> : Pr\u00e9sident<\/p>\n<p><a href=\"https:\/\/ligueechecsgrandest.fr\/?page_id=3998\">Gabrielle Nex<\/a> : Vice-Pr\u00e9sidente<\/p>\n<p><a href=\"https:\/\/ligueechecsgrandest.fr\/?page_id=4004\">Simon Roby<\/a> : Tr\u00e9sorier<\/p>\n<p><a href=\"https:\/\/ligueechecsgrandest.fr\/?page_id=4006\">C\u00e9cile Schlotter<\/a> : Secr\u00e9taire<\/p>\n<p>&nbsp;<\/p>\n<p><strong>Les membres titulaires du CD :<\/strong><\/p>\n<p><a href=\"https:\/\/ligueechecsgrandest.fr\/?page_id=4016\">Jordan Akremann<\/a> : Directeur R\u00e9gional de l&rsquo;Arbitrage<\/p>\n<p><a href=\"https:\/\/ligueechecsgrandest.fr\/?page_id=4023\">Lucie Hasenfratz<\/a> : M\u00e9decin<\/p>\n<p><a href=\"https:\/\/ligueechecsgrandest.fr\/?page_id=4027\">Marc Fourcart<\/a> : Directeur Technique<\/p>\n<p><a href=\"https:\/\/ligueechecsgrandest.fr\/?page_id=4032\">Julien Mahieu<\/a> : Directeurs des Jeunes<\/p>\n<p><a href=\"https:\/\/ligueechecsgrandest.fr\/?page_id=4035\">Delphine Davidou<\/a> : Relations avec les CDJE<\/p>\n<p><a href=\"https:\/\/ligueechecsgrandest.fr\/?page_id=4038\">C\u00e9line Carroy<\/a> : Directrice Handicap et Inclusion<\/p>\n<p><a href=\"https:\/\/ligueechecsgrandest.fr\/?page_id=4041\">Dominique Lamourette<\/a> : Organisation des comp\u00e9titions<\/p>\n<p><a href=\"https:\/\/ligueechecsgrandest.fr\/?page_id=4046\">Aude Raulet<\/a> : Marketing et Partenariats<\/p>\n<p><a href=\"https:\/\/ligueechecsgrandest.fr\/?page_id=4009\">St\u00e9phane Jouniaux<\/a> : Communication<\/p>\n<p><a href=\"https:\/\/ligueechecsgrandest.fr\/?page_id=4049\">Antoine Roth-Vouaux<\/a> : Formation et Webmaster<\/p>\n<p><a href=\"https:\/\/ligueechecsgrandest.fr\/?page_id=4053\">J\u00e9r\u00f4me Felder<\/a> : Formation et Webmaster<\/p>\n<p><a href=\"https:\/\/ligueechecsgrandest.fr\/?page_id=4059\">Valentin Pillard<\/a><\/p>\n<p>&nbsp;<\/p>\n<p><strong>Les membres suppl\u00e9ants du CD :<\/strong><\/p>\n<p><a href=\"https:\/\/ligueechecsgrandest.fr\/?page_id=4056\">Charlotte Guerber<\/a><\/p>\n<p><a href=\"https:\/\/ligueechecsgrandest.fr\/?page_id=4062\">Val\u00e9rie Baron<\/a><\/p>\n<p><a href=\"https:\/\/ligueechecsgrandest.fr\/?page_id=4064\">Claude Schmitt<\/a><\/p>\n<p>&nbsp;<\/p>\n<div class=\"entry-content\">\n<p><strong><u>Correspondant VSS\u00a0:<\/u><\/strong><\/p>\n<p>&nbsp;<\/p>\n<p><strong><u>Coordonnateur Alsace\u00a0:<\/u><\/strong>\u00a0S\u00e9bastien PETER\u00a0<em>( CE Mundolsheim )<\/em><\/p>\n<p><strong><u>Coordonnateur Champagne-Ardenne\u00a0:<\/u><\/strong>\u00a0Jordan AKREMANN\u00a0<em>( L\u2019Echiquier Ch\u00e2lonnais )<\/em><\/p>\n<p><strong><u>Coordonnateur Lorraine\u00a0:<\/u><\/strong>\u00a0Julien MAHIEUX\u00a0<em>( Stanislas Echecs )<\/em><\/p>\n<\/div>\n<p>&nbsp;<\/p>\n<div class=\"entry-content\">\n<p><strong><u>Contacter la LEGE :<\/u><\/strong><\/p>\n<p><strong><u>Adresse :<\/u><\/strong>\u00a0Maison R\u00e9gionale des Sports \u2013 13 rue Jean Moulin \u2013 BP 70001 \u2013 54510 TOMBLAINE<\/p>\n<p><strong><u>Pr\u00e9sident\u00a0:<\/u><\/strong>\u00a0<a href=\"mailto:ligueechecsgrandest@gmail.com\">ligueechecsgrandest@gmail.com<\/a><\/p>\n<p><strong><u>Secr\u00e9tariat\u00a0:<\/u><\/strong>\u00a0<a href=\"mailto:ligueechecsgrandest@gmail.com\">ligueechecsgrandest@gmail.com<\/a><\/p>\n<p><strong><u>Tr\u00e9sorier :<\/u><\/strong>\u00a0<a href=\"mailto:legetresorerie@gmail.com\">legetresorerie@gmail.com<\/a><\/p>\n<p><strong><u>Communication :<\/u><\/strong>\u00a0<a href=\"mailto:lege.reseauxsociaux@gmail.com\">lege.reseauxsociaux@gmail.com<\/a><\/p>\n<p>&nbsp;<\/p>\n<p><strong><u>Les r\u00e9seaux sociaux de la LEGE :<\/u><\/strong><\/p>\n<p>Site internet\u00a0:\u00a0<a href=\"https:\/\/ligueechecsgrandest.fr\/\">https:\/\/ligueechecsgrandest.fr\/<\/a><\/p>\n<p>Page Facebook\u00a0:\u00a0<a href=\"https:\/\/www.facebook.com\/lege64\">https:\/\/www.facebook.com\/lege64<\/a><\/p>\n<p>Compte X\u00a0:\u00a0<a href=\"https:\/\/twitter.com\/lege_64\">https:\/\/twitter.com\/lege_64<\/a><\/p>\n<p>&nbsp;<\/p>\n<p>Vous souhaitez annoncer un tournoi, des r\u00e9sultats, une performance\u2026.. Envoyez nous vos infos \u00e0 <a href=\"mailto:communication@grandest-echecs.fr\">communication@grandest-echecs.fr<\/a>\u00a0pour que nous les publiions<\/p>\n<\/div>\n","protected":false},"excerpt":{"rendered":"<p>Vos interlocuteurs Le Bureau : Eric Delmotte : Pr\u00e9sident Gabrielle Nex : Vice-Pr\u00e9sidente Simon Roby : Tr\u00e9sorier C\u00e9cile Schlotter : Secr\u00e9taire &nbsp; Les membres titulaires du CD : Jordan Akremann : Directeur R\u00e9gional de l&rsquo;Arbitrage Lucie Hasenfratz : M\u00e9decin Marc &hellip; <a href=\"https:\/\/ligueechecsgrandest.fr\/?page_id=503\">Continuer la lecture <span class=\"meta-nav\">&rarr;<\/span><\/a><\/p>\n","protected":false},"author":1,"featured_media":0,"parent":0,"menu_order":0,"comment_status":"closed","ping_status":"closed","template":"onecolumn-page.php","meta":{"_EventAllDay":false,"_EventTimezone":"","_EventStartDate":"","_EventEndDate":"","_EventStartDateUTC":"","_EventEndDateUTC":"","_EventShowMap":false,"_EventShowMapLink":false,"_EventURL":"","_EventCost":"","_EventCostDescription":"","_EventCurrencySymbol":"","_EventCurrencyCode":"","_EventCurrencyPosition":"","_EventDateTimeSeparator":"","_EventTimeRangeSeparator":"","_EventOrganizerID":[],"_EventVenueID":[],"_OrganizerEmail":"","_OrganizerPhone":"","_OrganizerWebsite":"","_VenueAddress":"","_VenueCity":"","_VenueCountry":"","_VenueProvince":"","_VenueState":"","_VenueZip":"","_VenuePhone":"","_VenueURL":"","_VenueStateProvince":"","_VenueLat":"","_VenueLng":"","_VenueShowMap":false,"_VenueShowMapLink":false,"footnotes":""},"class_list":["post-503","page","type-page","status-publish","hentry"],"aioseo_notices":[],"_links":{"self":[{"href":"https:\/\/ligueechecsgrandest.fr\/index.php?rest_route=\/wp\/v2\/pages\/503","targetHints":{"allow":["GET"]}}],"collection":[{"href":"https:\/\/ligueechecsgrandest.fr\/index.php?rest_route=\/wp\/v2\/pages"}],"about":[{"href":"https:\/\/ligueechecsgrandest.fr\/index.php?rest_route=\/wp\/v2\/types\/page"}],"author":[{"embeddable":true,"href":"https:\/\/ligueechecsgrandest.fr\/index.php?rest_route=\/wp\/v2\/users\/1"}],"replies":[{"embeddable":true,"href":"https:\/\/ligueechecsgrandest.fr\/index.php?rest_route=%2Fwp%2Fv2%2Fcomments&post=503"}],"version-history":[{"count":36,"href":"https:\/\/ligueechecsgrandest.fr\/index.php?rest_route=\/wp\/v2\/pages\/503\/revisions"}],"predecessor-version":[{"id":6242,"href":"https:\/\/ligueechecsgrandest.fr\/index.php?rest_route=\/wp\/v2\/pages\/503\/revisions\/6242"}],"wp:attachment":[{"href":"https:\/\/ligueechecsgrandest.fr\/index.php?rest_route=%2Fwp%2Fv2%2Fmedia&parent=503"}],"curies":[{"name":"wp","href":"https:\/\/api.w.org\/{rel}","templated":true}]}}