{"id":4059,"date":"2024-12-17T21:04:51","date_gmt":"2024-12-17T20:04:51","guid":{"rendered":"https:\/\/ligueechecsgrandest.fr\/?page_id=4059"},"modified":"2024-12-17T21:04:51","modified_gmt":"2024-12-17T20:04:51","slug":"valentin-pillard","status":"publish","type":"page","link":"https:\/\/ligueechecsgrandest.fr\/?page_id=4059","title":{"rendered":"Valentin Pillard"},"content":{"rendered":"<p style=\"text-align: center;\"><img loading=\"lazy\" decoding=\"async\" class=\"alignnone size-medium wp-image-4060 alignleft\" src=\"http:\/\/ligueechecsgrandest.fr\/wp-content\/uploads\/2024\/12\/image0-1-225x300.jpeg\" alt=\"\" width=\"225\" height=\"300\" srcset=\"https:\/\/ligueechecsgrandest.fr\/wp-content\/uploads\/2024\/12\/image0-1-225x300.jpeg 225w, https:\/\/ligueechecsgrandest.fr\/wp-content\/uploads\/2024\/12\/image0-1-768x1024.jpeg 768w, https:\/\/ligueechecsgrandest.fr\/wp-content\/uploads\/2024\/12\/image0-1-1152x1536.jpeg 1152w, https:\/\/ligueechecsgrandest.fr\/wp-content\/uploads\/2024\/12\/image0-1-1536x2048.jpeg 1536w, https:\/\/ligueechecsgrandest.fr\/wp-content\/uploads\/2024\/12\/image0-1-scaled.jpeg 1920w\" sizes=\"auto, (max-width: 225px) 100vw, 225px\" \/><\/p>\n<p>Je m&rsquo;appelle Valentin Pillard, passionn\u00e9 par les \u00e9checs depuis mon plus jeune \u00e2ge. Joueur en comp\u00e9tition depuis l&rsquo;\u00e2ge de 9 ans, j&rsquo;ai poursuivi cette passion en devenant entra\u00eeneur d\u00e8s mes 18 ans. J&rsquo;interviens dans les \u00e9coles pour transmettre cet art strat\u00e9gique aux plus jeunes et propose \u00e9galement des cours particuliers et collectifs pour tous les niveaux. Mon objectif est de partager ma passion et d&rsquo;aider chacun \u00e0 progresser, que ce soit pour le plaisir ou en vue de la comp\u00e9tition.<\/p>\n","protected":false},"excerpt":{"rendered":"<p>Je m&rsquo;appelle Valentin Pillard, passionn\u00e9 par les \u00e9checs depuis mon plus jeune \u00e2ge. Joueur en comp\u00e9tition depuis l&rsquo;\u00e2ge de 9 ans, j&rsquo;ai poursuivi cette passion en devenant entra\u00eeneur d\u00e8s mes 18 ans. J&rsquo;interviens dans les \u00e9coles pour transmettre cet art &hellip; <a href=\"https:\/\/ligueechecsgrandest.fr\/?page_id=4059\">Continuer la lecture <span class=\"meta-nav\">&rarr;<\/span><\/a><\/p>\n","protected":false},"author":3,"featured_media":0,"parent":0,"menu_order":0,"comment_status":"closed","ping_status":"closed","template":"","meta":{"_EventAllDay":false,"_EventTimezone":"","_EventStartDate":"","_EventEndDate":"","_EventStartDateUTC":"","_EventEndDateUTC":"","_EventShowMap":false,"_EventShowMapLink":false,"_EventURL":"","_EventCost":"","_EventCostDescription":"","_EventCurrencySymbol":"","_EventCurrencyCode":"","_EventCurrencyPosition":"","_EventDateTimeSeparator":"","_EventTimeRangeSeparator":"","_EventOrganizerID":[],"_EventVenueID":[],"_OrganizerEmail":"","_OrganizerPhone":"","_OrganizerWebsite":"","_VenueAddress":"","_VenueCity":"","_VenueCountry":"","_VenueProvince":"","_VenueState":"","_VenueZip":"","_VenuePhone":"","_VenueURL":"","_VenueStateProvince":"","_VenueLat":"","_VenueLng":"","_VenueShowMap":false,"_VenueShowMapLink":false,"footnotes":""},"class_list":["post-4059","page","type-page","status-publish","hentry"],"aioseo_notices":[],"_links":{"self":[{"href":"https:\/\/ligueechecsgrandest.fr\/index.php?rest_route=\/wp\/v2\/pages\/4059","targetHints":{"allow":["GET"]}}],"collection":[{"href":"https:\/\/ligueechecsgrandest.fr\/index.php?rest_route=\/wp\/v2\/pages"}],"about":[{"href":"https:\/\/ligueechecsgrandest.fr\/index.php?rest_route=\/wp\/v2\/types\/page"}],"author":[{"embeddable":true,"href":"https:\/\/ligueechecsgrandest.fr\/index.php?rest_route=\/wp\/v2\/users\/3"}],"replies":[{"embeddable":true,"href":"https:\/\/ligueechecsgrandest.fr\/index.php?rest_route=%2Fwp%2Fv2%2Fcomments&post=4059"}],"version-history":[{"count":1,"href":"https:\/\/ligueechecsgrandest.fr\/index.php?rest_route=\/wp\/v2\/pages\/4059\/revisions"}],"predecessor-version":[{"id":4061,"href":"https:\/\/ligueechecsgrandest.fr\/index.php?rest_route=\/wp\/v2\/pages\/4059\/revisions\/4061"}],"wp:attachment":[{"href":"https:\/\/ligueechecsgrandest.fr\/index.php?rest_route=%2Fwp%2Fv2%2Fmedia&parent=4059"}],"curies":[{"name":"wp","href":"https:\/\/api.w.org\/{rel}","templated":true}]}}