{"id":4056,"date":"2024-12-17T21:03:10","date_gmt":"2024-12-17T20:03:10","guid":{"rendered":"https:\/\/ligueechecsgrandest.fr\/?page_id=4056"},"modified":"2024-12-17T21:03:10","modified_gmt":"2024-12-17T20:03:10","slug":"charlotte-guerber","status":"publish","type":"page","link":"https:\/\/ligueechecsgrandest.fr\/?page_id=4056","title":{"rendered":"Charlotte Guerber"},"content":{"rendered":"<p style=\"text-align: center;\"><img loading=\"lazy\" decoding=\"async\" class=\"alignnone size-medium wp-image-4057 alignleft\" src=\"http:\/\/ligueechecsgrandest.fr\/wp-content\/uploads\/2024\/12\/IMG_1603-300x225.png\" alt=\"\" width=\"300\" height=\"225\" srcset=\"https:\/\/ligueechecsgrandest.fr\/wp-content\/uploads\/2024\/12\/IMG_1603-300x225.png 300w, https:\/\/ligueechecsgrandest.fr\/wp-content\/uploads\/2024\/12\/IMG_1603.png 440w\" sizes=\"auto, (max-width: 300px) 100vw, 300px\" \/><\/p>\n<p>Je suis contr\u00f4leuse LCB\/FT (lutte contre le blanchiment d&rsquo;argent et le financement du terrorisme) \u00e0 l&rsquo;Ordre des Experts-Comptables au Luxembourg. J&rsquo;ai deux enfants de 6 et 9 ans et je vis \u00e0 Thionville.<\/p>\n<p>Je suis Membre du Comit\u00e9 du club d&rsquo;\u00e9checs de Thionville. Cet investissement dans les \u00e9checs me permet de suivre et de contribuer \u00e0 la passion de mon fils Thomas pour ce beau jeu\/sport.<\/p>\n<p>Si besoin, le p\u00f4le jeune reste le sujet qui m&rsquo;int\u00e9resse le plus toujours dans un souci de m&rsquo;investir dans la passion de mn fils Thomas.<\/p>\n","protected":false},"excerpt":{"rendered":"<p>Je suis contr\u00f4leuse LCB\/FT (lutte contre le blanchiment d&rsquo;argent et le financement du terrorisme) \u00e0 l&rsquo;Ordre des Experts-Comptables au Luxembourg. J&rsquo;ai deux enfants de 6 et 9 ans et je vis \u00e0 Thionville. Je suis Membre du Comit\u00e9 du club &hellip; <a href=\"https:\/\/ligueechecsgrandest.fr\/?page_id=4056\">Continuer la lecture <span class=\"meta-nav\">&rarr;<\/span><\/a><\/p>\n","protected":false},"author":3,"featured_media":0,"parent":0,"menu_order":0,"comment_status":"closed","ping_status":"closed","template":"","meta":{"_EventAllDay":false,"_EventTimezone":"","_EventStartDate":"","_EventEndDate":"","_EventStartDateUTC":"","_EventEndDateUTC":"","_EventShowMap":false,"_EventShowMapLink":false,"_EventURL":"","_EventCost":"","_EventCostDescription":"","_EventCurrencySymbol":"","_EventCurrencyCode":"","_EventCurrencyPosition":"","_EventDateTimeSeparator":"","_EventTimeRangeSeparator":"","_EventOrganizerID":[],"_EventVenueID":[],"_OrganizerEmail":"","_OrganizerPhone":"","_OrganizerWebsite":"","_VenueAddress":"","_VenueCity":"","_VenueCountry":"","_VenueProvince":"","_VenueState":"","_VenueZip":"","_VenuePhone":"","_VenueURL":"","_VenueStateProvince":"","_VenueLat":"","_VenueLng":"","_VenueShowMap":false,"_VenueShowMapLink":false,"footnotes":""},"class_list":["post-4056","page","type-page","status-publish","hentry"],"aioseo_notices":[],"_links":{"self":[{"href":"https:\/\/ligueechecsgrandest.fr\/index.php?rest_route=\/wp\/v2\/pages\/4056","targetHints":{"allow":["GET"]}}],"collection":[{"href":"https:\/\/ligueechecsgrandest.fr\/index.php?rest_route=\/wp\/v2\/pages"}],"about":[{"href":"https:\/\/ligueechecsgrandest.fr\/index.php?rest_route=\/wp\/v2\/types\/page"}],"author":[{"embeddable":true,"href":"https:\/\/ligueechecsgrandest.fr\/index.php?rest_route=\/wp\/v2\/users\/3"}],"replies":[{"embeddable":true,"href":"https:\/\/ligueechecsgrandest.fr\/index.php?rest_route=%2Fwp%2Fv2%2Fcomments&post=4056"}],"version-history":[{"count":1,"href":"https:\/\/ligueechecsgrandest.fr\/index.php?rest_route=\/wp\/v2\/pages\/4056\/revisions"}],"predecessor-version":[{"id":4058,"href":"https:\/\/ligueechecsgrandest.fr\/index.php?rest_route=\/wp\/v2\/pages\/4056\/revisions\/4058"}],"wp:attachment":[{"href":"https:\/\/ligueechecsgrandest.fr\/index.php?rest_route=%2Fwp%2Fv2%2Fmedia&parent=4056"}],"curies":[{"name":"wp","href":"https:\/\/api.w.org\/{rel}","templated":true}]}}