{"id":4053,"date":"2024-12-17T20:57:48","date_gmt":"2024-12-17T19:57:48","guid":{"rendered":"https:\/\/ligueechecsgrandest.fr\/?page_id=4053"},"modified":"2024-12-17T20:57:48","modified_gmt":"2024-12-17T19:57:48","slug":"jerome-felder-formation-et-webmaster","status":"publish","type":"page","link":"https:\/\/ligueechecsgrandest.fr\/?page_id=4053","title":{"rendered":"J\u00e9r\u00f4me Felder &#8211; Formation et Webmaster"},"content":{"rendered":"<p><img loading=\"lazy\" decoding=\"async\" class=\"size-medium wp-image-4054 alignleft\" src=\"http:\/\/ligueechecsgrandest.fr\/wp-content\/uploads\/2024\/12\/image_Jerome-188x300.jpg\" alt=\"\" width=\"188\" height=\"300\" srcset=\"https:\/\/ligueechecsgrandest.fr\/wp-content\/uploads\/2024\/12\/image_Jerome-188x300.jpg 188w, https:\/\/ligueechecsgrandest.fr\/wp-content\/uploads\/2024\/12\/image_Jerome.jpg 536w\" sizes=\"auto, (max-width: 188px) 100vw, 188px\" \/><\/p>\n<p>Je suis Analyste D\u00e9veloppeur en tant que consultant pour une Entreprise de Services du Num\u00e9rique. J\u2019ai commenc\u00e9 \u00e0 jouer aux \u00e9checs \u00e0 l\u2019\u00e2ge de 7 ans, et j\u2019ai pris la pr\u00e9sidence de mon club en 2021. J\u2019ai \u00e9galement un dipl\u00f4me d\u2019AFC<\/p>\n","protected":false},"excerpt":{"rendered":"<p>Je suis Analyste D\u00e9veloppeur en tant que consultant pour une Entreprise de Services du Num\u00e9rique. J\u2019ai commenc\u00e9 \u00e0 jouer aux \u00e9checs \u00e0 l\u2019\u00e2ge de 7 ans, et j\u2019ai pris la pr\u00e9sidence de mon club en 2021. J\u2019ai \u00e9galement un dipl\u00f4me &hellip; <a href=\"https:\/\/ligueechecsgrandest.fr\/?page_id=4053\">Continuer la lecture <span class=\"meta-nav\">&rarr;<\/span><\/a><\/p>\n","protected":false},"author":3,"featured_media":0,"parent":0,"menu_order":0,"comment_status":"closed","ping_status":"closed","template":"","meta":{"_EventAllDay":false,"_EventTimezone":"","_EventStartDate":"","_EventEndDate":"","_EventStartDateUTC":"","_EventEndDateUTC":"","_EventShowMap":false,"_EventShowMapLink":false,"_EventURL":"","_EventCost":"","_EventCostDescription":"","_EventCurrencySymbol":"","_EventCurrencyCode":"","_EventCurrencyPosition":"","_EventDateTimeSeparator":"","_EventTimeRangeSeparator":"","_EventOrganizerID":[],"_EventVenueID":[],"_OrganizerEmail":"","_OrganizerPhone":"","_OrganizerWebsite":"","_VenueAddress":"","_VenueCity":"","_VenueCountry":"","_VenueProvince":"","_VenueState":"","_VenueZip":"","_VenuePhone":"","_VenueURL":"","_VenueStateProvince":"","_VenueLat":"","_VenueLng":"","_VenueShowMap":false,"_VenueShowMapLink":false,"footnotes":""},"class_list":["post-4053","page","type-page","status-publish","hentry"],"aioseo_notices":[],"_links":{"self":[{"href":"https:\/\/ligueechecsgrandest.fr\/index.php?rest_route=\/wp\/v2\/pages\/4053","targetHints":{"allow":["GET"]}}],"collection":[{"href":"https:\/\/ligueechecsgrandest.fr\/index.php?rest_route=\/wp\/v2\/pages"}],"about":[{"href":"https:\/\/ligueechecsgrandest.fr\/index.php?rest_route=\/wp\/v2\/types\/page"}],"author":[{"embeddable":true,"href":"https:\/\/ligueechecsgrandest.fr\/index.php?rest_route=\/wp\/v2\/users\/3"}],"replies":[{"embeddable":true,"href":"https:\/\/ligueechecsgrandest.fr\/index.php?rest_route=%2Fwp%2Fv2%2Fcomments&post=4053"}],"version-history":[{"count":1,"href":"https:\/\/ligueechecsgrandest.fr\/index.php?rest_route=\/wp\/v2\/pages\/4053\/revisions"}],"predecessor-version":[{"id":4055,"href":"https:\/\/ligueechecsgrandest.fr\/index.php?rest_route=\/wp\/v2\/pages\/4053\/revisions\/4055"}],"wp:attachment":[{"href":"https:\/\/ligueechecsgrandest.fr\/index.php?rest_route=%2Fwp%2Fv2%2Fmedia&parent=4053"}],"curies":[{"name":"wp","href":"https:\/\/api.w.org\/{rel}","templated":true}]}}