{"id":4049,"date":"2024-12-17T20:56:08","date_gmt":"2024-12-17T19:56:08","guid":{"rendered":"https:\/\/ligueechecsgrandest.fr\/?page_id=4049"},"modified":"2024-12-17T20:56:08","modified_gmt":"2024-12-17T19:56:08","slug":"antoine-roth-vouaux-formation-et-webmaster","status":"publish","type":"page","link":"https:\/\/ligueechecsgrandest.fr\/?page_id=4049","title":{"rendered":"Antoine Roth-Vouaux &#8211; Formation et Webmaster"},"content":{"rendered":"<p style=\"text-align: center;\"><img loading=\"lazy\" decoding=\"async\" class=\"alignnone size-medium wp-image-4050 alignleft\" src=\"http:\/\/ligueechecsgrandest.fr\/wp-content\/uploads\/2024\/12\/Image5-240x300.jpg\" alt=\"\" width=\"240\" height=\"300\" srcset=\"https:\/\/ligueechecsgrandest.fr\/wp-content\/uploads\/2024\/12\/Image5-240x300.jpg 240w, https:\/\/ligueechecsgrandest.fr\/wp-content\/uploads\/2024\/12\/Image5.jpg 569w\" sizes=\"auto, (max-width: 240px) 100vw, 240px\" \/><\/p>\n<p>R\u00e9sidant \u00e0 S\u00e9lestat avec mon \u00e9pouse,\u00a0 je suis professeur d\u2019histoire-g\u00e9ographie-EMC dans l\u2019acad\u00e9mie de Strasbourg, avec une exp\u00e9rience dans l\u2019enseignement bilingue (allemand).<\/p>\n<p>Passionn\u00e9 par les \u00e9checs depuis mon plus jeune \u00e2ge, je suis actuellement vice-pr\u00e9sident du Cercle d\u2019Echecs de S\u00e9lestat,\u00a0 animateur du site du Comit\u00e9 des Echecs du Bas-Rhin, arbitre open 1, et membre r\u00e9gulier de l\u2019\u00e9quipe 1 de S\u00e9lestat (r\u00e9cemment mont\u00e9e en Nationale 3). Je participe depuis 2022 \u00e0 l\u2019organisation et l\u2019arbitrage de l\u2019open international de S\u00e9lestat. J\u2019encadre r\u00e9guli\u00e8rement les sessions d\u2019examens \u00e0 S\u00e9lestat \u00e0 la demande de Rachid Heddache, responsable de l\u2019arbitrage.<\/p>\n<p>Mes domaines de pr\u00e9dilection sont donc l\u2019animation des outils num\u00e9riques, ainsi que l\u2019organisation d\u2019\u00e9v\u00e9nements divers pour le d\u00e9veloppement du jeu d\u2019\u00e9checs.<\/p>\n","protected":false},"excerpt":{"rendered":"<p>R\u00e9sidant \u00e0 S\u00e9lestat avec mon \u00e9pouse,\u00a0 je suis professeur d\u2019histoire-g\u00e9ographie-EMC dans l\u2019acad\u00e9mie de Strasbourg, avec une exp\u00e9rience dans l\u2019enseignement bilingue (allemand). Passionn\u00e9 par les \u00e9checs depuis mon plus jeune \u00e2ge, je suis actuellement vice-pr\u00e9sident du Cercle d\u2019Echecs de S\u00e9lestat,\u00a0 animateur &hellip; <a href=\"https:\/\/ligueechecsgrandest.fr\/?page_id=4049\">Continuer la lecture <span class=\"meta-nav\">&rarr;<\/span><\/a><\/p>\n","protected":false},"author":3,"featured_media":0,"parent":0,"menu_order":0,"comment_status":"closed","ping_status":"closed","template":"","meta":{"_EventAllDay":false,"_EventTimezone":"","_EventStartDate":"","_EventEndDate":"","_EventStartDateUTC":"","_EventEndDateUTC":"","_EventShowMap":false,"_EventShowMapLink":false,"_EventURL":"","_EventCost":"","_EventCostDescription":"","_EventCurrencySymbol":"","_EventCurrencyCode":"","_EventCurrencyPosition":"","_EventDateTimeSeparator":"","_EventTimeRangeSeparator":"","_EventOrganizerID":[],"_EventVenueID":[],"_OrganizerEmail":"","_OrganizerPhone":"","_OrganizerWebsite":"","_VenueAddress":"","_VenueCity":"","_VenueCountry":"","_VenueProvince":"","_VenueState":"","_VenueZip":"","_VenuePhone":"","_VenueURL":"","_VenueStateProvince":"","_VenueLat":"","_VenueLng":"","_VenueShowMap":false,"_VenueShowMapLink":false,"footnotes":""},"class_list":["post-4049","page","type-page","status-publish","hentry"],"aioseo_notices":[],"_links":{"self":[{"href":"https:\/\/ligueechecsgrandest.fr\/index.php?rest_route=\/wp\/v2\/pages\/4049","targetHints":{"allow":["GET"]}}],"collection":[{"href":"https:\/\/ligueechecsgrandest.fr\/index.php?rest_route=\/wp\/v2\/pages"}],"about":[{"href":"https:\/\/ligueechecsgrandest.fr\/index.php?rest_route=\/wp\/v2\/types\/page"}],"author":[{"embeddable":true,"href":"https:\/\/ligueechecsgrandest.fr\/index.php?rest_route=\/wp\/v2\/users\/3"}],"replies":[{"embeddable":true,"href":"https:\/\/ligueechecsgrandest.fr\/index.php?rest_route=%2Fwp%2Fv2%2Fcomments&post=4049"}],"version-history":[{"count":2,"href":"https:\/\/ligueechecsgrandest.fr\/index.php?rest_route=\/wp\/v2\/pages\/4049\/revisions"}],"predecessor-version":[{"id":4052,"href":"https:\/\/ligueechecsgrandest.fr\/index.php?rest_route=\/wp\/v2\/pages\/4049\/revisions\/4052"}],"wp:attachment":[{"href":"https:\/\/ligueechecsgrandest.fr\/index.php?rest_route=%2Fwp%2Fv2%2Fmedia&parent=4049"}],"curies":[{"name":"wp","href":"https:\/\/api.w.org\/{rel}","templated":true}]}}