{"id":4046,"date":"2024-12-17T20:53:26","date_gmt":"2024-12-17T19:53:26","guid":{"rendered":"https:\/\/ligueechecsgrandest.fr\/?page_id=4046"},"modified":"2024-12-17T20:53:26","modified_gmt":"2024-12-17T19:53:26","slug":"aude-raulet-marketing-et-partenariats","status":"publish","type":"page","link":"https:\/\/ligueechecsgrandest.fr\/?page_id=4046","title":{"rendered":"Aude Raulet &#8211; Marketing et Partenariats"},"content":{"rendered":"<p style=\"text-align: center;\"><img loading=\"lazy\" decoding=\"async\" class=\"alignnone size-medium wp-image-4047 alignleft\" src=\"http:\/\/ligueechecsgrandest.fr\/wp-content\/uploads\/2024\/12\/Image4-207x300.jpg\" alt=\"\" width=\"207\" height=\"300\" srcset=\"https:\/\/ligueechecsgrandest.fr\/wp-content\/uploads\/2024\/12\/Image4-207x300.jpg 207w, https:\/\/ligueechecsgrandest.fr\/wp-content\/uploads\/2024\/12\/Image4.jpg 499w\" sizes=\"auto, (max-width: 207px) 100vw, 207px\" \/><\/p>\n<p>Je suis charg\u00e9e d\u2019\u00e9tudes assurances de personnes chez Groupama depuis quelques ann\u00e9es, et r\u00e9f\u00e9rente des m\u00e9tiers sant\u00e9 et pr\u00e9voyance pour la r\u00e9gion Nord-Est.<\/p>\n<p>J\u2019habite dans un petit village marnais avec mon conjoint et mes deux enfants de 11 et 15 ans.<\/p>\n<p>Mon fils nous a appris \u00e0 jouer aux \u00e9checs, et depuis, je prends plaisir \u00e0 m\u2019entrainer sur l\u2019application \u00ab\u00a0Lichess\u00a0\u00bb.<\/p>\n<p>Mes activit\u00e9s principales consistent \u00e0 encourager mon fils sur le bord des terrains de foot, accompagner ma fille sur l\u2019ensemble de ses comp\u00e9titions d\u2019\u00e9checs, et prendre le temps d\u2019ouvrir un bon livre.<\/p>\n","protected":false},"excerpt":{"rendered":"<p>Je suis charg\u00e9e d\u2019\u00e9tudes assurances de personnes chez Groupama depuis quelques ann\u00e9es, et r\u00e9f\u00e9rente des m\u00e9tiers sant\u00e9 et pr\u00e9voyance pour la r\u00e9gion Nord-Est. J\u2019habite dans un petit village marnais avec mon conjoint et mes deux enfants de 11 et 15 &hellip; <a href=\"https:\/\/ligueechecsgrandest.fr\/?page_id=4046\">Continuer la lecture <span class=\"meta-nav\">&rarr;<\/span><\/a><\/p>\n","protected":false},"author":3,"featured_media":0,"parent":0,"menu_order":0,"comment_status":"closed","ping_status":"closed","template":"","meta":{"_EventAllDay":false,"_EventTimezone":"","_EventStartDate":"","_EventEndDate":"","_EventStartDateUTC":"","_EventEndDateUTC":"","_EventShowMap":false,"_EventShowMapLink":false,"_EventURL":"","_EventCost":"","_EventCostDescription":"","_EventCurrencySymbol":"","_EventCurrencyCode":"","_EventCurrencyPosition":"","_EventDateTimeSeparator":"","_EventTimeRangeSeparator":"","_EventOrganizerID":[],"_EventVenueID":[],"_OrganizerEmail":"","_OrganizerPhone":"","_OrganizerWebsite":"","_VenueAddress":"","_VenueCity":"","_VenueCountry":"","_VenueProvince":"","_VenueState":"","_VenueZip":"","_VenuePhone":"","_VenueURL":"","_VenueStateProvince":"","_VenueLat":"","_VenueLng":"","_VenueShowMap":false,"_VenueShowMapLink":false,"footnotes":""},"class_list":["post-4046","page","type-page","status-publish","hentry"],"aioseo_notices":[],"_links":{"self":[{"href":"https:\/\/ligueechecsgrandest.fr\/index.php?rest_route=\/wp\/v2\/pages\/4046","targetHints":{"allow":["GET"]}}],"collection":[{"href":"https:\/\/ligueechecsgrandest.fr\/index.php?rest_route=\/wp\/v2\/pages"}],"about":[{"href":"https:\/\/ligueechecsgrandest.fr\/index.php?rest_route=\/wp\/v2\/types\/page"}],"author":[{"embeddable":true,"href":"https:\/\/ligueechecsgrandest.fr\/index.php?rest_route=\/wp\/v2\/users\/3"}],"replies":[{"embeddable":true,"href":"https:\/\/ligueechecsgrandest.fr\/index.php?rest_route=%2Fwp%2Fv2%2Fcomments&post=4046"}],"version-history":[{"count":1,"href":"https:\/\/ligueechecsgrandest.fr\/index.php?rest_route=\/wp\/v2\/pages\/4046\/revisions"}],"predecessor-version":[{"id":4048,"href":"https:\/\/ligueechecsgrandest.fr\/index.php?rest_route=\/wp\/v2\/pages\/4046\/revisions\/4048"}],"wp:attachment":[{"href":"https:\/\/ligueechecsgrandest.fr\/index.php?rest_route=%2Fwp%2Fv2%2Fmedia&parent=4046"}],"curies":[{"name":"wp","href":"https:\/\/api.w.org\/{rel}","templated":true}]}}