{"id":4041,"date":"2024-12-17T20:51:36","date_gmt":"2024-12-17T19:51:36","guid":{"rendered":"https:\/\/ligueechecsgrandest.fr\/?page_id=4041"},"modified":"2024-12-17T20:51:36","modified_gmt":"2024-12-17T19:51:36","slug":"dominique-lamourette-organisation-des-competitions","status":"publish","type":"page","link":"https:\/\/ligueechecsgrandest.fr\/?page_id=4041","title":{"rendered":"Dominique Lamourette &#8211; Organisation des comp\u00e9titions"},"content":{"rendered":"<p style=\"text-align: center;\"><img loading=\"lazy\" decoding=\"async\" class=\"alignnone size-medium wp-image-4043 alignleft\" src=\"http:\/\/ligueechecsgrandest.fr\/wp-content\/uploads\/2024\/12\/Image3-300x300.jpg\" alt=\"\" width=\"300\" height=\"300\" srcset=\"https:\/\/ligueechecsgrandest.fr\/wp-content\/uploads\/2024\/12\/Image3-300x300.jpg 300w, https:\/\/ligueechecsgrandest.fr\/wp-content\/uploads\/2024\/12\/Image3-150x150.jpg 150w, https:\/\/ligueechecsgrandest.fr\/wp-content\/uploads\/2024\/12\/Image3.jpg 389w\" sizes=\"auto, (max-width: 300px) 100vw, 300px\" \/><\/p>\n<p>Je suis retrait\u00e9 de la fonction publique hospitali\u00e8re .Mari\u00e9 et p\u00e8re de trois grands enfants et grand-p\u00e8re\u00a0 de six arri\u00e8res petits fils et une petite fille.<\/p>\n<p>J\u2019ai jou\u00e9 aux \u00e9checs pendant ma jeunesse et m\u2019y suis remis s\u00e9rieusement\u00a0 il y a 5 ans.<\/p>\n<p>Je suis le nouveau pr\u00e9sident du Club de l\u2019Echiquier des Hautes Vosges.<\/p>\n<p>Je suis formateur DIFFE et je vais faire des interventions dans diff\u00e9rents lieux et notamment la m\u00e9diath\u00e8que de Vagney.<\/p>\n<p>J\u2019aime jouer en comp\u00e9tition parties longues.<\/p>\n","protected":false},"excerpt":{"rendered":"<p>Je suis retrait\u00e9 de la fonction publique hospitali\u00e8re .Mari\u00e9 et p\u00e8re de trois grands enfants et grand-p\u00e8re\u00a0 de six arri\u00e8res petits fils et une petite fille. J\u2019ai jou\u00e9 aux \u00e9checs pendant ma jeunesse et m\u2019y suis remis s\u00e9rieusement\u00a0 il y &hellip; <a href=\"https:\/\/ligueechecsgrandest.fr\/?page_id=4041\">Continuer la lecture <span class=\"meta-nav\">&rarr;<\/span><\/a><\/p>\n","protected":false},"author":3,"featured_media":0,"parent":0,"menu_order":0,"comment_status":"closed","ping_status":"closed","template":"","meta":{"_EventAllDay":false,"_EventTimezone":"","_EventStartDate":"","_EventEndDate":"","_EventStartDateUTC":"","_EventEndDateUTC":"","_EventShowMap":false,"_EventShowMapLink":false,"_EventURL":"","_EventCost":"","_EventCostDescription":"","_EventCurrencySymbol":"","_EventCurrencyCode":"","_EventCurrencyPosition":"","_EventDateTimeSeparator":"","_EventTimeRangeSeparator":"","_EventOrganizerID":[],"_EventVenueID":[],"_OrganizerEmail":"","_OrganizerPhone":"","_OrganizerWebsite":"","_VenueAddress":"","_VenueCity":"","_VenueCountry":"","_VenueProvince":"","_VenueState":"","_VenueZip":"","_VenuePhone":"","_VenueURL":"","_VenueStateProvince":"","_VenueLat":"","_VenueLng":"","_VenueShowMap":false,"_VenueShowMapLink":false,"footnotes":""},"class_list":["post-4041","page","type-page","status-publish","hentry"],"aioseo_notices":[],"_links":{"self":[{"href":"https:\/\/ligueechecsgrandest.fr\/index.php?rest_route=\/wp\/v2\/pages\/4041","targetHints":{"allow":["GET"]}}],"collection":[{"href":"https:\/\/ligueechecsgrandest.fr\/index.php?rest_route=\/wp\/v2\/pages"}],"about":[{"href":"https:\/\/ligueechecsgrandest.fr\/index.php?rest_route=\/wp\/v2\/types\/page"}],"author":[{"embeddable":true,"href":"https:\/\/ligueechecsgrandest.fr\/index.php?rest_route=\/wp\/v2\/users\/3"}],"replies":[{"embeddable":true,"href":"https:\/\/ligueechecsgrandest.fr\/index.php?rest_route=%2Fwp%2Fv2%2Fcomments&post=4041"}],"version-history":[{"count":1,"href":"https:\/\/ligueechecsgrandest.fr\/index.php?rest_route=\/wp\/v2\/pages\/4041\/revisions"}],"predecessor-version":[{"id":4044,"href":"https:\/\/ligueechecsgrandest.fr\/index.php?rest_route=\/wp\/v2\/pages\/4041\/revisions\/4044"}],"wp:attachment":[{"href":"https:\/\/ligueechecsgrandest.fr\/index.php?rest_route=%2Fwp%2Fv2%2Fmedia&parent=4041"}],"curies":[{"name":"wp","href":"https:\/\/api.w.org\/{rel}","templated":true}]}}