{"id":4038,"date":"2024-12-17T20:48:58","date_gmt":"2024-12-17T19:48:58","guid":{"rendered":"https:\/\/ligueechecsgrandest.fr\/?page_id=4038"},"modified":"2024-12-17T20:48:58","modified_gmt":"2024-12-17T19:48:58","slug":"celine-carroy-directrice-handicap-et-inclusion","status":"publish","type":"page","link":"https:\/\/ligueechecsgrandest.fr\/?page_id=4038","title":{"rendered":"C\u00e9line Carroy &#8211; Directrice Handicap et Inclusion"},"content":{"rendered":"<p style=\"text-align: center;\"><img loading=\"lazy\" decoding=\"async\" class=\"alignnone size-medium wp-image-4039 alignleft\" src=\"http:\/\/ligueechecsgrandest.fr\/wp-content\/uploads\/2024\/12\/IMG_1353-135x300.jpg\" alt=\"\" width=\"135\" height=\"300\" srcset=\"https:\/\/ligueechecsgrandest.fr\/wp-content\/uploads\/2024\/12\/IMG_1353-135x300.jpg 135w, https:\/\/ligueechecsgrandest.fr\/wp-content\/uploads\/2024\/12\/IMG_1353-462x1024.jpg 462w, https:\/\/ligueechecsgrandest.fr\/wp-content\/uploads\/2024\/12\/IMG_1353.jpg 542w\" sizes=\"auto, (max-width: 135px) 100vw, 135px\" \/><\/p>\n<p>Je suis Infirmi\u00e8re en milieu hospitalier, dans une petite structure public des Ardennes. Mari\u00e9e, j\u2019ai deux enfants de 18 et 12 ans et je vis dans une petite commune des Ardennes \u00e0 30 min de Charleville-M\u00e9zi\u00e8res et 45 min de Reims.<\/p>\n<p>Baign\u00e9e dans le monde des Echecs depuis 3 ans gr\u00e2ce \u00e0 mes 2 enfants et mon mari, j\u2019ai progressivement pris des responsabilit\u00e9s dans mon club puis au niveau du d\u00e9partement. Secr\u00e9taire dans mon club de Vouziers, je suis \u00e9galement mari\u00e9 au pr\u00e9sident de celui-ci, ce qui fait que les \u00e9checs sont une passion familiale.<\/p>\n","protected":false},"excerpt":{"rendered":"<p>Je suis Infirmi\u00e8re en milieu hospitalier, dans une petite structure public des Ardennes. Mari\u00e9e, j\u2019ai deux enfants de 18 et 12 ans et je vis dans une petite commune des Ardennes \u00e0 30 min de Charleville-M\u00e9zi\u00e8res et 45 min de &hellip; <a href=\"https:\/\/ligueechecsgrandest.fr\/?page_id=4038\">Continuer la lecture <span class=\"meta-nav\">&rarr;<\/span><\/a><\/p>\n","protected":false},"author":3,"featured_media":0,"parent":0,"menu_order":0,"comment_status":"closed","ping_status":"closed","template":"","meta":{"_EventAllDay":false,"_EventTimezone":"","_EventStartDate":"","_EventEndDate":"","_EventStartDateUTC":"","_EventEndDateUTC":"","_EventShowMap":false,"_EventShowMapLink":false,"_EventURL":"","_EventCost":"","_EventCostDescription":"","_EventCurrencySymbol":"","_EventCurrencyCode":"","_EventCurrencyPosition":"","_EventDateTimeSeparator":"","_EventTimeRangeSeparator":"","_EventOrganizerID":[],"_EventVenueID":[],"_OrganizerEmail":"","_OrganizerPhone":"","_OrganizerWebsite":"","_VenueAddress":"","_VenueCity":"","_VenueCountry":"","_VenueProvince":"","_VenueState":"","_VenueZip":"","_VenuePhone":"","_VenueURL":"","_VenueStateProvince":"","_VenueLat":"","_VenueLng":"","_VenueShowMap":false,"_VenueShowMapLink":false,"footnotes":""},"class_list":["post-4038","page","type-page","status-publish","hentry"],"aioseo_notices":[],"_links":{"self":[{"href":"https:\/\/ligueechecsgrandest.fr\/index.php?rest_route=\/wp\/v2\/pages\/4038","targetHints":{"allow":["GET"]}}],"collection":[{"href":"https:\/\/ligueechecsgrandest.fr\/index.php?rest_route=\/wp\/v2\/pages"}],"about":[{"href":"https:\/\/ligueechecsgrandest.fr\/index.php?rest_route=\/wp\/v2\/types\/page"}],"author":[{"embeddable":true,"href":"https:\/\/ligueechecsgrandest.fr\/index.php?rest_route=\/wp\/v2\/users\/3"}],"replies":[{"embeddable":true,"href":"https:\/\/ligueechecsgrandest.fr\/index.php?rest_route=%2Fwp%2Fv2%2Fcomments&post=4038"}],"version-history":[{"count":1,"href":"https:\/\/ligueechecsgrandest.fr\/index.php?rest_route=\/wp\/v2\/pages\/4038\/revisions"}],"predecessor-version":[{"id":4040,"href":"https:\/\/ligueechecsgrandest.fr\/index.php?rest_route=\/wp\/v2\/pages\/4038\/revisions\/4040"}],"wp:attachment":[{"href":"https:\/\/ligueechecsgrandest.fr\/index.php?rest_route=%2Fwp%2Fv2%2Fmedia&parent=4038"}],"curies":[{"name":"wp","href":"https:\/\/api.w.org\/{rel}","templated":true}]}}