{"id":4032,"date":"2024-12-17T20:45:34","date_gmt":"2024-12-17T19:45:34","guid":{"rendered":"https:\/\/ligueechecsgrandest.fr\/?page_id=4032"},"modified":"2024-12-17T20:45:34","modified_gmt":"2024-12-17T19:45:34","slug":"julien-mahieu-directeurs-des-jeunes","status":"publish","type":"page","link":"https:\/\/ligueechecsgrandest.fr\/?page_id=4032","title":{"rendered":"Julien Mahieu &#8211; Directeurs des Jeunes"},"content":{"rendered":"<p style=\"text-align: center;\"><img loading=\"lazy\" decoding=\"async\" class=\"alignnone size-medium wp-image-4033 alignleft\" src=\"http:\/\/ligueechecsgrandest.fr\/wp-content\/uploads\/2024\/12\/Image1-241x300.jpg\" alt=\"\" width=\"241\" height=\"300\" srcset=\"https:\/\/ligueechecsgrandest.fr\/wp-content\/uploads\/2024\/12\/Image1-241x300.jpg 241w, https:\/\/ligueechecsgrandest.fr\/wp-content\/uploads\/2024\/12\/Image1.jpg 309w\" sizes=\"auto, (max-width: 241px) 100vw, 241px\" \/><\/p>\n<p>Je suis professionnel du jeux d\u2019\u00e9checs depuis plus de 15ans en ayant appris le m\u00e9tier sous Jean Paul Touz\u00e9 \u00e0 Belfort puis \u00e0 Nancy \u00e0 Stanislas Echecs.\u00a0 Je suis papa de deux enfants 1an et 4ans \u00e0\u00a0Nancy.<\/p>\n<p>Dans les \u00e9checs j\u2019ai commenc\u00e9 par un contrat aid\u00e9 avant d\u2019apprendre l\u2019ensemble des \u00ab\u00a0branches\u00a0\u00bb de ce m\u00e9tier comme l\u2019arbitrage, l\u2019organisation, la gestion d\u2019un club, l\u2019\u2019entrainement, l\u2019encadrement et les instances.<\/p>\n<p>Mon domaine de pr\u00e9dilections est orient\u00e9 vers la jeunesse pour leur proposer une formation structur\u00e9e m\u00eame si, h\u00e9las, les \u00e9v\u00e8nements autour du club de Nancy Stanislas m\u2019a impos\u00e9 d\u2019\u00eatre en premi\u00e8re ligne pour sa gestion au quotidien.<\/p>\n","protected":false},"excerpt":{"rendered":"<p>Je suis professionnel du jeux d\u2019\u00e9checs depuis plus de 15ans en ayant appris le m\u00e9tier sous Jean Paul Touz\u00e9 \u00e0 Belfort puis \u00e0 Nancy \u00e0 Stanislas Echecs.\u00a0 Je suis papa de deux enfants 1an et 4ans \u00e0\u00a0Nancy. Dans les \u00e9checs &hellip; <a href=\"https:\/\/ligueechecsgrandest.fr\/?page_id=4032\">Continuer la lecture <span class=\"meta-nav\">&rarr;<\/span><\/a><\/p>\n","protected":false},"author":3,"featured_media":0,"parent":0,"menu_order":0,"comment_status":"closed","ping_status":"closed","template":"","meta":{"_EventAllDay":false,"_EventTimezone":"","_EventStartDate":"","_EventEndDate":"","_EventStartDateUTC":"","_EventEndDateUTC":"","_EventShowMap":false,"_EventShowMapLink":false,"_EventURL":"","_EventCost":"","_EventCostDescription":"","_EventCurrencySymbol":"","_EventCurrencyCode":"","_EventCurrencyPosition":"","_EventDateTimeSeparator":"","_EventTimeRangeSeparator":"","_EventOrganizerID":[],"_EventVenueID":[],"_OrganizerEmail":"","_OrganizerPhone":"","_OrganizerWebsite":"","_VenueAddress":"","_VenueCity":"","_VenueCountry":"","_VenueProvince":"","_VenueState":"","_VenueZip":"","_VenuePhone":"","_VenueURL":"","_VenueStateProvince":"","_VenueLat":"","_VenueLng":"","_VenueShowMap":false,"_VenueShowMapLink":false,"footnotes":""},"class_list":["post-4032","page","type-page","status-publish","hentry"],"aioseo_notices":[],"_links":{"self":[{"href":"https:\/\/ligueechecsgrandest.fr\/index.php?rest_route=\/wp\/v2\/pages\/4032","targetHints":{"allow":["GET"]}}],"collection":[{"href":"https:\/\/ligueechecsgrandest.fr\/index.php?rest_route=\/wp\/v2\/pages"}],"about":[{"href":"https:\/\/ligueechecsgrandest.fr\/index.php?rest_route=\/wp\/v2\/types\/page"}],"author":[{"embeddable":true,"href":"https:\/\/ligueechecsgrandest.fr\/index.php?rest_route=\/wp\/v2\/users\/3"}],"replies":[{"embeddable":true,"href":"https:\/\/ligueechecsgrandest.fr\/index.php?rest_route=%2Fwp%2Fv2%2Fcomments&post=4032"}],"version-history":[{"count":1,"href":"https:\/\/ligueechecsgrandest.fr\/index.php?rest_route=\/wp\/v2\/pages\/4032\/revisions"}],"predecessor-version":[{"id":4034,"href":"https:\/\/ligueechecsgrandest.fr\/index.php?rest_route=\/wp\/v2\/pages\/4032\/revisions\/4034"}],"wp:attachment":[{"href":"https:\/\/ligueechecsgrandest.fr\/index.php?rest_route=%2Fwp%2Fv2%2Fmedia&parent=4032"}],"curies":[{"name":"wp","href":"https:\/\/api.w.org\/{rel}","templated":true}]}}