{"id":4029,"date":"2024-12-17T20:42:29","date_gmt":"2024-12-17T19:42:29","guid":{"rendered":"https:\/\/ligueechecsgrandest.fr\/?page_id=4029"},"modified":"2024-12-17T20:42:29","modified_gmt":"2024-12-17T19:42:29","slug":"delphine-bergmann-developpement-de-la-pratique-feminine","status":"publish","type":"page","link":"https:\/\/ligueechecsgrandest.fr\/?page_id=4029","title":{"rendered":"Delphine Bergmann &#8211; D\u00e9veloppement de la pratique f\u00e9minine"},"content":{"rendered":"<p><img loading=\"lazy\" decoding=\"async\" class=\"alignnone size-medium wp-image-4030 alignleft\" src=\"http:\/\/ligueechecsgrandest.fr\/wp-content\/uploads\/2024\/12\/20240822_132245-200x300.jpg\" alt=\"\" width=\"200\" height=\"300\" srcset=\"https:\/\/ligueechecsgrandest.fr\/wp-content\/uploads\/2024\/12\/20240822_132245-200x300.jpg 200w, https:\/\/ligueechecsgrandest.fr\/wp-content\/uploads\/2024\/12\/20240822_132245-683x1024.jpg 683w, https:\/\/ligueechecsgrandest.fr\/wp-content\/uploads\/2024\/12\/20240822_132245-768x1152.jpg 768w, https:\/\/ligueechecsgrandest.fr\/wp-content\/uploads\/2024\/12\/20240822_132245.jpg 979w\" sizes=\"auto, (max-width: 200px) 100vw, 200px\" \/><\/p>\n<p>Je suis professeur de philosophie au lyc\u00e9e Louise Weiss \u00e0 Sainte-Marie aux Mines et j\u2019habite S\u00e9lestat en centre Alsace.<\/p>\n<p>Pr\u00e9sidente du cercle d\u2019\u00e9checs de S\u00e9lestat depuis 2013 et membre du comit\u00e9 directeur du Bas-Rhin depuis septembre 2024, j\u2019ai \u00e9galement particip\u00e9 \u00e0 plusieurs comit\u00e9s directeurs au niveau ligue, en tant que responsable du d\u00e9veloppement de la mixit\u00e9.<\/p>\n","protected":false},"excerpt":{"rendered":"<p>Je suis professeur de philosophie au lyc\u00e9e Louise Weiss \u00e0 Sainte-Marie aux Mines et j\u2019habite S\u00e9lestat en centre Alsace. Pr\u00e9sidente du cercle d\u2019\u00e9checs de S\u00e9lestat depuis 2013 et membre du comit\u00e9 directeur du Bas-Rhin depuis septembre 2024, j\u2019ai \u00e9galement particip\u00e9 &hellip; <a href=\"https:\/\/ligueechecsgrandest.fr\/?page_id=4029\">Continuer la lecture <span class=\"meta-nav\">&rarr;<\/span><\/a><\/p>\n","protected":false},"author":3,"featured_media":0,"parent":0,"menu_order":0,"comment_status":"closed","ping_status":"closed","template":"","meta":{"_EventAllDay":false,"_EventTimezone":"","_EventStartDate":"","_EventEndDate":"","_EventStartDateUTC":"","_EventEndDateUTC":"","_EventShowMap":false,"_EventShowMapLink":false,"_EventURL":"","_EventCost":"","_EventCostDescription":"","_EventCurrencySymbol":"","_EventCurrencyCode":"","_EventCurrencyPosition":"","_EventDateTimeSeparator":"","_EventTimeRangeSeparator":"","_EventOrganizerID":[],"_EventVenueID":[],"_OrganizerEmail":"","_OrganizerPhone":"","_OrganizerWebsite":"","_VenueAddress":"","_VenueCity":"","_VenueCountry":"","_VenueProvince":"","_VenueState":"","_VenueZip":"","_VenuePhone":"","_VenueURL":"","_VenueStateProvince":"","_VenueLat":"","_VenueLng":"","_VenueShowMap":false,"_VenueShowMapLink":false,"footnotes":""},"class_list":["post-4029","page","type-page","status-publish","hentry"],"aioseo_notices":[],"_links":{"self":[{"href":"https:\/\/ligueechecsgrandest.fr\/index.php?rest_route=\/wp\/v2\/pages\/4029","targetHints":{"allow":["GET"]}}],"collection":[{"href":"https:\/\/ligueechecsgrandest.fr\/index.php?rest_route=\/wp\/v2\/pages"}],"about":[{"href":"https:\/\/ligueechecsgrandest.fr\/index.php?rest_route=\/wp\/v2\/types\/page"}],"author":[{"embeddable":true,"href":"https:\/\/ligueechecsgrandest.fr\/index.php?rest_route=\/wp\/v2\/users\/3"}],"replies":[{"embeddable":true,"href":"https:\/\/ligueechecsgrandest.fr\/index.php?rest_route=%2Fwp%2Fv2%2Fcomments&post=4029"}],"version-history":[{"count":1,"href":"https:\/\/ligueechecsgrandest.fr\/index.php?rest_route=\/wp\/v2\/pages\/4029\/revisions"}],"predecessor-version":[{"id":4031,"href":"https:\/\/ligueechecsgrandest.fr\/index.php?rest_route=\/wp\/v2\/pages\/4029\/revisions\/4031"}],"wp:attachment":[{"href":"https:\/\/ligueechecsgrandest.fr\/index.php?rest_route=%2Fwp%2Fv2%2Fmedia&parent=4029"}],"curies":[{"name":"wp","href":"https:\/\/api.w.org\/{rel}","templated":true}]}}