{"id":4027,"date":"2024-12-17T20:40:47","date_gmt":"2024-12-17T19:40:47","guid":{"rendered":"https:\/\/ligueechecsgrandest.fr\/?page_id=4027"},"modified":"2024-12-18T16:37:39","modified_gmt":"2024-12-18T15:37:39","slug":"marc-fourcart-directeur-technique","status":"publish","type":"page","link":"https:\/\/ligueechecsgrandest.fr\/?page_id=4027","title":{"rendered":"Marc Fourcart &#8211; Directeur Technique"},"content":{"rendered":"<p>Retrait\u00e9 depuis 5 ans \u2013 ancien responsable m\u00e9canicien\u00a0 de chantier \u00ab\u00a0spomatic\u00a0\u00bb chez PSA.<\/p>\n<p>Venu aux \u00e9checs via la cr\u00e9ation du club de Blagny car c\u2019\u00e9tait le d\u00e9sert \u00e9chiqu\u00e9en et je voulais faire jouer mon fils et aucun club \u00e0 moins de 45 \/ 50 km \u2013 ancien pr\u00e9sident (4 mandats du CD08 \u2013 Ancien Pr\u00e9sident de la Ligue CHA (3 mandats de Pr\u00e9sident et 1 de Vice-pr\u00e9sident)\u00a0 Elu au CD F\u00e9d\u00e9ral pendant 2 ann\u00e9es et demi (ayant d\u00e9missionn\u00e9 cause incompatibilit\u00e9 avec les d\u00e9cisions de mon \u00e9quipe)\u00a0 Arbitre Open 2 depuis de longue ann\u00e9es et titulaire du dipl\u00f4me d\u2019animateur \u2013 DT de notre Ligue depuis presque 3 ans.<\/p>\n<p>Ce que j\u2019appr\u00e9cie aux \u00e9checs \u00a0c\u2019est la formation des jeunes ou moins jeunes et surtout essayer de faire \u00ab changer \u00ab\u00a0 certaines choses dans notre \u00ab sport \u00bb.<\/p>\n","protected":false},"excerpt":{"rendered":"<p>Retrait\u00e9 depuis 5 ans \u2013 ancien responsable m\u00e9canicien\u00a0 de chantier \u00ab\u00a0spomatic\u00a0\u00bb chez PSA. Venu aux \u00e9checs via la cr\u00e9ation du club de Blagny car c\u2019\u00e9tait le d\u00e9sert \u00e9chiqu\u00e9en et je voulais faire jouer mon fils et aucun club \u00e0 moins &hellip; <a href=\"https:\/\/ligueechecsgrandest.fr\/?page_id=4027\">Continuer la lecture <span class=\"meta-nav\">&rarr;<\/span><\/a><\/p>\n","protected":false},"author":3,"featured_media":0,"parent":0,"menu_order":0,"comment_status":"closed","ping_status":"closed","template":"","meta":{"_EventAllDay":false,"_EventTimezone":"","_EventStartDate":"","_EventEndDate":"","_EventStartDateUTC":"","_EventEndDateUTC":"","_EventShowMap":false,"_EventShowMapLink":false,"_EventURL":"","_EventCost":"","_EventCostDescription":"","_EventCurrencySymbol":"","_EventCurrencyCode":"","_EventCurrencyPosition":"","_EventDateTimeSeparator":"","_EventTimeRangeSeparator":"","_EventOrganizerID":[],"_EventVenueID":[],"_OrganizerEmail":"","_OrganizerPhone":"","_OrganizerWebsite":"","_VenueAddress":"","_VenueCity":"","_VenueCountry":"","_VenueProvince":"","_VenueState":"","_VenueZip":"","_VenuePhone":"","_VenueURL":"","_VenueStateProvince":"","_VenueLat":"","_VenueLng":"","_VenueShowMap":false,"_VenueShowMapLink":false,"footnotes":""},"class_list":["post-4027","page","type-page","status-publish","hentry"],"aioseo_notices":[],"_links":{"self":[{"href":"https:\/\/ligueechecsgrandest.fr\/index.php?rest_route=\/wp\/v2\/pages\/4027","targetHints":{"allow":["GET"]}}],"collection":[{"href":"https:\/\/ligueechecsgrandest.fr\/index.php?rest_route=\/wp\/v2\/pages"}],"about":[{"href":"https:\/\/ligueechecsgrandest.fr\/index.php?rest_route=\/wp\/v2\/types\/page"}],"author":[{"embeddable":true,"href":"https:\/\/ligueechecsgrandest.fr\/index.php?rest_route=\/wp\/v2\/users\/3"}],"replies":[{"embeddable":true,"href":"https:\/\/ligueechecsgrandest.fr\/index.php?rest_route=%2Fwp%2Fv2%2Fcomments&post=4027"}],"version-history":[{"count":2,"href":"https:\/\/ligueechecsgrandest.fr\/index.php?rest_route=\/wp\/v2\/pages\/4027\/revisions"}],"predecessor-version":[{"id":4072,"href":"https:\/\/ligueechecsgrandest.fr\/index.php?rest_route=\/wp\/v2\/pages\/4027\/revisions\/4072"}],"wp:attachment":[{"href":"https:\/\/ligueechecsgrandest.fr\/index.php?rest_route=%2Fwp%2Fv2%2Fmedia&parent=4027"}],"curies":[{"name":"wp","href":"https:\/\/api.w.org\/{rel}","templated":true}]}}