{"id":4023,"date":"2024-12-17T20:37:20","date_gmt":"2024-12-17T19:37:20","guid":{"rendered":"https:\/\/ligueechecsgrandest.fr\/?page_id=4023"},"modified":"2024-12-17T20:37:20","modified_gmt":"2024-12-17T19:37:20","slug":"lucie-hasenfratz-medecin","status":"publish","type":"page","link":"https:\/\/ligueechecsgrandest.fr\/?page_id=4023","title":{"rendered":"Lucie Hasenfratz &#8211; M\u00e9decin"},"content":{"rendered":"<p style=\"text-align: center;\"><img loading=\"lazy\" decoding=\"async\" class=\"alignnone size-medium wp-image-4024 alignleft\" src=\"http:\/\/ligueechecsgrandest.fr\/wp-content\/uploads\/2024\/12\/PXL_20240826_091214613.PORTRAIT-226x300.jpg\" alt=\"\" width=\"226\" height=\"300\" srcset=\"https:\/\/ligueechecsgrandest.fr\/wp-content\/uploads\/2024\/12\/PXL_20240826_091214613.PORTRAIT-226x300.jpg 226w, https:\/\/ligueechecsgrandest.fr\/wp-content\/uploads\/2024\/12\/PXL_20240826_091214613.PORTRAIT-771x1024.jpg 771w, https:\/\/ligueechecsgrandest.fr\/wp-content\/uploads\/2024\/12\/PXL_20240826_091214613.PORTRAIT-768x1020.jpg 768w, https:\/\/ligueechecsgrandest.fr\/wp-content\/uploads\/2024\/12\/PXL_20240826_091214613.PORTRAIT-1157x1536.jpg 1157w, https:\/\/ligueechecsgrandest.fr\/wp-content\/uploads\/2024\/12\/PXL_20240826_091214613.PORTRAIT-1542x2048.jpg 1542w, https:\/\/ligueechecsgrandest.fr\/wp-content\/uploads\/2024\/12\/PXL_20240826_091214613.PORTRAIT-scaled.jpg 1928w\" sizes=\"auto, (max-width: 226px) 100vw, 226px\" \/><\/p>\n<p>Je suis interne en m\u00e9decine g\u00e9n\u00e9rale, en fin de cursus. Je vis \u00e0 Strasbourg, et j\u2019ai grandi \u00e0 Obernai.<\/p>\n<p>Ma m\u00e8re m\u2019a initi\u00e9 aux \u00e9checs d\u00e8s l\u2019\u00e2ge de 5 ans. J\u2019ai int\u00e9gr\u00e9 le Club d\u2019Echecs d\u2019Obernai et particip\u00e9 \u00e0 de nombreux tournois dans toute l\u2019Alsace accompagn\u00e9e de ma maman et de ma s\u0153ur. J\u2019ai tout r\u00e9cemment repris les \u00e9checs suite \u00e0 une pause pendant mes \u00e9tudes.<\/p>\n","protected":false},"excerpt":{"rendered":"<p>Je suis interne en m\u00e9decine g\u00e9n\u00e9rale, en fin de cursus. Je vis \u00e0 Strasbourg, et j\u2019ai grandi \u00e0 Obernai. Ma m\u00e8re m\u2019a initi\u00e9 aux \u00e9checs d\u00e8s l\u2019\u00e2ge de 5 ans. J\u2019ai int\u00e9gr\u00e9 le Club d\u2019Echecs d\u2019Obernai et particip\u00e9 \u00e0 de &hellip; <a href=\"https:\/\/ligueechecsgrandest.fr\/?page_id=4023\">Continuer la lecture <span class=\"meta-nav\">&rarr;<\/span><\/a><\/p>\n","protected":false},"author":3,"featured_media":0,"parent":0,"menu_order":0,"comment_status":"closed","ping_status":"closed","template":"","meta":{"_EventAllDay":false,"_EventTimezone":"","_EventStartDate":"","_EventEndDate":"","_EventStartDateUTC":"","_EventEndDateUTC":"","_EventShowMap":false,"_EventShowMapLink":false,"_EventURL":"","_EventCost":"","_EventCostDescription":"","_EventCurrencySymbol":"","_EventCurrencyCode":"","_EventCurrencyPosition":"","_EventDateTimeSeparator":"","_EventTimeRangeSeparator":"","_EventOrganizerID":[],"_EventVenueID":[],"_OrganizerEmail":"","_OrganizerPhone":"","_OrganizerWebsite":"","_VenueAddress":"","_VenueCity":"","_VenueCountry":"","_VenueProvince":"","_VenueState":"","_VenueZip":"","_VenuePhone":"","_VenueURL":"","_VenueStateProvince":"","_VenueLat":"","_VenueLng":"","_VenueShowMap":false,"_VenueShowMapLink":false,"footnotes":""},"class_list":["post-4023","page","type-page","status-publish","hentry"],"aioseo_notices":[],"_links":{"self":[{"href":"https:\/\/ligueechecsgrandest.fr\/index.php?rest_route=\/wp\/v2\/pages\/4023","targetHints":{"allow":["GET"]}}],"collection":[{"href":"https:\/\/ligueechecsgrandest.fr\/index.php?rest_route=\/wp\/v2\/pages"}],"about":[{"href":"https:\/\/ligueechecsgrandest.fr\/index.php?rest_route=\/wp\/v2\/types\/page"}],"author":[{"embeddable":true,"href":"https:\/\/ligueechecsgrandest.fr\/index.php?rest_route=\/wp\/v2\/users\/3"}],"replies":[{"embeddable":true,"href":"https:\/\/ligueechecsgrandest.fr\/index.php?rest_route=%2Fwp%2Fv2%2Fcomments&post=4023"}],"version-history":[{"count":1,"href":"https:\/\/ligueechecsgrandest.fr\/index.php?rest_route=\/wp\/v2\/pages\/4023\/revisions"}],"predecessor-version":[{"id":4025,"href":"https:\/\/ligueechecsgrandest.fr\/index.php?rest_route=\/wp\/v2\/pages\/4023\/revisions\/4025"}],"wp:attachment":[{"href":"https:\/\/ligueechecsgrandest.fr\/index.php?rest_route=%2Fwp%2Fv2%2Fmedia&parent=4023"}],"curies":[{"name":"wp","href":"https:\/\/api.w.org\/{rel}","templated":true}]}}