{"id":4016,"date":"2024-12-17T20:32:25","date_gmt":"2024-12-17T19:32:25","guid":{"rendered":"https:\/\/ligueechecsgrandest.fr\/?page_id=4016"},"modified":"2024-12-17T21:49:45","modified_gmt":"2024-12-17T20:49:45","slug":"jordan-akremann-directeur-regional-de-larbitrage","status":"publish","type":"page","link":"https:\/\/ligueechecsgrandest.fr\/?page_id=4016","title":{"rendered":"Jordan Akremann &#8211; Directeur R\u00e9gional de l&rsquo;Arbitrage"},"content":{"rendered":"<p style=\"text-align: center;\"><img loading=\"lazy\" decoding=\"async\" class=\"alignnone size-medium wp-image-4017 alignleft\" src=\"http:\/\/ligueechecsgrandest.fr\/wp-content\/uploads\/2024\/12\/IMG_55721-300x225.jpg\" alt=\"\" width=\"300\" height=\"225\" srcset=\"https:\/\/ligueechecsgrandest.fr\/wp-content\/uploads\/2024\/12\/IMG_55721-300x225.jpg 300w, https:\/\/ligueechecsgrandest.fr\/wp-content\/uploads\/2024\/12\/IMG_55721-1024x768.jpg 1024w, https:\/\/ligueechecsgrandest.fr\/wp-content\/uploads\/2024\/12\/IMG_55721-768x576.jpg 768w, https:\/\/ligueechecsgrandest.fr\/wp-content\/uploads\/2024\/12\/IMG_55721-1536x1152.jpg 1536w, https:\/\/ligueechecsgrandest.fr\/wp-content\/uploads\/2024\/12\/IMG_55721.jpg 1600w\" sizes=\"auto, (max-width: 300px) 100vw, 300px\" \/><\/p>\n<p>Je suis passionn\u00e9 du jeu d&rsquo;\u00e9checs depuis mon plus jeune \u00e2ge. J&rsquo;ai commenc\u00e9 \u00e0 jouer \u00e0 l&rsquo;\u00e2ge de 6 ans, et cette passion ne m&rsquo;a jamais quitt\u00e9. Depuis 2016, j&rsquo;occupe le r\u00f4le d&rsquo;animateur et d&rsquo;entra\u00eeneur \u00e0 l&rsquo;Echiquier Ch\u00e2lonnais o\u00f9 j&rsquo;ai l&rsquo;opportunit\u00e9 de transmettre mes connaissances et ma passion \u00e0 de jeunes joueurs. Mon r\u00f4le \u00e9tant d&rsquo;organiser \u00e9galement les diff\u00e9rents \u00e9v\u00e9nements du club.<\/p>\n<p>En parall\u00e8le de mon engagement en tant qu&rsquo;animateur, je suis membre de la commission d&rsquo;arbitrage de la Ligue des \u00c9checs du Grand Est depuis 2020. Cette exp\u00e9rience m&rsquo;a permis d&rsquo;approfondir ma compr\u00e9hension du jeu sous un autre angle et d\u2019acqu\u00e9rir une expertise en mati\u00e8re d&rsquo;arbitrage. En 2021, j&rsquo;ai obtenu le titre d&rsquo;Arbitre F\u00e9d\u00e9ral d&rsquo;Open 2, ce qui m&rsquo;a permis d&rsquo;arbitrer de nombreux tournois dans la r\u00e9gion, d&rsquo;acqu\u00e9rir une solide exp\u00e9rience dans ce domaine et de devenir le tuteur de nombreux stagiaires.<\/p>\n<p>Fort de ces ann\u00e9es d&rsquo;exp\u00e9rience, j&rsquo;ai d\u00e9velopp\u00e9 une volont\u00e9 de faire \u00e9voluer le secteur de l&rsquo;arbitrage dans la r\u00e9gion. Mon objectif est de proposer diverses formations officielles et internes, tant au sein des clubs qu&rsquo;aupr\u00e8s des comit\u00e9s, afin d&rsquo;accompagner les arbitres en formation et d&rsquo;aider les stagiaires dans leur cursus. \u00c0 terme, je souhaite que chaque club de la Ligue des \u00c9checs du Grand Est poss\u00e8de au minimum un arbitre d&rsquo;Open, contribuant ainsi \u00e0 la structuration et \u00e0 l&rsquo;am\u00e9lioration de notre discipline.<\/p>\n<p>\u00catre arbitre et formateur, c&rsquo;est pour moi une mani\u00e8re de transmettre mes connaissances tout en contribuant activement \u00e0 la croissance des \u00e9checs, un jeu qui m&rsquo;a accompagn\u00e9 toute ma vie.<\/p>\n","protected":false},"excerpt":{"rendered":"<p>Je suis passionn\u00e9 du jeu d&rsquo;\u00e9checs depuis mon plus jeune \u00e2ge. J&rsquo;ai commenc\u00e9 \u00e0 jouer \u00e0 l&rsquo;\u00e2ge de 6 ans, et cette passion ne m&rsquo;a jamais quitt\u00e9. Depuis 2016, j&rsquo;occupe le r\u00f4le d&rsquo;animateur et d&rsquo;entra\u00eeneur \u00e0 l&rsquo;Echiquier Ch\u00e2lonnais o\u00f9 j&rsquo;ai &hellip; <a href=\"https:\/\/ligueechecsgrandest.fr\/?page_id=4016\">Continuer la lecture <span class=\"meta-nav\">&rarr;<\/span><\/a><\/p>\n","protected":false},"author":3,"featured_media":0,"parent":0,"menu_order":0,"comment_status":"closed","ping_status":"closed","template":"","meta":{"_EventAllDay":false,"_EventTimezone":"","_EventStartDate":"","_EventEndDate":"","_EventStartDateUTC":"","_EventEndDateUTC":"","_EventShowMap":false,"_EventShowMapLink":false,"_EventURL":"","_EventCost":"","_EventCostDescription":"","_EventCurrencySymbol":"","_EventCurrencyCode":"","_EventCurrencyPosition":"","_EventDateTimeSeparator":"","_EventTimeRangeSeparator":"","_EventOrganizerID":[],"_EventVenueID":[],"_OrganizerEmail":"","_OrganizerPhone":"","_OrganizerWebsite":"","_VenueAddress":"","_VenueCity":"","_VenueCountry":"","_VenueProvince":"","_VenueState":"","_VenueZip":"","_VenuePhone":"","_VenueURL":"","_VenueStateProvince":"","_VenueLat":"","_VenueLng":"","_VenueShowMap":false,"_VenueShowMapLink":false,"footnotes":""},"class_list":["post-4016","page","type-page","status-publish","hentry"],"aioseo_notices":[],"_links":{"self":[{"href":"https:\/\/ligueechecsgrandest.fr\/index.php?rest_route=\/wp\/v2\/pages\/4016","targetHints":{"allow":["GET"]}}],"collection":[{"href":"https:\/\/ligueechecsgrandest.fr\/index.php?rest_route=\/wp\/v2\/pages"}],"about":[{"href":"https:\/\/ligueechecsgrandest.fr\/index.php?rest_route=\/wp\/v2\/types\/page"}],"author":[{"embeddable":true,"href":"https:\/\/ligueechecsgrandest.fr\/index.php?rest_route=\/wp\/v2\/users\/3"}],"replies":[{"embeddable":true,"href":"https:\/\/ligueechecsgrandest.fr\/index.php?rest_route=%2Fwp%2Fv2%2Fcomments&post=4016"}],"version-history":[{"count":2,"href":"https:\/\/ligueechecsgrandest.fr\/index.php?rest_route=\/wp\/v2\/pages\/4016\/revisions"}],"predecessor-version":[{"id":4067,"href":"https:\/\/ligueechecsgrandest.fr\/index.php?rest_route=\/wp\/v2\/pages\/4016\/revisions\/4067"}],"wp:attachment":[{"href":"https:\/\/ligueechecsgrandest.fr\/index.php?rest_route=%2Fwp%2Fv2%2Fmedia&parent=4016"}],"curies":[{"name":"wp","href":"https:\/\/api.w.org\/{rel}","templated":true}]}}