{"id":4006,"date":"2024-12-17T20:17:08","date_gmt":"2024-12-17T19:17:08","guid":{"rendered":"https:\/\/ligueechecsgrandest.fr\/?page_id=4006"},"modified":"2024-12-17T20:17:08","modified_gmt":"2024-12-17T19:17:08","slug":"cecile-schlotter-secretaire","status":"publish","type":"page","link":"https:\/\/ligueechecsgrandest.fr\/?page_id=4006","title":{"rendered":"C\u00e9cile Schlotter &#8211; Secr\u00e9taire"},"content":{"rendered":"<p style=\"text-align: center;\"><img loading=\"lazy\" decoding=\"async\" class=\"alignnone size-medium wp-image-4007 alignleft\" src=\"http:\/\/ligueechecsgrandest.fr\/wp-content\/uploads\/2024\/12\/Cecile-Schlotter-226x300.jpg\" alt=\"\" width=\"226\" height=\"300\" srcset=\"https:\/\/ligueechecsgrandest.fr\/wp-content\/uploads\/2024\/12\/Cecile-Schlotter-226x300.jpg 226w, https:\/\/ligueechecsgrandest.fr\/wp-content\/uploads\/2024\/12\/Cecile-Schlotter-771x1024.jpg 771w, https:\/\/ligueechecsgrandest.fr\/wp-content\/uploads\/2024\/12\/Cecile-Schlotter-768x1020.jpg 768w, https:\/\/ligueechecsgrandest.fr\/wp-content\/uploads\/2024\/12\/Cecile-Schlotter-1157x1536.jpg 1157w, https:\/\/ligueechecsgrandest.fr\/wp-content\/uploads\/2024\/12\/Cecile-Schlotter-1542x2048.jpg 1542w, https:\/\/ligueechecsgrandest.fr\/wp-content\/uploads\/2024\/12\/Cecile-Schlotter-scaled.jpg 1928w\" sizes=\"auto, (max-width: 226px) 100vw, 226px\" \/><\/p>\n<p>Je travaille en tant que m\u00e9trologue au service \u00ab\u00a0Quality Manufacturing\u00a0\u00bb pour la soci\u00e9t\u00e9 Hager Electro \u00e0 Obernai.<\/p>\n<p>J\u2019ai appris \u00e0 jouer aux \u00e9checs \u00e0 mon entr\u00e9e au coll\u00e8ge, gr\u00e2ce \u00e0 une option \u00ab \u00e9checs\u00a0\u00bb qui y \u00e9tait propos\u00e9e cette ann\u00e9e-l\u00e0.<\/p>\n<p>Apr\u00e8s une pause pendant mes \u00e9tudes, j\u2019ai int\u00e9gr\u00e9 le club d\u2019Obernai, dans lequel j\u2019\u00e9volue dans une \u00e9quipe de Division 1, et o\u00f9 je m\u2019implique au niveau des jeunes.<\/p>\n<p>Je suis \u00e9galement arbitre, pour les tournois organis\u00e9s par mon club, mais \u00e9galement pour d\u2019autres clubs du d\u00e9partement.<\/p>\n","protected":false},"excerpt":{"rendered":"<p>Je travaille en tant que m\u00e9trologue au service \u00ab\u00a0Quality Manufacturing\u00a0\u00bb pour la soci\u00e9t\u00e9 Hager Electro \u00e0 Obernai. J\u2019ai appris \u00e0 jouer aux \u00e9checs \u00e0 mon entr\u00e9e au coll\u00e8ge, gr\u00e2ce \u00e0 une option \u00ab \u00e9checs\u00a0\u00bb qui y \u00e9tait propos\u00e9e cette ann\u00e9e-l\u00e0. &hellip; <a href=\"https:\/\/ligueechecsgrandest.fr\/?page_id=4006\">Continuer la lecture <span class=\"meta-nav\">&rarr;<\/span><\/a><\/p>\n","protected":false},"author":3,"featured_media":0,"parent":0,"menu_order":0,"comment_status":"closed","ping_status":"closed","template":"","meta":{"_EventAllDay":false,"_EventTimezone":"","_EventStartDate":"","_EventEndDate":"","_EventStartDateUTC":"","_EventEndDateUTC":"","_EventShowMap":false,"_EventShowMapLink":false,"_EventURL":"","_EventCost":"","_EventCostDescription":"","_EventCurrencySymbol":"","_EventCurrencyCode":"","_EventCurrencyPosition":"","_EventDateTimeSeparator":"","_EventTimeRangeSeparator":"","_EventOrganizerID":[],"_EventVenueID":[],"_OrganizerEmail":"","_OrganizerPhone":"","_OrganizerWebsite":"","_VenueAddress":"","_VenueCity":"","_VenueCountry":"","_VenueProvince":"","_VenueState":"","_VenueZip":"","_VenuePhone":"","_VenueURL":"","_VenueStateProvince":"","_VenueLat":"","_VenueLng":"","_VenueShowMap":false,"_VenueShowMapLink":false,"footnotes":""},"class_list":["post-4006","page","type-page","status-publish","hentry"],"aioseo_notices":[],"_links":{"self":[{"href":"https:\/\/ligueechecsgrandest.fr\/index.php?rest_route=\/wp\/v2\/pages\/4006","targetHints":{"allow":["GET"]}}],"collection":[{"href":"https:\/\/ligueechecsgrandest.fr\/index.php?rest_route=\/wp\/v2\/pages"}],"about":[{"href":"https:\/\/ligueechecsgrandest.fr\/index.php?rest_route=\/wp\/v2\/types\/page"}],"author":[{"embeddable":true,"href":"https:\/\/ligueechecsgrandest.fr\/index.php?rest_route=\/wp\/v2\/users\/3"}],"replies":[{"embeddable":true,"href":"https:\/\/ligueechecsgrandest.fr\/index.php?rest_route=%2Fwp%2Fv2%2Fcomments&post=4006"}],"version-history":[{"count":1,"href":"https:\/\/ligueechecsgrandest.fr\/index.php?rest_route=\/wp\/v2\/pages\/4006\/revisions"}],"predecessor-version":[{"id":4008,"href":"https:\/\/ligueechecsgrandest.fr\/index.php?rest_route=\/wp\/v2\/pages\/4006\/revisions\/4008"}],"wp:attachment":[{"href":"https:\/\/ligueechecsgrandest.fr\/index.php?rest_route=%2Fwp%2Fv2%2Fmedia&parent=4006"}],"curies":[{"name":"wp","href":"https:\/\/api.w.org\/{rel}","templated":true}]}}