{"id":4004,"date":"2024-12-17T20:13:55","date_gmt":"2024-12-17T19:13:55","guid":{"rendered":"https:\/\/ligueechecsgrandest.fr\/?page_id=4004"},"modified":"2024-12-18T16:30:08","modified_gmt":"2024-12-18T15:30:08","slug":"simon-ruby-tresorier","status":"publish","type":"page","link":"https:\/\/ligueechecsgrandest.fr\/?page_id=4004","title":{"rendered":"Simon Ruby &#8211; Tr\u00e9sorier"},"content":{"rendered":"<p style=\"text-align: center;\"><img loading=\"lazy\" decoding=\"async\" class=\"alignnone size-medium wp-image-4019 alignleft\" src=\"http:\/\/ligueechecsgrandest.fr\/wp-content\/uploads\/2024\/12\/roby-208x300.jpg\" alt=\"\" width=\"208\" height=\"300\" srcset=\"https:\/\/ligueechecsgrandest.fr\/wp-content\/uploads\/2024\/12\/roby-208x300.jpg 208w, https:\/\/ligueechecsgrandest.fr\/wp-content\/uploads\/2024\/12\/roby-711x1024.jpg 711w, https:\/\/ligueechecsgrandest.fr\/wp-content\/uploads\/2024\/12\/roby.jpg 744w\" sizes=\"auto, (max-width: 208px) 100vw, 208px\" \/><\/p>\n<p>Je suis professeur de math\u00e9matiques en classe pr\u00e9paratoire, \u00e0 Fabert, Metz.<\/p>\n<p>Passionn\u00e9 par les Echecs depuis que j&rsquo;ai l&rsquo;\u00e2ge de 9 ans, j&rsquo;ai particip\u00e9 \u00e0 des Comit\u00e9s Directeurs \u00e0 tous les \u00e9chelons du Club au comit\u00e9 de Moselle pendant les 10 derni\u00e8res ann\u00e9es. Je suis licenci\u00e9 \u00e0 Thionville \u00e9checs.<\/p>\n<p>J\u2019ai toujours voulu apporter mon aide, quand cela \u00e9tait n\u00e9cessaire, dans les domaines de l&rsquo;arbitrage, la gestion d&rsquo;un club ou encore la p\u00e9dagogie aux d\u2019\u00e9checs.<\/p>\n","protected":false},"excerpt":{"rendered":"<p>Je suis professeur de math\u00e9matiques en classe pr\u00e9paratoire, \u00e0 Fabert, Metz. Passionn\u00e9 par les Echecs depuis que j&rsquo;ai l&rsquo;\u00e2ge de 9 ans, j&rsquo;ai particip\u00e9 \u00e0 des Comit\u00e9s Directeurs \u00e0 tous les \u00e9chelons du Club au comit\u00e9 de Moselle pendant les &hellip; <a href=\"https:\/\/ligueechecsgrandest.fr\/?page_id=4004\">Continuer la lecture <span class=\"meta-nav\">&rarr;<\/span><\/a><\/p>\n","protected":false},"author":3,"featured_media":0,"parent":0,"menu_order":0,"comment_status":"closed","ping_status":"closed","template":"","meta":{"_EventAllDay":false,"_EventTimezone":"","_EventStartDate":"","_EventEndDate":"","_EventStartDateUTC":"","_EventEndDateUTC":"","_EventShowMap":false,"_EventShowMapLink":false,"_EventURL":"","_EventCost":"","_EventCostDescription":"","_EventCurrencySymbol":"","_EventCurrencyCode":"","_EventCurrencyPosition":"","_EventDateTimeSeparator":"","_EventTimeRangeSeparator":"","_EventOrganizerID":[],"_EventVenueID":[],"_OrganizerEmail":"","_OrganizerPhone":"","_OrganizerWebsite":"","_VenueAddress":"","_VenueCity":"","_VenueCountry":"","_VenueProvince":"","_VenueState":"","_VenueZip":"","_VenuePhone":"","_VenueURL":"","_VenueStateProvince":"","_VenueLat":"","_VenueLng":"","_VenueShowMap":false,"_VenueShowMapLink":false,"footnotes":""},"class_list":["post-4004","page","type-page","status-publish","hentry"],"aioseo_notices":[],"_links":{"self":[{"href":"https:\/\/ligueechecsgrandest.fr\/index.php?rest_route=\/wp\/v2\/pages\/4004","targetHints":{"allow":["GET"]}}],"collection":[{"href":"https:\/\/ligueechecsgrandest.fr\/index.php?rest_route=\/wp\/v2\/pages"}],"about":[{"href":"https:\/\/ligueechecsgrandest.fr\/index.php?rest_route=\/wp\/v2\/types\/page"}],"author":[{"embeddable":true,"href":"https:\/\/ligueechecsgrandest.fr\/index.php?rest_route=\/wp\/v2\/users\/3"}],"replies":[{"embeddable":true,"href":"https:\/\/ligueechecsgrandest.fr\/index.php?rest_route=%2Fwp%2Fv2%2Fcomments&post=4004"}],"version-history":[{"count":3,"href":"https:\/\/ligueechecsgrandest.fr\/index.php?rest_route=\/wp\/v2\/pages\/4004\/revisions"}],"predecessor-version":[{"id":4068,"href":"https:\/\/ligueechecsgrandest.fr\/index.php?rest_route=\/wp\/v2\/pages\/4004\/revisions\/4068"}],"wp:attachment":[{"href":"https:\/\/ligueechecsgrandest.fr\/index.php?rest_route=%2Fwp%2Fv2%2Fmedia&parent=4004"}],"curies":[{"name":"wp","href":"https:\/\/api.w.org\/{rel}","templated":true}]}}