{"id":3998,"date":"2024-12-16T20:49:16","date_gmt":"2024-12-16T19:49:16","guid":{"rendered":"https:\/\/ligueechecsgrandest.fr\/?page_id=3998"},"modified":"2024-12-16T20:49:16","modified_gmt":"2024-12-16T19:49:16","slug":"gabrielle-nex-vice-presidente","status":"publish","type":"page","link":"https:\/\/ligueechecsgrandest.fr\/?page_id=3998","title":{"rendered":"Gabrielle Nex &#8211; Vice-Pr\u00e9sidente"},"content":{"rendered":"<p><img loading=\"lazy\" decoding=\"async\" class=\"size-medium wp-image-3999 alignleft\" src=\"http:\/\/ligueechecsgrandest.fr\/wp-content\/uploads\/2024\/12\/photo-gabrielle-226x300.jpg\" alt=\"\" width=\"226\" height=\"300\" srcset=\"https:\/\/ligueechecsgrandest.fr\/wp-content\/uploads\/2024\/12\/photo-gabrielle-226x300.jpg 226w, https:\/\/ligueechecsgrandest.fr\/wp-content\/uploads\/2024\/12\/photo-gabrielle-771x1024.jpg 771w, https:\/\/ligueechecsgrandest.fr\/wp-content\/uploads\/2024\/12\/photo-gabrielle-768x1020.jpg 768w, https:\/\/ligueechecsgrandest.fr\/wp-content\/uploads\/2024\/12\/photo-gabrielle-1156x1536.jpg 1156w, https:\/\/ligueechecsgrandest.fr\/wp-content\/uploads\/2024\/12\/photo-gabrielle-1542x2048.jpg 1542w, https:\/\/ligueechecsgrandest.fr\/wp-content\/uploads\/2024\/12\/photo-gabrielle-scaled.jpg 1927w\" sizes=\"auto, (max-width: 226px) 100vw, 226px\" \/><\/p>\n<p>Apr\u00e8s avoir effectu\u00e9 un service civique de 2017 \u00e0 2018 au sein de Stanislas \u00c9checs, j&rsquo;ai d\u00e9couvert une v\u00e9ritable passion pour l&rsquo;enseignement du jeu d&rsquo;\u00e9checs, en particulier aupr\u00e8s des enfants. Cela m&rsquo;a conduit \u00e0 animer des ateliers d&rsquo;\u00e9checs dans une \u00e9cole maternelle de ma ville natale, Saint-Max. Gr\u00e2ce \u00e0 l&rsquo;enthousiasme des enfants, j&rsquo;ai rapidement \u00e9largi mes activit\u00e9s en proposant des cours dans d&rsquo;autres \u00e9tablissements scolaires de la ville.<\/p>\n<p>Apr\u00e8s quelques ann\u00e9es \u00e0 former des jeunes aux bases du jeu, j&rsquo;ai souhait\u00e9 aller plus loin en cr\u00e9ant mon propre club d&rsquo;\u00e9checs pour accueillir tous ces jeunes passionn\u00e9s. Par un heureux hasard, le pr\u00e9sident du club de Saint-Max, Vincent Moret, m&rsquo;a contact\u00e9 pour me proposer de reprendre son club. J&rsquo;ai accept\u00e9 cette offre avec enthousiasme et je suis d\u00e9sormais pr\u00e9sidente d&rsquo;\u00c9chec et Max depuis octobre 2022.<\/p>\n<p>Parmi les axes de d\u00e9veloppement qui me tiennent particuli\u00e8rement \u00e0 c\u0153ur, deux aspects me semblent essentiels pour\u00a0 la pratique des \u00e9checs en g\u00e9n\u00e9ral :<\/p>\n<p>* L&rsquo;acc\u00e8s \u00e0 la pratique chez les tr\u00e8s jeunes enfants, d\u00e8s la maternelle : L&rsquo;introduction des \u00e9checs \u00e0 un \u00e2ge pr\u00e9coce peut jouer un r\u00f4le d\u00e9terminant dans le d\u00e9veloppement des comp\u00e9tences cognitives et sociales des enfants. En initiant les tout-petits aux \u00e9checs, nous leur offrons une opportunit\u00e9 unique de stimuler leur esprit logique, leur concentration et leur capacit\u00e9 \u00e0 r\u00e9soudre des probl\u00e8mes tout en s&rsquo;amusant.<\/p>\n<p>* Le d\u00e9veloppement de la pratique aupr\u00e8s des jeunes filles : Il est essentiel pour moi de promouvoir les \u00e9checs aupr\u00e8s des jeunes filles et de les encourager \u00e0 s&rsquo;engager dans ce domaine. En cr\u00e9ant un environnement inclusif, nous pouvons non seulement r\u00e9\u00e9quilibrer la repr\u00e9sentation des genres dans notre sport, mais aussi aider chaque jeune fille \u00e0 d\u00e9velopper sa confiance en elle et son esprit comp\u00e9titif dans un cadre bienveillant.<\/p>\n","protected":false},"excerpt":{"rendered":"<p>Apr\u00e8s avoir effectu\u00e9 un service civique de 2017 \u00e0 2018 au sein de Stanislas \u00c9checs, j&rsquo;ai d\u00e9couvert une v\u00e9ritable passion pour l&rsquo;enseignement du jeu d&rsquo;\u00e9checs, en particulier aupr\u00e8s des enfants. Cela m&rsquo;a conduit \u00e0 animer des ateliers d&rsquo;\u00e9checs dans une &hellip; <a href=\"https:\/\/ligueechecsgrandest.fr\/?page_id=3998\">Continuer la lecture <span class=\"meta-nav\">&rarr;<\/span><\/a><\/p>\n","protected":false},"author":3,"featured_media":0,"parent":0,"menu_order":0,"comment_status":"closed","ping_status":"closed","template":"","meta":{"_EventAllDay":false,"_EventTimezone":"","_EventStartDate":"","_EventEndDate":"","_EventStartDateUTC":"","_EventEndDateUTC":"","_EventShowMap":false,"_EventShowMapLink":false,"_EventURL":"","_EventCost":"","_EventCostDescription":"","_EventCurrencySymbol":"","_EventCurrencyCode":"","_EventCurrencyPosition":"","_EventDateTimeSeparator":"","_EventTimeRangeSeparator":"","_EventOrganizerID":[],"_EventVenueID":[],"_OrganizerEmail":"","_OrganizerPhone":"","_OrganizerWebsite":"","_VenueAddress":"","_VenueCity":"","_VenueCountry":"","_VenueProvince":"","_VenueState":"","_VenueZip":"","_VenuePhone":"","_VenueURL":"","_VenueStateProvince":"","_VenueLat":"","_VenueLng":"","_VenueShowMap":false,"_VenueShowMapLink":false,"footnotes":""},"class_list":["post-3998","page","type-page","status-publish","hentry"],"aioseo_notices":[],"_links":{"self":[{"href":"https:\/\/ligueechecsgrandest.fr\/index.php?rest_route=\/wp\/v2\/pages\/3998","targetHints":{"allow":["GET"]}}],"collection":[{"href":"https:\/\/ligueechecsgrandest.fr\/index.php?rest_route=\/wp\/v2\/pages"}],"about":[{"href":"https:\/\/ligueechecsgrandest.fr\/index.php?rest_route=\/wp\/v2\/types\/page"}],"author":[{"embeddable":true,"href":"https:\/\/ligueechecsgrandest.fr\/index.php?rest_route=\/wp\/v2\/users\/3"}],"replies":[{"embeddable":true,"href":"https:\/\/ligueechecsgrandest.fr\/index.php?rest_route=%2Fwp%2Fv2%2Fcomments&post=3998"}],"version-history":[{"count":1,"href":"https:\/\/ligueechecsgrandest.fr\/index.php?rest_route=\/wp\/v2\/pages\/3998\/revisions"}],"predecessor-version":[{"id":4000,"href":"https:\/\/ligueechecsgrandest.fr\/index.php?rest_route=\/wp\/v2\/pages\/3998\/revisions\/4000"}],"wp:attachment":[{"href":"https:\/\/ligueechecsgrandest.fr\/index.php?rest_route=%2Fwp%2Fv2%2Fmedia&parent=3998"}],"curies":[{"name":"wp","href":"https:\/\/api.w.org\/{rel}","templated":true}]}}