{"id":3993,"date":"2024-12-16T20:45:35","date_gmt":"2024-12-16T19:45:35","guid":{"rendered":"https:\/\/ligueechecsgrandest.fr\/?page_id=3993"},"modified":"2024-12-16T20:45:35","modified_gmt":"2024-12-16T19:45:35","slug":"eric-delmotte-president","status":"publish","type":"page","link":"https:\/\/ligueechecsgrandest.fr\/?page_id=3993","title":{"rendered":"Eric Delmotte &#8211; Pr\u00e9sident"},"content":{"rendered":"<p><img loading=\"lazy\" decoding=\"async\" class=\"size-medium wp-image-3995 alignleft\" src=\"http:\/\/ligueechecsgrandest.fr\/wp-content\/uploads\/2024\/12\/Eric-Delmotte-200x300.jpg\" alt=\"\" width=\"200\" height=\"300\" srcset=\"https:\/\/ligueechecsgrandest.fr\/wp-content\/uploads\/2024\/12\/Eric-Delmotte-200x300.jpg 200w, https:\/\/ligueechecsgrandest.fr\/wp-content\/uploads\/2024\/12\/Eric-Delmotte-683x1024.jpg 683w, https:\/\/ligueechecsgrandest.fr\/wp-content\/uploads\/2024\/12\/Eric-Delmotte-768x1152.jpg 768w, https:\/\/ligueechecsgrandest.fr\/wp-content\/uploads\/2024\/12\/Eric-Delmotte-1024x1536.jpg 1024w, https:\/\/ligueechecsgrandest.fr\/wp-content\/uploads\/2024\/12\/Eric-Delmotte-1365x2048.jpg 1365w, https:\/\/ligueechecsgrandest.fr\/wp-content\/uploads\/2024\/12\/Eric-Delmotte-scaled.jpg 1707w\" sizes=\"auto, (max-width: 200px) 100vw, 200px\" \/><\/p>\n<p>Je suis Informaticien, expert certifi\u00e9 en \u00ab\u00a0Service Management\u00a0\u00bb dans la soci\u00e9t\u00e9 Creos \u00e0 Luxembourg. R\u00e9cemment divorc\u00e9, j\u2019ai deux enfants de 8 et 10 ans et je vis dans l\u2019est mosellan, \u00e0 mi-chemin de Saarlouis (Allemagne) et Schengen (Luxembourg).<\/p>\n<p>Passionn\u00e9 par les Echecs depuis que j\u2019ai l\u2019\u00e2ge de 10 ans, j\u2019ai particip\u00e9 \u00e0 des Comit\u00e9s Directeurs \u00e0 tous les \u00e9chelons du Club \u00e0 la FFE depuis les 20 derni\u00e8res ann\u00e9es. Arbitre International, je suis licenci\u00e9 dans le club de Creutzwald et j\u2019\u00e9volue en Nationale IV.<\/p>\n<p>Mes domaines de pr\u00e9dilections sont l\u2019arbitrage et la strat\u00e9gie informatique, sur lesquels j\u2019ai d\u00e9j\u00e0 travaill\u00e9 de nombreuses ann\u00e9es \u00e0 la FFE en tant que membre de la Direction Nationale de l\u2019Arbitrage et Directeur National du Num\u00e9rique.<\/p>\n","protected":false},"excerpt":{"rendered":"<p>Je suis Informaticien, expert certifi\u00e9 en \u00ab\u00a0Service Management\u00a0\u00bb dans la soci\u00e9t\u00e9 Creos \u00e0 Luxembourg. R\u00e9cemment divorc\u00e9, j\u2019ai deux enfants de 8 et 10 ans et je vis dans l\u2019est mosellan, \u00e0 mi-chemin de Saarlouis (Allemagne) et Schengen (Luxembourg). Passionn\u00e9 par &hellip; <a href=\"https:\/\/ligueechecsgrandest.fr\/?page_id=3993\">Continuer la lecture <span class=\"meta-nav\">&rarr;<\/span><\/a><\/p>\n","protected":false},"author":3,"featured_media":0,"parent":0,"menu_order":0,"comment_status":"closed","ping_status":"closed","template":"","meta":{"_EventAllDay":false,"_EventTimezone":"","_EventStartDate":"","_EventEndDate":"","_EventStartDateUTC":"","_EventEndDateUTC":"","_EventShowMap":false,"_EventShowMapLink":false,"_EventURL":"","_EventCost":"","_EventCostDescription":"","_EventCurrencySymbol":"","_EventCurrencyCode":"","_EventCurrencyPosition":"","_EventDateTimeSeparator":"","_EventTimeRangeSeparator":"","_EventOrganizerID":[],"_EventVenueID":[],"_OrganizerEmail":"","_OrganizerPhone":"","_OrganizerWebsite":"","_VenueAddress":"","_VenueCity":"","_VenueCountry":"","_VenueProvince":"","_VenueState":"","_VenueZip":"","_VenuePhone":"","_VenueURL":"","_VenueStateProvince":"","_VenueLat":"","_VenueLng":"","_VenueShowMap":false,"_VenueShowMapLink":false,"footnotes":""},"class_list":["post-3993","page","type-page","status-publish","hentry"],"aioseo_notices":[],"_links":{"self":[{"href":"https:\/\/ligueechecsgrandest.fr\/index.php?rest_route=\/wp\/v2\/pages\/3993","targetHints":{"allow":["GET"]}}],"collection":[{"href":"https:\/\/ligueechecsgrandest.fr\/index.php?rest_route=\/wp\/v2\/pages"}],"about":[{"href":"https:\/\/ligueechecsgrandest.fr\/index.php?rest_route=\/wp\/v2\/types\/page"}],"author":[{"embeddable":true,"href":"https:\/\/ligueechecsgrandest.fr\/index.php?rest_route=\/wp\/v2\/users\/3"}],"replies":[{"embeddable":true,"href":"https:\/\/ligueechecsgrandest.fr\/index.php?rest_route=%2Fwp%2Fv2%2Fcomments&post=3993"}],"version-history":[{"count":1,"href":"https:\/\/ligueechecsgrandest.fr\/index.php?rest_route=\/wp\/v2\/pages\/3993\/revisions"}],"predecessor-version":[{"id":3996,"href":"https:\/\/ligueechecsgrandest.fr\/index.php?rest_route=\/wp\/v2\/pages\/3993\/revisions\/3996"}],"wp:attachment":[{"href":"https:\/\/ligueechecsgrandest.fr\/index.php?rest_route=%2Fwp%2Fv2%2Fmedia&parent=3993"}],"curies":[{"name":"wp","href":"https:\/\/api.w.org\/{rel}","templated":true}]}}