{"id":374,"date":"2021-06-12T12:44:39","date_gmt":"2021-06-12T10:44:39","guid":{"rendered":"https:\/\/ligueechecsgrandest.fr\/?page_id=374"},"modified":"2021-08-04T19:49:23","modified_gmt":"2021-08-04T17:49:23","slug":"liens-utiles","status":"publish","type":"page","link":"https:\/\/ligueechecsgrandest.fr\/?page_id=374","title":{"rendered":"Liens utiles"},"content":{"rendered":"<p><a href=\"http:\/\/www.echecs.asso.fr\/\" target=\"_blank\" rel=\"noopener\">FFE &#8211; F\u00e9d\u00e9ration Fran\u00e7aise des Echecs<\/a><\/p>\n<p style=\"padding-left: 40px;\"><a href=\"https:\/\/dna.ffechecs.fr\/\" target=\"_blank\" rel=\"noopener\">FFE &#8211; Direction Nationale de l&rsquo;Arbitrage<\/a><\/p>\n<p style=\"padding-left: 40px;\"><a href=\"https:\/\/ctf.ffechecs.fr\/\" target=\"_blank\" rel=\"noopener\">FFE &#8211; Commission Technique F\u00e9d\u00e9rale<\/a><\/p>\n<p style=\"padding-left: 40px;\"><a href=\"https:\/\/ffechecs.org\/\" target=\"_blank\" rel=\"noopener\">FFE &#8211; Portail des \u00e9v\u00e8nements<\/a><\/p>\n<p style=\"padding-left: 40px;\"><a title=\"FFE - Facebook - Tournois d'\u00e9checs\" href=\"https:\/\/www.facebook.com\/groups\/tournoisechecs\" target=\"_blank\" rel=\"noopener\">FFE &#8211; Facebook &#8211; Tournois d&rsquo;\u00e9checs<\/a><\/p>\n<p style=\"padding-left: 40px;\"><a href=\"https:\/\/www.facebook.com\/groups\/2668124509927979\/\" target=\"_blank\" rel=\"noopener\">FFE &#8211; Facebook &#8211; Groupe de la F\u00e9d\u00e9ration Fran\u00e7aise des Echecs<\/a><\/p>\n<p><a href=\"https:\/\/fide.com\/\" target=\"_blank\" rel=\"noopener\">FIDE &#8211; F\u00e9d\u00e9ration Internationale des Echecs<\/a><\/p>\n<p style=\"padding-left: 40px;\"><a href=\"https:\/\/ratings.fide.com\/\" target=\"_blank\" rel=\"noopener\">FIDE &#8211; Recherche d&rsquo;un joueur (SEARCH DATABASE)<\/a><\/p>\n","protected":false},"excerpt":{"rendered":"<p>FFE &#8211; F\u00e9d\u00e9ration Fran\u00e7aise des Echecs FFE &#8211; Direction Nationale de l&rsquo;Arbitrage FFE &#8211; Commission Technique F\u00e9d\u00e9rale FFE &#8211; Portail des \u00e9v\u00e8nements FFE &#8211; Facebook &#8211; Tournois d&rsquo;\u00e9checs FFE &#8211; Facebook &#8211; Groupe de la F\u00e9d\u00e9ration Fran\u00e7aise des Echecs FIDE &hellip; <a href=\"https:\/\/ligueechecsgrandest.fr\/?page_id=374\">Continuer la lecture <span class=\"meta-nav\">&rarr;<\/span><\/a><\/p>\n","protected":false},"author":1,"featured_media":0,"parent":0,"menu_order":0,"comment_status":"closed","ping_status":"closed","template":"","meta":{"_EventAllDay":false,"_EventTimezone":"","_EventStartDate":"","_EventEndDate":"","_EventStartDateUTC":"","_EventEndDateUTC":"","_EventShowMap":false,"_EventShowMapLink":false,"_EventURL":"","_EventCost":"","_EventCostDescription":"","_EventCurrencySymbol":"","_EventCurrencyCode":"","_EventCurrencyPosition":"","_EventDateTimeSeparator":"","_EventTimeRangeSeparator":"","_EventOrganizerID":[],"_EventVenueID":[],"_OrganizerEmail":"","_OrganizerPhone":"","_OrganizerWebsite":"","_VenueAddress":"","_VenueCity":"","_VenueCountry":"","_VenueProvince":"","_VenueState":"","_VenueZip":"","_VenuePhone":"","_VenueURL":"","_VenueStateProvince":"","_VenueLat":"","_VenueLng":"","_VenueShowMap":false,"_VenueShowMapLink":false,"footnotes":""},"class_list":["post-374","page","type-page","status-publish","hentry"],"aioseo_notices":[],"_links":{"self":[{"href":"https:\/\/ligueechecsgrandest.fr\/index.php?rest_route=\/wp\/v2\/pages\/374","targetHints":{"allow":["GET"]}}],"collection":[{"href":"https:\/\/ligueechecsgrandest.fr\/index.php?rest_route=\/wp\/v2\/pages"}],"about":[{"href":"https:\/\/ligueechecsgrandest.fr\/index.php?rest_route=\/wp\/v2\/types\/page"}],"author":[{"embeddable":true,"href":"https:\/\/ligueechecsgrandest.fr\/index.php?rest_route=\/wp\/v2\/users\/1"}],"replies":[{"embeddable":true,"href":"https:\/\/ligueechecsgrandest.fr\/index.php?rest_route=%2Fwp%2Fv2%2Fcomments&post=374"}],"version-history":[{"count":8,"href":"https:\/\/ligueechecsgrandest.fr\/index.php?rest_route=\/wp\/v2\/pages\/374\/revisions"}],"predecessor-version":[{"id":723,"href":"https:\/\/ligueechecsgrandest.fr\/index.php?rest_route=\/wp\/v2\/pages\/374\/revisions\/723"}],"wp:attachment":[{"href":"https:\/\/ligueechecsgrandest.fr\/index.php?rest_route=%2Fwp%2Fv2%2Fmedia&parent=374"}],"curies":[{"name":"wp","href":"https:\/\/api.w.org\/{rel}","templated":true}]}}