{"id":3399,"date":"2024-09-07T17:51:29","date_gmt":"2024-09-07T15:51:29","guid":{"rendered":"https:\/\/ligueechecsgrandest.fr\/?page_id=3399"},"modified":"2024-09-07T18:15:11","modified_gmt":"2024-09-07T16:15:11","slug":"68-haut-rhin","status":"publish","type":"page","link":"https:\/\/ligueechecsgrandest.fr\/?page_id=3399","title":{"rendered":"68 &#8211; Haut-Rhin"},"content":{"rendered":"<table id=\"ctl00_ContentPlaceHolderMain_TableComite\" class=\"page\" cellspacing=\"1\" cellpadding=\"4\">\n<tbody>\n<tr class=\"tableau_violet_c\" valign=\"top\">\n<td align=\"right\" width=\"350px\">Si\u00e8ge Social :<\/td>\n<td><span id=\"ctl00_ContentPlaceHolderMain_LabelAdresse\">C O Claude Schmitt<br \/>\n3 rue du Lavoir<br \/>\n90150 VAUTHIERMONT<\/span><\/td>\n<\/tr>\n<tr class=\"tableau_blanc\">\n<td align=\"right\" valign=\"top\">T\u00e9l\u00e9phone :<\/td>\n<td><span id=\"ctl00_ContentPlaceHolderMain_LabelTel\">03 89 50 07 64<\/span><\/td>\n<\/tr>\n<tr class=\"tableau_violet_c\" valign=\"top\">\n<td align=\"right\">Fax :<\/td>\n<td><span id=\"ctl00_ContentPlaceHolderMain_LabelFax\">\u00a0<\/span><\/td>\n<\/tr>\n<tr class=\"tableau_blanc\" valign=\"top\">\n<td align=\"right\">E-Mail :<\/td>\n<td><span id=\"ctl00_ContentPlaceHolderMain_LabelEMail\"><a class=\"lien_texte\" href=\"mailto:philidor.mulhouse@free.fr\">philidor.mulhouse@free.fr<\/a><\/span><\/td>\n<\/tr>\n<tr class=\"tableau_violet_c\" valign=\"top\">\n<td align=\"right\">Site Internet :<\/td>\n<td><span id=\"ctl00_ContentPlaceHolderMain_LabelURL\"><a class=\"lien_texte\" href=\"https:\/\/www.cehr.fr\/\" target=\"_blank\" rel=\"noopener\">https:\/\/www.cehr.fr<\/a><\/span><\/td>\n<\/tr>\n<tr class=\"tableau_blanc\" valign=\"top\">\n<td align=\"right\">Pr\u00e9sidence :<\/td>\n<td><span id=\"ctl00_ContentPlaceHolderMain_LabelPresident\"><a class=\"lien_texte\" href=\"mailto:philidor.mulhouse@free.fr\">Claude SCHMITT<\/a><\/span><\/td>\n<\/tr>\n<tr class=\"tableau_violet_c\" valign=\"top\">\n<td align=\"right\">Secr\u00e9tariat :<\/td>\n<td><span id=\"ctl00_ContentPlaceHolderMain_LabelCorrespondant\"><a class=\"lien_texte\" href=\"mailto:patrick.muller@poste-immo.fr\">Patrick MULLER<\/a><\/span><\/td>\n<\/tr>\n<tr class=\"tableau_blanc\" valign=\"top\">\n<td align=\"right\">Finances :<\/td>\n<td><span id=\"ctl00_ContentPlaceHolderMain_LabelTresorier\"><a class=\"lien_texte\" href=\"mailto:francois_herzog1821@yahoo.fr\">Francois HERZOG<\/a><\/span><\/td>\n<\/tr>\n<tr class=\"tableau_violet_c\" valign=\"top\">\n<td align=\"right\">Responsable elo, comp\u00e9titions :<\/td>\n<td><\/td>\n<\/tr>\n<tr class=\"tableau_blanc\" valign=\"top\">\n<td align=\"right\">Responsable des jeunes :<\/td>\n<td><span id=\"ctl00_ContentPlaceHolderMain_LabelJeune\"><a class=\"lien_texte\" href=\"mailto:relengert@aol.com\">Rene LENGERT<\/a><\/span><\/td>\n<\/tr>\n<tr class=\"tableau_violet_c\" valign=\"top\">\n<td align=\"right\">Responsable des scolaires :<\/td>\n<td><span id=\"ctl00_ContentPlaceHolderMain_LabelScolaire\"><a class=\"lien_texte\" href=\"mailto:eichholtzer.b@wanadoo.fr\">Bernard EICHHOLTZER<\/a><\/span><\/td>\n<\/tr>\n<tr class=\"tableau_blanc\" valign=\"top\">\n<td align=\"right\">Responsable de l&rsquo;Arbitrage :<\/td>\n<td><\/td>\n<\/tr>\n<tr class=\"tableau_violet_c\" valign=\"top\">\n<td align=\"right\">Responsable de la Mixit\u00e9 :<\/td>\n<\/tr>\n<\/tbody>\n<\/table>\n<p>Les clubs : <a href=\"http:\/\/www.echecs.asso.fr\/ListeClubs.aspx?Action=CLUBCOMITE&amp;ComiteRef=68\">http:\/\/www.echecs.asso.fr\/ListeClubs.aspx?Action=CLUBCOMITE&amp;ComiteRef=68<\/a><\/p>\n<p>Les tournois : <a href=\"http:\/\/www.echecs.asso.fr\/ListeTournois.aspx?Action=TOURNOICOMITE&amp;ComiteRef=68\">http:\/\/www.echecs.asso.fr\/ListeTournois.aspx?Action=TOURNOICOMITE&amp;ComiteRef=68<\/a><\/p>\n","protected":false},"excerpt":{"rendered":"<p>Si\u00e8ge Social : C O Claude Schmitt 3 rue du Lavoir 90150 VAUTHIERMONT T\u00e9l\u00e9phone : 03 89 50 07 64 Fax : \u00a0 E-Mail : philidor.mulhouse@free.fr Site Internet : https:\/\/www.cehr.fr Pr\u00e9sidence : Claude SCHMITT Secr\u00e9tariat : Patrick MULLER Finances : &hellip; <a href=\"https:\/\/ligueechecsgrandest.fr\/?page_id=3399\">Continuer la lecture <span class=\"meta-nav\">&rarr;<\/span><\/a><\/p>\n","protected":false},"author":3,"featured_media":0,"parent":0,"menu_order":0,"comment_status":"closed","ping_status":"closed","template":"","meta":{"_EventAllDay":false,"_EventTimezone":"","_EventStartDate":"","_EventEndDate":"","_EventStartDateUTC":"","_EventEndDateUTC":"","_EventShowMap":false,"_EventShowMapLink":false,"_EventURL":"","_EventCost":"","_EventCostDescription":"","_EventCurrencySymbol":"","_EventCurrencyCode":"","_EventCurrencyPosition":"","_EventDateTimeSeparator":"","_EventTimeRangeSeparator":"","_EventOrganizerID":[],"_EventVenueID":[],"_OrganizerEmail":"","_OrganizerPhone":"","_OrganizerWebsite":"","_VenueAddress":"","_VenueCity":"","_VenueCountry":"","_VenueProvince":"","_VenueState":"","_VenueZip":"","_VenuePhone":"","_VenueURL":"","_VenueStateProvince":"","_VenueLat":"","_VenueLng":"","_VenueShowMap":false,"_VenueShowMapLink":false,"footnotes":""},"class_list":["post-3399","page","type-page","status-publish","hentry"],"aioseo_notices":[],"_links":{"self":[{"href":"https:\/\/ligueechecsgrandest.fr\/index.php?rest_route=\/wp\/v2\/pages\/3399","targetHints":{"allow":["GET"]}}],"collection":[{"href":"https:\/\/ligueechecsgrandest.fr\/index.php?rest_route=\/wp\/v2\/pages"}],"about":[{"href":"https:\/\/ligueechecsgrandest.fr\/index.php?rest_route=\/wp\/v2\/types\/page"}],"author":[{"embeddable":true,"href":"https:\/\/ligueechecsgrandest.fr\/index.php?rest_route=\/wp\/v2\/users\/3"}],"replies":[{"embeddable":true,"href":"https:\/\/ligueechecsgrandest.fr\/index.php?rest_route=%2Fwp%2Fv2%2Fcomments&post=3399"}],"version-history":[{"count":3,"href":"https:\/\/ligueechecsgrandest.fr\/index.php?rest_route=\/wp\/v2\/pages\/3399\/revisions"}],"predecessor-version":[{"id":3428,"href":"https:\/\/ligueechecsgrandest.fr\/index.php?rest_route=\/wp\/v2\/pages\/3399\/revisions\/3428"}],"wp:attachment":[{"href":"https:\/\/ligueechecsgrandest.fr\/index.php?rest_route=%2Fwp%2Fv2%2Fmedia&parent=3399"}],"curies":[{"name":"wp","href":"https:\/\/api.w.org\/{rel}","templated":true}]}}