{"id":3391,"date":"2024-09-07T17:50:01","date_gmt":"2024-09-07T15:50:01","guid":{"rendered":"https:\/\/ligueechecsgrandest.fr\/?page_id=3391"},"modified":"2024-09-07T18:05:18","modified_gmt":"2024-09-07T16:05:18","slug":"57-moselle","status":"publish","type":"page","link":"https:\/\/ligueechecsgrandest.fr\/?page_id=3391","title":{"rendered":"57 &#8211; Moselle"},"content":{"rendered":"<table id=\"ctl00_ContentPlaceHolderMain_TableComite\" class=\"page\" cellspacing=\"1\" cellpadding=\"4\">\n<tbody>\n<tr class=\"tableau_violet_c\" valign=\"top\">\n<td align=\"right\" width=\"350px\">Si\u00e8ge Social :<\/td>\n<td><span id=\"ctl00_ContentPlaceHolderMain_LabelAdresse\">116 rue Saint Remy<br \/>\n57100 THIONVILLE<\/span><\/td>\n<\/tr>\n<tr class=\"tableau_blanc\">\n<td align=\"right\" valign=\"top\">T\u00e9l\u00e9phone :<\/td>\n<td><span id=\"ctl00_ContentPlaceHolderMain_LabelTel\">06 08 78 14 38<\/span><\/td>\n<\/tr>\n<tr class=\"tableau_violet_c\" valign=\"top\">\n<td align=\"right\">Fax :<\/td>\n<td><span id=\"ctl00_ContentPlaceHolderMain_LabelFax\">\u00a0<\/span><\/td>\n<\/tr>\n<tr class=\"tableau_blanc\" valign=\"top\">\n<td align=\"right\">E-Mail :<\/td>\n<td><span id=\"ctl00_ContentPlaceHolderMain_LabelEMail\"><a class=\"lien_texte\" href=\"mailto:romarchal@aol.com\">romarchal@aol.com<\/a><\/span><\/td>\n<\/tr>\n<tr class=\"tableau_violet_c\" valign=\"top\">\n<td align=\"right\">Site Internet :<\/td>\n<td><\/td>\n<\/tr>\n<tr class=\"tableau_blanc\" valign=\"top\">\n<td align=\"right\">Pr\u00e9sidence :<\/td>\n<td><span id=\"ctl00_ContentPlaceHolderMain_LabelPresident\"><a class=\"lien_texte\" href=\"mailto:romarchal@aol.com\">Roger MARCHAL<\/a><\/span><\/td>\n<\/tr>\n<tr class=\"tableau_violet_c\" valign=\"top\">\n<td align=\"right\">Secr\u00e9tariat :<\/td>\n<td><\/td>\n<\/tr>\n<tr class=\"tableau_blanc\" valign=\"top\">\n<td align=\"right\">Finances :<\/td>\n<td><span id=\"ctl00_ContentPlaceHolderMain_LabelTresorier\"><a class=\"lien_texte\" href=\"mailto:bernardjean.leclerc@gmail.com\">Bernard LECLERC<\/a><\/span><\/td>\n<\/tr>\n<tr class=\"tableau_violet_c\" valign=\"top\">\n<td align=\"right\">Responsable elo, comp\u00e9titions :<\/td>\n<td><span id=\"ctl00_ContentPlaceHolderMain_LabelTechnique\"><a class=\"lien_texte\" href=\"mailto:romarchal@aol.com\">Roger MARCHAL<\/a><\/span><\/td>\n<\/tr>\n<tr class=\"tableau_blanc\" valign=\"top\">\n<td align=\"right\">Responsable des jeunes :<\/td>\n<td><span id=\"ctl00_ContentPlaceHolderMain_LabelJeune\"><a class=\"lien_texte\" href=\"mailto:camilledaios57@gmail.com\">Camille DAIOS<\/a><\/span><\/td>\n<\/tr>\n<tr class=\"tableau_violet_c\" valign=\"top\">\n<td align=\"right\">Responsable des scolaires :<\/td>\n<td><\/td>\n<\/tr>\n<tr class=\"tableau_blanc\" valign=\"top\">\n<td align=\"right\">Responsable de l&rsquo;Arbitrage :<\/td>\n<td><span id=\"ctl00_ContentPlaceHolderMain_LabelArbitrage\"><a class=\"lien_texte\" href=\"mailto:laurent.morvrange@club-internet.fr\">Laurent MORVRANGE<\/a><\/span><\/td>\n<\/tr>\n<tr class=\"tableau_violet_c\" valign=\"top\">\n<td align=\"right\">Responsable de la Mixit\u00e9 :<\/td>\n<td><span id=\"ctl00_ContentPlaceHolderMain_LabelFeminines\"><a class=\"lien_texte\" href=\"mailto:fabienne.morvrange@club-internet.fr\">Fabienne MORVRANGE<\/a><\/span><\/td>\n<\/tr>\n<\/tbody>\n<\/table>\n<p>Les clubs : <a href=\"http:\/\/www.echecs.asso.fr\/ListeClubs.aspx?Action=CLUBCOMITE&amp;ComiteRef=57\">http:\/\/www.echecs.asso.fr\/ListeClubs.aspx?Action=CLUBCOMITE&amp;ComiteRef=57<\/a><\/p>\n<p>Les tournois : <a href=\"http:\/\/www.echecs.asso.fr\/ListeTournois.aspx?Action=TOURNOICOMITE&amp;ComiteRef=57\">http:\/\/www.echecs.asso.fr\/ListeTournois.aspx?Action=TOURNOICOMITE&amp;ComiteRef=57<\/a><\/p>\n","protected":false},"excerpt":{"rendered":"<p>Si\u00e8ge Social : 116 rue Saint Remy 57100 THIONVILLE T\u00e9l\u00e9phone : 06 08 78 14 38 Fax : \u00a0 E-Mail : romarchal@aol.com Site Internet : Pr\u00e9sidence : Roger MARCHAL Secr\u00e9tariat : Finances : Bernard LECLERC Responsable elo, comp\u00e9titions : Roger &hellip; <a href=\"https:\/\/ligueechecsgrandest.fr\/?page_id=3391\">Continuer la lecture <span class=\"meta-nav\">&rarr;<\/span><\/a><\/p>\n","protected":false},"author":3,"featured_media":0,"parent":0,"menu_order":0,"comment_status":"closed","ping_status":"closed","template":"","meta":{"_EventAllDay":false,"_EventTimezone":"","_EventStartDate":"","_EventEndDate":"","_EventStartDateUTC":"","_EventEndDateUTC":"","_EventShowMap":false,"_EventShowMapLink":false,"_EventURL":"","_EventCost":"","_EventCostDescription":"","_EventCurrencySymbol":"","_EventCurrencyCode":"","_EventCurrencyPosition":"","_EventDateTimeSeparator":"","_EventTimeRangeSeparator":"","_EventOrganizerID":[],"_EventVenueID":[],"_OrganizerEmail":"","_OrganizerPhone":"","_OrganizerWebsite":"","_VenueAddress":"","_VenueCity":"","_VenueCountry":"","_VenueProvince":"","_VenueState":"","_VenueZip":"","_VenuePhone":"","_VenueURL":"","_VenueStateProvince":"","_VenueLat":"","_VenueLng":"","_VenueShowMap":false,"_VenueShowMapLink":false,"footnotes":""},"class_list":["post-3391","page","type-page","status-publish","hentry"],"aioseo_notices":[],"_links":{"self":[{"href":"https:\/\/ligueechecsgrandest.fr\/index.php?rest_route=\/wp\/v2\/pages\/3391","targetHints":{"allow":["GET"]}}],"collection":[{"href":"https:\/\/ligueechecsgrandest.fr\/index.php?rest_route=\/wp\/v2\/pages"}],"about":[{"href":"https:\/\/ligueechecsgrandest.fr\/index.php?rest_route=\/wp\/v2\/types\/page"}],"author":[{"embeddable":true,"href":"https:\/\/ligueechecsgrandest.fr\/index.php?rest_route=\/wp\/v2\/users\/3"}],"replies":[{"embeddable":true,"href":"https:\/\/ligueechecsgrandest.fr\/index.php?rest_route=%2Fwp%2Fv2%2Fcomments&post=3391"}],"version-history":[{"count":2,"href":"https:\/\/ligueechecsgrandest.fr\/index.php?rest_route=\/wp\/v2\/pages\/3391\/revisions"}],"predecessor-version":[{"id":3421,"href":"https:\/\/ligueechecsgrandest.fr\/index.php?rest_route=\/wp\/v2\/pages\/3391\/revisions\/3421"}],"wp:attachment":[{"href":"https:\/\/ligueechecsgrandest.fr\/index.php?rest_route=%2Fwp%2Fv2%2Fmedia&parent=3391"}],"curies":[{"name":"wp","href":"https:\/\/api.w.org\/{rel}","templated":true}]}}