{"id":3389,"date":"2024-09-07T17:49:49","date_gmt":"2024-09-07T15:49:49","guid":{"rendered":"https:\/\/ligueechecsgrandest.fr\/?page_id=3389"},"modified":"2024-09-07T18:06:38","modified_gmt":"2024-09-07T16:06:38","slug":"55-meuse","status":"publish","type":"page","link":"https:\/\/ligueechecsgrandest.fr\/?page_id=3389","title":{"rendered":"55 &#8211; Meuse"},"content":{"rendered":"<table id=\"ctl00_ContentPlaceHolderMain_TableComite\" class=\"page\" cellspacing=\"1\" cellpadding=\"4\">\n<tbody>\n<tr class=\"tableau_violet_c\" valign=\"top\">\n<td align=\"right\" width=\"350px\">Si\u00e8ge Social :<\/td>\n<td><span id=\"ctl00_ContentPlaceHolderMain_LabelAdresse\">Chez Mr Althuser<br \/>\n74 bd de la Rochelle<br \/>\nBP 90007 55000 Bar le Duc<br \/>\n55160 MONT VILLERS<\/span><\/td>\n<\/tr>\n<tr class=\"tableau_blanc\">\n<td align=\"right\" valign=\"top\">T\u00e9l\u00e9phone :<\/td>\n<td><span id=\"ctl00_ContentPlaceHolderMain_LabelTel\">03 29 79 04 17<\/span><\/td>\n<\/tr>\n<tr class=\"tableau_violet_c\" valign=\"top\">\n<td align=\"right\">Fax :<\/td>\n<td><span id=\"ctl00_ContentPlaceHolderMain_LabelFax\">\u00a0<\/span><\/td>\n<\/tr>\n<tr class=\"tableau_blanc\" valign=\"top\">\n<td align=\"right\">E-Mail :<\/td>\n<td><span id=\"ctl00_ContentPlaceHolderMain_LabelEMail\"><a class=\"lien_texte\" href=\"mailto:althuserphoto@wanadoo.fr\">althuserphoto@wanadoo.fr<\/a><\/span><\/td>\n<\/tr>\n<tr class=\"tableau_violet_c\" valign=\"top\">\n<td align=\"right\">Site Internet :<\/td>\n<td><\/td>\n<\/tr>\n<tr class=\"tableau_blanc\" valign=\"top\">\n<td align=\"right\">Pr\u00e9sidence :<\/td>\n<td><span id=\"ctl00_ContentPlaceHolderMain_LabelPresident\"><a class=\"lien_texte\" href=\"mailto:althuserphoto@wanadoo.fr\">Jean-Michel ALTHUSER<\/a><\/span><\/td>\n<\/tr>\n<tr class=\"tableau_violet_c\" valign=\"top\">\n<td align=\"right\">Secr\u00e9tariat :<\/td>\n<td><\/td>\n<\/tr>\n<tr class=\"tableau_blanc\" valign=\"top\">\n<td align=\"right\">Finances :<\/td>\n<td><\/td>\n<\/tr>\n<tr class=\"tableau_violet_c\" valign=\"top\">\n<td align=\"right\">Responsable elo, comp\u00e9titions :<\/td>\n<td><\/td>\n<\/tr>\n<tr class=\"tableau_blanc\" valign=\"top\">\n<td align=\"right\">Responsable des jeunes :<\/td>\n<td><\/td>\n<\/tr>\n<tr class=\"tableau_violet_c\" valign=\"top\">\n<td align=\"right\">Responsable des scolaires :<\/td>\n<td><\/td>\n<\/tr>\n<tr class=\"tableau_blanc\" valign=\"top\">\n<td align=\"right\">Responsable de l&rsquo;Arbitrage :<\/td>\n<td><\/td>\n<\/tr>\n<tr class=\"tableau_violet_c\" valign=\"top\">\n<td align=\"right\">Responsable de la Mixit\u00e9 :<\/td>\n<\/tr>\n<\/tbody>\n<\/table>\n<p>Les clubs : <a href=\"http:\/\/www.echecs.asso.fr\/ListeClubs.aspx?Action=CLUBCOMITE&amp;ComiteRef=55\">http:\/\/www.echecs.asso.fr\/ListeClubs.aspx?Action=CLUBCOMITE&amp;ComiteRef=55<\/a><\/p>\n<p>Les tournois : <a href=\"http:\/\/www.echecs.asso.fr\/ListeTournois.aspx?Action=TOURNOICOMITE&amp;ComiteRef=55\">http:\/\/www.echecs.asso.fr\/ListeTournois.aspx?Action=TOURNOICOMITE&amp;ComiteRef=55<\/a><\/p>\n","protected":false},"excerpt":{"rendered":"<p>Si\u00e8ge Social : Chez Mr Althuser 74 bd de la Rochelle BP 90007 55000 Bar le Duc 55160 MONT VILLERS T\u00e9l\u00e9phone : 03 29 79 04 17 Fax : \u00a0 E-Mail : althuserphoto@wanadoo.fr Site Internet : Pr\u00e9sidence : Jean-Michel ALTHUSER &hellip; <a href=\"https:\/\/ligueechecsgrandest.fr\/?page_id=3389\">Continuer la lecture <span class=\"meta-nav\">&rarr;<\/span><\/a><\/p>\n","protected":false},"author":3,"featured_media":0,"parent":0,"menu_order":0,"comment_status":"closed","ping_status":"closed","template":"","meta":{"_EventAllDay":false,"_EventTimezone":"","_EventStartDate":"","_EventEndDate":"","_EventStartDateUTC":"","_EventEndDateUTC":"","_EventShowMap":false,"_EventShowMapLink":false,"_EventURL":"","_EventCost":"","_EventCostDescription":"","_EventCurrencySymbol":"","_EventCurrencyCode":"","_EventCurrencyPosition":"","_EventDateTimeSeparator":"","_EventTimeRangeSeparator":"","_EventOrganizerID":[],"_EventVenueID":[],"_OrganizerEmail":"","_OrganizerPhone":"","_OrganizerWebsite":"","_VenueAddress":"","_VenueCity":"","_VenueCountry":"","_VenueProvince":"","_VenueState":"","_VenueZip":"","_VenuePhone":"","_VenueURL":"","_VenueStateProvince":"","_VenueLat":"","_VenueLng":"","_VenueShowMap":false,"_VenueShowMapLink":false,"footnotes":""},"class_list":["post-3389","page","type-page","status-publish","hentry"],"aioseo_notices":[],"_links":{"self":[{"href":"https:\/\/ligueechecsgrandest.fr\/index.php?rest_route=\/wp\/v2\/pages\/3389","targetHints":{"allow":["GET"]}}],"collection":[{"href":"https:\/\/ligueechecsgrandest.fr\/index.php?rest_route=\/wp\/v2\/pages"}],"about":[{"href":"https:\/\/ligueechecsgrandest.fr\/index.php?rest_route=\/wp\/v2\/types\/page"}],"author":[{"embeddable":true,"href":"https:\/\/ligueechecsgrandest.fr\/index.php?rest_route=\/wp\/v2\/users\/3"}],"replies":[{"embeddable":true,"href":"https:\/\/ligueechecsgrandest.fr\/index.php?rest_route=%2Fwp%2Fv2%2Fcomments&post=3389"}],"version-history":[{"count":2,"href":"https:\/\/ligueechecsgrandest.fr\/index.php?rest_route=\/wp\/v2\/pages\/3389\/revisions"}],"predecessor-version":[{"id":3422,"href":"https:\/\/ligueechecsgrandest.fr\/index.php?rest_route=\/wp\/v2\/pages\/3389\/revisions\/3422"}],"wp:attachment":[{"href":"https:\/\/ligueechecsgrandest.fr\/index.php?rest_route=%2Fwp%2Fv2%2Fmedia&parent=3389"}],"curies":[{"name":"wp","href":"https:\/\/api.w.org\/{rel}","templated":true}]}}