{"id":3381,"date":"2024-09-07T17:47:45","date_gmt":"2024-09-07T15:47:45","guid":{"rendered":"https:\/\/ligueechecsgrandest.fr\/?page_id=3381"},"modified":"2024-09-07T18:13:34","modified_gmt":"2024-09-07T16:13:34","slug":"08-ardennes","status":"publish","type":"page","link":"https:\/\/ligueechecsgrandest.fr\/?page_id=3381","title":{"rendered":"08 &#8211; Ardennes"},"content":{"rendered":"<table id=\"ctl00_ContentPlaceHolderMain_TableComite\" class=\"page\" cellspacing=\"1\" cellpadding=\"4\">\n<tbody>\n<tr class=\"tableau_violet_c\" valign=\"top\">\n<td align=\"right\" width=\"350px\">Si\u00e8ge Social :<\/td>\n<td><span id=\"ctl00_ContentPlaceHolderMain_LabelAdresse\">Maison Departementale des Sports route de la Moncelle<br \/>\n08140 BAZEILLES<\/span><\/td>\n<\/tr>\n<tr class=\"tableau_blanc\">\n<td align=\"right\" valign=\"top\">T\u00e9l\u00e9phone :<\/td>\n<td><span id=\"ctl00_ContentPlaceHolderMain_LabelTel\">06 78 36 84 42<\/span><\/td>\n<\/tr>\n<tr class=\"tableau_violet_c\" valign=\"top\">\n<td align=\"right\">Fax :<\/td>\n<td><span id=\"ctl00_ContentPlaceHolderMain_LabelFax\">\u00a0<\/span><\/td>\n<\/tr>\n<tr class=\"tableau_blanc\" valign=\"top\">\n<td align=\"right\">E-Mail :<\/td>\n<td><span id=\"ctl00_ContentPlaceHolderMain_LabelEMail\"><a class=\"lien_texte\" href=\"mailto:cdje08@gmail.com\">cdje08@gmail.com<\/a><\/span><\/td>\n<\/tr>\n<tr class=\"tableau_violet_c\" valign=\"top\">\n<td align=\"right\">Site Internet :<\/td>\n<td><span id=\"ctl00_ContentPlaceHolderMain_LabelURL\"><a class=\"lien_texte\" href=\"http:\/\/cdje08.e-monsite.com\/pages\/actualites.html\" target=\"_blank\" rel=\"noopener\">http:\/\/cdje08.e-monsite.com\/pages\/actualites.html<\/a><\/span><\/td>\n<\/tr>\n<tr class=\"tableau_blanc\" valign=\"top\">\n<td align=\"right\">Pr\u00e9sidence :<\/td>\n<td><span id=\"ctl00_ContentPlaceHolderMain_LabelPresident\"><a class=\"lien_texte\" href=\"mailto:r.noizet@orange.fr\">Regis NOIZET<\/a><\/span><\/td>\n<\/tr>\n<tr class=\"tableau_violet_c\" valign=\"top\">\n<td align=\"right\">Secr\u00e9tariat :<\/td>\n<td><span id=\"ctl00_ContentPlaceHolderMain_LabelCorrespondant\"><a class=\"lien_texte\" href=\"mailto:celinecarroy@sfr.fr\">Celine CARROY<\/a><\/span><\/td>\n<\/tr>\n<tr class=\"tableau_blanc\" valign=\"top\">\n<td align=\"right\">Finances :<\/td>\n<td><span id=\"ctl00_ContentPlaceHolderMain_LabelTresorier\">Beatrice NOIZET<\/span><\/td>\n<\/tr>\n<tr class=\"tableau_violet_c\" valign=\"top\">\n<td align=\"right\">Responsable elo, comp\u00e9titions :<\/td>\n<td><span id=\"ctl00_ContentPlaceHolderMain_LabelTechnique\"><a class=\"lien_texte\" href=\"mailto:marc.fourcart@wanadoo.fr\">Marc FOURCART<\/a><\/span><\/td>\n<\/tr>\n<tr class=\"tableau_blanc\" valign=\"top\">\n<td align=\"right\">Responsable des jeunes :<\/td>\n<td><span id=\"ctl00_ContentPlaceHolderMain_LabelJeune\"><a class=\"lien_texte\" href=\"mailto:christophecarroy@sfr.fr\">Christophe CARROY<\/a><\/span><\/td>\n<\/tr>\n<tr class=\"tableau_violet_c\" valign=\"top\">\n<td align=\"right\">Responsable des scolaires :<\/td>\n<td><span id=\"ctl00_ContentPlaceHolderMain_LabelScolaire\"><a class=\"lien_texte\" href=\"mailto:jihered@sfr.fr\">Jean-Robert DELMONT<\/a><\/span><\/td>\n<\/tr>\n<tr class=\"tableau_blanc\" valign=\"top\">\n<td align=\"right\">Responsable de l&rsquo;Arbitrage :<\/td>\n<td><span id=\"ctl00_ContentPlaceHolderMain_LabelArbitrage\"><a class=\"lien_texte\" href=\"mailto:marc.fourcart@wanadoo.fr\">Marc FOURCART<\/a><\/span><\/td>\n<\/tr>\n<tr class=\"tableau_violet_c\" valign=\"top\">\n<td align=\"right\">Responsable de la Mixit\u00e9 :<\/td>\n<td><span id=\"ctl00_ContentPlaceHolderMain_LabelFeminines\"><a class=\"lien_texte\" href=\"mailto:celinecarroy@sfr.fr\">Celine CARROY<\/a><\/span><\/td>\n<\/tr>\n<\/tbody>\n<\/table>\n<p>Les clubs : <a href=\"http:\/\/www.echecs.asso.fr\/ListeClubs.aspx?Action=CLUBCOMITE&amp;ComiteRef=08\">http:\/\/www.echecs.asso.fr\/ListeClubs.aspx?Action=CLUBCOMITE&amp;ComiteRef=08<\/a><\/p>\n<p>Les tournois : <a href=\"http:\/\/www.echecs.asso.fr\/ListeTournois.aspx?Action=TOURNOICOMITE&amp;ComiteRef=08\">http:\/\/www.echecs.asso.fr\/ListeTournois.aspx?Action=TOURNOICOMITE&amp;ComiteRef=08<\/a><\/p>\n","protected":false},"excerpt":{"rendered":"<p>Si\u00e8ge Social : Maison Departementale des Sports route de la Moncelle 08140 BAZEILLES T\u00e9l\u00e9phone : 06 78 36 84 42 Fax : \u00a0 E-Mail : cdje08@gmail.com Site Internet : http:\/\/cdje08.e-monsite.com\/pages\/actualites.html Pr\u00e9sidence : Regis NOIZET Secr\u00e9tariat : Celine CARROY Finances : &hellip; <a href=\"https:\/\/ligueechecsgrandest.fr\/?page_id=3381\">Continuer la lecture <span class=\"meta-nav\">&rarr;<\/span><\/a><\/p>\n","protected":false},"author":3,"featured_media":0,"parent":0,"menu_order":0,"comment_status":"closed","ping_status":"closed","template":"","meta":{"_EventAllDay":false,"_EventTimezone":"","_EventStartDate":"","_EventEndDate":"","_EventStartDateUTC":"","_EventEndDateUTC":"","_EventShowMap":false,"_EventShowMapLink":false,"_EventURL":"","_EventCost":"","_EventCostDescription":"","_EventCurrencySymbol":"","_EventCurrencyCode":"","_EventCurrencyPosition":"","_EventDateTimeSeparator":"","_EventTimeRangeSeparator":"","_EventOrganizerID":[],"_EventVenueID":[],"_OrganizerEmail":"","_OrganizerPhone":"","_OrganizerWebsite":"","_VenueAddress":"","_VenueCity":"","_VenueCountry":"","_VenueProvince":"","_VenueState":"","_VenueZip":"","_VenuePhone":"","_VenueURL":"","_VenueStateProvince":"","_VenueLat":"","_VenueLng":"","_VenueShowMap":false,"_VenueShowMapLink":false,"footnotes":""},"class_list":["post-3381","page","type-page","status-publish","hentry"],"aioseo_notices":[],"_links":{"self":[{"href":"https:\/\/ligueechecsgrandest.fr\/index.php?rest_route=\/wp\/v2\/pages\/3381","targetHints":{"allow":["GET"]}}],"collection":[{"href":"https:\/\/ligueechecsgrandest.fr\/index.php?rest_route=\/wp\/v2\/pages"}],"about":[{"href":"https:\/\/ligueechecsgrandest.fr\/index.php?rest_route=\/wp\/v2\/types\/page"}],"author":[{"embeddable":true,"href":"https:\/\/ligueechecsgrandest.fr\/index.php?rest_route=\/wp\/v2\/users\/3"}],"replies":[{"embeddable":true,"href":"https:\/\/ligueechecsgrandest.fr\/index.php?rest_route=%2Fwp%2Fv2%2Fcomments&post=3381"}],"version-history":[{"count":4,"href":"https:\/\/ligueechecsgrandest.fr\/index.php?rest_route=\/wp\/v2\/pages\/3381\/revisions"}],"predecessor-version":[{"id":3427,"href":"https:\/\/ligueechecsgrandest.fr\/index.php?rest_route=\/wp\/v2\/pages\/3381\/revisions\/3427"}],"wp:attachment":[{"href":"https:\/\/ligueechecsgrandest.fr\/index.php?rest_route=%2Fwp%2Fv2%2Fmedia&parent=3381"}],"curies":[{"name":"wp","href":"https:\/\/api.w.org\/{rel}","templated":true}]}}