{"id":3220,"date":"2024-08-14T17:46:15","date_gmt":"2024-08-14T15:46:15","guid":{"rendered":"https:\/\/ligueechecsgrandest.fr\/?page_id=3220"},"modified":"2026-04-20T19:55:57","modified_gmt":"2026-04-20T17:55:57","slug":"annonces-de-tournois-avec-affiches","status":"publish","type":"page","link":"https:\/\/ligueechecsgrandest.fr\/?page_id=3220","title":{"rendered":"Annonces de tournois avec affiches"},"content":{"rendered":"<p>&nbsp;<\/p>\n<p>&nbsp;<\/p>\n<p><strong>F\u00eate des \u00c9checs &#8211; Samedi 25 avril 2026 \u00e0 Hombourg-Budange (57)<\/strong><\/p>\n<p><img loading=\"lazy\" decoding=\"async\" class=\"wp-image-5977 aligncenter\" src=\"http:\/\/ligueechecsgrandest.fr\/wp-content\/uploads\/2026\/01\/hombourgbudange25042026-300x276.jpg\" alt=\"\" width=\"785\" height=\"722\" srcset=\"https:\/\/ligueechecsgrandest.fr\/wp-content\/uploads\/2026\/01\/hombourgbudange25042026-300x276.jpg 300w, https:\/\/ligueechecsgrandest.fr\/wp-content\/uploads\/2026\/01\/hombourgbudange25042026.jpg 736w\" sizes=\"auto, (max-width: 785px) 100vw, 785px\" \/><\/p>\n<p style=\"text-align: center;\">****<\/p>\n<p><strong>Blitz et Rapide de Thionville &#8211; Les 01, 02 et 03 mai 2026<\/strong><\/p>\n<p>Toutes les infos : <a href=\"https:\/\/thionville-echecs.fr\/rapide-de-thionville-du-1-au-3-mai\/\">https:\/\/thionville-echecs.fr\/rapide-de-thionville-du-1-au-3-mai\/<\/a><\/p>\n<p>01 mai 2026 &#8211; Les rapides de Thionville 2026 &#8211; Blitz par \u00e9quipe : <a href=\"http:\/\/www.echecs.asso.fr\/FicheTournoi.aspx?Ref=71844\">http:\/\/www.echecs.asso.fr\/FicheTournoi.aspx?Ref=71844<\/a><\/p>\n<p>02 mai 2026 &#8211; Les rapides de Thionville 2026 &#8211; Rapide Individuel A : <a href=\"http:\/\/www.echecs.asso.fr\/FicheTournoi.aspx?Ref=71846\">http:\/\/www.echecs.asso.fr\/FicheTournoi.aspx?Ref=71846<\/a><\/p>\n<p>03 mai 2026 &#8211; Les rapides de Thionville 2026 &#8211; Rapide Individuel Jeunes (U8-U10) : <a href=\"http:\/\/www.echecs.asso.fr\/FicheTournoi.aspx?Ref=71847\">http:\/\/www.echecs.asso.fr\/FicheTournoi.aspx?Ref=71847<\/a><\/p>\n<p><img loading=\"lazy\" decoding=\"async\" class=\"alignnone wp-image-6414 aligncenter\" src=\"http:\/\/ligueechecsgrandest.fr\/wp-content\/uploads\/2026\/04\/thionville0103052026-212x300.png\" alt=\"\" width=\"383\" height=\"542\" srcset=\"https:\/\/ligueechecsgrandest.fr\/wp-content\/uploads\/2026\/04\/thionville0103052026-212x300.png 212w, https:\/\/ligueechecsgrandest.fr\/wp-content\/uploads\/2026\/04\/thionville0103052026-724x1024.png 724w, https:\/\/ligueechecsgrandest.fr\/wp-content\/uploads\/2026\/04\/thionville0103052026-768x1086.png 768w, https:\/\/ligueechecsgrandest.fr\/wp-content\/uploads\/2026\/04\/thionville0103052026.png 1086w\" sizes=\"auto, (max-width: 383px) 100vw, 383px\" \/><\/p>\n<p style=\"text-align: center;\">****<\/p>\n<p><strong>Tournoi Rapide de l\u2019Ornain &#8211; Dimanche 03 mai 2026 \u00e0 Bar-Le-Duc<\/strong><\/p>\n<p>Toutes les infos : <a href=\"https:\/\/www.echecs.asso.fr\/FicheTournoi.aspx?Ref=71397\">https:\/\/www.echecs.asso.fr\/FicheTournoi.aspx?Ref=71397<\/a><\/p>\n<p>Inscriptions : <a href=\"https:\/\/www.helloasso.com\/associations\/bar-le-duc-cslb-section-echecs\/evenements\/tournoi-rapide-de-l-ornain-2026\">https:\/\/www.helloasso.com\/associations\/bar-le-duc-cslb-section-echecs\/evenements\/tournoi-rapide-de-l-ornain-2026<\/a><\/p>\n<p><img loading=\"lazy\" decoding=\"async\" class=\"alignnone wp-image-6244 aligncenter\" src=\"http:\/\/ligueechecsgrandest.fr\/wp-content\/uploads\/2026\/03\/Barleduc03052026-212x300.jpg\" alt=\"\" width=\"477\" height=\"675\" srcset=\"https:\/\/ligueechecsgrandest.fr\/wp-content\/uploads\/2026\/03\/Barleduc03052026-212x300.jpg 212w, https:\/\/ligueechecsgrandest.fr\/wp-content\/uploads\/2026\/03\/Barleduc03052026.jpg 509w\" sizes=\"auto, (max-width: 477px) 100vw, 477px\" \/><\/p>\n<p style=\"text-align: center;\">****<\/p>\n<p><strong>23\u00e8me Troph\u00e9e de la Ville de Reims &#8211; Vendredi 08 mai 2026<\/strong><\/p>\n<p>Inscriptions : <a href=\"https:\/\/www.helloasso.com\/associations\/reims-echec-et-mat\/evenements\/23eme-trophee-de-la-ville-de-reims\">https:\/\/www.helloasso.com\/associations\/reims-echec-et-mat\/evenements\/23eme-trophee-de-la-ville-de-reims<\/a><\/p>\n<p>Tournoi Principal : <a href=\"http:\/\/www.echecs.asso.fr\/FicheTournoi.aspx?Ref=70794\">http:\/\/www.echecs.asso.fr\/FicheTournoi.aspx?Ref=70794<\/a><\/p>\n<p>Tournoi Jeunes : <a href=\"http:\/\/www.echecs.asso.fr\/FicheTournoi.aspx?Ref=70795\">http:\/\/www.echecs.asso.fr\/FicheTournoi.aspx?Ref=70795<\/a><\/p>\n<p><img loading=\"lazy\" decoding=\"async\" class=\"alignnone wp-image-6229\" src=\"http:\/\/ligueechecsgrandest.fr\/wp-content\/uploads\/2026\/03\/reims08052026-300x157.jpg\" alt=\"\" width=\"850\" height=\"445\" srcset=\"https:\/\/ligueechecsgrandest.fr\/wp-content\/uploads\/2026\/03\/reims08052026-300x157.jpg 300w, https:\/\/ligueechecsgrandest.fr\/wp-content\/uploads\/2026\/03\/reims08052026.jpg 500w\" sizes=\"auto, (max-width: 850px) 100vw, 850px\" \/><\/p>\n<p style=\"text-align: center;\">****<\/p>\n<p><strong>Challenge Denis SCHITZ &#8211; Les 09 et 10 mai 2026 \u00e0 Tressange<\/strong><\/p>\n<p>09 mai &#8211; Blitz &#8211; <a href=\"http:\/\/www.echecs.asso.fr\/FicheTournoi.aspx?Ref=71892\">http:\/\/www.echecs.asso.fr\/FicheTournoi.aspx?Ref=71892<\/a><\/p>\n<p>10 mai &#8211; Rapide &#8211; <a href=\"http:\/\/www.echecs.asso.fr\/FicheTournoi.aspx?Ref=71893\">http:\/\/www.echecs.asso.fr\/FicheTournoi.aspx?Ref=71893<\/a><\/p>\n<p><img loading=\"lazy\" decoding=\"async\" class=\"wp-image-6424 aligncenter\" src=\"http:\/\/ligueechecsgrandest.fr\/wp-content\/uploads\/2026\/04\/tressange09052026-207x300.jpg\" alt=\"\" width=\"319\" height=\"462\" srcset=\"https:\/\/ligueechecsgrandest.fr\/wp-content\/uploads\/2026\/04\/tressange09052026-207x300.jpg 207w, https:\/\/ligueechecsgrandest.fr\/wp-content\/uploads\/2026\/04\/tressange09052026.jpg 330w\" sizes=\"auto, (max-width: 319px) 100vw, 319px\" \/><\/p>\n<p><img loading=\"lazy\" decoding=\"async\" class=\"alignnone wp-image-6425 aligncenter\" src=\"http:\/\/ligueechecsgrandest.fr\/wp-content\/uploads\/2026\/04\/tressange10052026-210x300.jpg\" alt=\"\" width=\"296\" height=\"422\" \/><\/p>\n<p style=\"text-align: center;\">****<\/p>\n<p><strong>Championnat de Moselle &#8211; Du 14 au 17 mai 2026 \u00e0 Thionville Garche<\/strong><\/p>\n<p>Championnats de Moselle A 2026 : <a href=\"https:\/\/www.echecs.asso.fr\/FicheTournoi.aspx?Ref=71936\">https:\/\/www.echecs.asso.fr\/FicheTournoi.aspx?Ref=71936<\/a><\/p>\n<p>Championnats de Moselle B 2026 : <a href=\"https:\/\/www.echecs.asso.fr\/FicheTournoi.aspx?Ref=71937\">https:\/\/www.echecs.asso.fr\/FicheTournoi.aspx?Ref=71937<\/a><\/p>\n<p style=\"text-align: center;\"><img loading=\"lazy\" decoding=\"async\" class=\"alignnone wp-image-6441\" src=\"http:\/\/ligueechecsgrandest.fr\/wp-content\/uploads\/2026\/04\/moselle11417052026-300x263.jpg\" alt=\"\" width=\"906\" height=\"794\" srcset=\"https:\/\/ligueechecsgrandest.fr\/wp-content\/uploads\/2026\/04\/moselle11417052026-300x263.jpg 300w, https:\/\/ligueechecsgrandest.fr\/wp-content\/uploads\/2026\/04\/moselle11417052026.jpg 684w\" sizes=\"auto, (max-width: 906px) 100vw, 906px\" \/><\/p>\n<p style=\"text-align: center;\"><img loading=\"lazy\" decoding=\"async\" class=\"alignnone wp-image-6442\" src=\"http:\/\/ligueechecsgrandest.fr\/wp-content\/uploads\/2026\/04\/moselle21417052026-300x178.jpg\" alt=\"\" width=\"659\" height=\"391\" srcset=\"https:\/\/ligueechecsgrandest.fr\/wp-content\/uploads\/2026\/04\/moselle21417052026-300x178.jpg 300w, https:\/\/ligueechecsgrandest.fr\/wp-content\/uploads\/2026\/04\/moselle21417052026.jpg 706w\" sizes=\"auto, (max-width: 659px) 100vw, 659px\" \/><\/p>\n<p style=\"text-align: center;\">****<\/p>\n<p><strong>22\u00e8me Tournoi d&rsquo;Echecs de Bennwihr- Lundi 25 mai 2026<\/strong><\/p>\n<p>Toutes les infos : <a href=\"https:\/\/bennwihr-echecs.fr\/22eme-tournoi-dechecs-de-bennwihr\/\">https:\/\/bennwihr-echecs.fr\/22eme-tournoi-dechecs-de-bennwihr\/<\/a><\/p>\n<p>Tournoi A : <a href=\"https:\/\/www.echecs.asso.fr\/FicheTournoi.aspx?Ref=71570\">https:\/\/www.echecs.asso.fr\/FicheTournoi.aspx?Ref=71570<\/a><\/p>\n<p>Tournoi B : <a href=\"https:\/\/www.echecs.asso.fr\/FicheTournoi.aspx?Ref=71571\">https:\/\/www.echecs.asso.fr\/FicheTournoi.aspx?Ref=71571<\/a><\/p>\n<p style=\"text-align: center;\"><img loading=\"lazy\" decoding=\"async\" class=\"alignnone wp-image-6404\" src=\"http:\/\/ligueechecsgrandest.fr\/wp-content\/uploads\/2026\/04\/Bennwihr25052026-212x300.png\" alt=\"\" width=\"366\" height=\"518\" srcset=\"https:\/\/ligueechecsgrandest.fr\/wp-content\/uploads\/2026\/04\/Bennwihr25052026-212x300.png 212w, https:\/\/ligueechecsgrandest.fr\/wp-content\/uploads\/2026\/04\/Bennwihr25052026-724x1024.png 724w, https:\/\/ligueechecsgrandest.fr\/wp-content\/uploads\/2026\/04\/Bennwihr25052026-768x1086.png 768w, https:\/\/ligueechecsgrandest.fr\/wp-content\/uploads\/2026\/04\/Bennwihr25052026-1086x1536.png 1086w, https:\/\/ligueechecsgrandest.fr\/wp-content\/uploads\/2026\/04\/Bennwihr25052026.png 1240w\" sizes=\"auto, (max-width: 366px) 100vw, 366px\" \/><\/p>\n<p style=\"text-align: center;\">****<\/p>\n<p><strong>3\u00e8me Rapide des 3 Pays &#8211; Dimanche 31 mai 2026 \u00e0 Huningue<\/strong><\/p>\n<p>Tournoi Principal : <a href=\"https:\/\/www.echecs.asso.fr\/FicheTournoi.aspx?Ref=71878\">https:\/\/www.echecs.asso.fr\/FicheTournoi.aspx?Ref=71878<\/a><\/p>\n<p>Tournoi Jeunes : <a href=\"https:\/\/www.echecs.asso.fr\/FicheTournoi.aspx?Ref=71879\">https:\/\/www.echecs.asso.fr\/FicheTournoi.aspx?Ref=71879<\/a><\/p>\n<p style=\"text-align: center;\"><img loading=\"lazy\" decoding=\"async\" class=\"alignnone wp-image-6429\" src=\"http:\/\/ligueechecsgrandest.fr\/wp-content\/uploads\/2026\/04\/huningue31052026-212x300.png\" alt=\"\" width=\"348\" height=\"492\" srcset=\"https:\/\/ligueechecsgrandest.fr\/wp-content\/uploads\/2026\/04\/huningue31052026-212x300.png 212w, https:\/\/ligueechecsgrandest.fr\/wp-content\/uploads\/2026\/04\/huningue31052026-724x1024.png 724w, https:\/\/ligueechecsgrandest.fr\/wp-content\/uploads\/2026\/04\/huningue31052026-768x1086.png 768w, https:\/\/ligueechecsgrandest.fr\/wp-content\/uploads\/2026\/04\/huningue31052026-1086x1536.png 1086w, https:\/\/ligueechecsgrandest.fr\/wp-content\/uploads\/2026\/04\/huningue31052026.png 1414w\" sizes=\"auto, (max-width: 348px) 100vw, 348px\" \/><\/p>\n<p style=\"text-align: center;\">****<\/p>\n<p><strong>16\u00e8me Festival d&rsquo;Et\u00e9 de Strasbourg &#8211; Du 08 au 12 juillet 2026<\/strong><\/p>\n<p>Toutes les infos : <a href=\"https:\/\/opensechecsstrasbourg.blogspot.com\/\">https:\/\/opensechecsstrasbourg.blogspot.com\/<\/a><\/p>\n<p>Tournoi A : <a href=\"https:\/\/echecs.asso.fr\/FicheTournoi.aspx?Ref=71104\">https:\/\/echecs.asso.fr\/FicheTournoi.aspx?Ref=71104<\/a><\/p>\n<p>Tournoi B : <a href=\"https:\/\/echecs.asso.fr\/FicheTournoi.aspx?Ref=71105\">https:\/\/echecs.asso.fr\/FicheTournoi.aspx?Ref=71105<\/a><\/p>\n<p>Le bulletin d&rsquo;inscription :\u00a0<a href=\"http:\/\/ligueechecsgrandest.fr\/wp-content\/uploads\/2026\/04\/strasbourg0812072026.pdf\">strasbourg0812072026<\/a><\/p>\n<p style=\"text-align: center;\"><img loading=\"lazy\" decoding=\"async\" class=\"alignnone wp-image-6465\" src=\"http:\/\/ligueechecsgrandest.fr\/wp-content\/uploads\/2026\/04\/strasbourg0812072026-212x300.jpg\" alt=\"\" width=\"374\" height=\"529\" srcset=\"https:\/\/ligueechecsgrandest.fr\/wp-content\/uploads\/2026\/04\/strasbourg0812072026-212x300.jpg 212w, https:\/\/ligueechecsgrandest.fr\/wp-content\/uploads\/2026\/04\/strasbourg0812072026-724x1024.jpg 724w, https:\/\/ligueechecsgrandest.fr\/wp-content\/uploads\/2026\/04\/strasbourg0812072026-768x1086.jpg 768w, https:\/\/ligueechecsgrandest.fr\/wp-content\/uploads\/2026\/04\/strasbourg0812072026-1086x1536.jpg 1086w, https:\/\/ligueechecsgrandest.fr\/wp-content\/uploads\/2026\/04\/strasbourg0812072026-1448x2048.jpg 1448w, https:\/\/ligueechecsgrandest.fr\/wp-content\/uploads\/2026\/04\/strasbourg0812072026.jpg 1754w\" sizes=\"auto, (max-width: 374px) 100vw, 374px\" \/><\/p>\n<p style=\"text-align: center;\">****<\/p>\n<p class=\"entry-title\"><strong>10\u00e8me Festival de l\u2019EFE Metz \u2013 Du 22 au 26 juillet 2026<\/strong><\/p>\n<div class=\"entry-meta\"><span style=\"font-size: 16px;\">Toutes les infos : https:\/\/www.helloasso.com\/associations\/ecole-francaise-d-echecs-de-metz\/evenements\/inscription-10eme-festival-de-l-efe-metz<\/span><\/div>\n<div class=\"entry-content\">\n<p>Tournoi A :\u00a0<a href=\"https:\/\/www.echecs.asso.fr\/FicheTournoi.aspx?Ref=71533\">https:\/\/www.echecs.asso.fr\/FicheTournoi.aspx?Ref=71533<\/a><\/p>\n<p>Tournoi B :\u00a0<a href=\"https:\/\/www.echecs.asso.fr\/FicheTournoi.aspx?Ref=7166\">https:\/\/www.echecs.asso.fr\/FicheTournoi.aspx?Ref=71659<\/a><\/p>\n<p>Tournoi C :\u00a0<a href=\"https:\/\/www.echecs.asso.fr\/FicheTournoi.aspx?Ref=71660\">https:\/\/www.echecs.asso.fr\/FicheTournoi.aspx?Ref=71660<\/a><\/p>\n<p>Tournoi D :\u00a0<a href=\"https:\/\/www.echecs.asso.fr\/FicheTournoi.aspx?Ref=7166\">https:\/\/www.echecs.asso.fr\/FicheTournoi.aspx?Ref=71661<\/a><\/p>\n<p><img loading=\"lazy\" decoding=\"async\" class=\"wp-image-6450 aligncenter\" src=\"http:\/\/ligueechecsgrandest.fr\/wp-content\/uploads\/2026\/04\/metz2226072026-216x300.png\" sizes=\"auto, (max-width: 456px) 100vw, 456px\" srcset=\"https:\/\/ligueechecsgrandest.fr\/wp-content\/uploads\/2026\/04\/metz2226072026-216x300.png 216w, https:\/\/ligueechecsgrandest.fr\/wp-content\/uploads\/2026\/04\/metz2226072026.png 625w\" alt=\"\" width=\"456\" height=\"633\" \/><\/p>\n<\/div>\n","protected":false},"excerpt":{"rendered":"<p>&nbsp; &nbsp; F\u00eate des \u00c9checs &#8211; Samedi 25 avril 2026 \u00e0 Hombourg-Budange (57) **** Blitz et Rapide de Thionville &#8211; Les 01, 02 et 03 mai 2026 Toutes les infos : https:\/\/thionville-echecs.fr\/rapide-de-thionville-du-1-au-3-mai\/ 01 mai 2026 &#8211; Les rapides de Thionville &hellip; <a href=\"https:\/\/ligueechecsgrandest.fr\/?page_id=3220\">Continuer la lecture <span class=\"meta-nav\">&rarr;<\/span><\/a><\/p>\n","protected":false},"author":3,"featured_media":0,"parent":0,"menu_order":0,"comment_status":"closed","ping_status":"closed","template":"","meta":{"_EventAllDay":false,"_EventTimezone":"","_EventStartDate":"","_EventEndDate":"","_EventStartDateUTC":"","_EventEndDateUTC":"","_EventShowMap":false,"_EventShowMapLink":false,"_EventURL":"","_EventCost":"","_EventCostDescription":"","_EventCurrencySymbol":"","_EventCurrencyCode":"","_EventCurrencyPosition":"","_EventDateTimeSeparator":"","_EventTimeRangeSeparator":"","_EventOrganizerID":[],"_EventVenueID":[],"_OrganizerEmail":"","_OrganizerPhone":"","_OrganizerWebsite":"","_VenueAddress":"","_VenueCity":"","_VenueCountry":"","_VenueProvince":"","_VenueState":"","_VenueZip":"","_VenuePhone":"","_VenueURL":"","_VenueStateProvince":"","_VenueLat":"","_VenueLng":"","_VenueShowMap":false,"_VenueShowMapLink":false,"footnotes":""},"class_list":["post-3220","page","type-page","status-publish","hentry"],"aioseo_notices":[],"_links":{"self":[{"href":"https:\/\/ligueechecsgrandest.fr\/index.php?rest_route=\/wp\/v2\/pages\/3220","targetHints":{"allow":["GET"]}}],"collection":[{"href":"https:\/\/ligueechecsgrandest.fr\/index.php?rest_route=\/wp\/v2\/pages"}],"about":[{"href":"https:\/\/ligueechecsgrandest.fr\/index.php?rest_route=\/wp\/v2\/types\/page"}],"author":[{"embeddable":true,"href":"https:\/\/ligueechecsgrandest.fr\/index.php?rest_route=\/wp\/v2\/users\/3"}],"replies":[{"embeddable":true,"href":"https:\/\/ligueechecsgrandest.fr\/index.php?rest_route=%2Fwp%2Fv2%2Fcomments&post=3220"}],"version-history":[{"count":106,"href":"https:\/\/ligueechecsgrandest.fr\/index.php?rest_route=\/wp\/v2\/pages\/3220\/revisions"}],"predecessor-version":[{"id":6468,"href":"https:\/\/ligueechecsgrandest.fr\/index.php?rest_route=\/wp\/v2\/pages\/3220\/revisions\/6468"}],"wp:attachment":[{"href":"https:\/\/ligueechecsgrandest.fr\/index.php?rest_route=%2Fwp%2Fv2%2Fmedia&parent=3220"}],"curies":[{"name":"wp","href":"https:\/\/api.w.org\/{rel}","templated":true}]}}