{"id":3208,"date":"2024-08-14T17:10:42","date_gmt":"2024-08-14T15:10:42","guid":{"rendered":"https:\/\/ligueechecsgrandest.fr\/?page_id=3208"},"modified":"2026-03-04T17:51:13","modified_gmt":"2026-03-04T16:51:13","slug":"synthese-des-annonces-de-tournois","status":"publish","type":"page","link":"https:\/\/ligueechecsgrandest.fr\/?page_id=3208","title":{"rendered":"Synth\u00e8se des annonces de tournois"},"content":{"rendered":"<p>Retrouvez la liste (non exhaustive) des tournois homologu\u00e9s annonc\u00e9s dans le Grand Est : <a href=\"https:\/\/ligueechecsgrandest.fr\/?page_id=3208\">https:\/\/ligueechecsgrandest.fr\/?page_id=3208<\/a><\/p>\n<p>Pour annoncer vos tournois sur les r\u00e9seaux sociaux de la LEGE, merci d&rsquo;envoyer votre annonce \u00e0 : <a href=\"mailto:communication@grandest-echecs.fr\">communication@grandest-echecs.fr<\/a><\/p>\n<table width=\"642\">\n<tbody>\n<tr>\n<td width=\"113\">07 mars 2026<\/td>\n<td width=\"246\"><a href=\"https:\/\/www.echecs.asso.fr\/FicheTournoi.aspx?Ref=70280\">Blitz par \u00e9quipe du 24e Festival d\u2019Echecs du Conseil D\u00e9partemental de Meurthe et Moselle<\/a><\/td>\n<td width=\"151\">Nancy (54)<\/td>\n<\/tr>\n<tr>\n<td width=\"113\">07 mars 2026<\/td>\n<td width=\"246\"><a href=\"http:\/\/www.echecs.asso.fr\/FicheTournoi.aspx?Ref=70705\">Rapide de Munchhausen Mars 2026<\/a><\/td>\n<td width=\"151\">Munchhausen (67)<\/td>\n<\/tr>\n<tr>\n<td width=\"113\">08 mars 2026<\/td>\n<td width=\"246\"><a href=\"https:\/\/www.echecs.asso.fr\/FicheTournoi.aspx?Ref=70279\">Rapide du 24e Festival international d\u2019Echecs du Conseil D\u00e9partemental de Meurthe et Moselle<\/a><\/td>\n<td width=\"151\">Nancy (54)<\/td>\n<\/tr>\n<tr>\n<td width=\"113\">08 mars 2026<\/td>\n<td width=\"246\"><a href=\"http:\/\/www.echecs.asso.fr\/FicheTournoi.aspx?Ref=71378\">Rapide de Vagney 2026 &#8211; Tournoi Principal A<\/a><\/td>\n<td width=\"151\">Vagney (88)<\/td>\n<\/tr>\n<tr>\n<td width=\"113\">08 mars 2026<\/td>\n<td width=\"246\"><a href=\"http:\/\/www.echecs.asso.fr\/FicheTournoi.aspx?Ref=71354\">Rapide de Vagney 2026 &#8211; Tournoi Apprenants B<\/a><\/td>\n<td width=\"151\">Vagney (88)<\/td>\n<\/tr>\n<tr>\n<td width=\"113\">13 mars 2026<\/td>\n<td width=\"246\"><a href=\"http:\/\/www.echecs.asso.fr\/FicheTournoi.aspx?Ref=71241\">3e Blitz du Philidor Mulhouse<\/a><\/td>\n<td width=\"151\">Mulhouse (68)<\/td>\n<\/tr>\n<tr>\n<td width=\"113\">Du 04 au 06 avril 2026<\/td>\n<td width=\"246\"><a href=\"https:\/\/www.echecs.asso.fr\/FicheTournoi.aspx?Ref=70436\">23eme Open International de Paques Saint Di\u00e9 des Vosges Tournoi A<\/a><\/td>\n<td width=\"151\">Saint Di\u00e9 des Vosges (88)<\/td>\n<\/tr>\n<tr>\n<td width=\"113\">Du 04 au 06 avril 2026<\/td>\n<td width=\"246\"><a href=\"https:\/\/www.echecs.asso.fr\/FicheTournoi.aspx?Ref=70437\">23eme Open International de Paques Saint Di\u00e9 des Vosges Tournoi B<\/a><\/td>\n<td width=\"151\">Saint Di\u00e9 des Vosges (88)<\/td>\n<\/tr>\n<tr>\n<td width=\"113\">Du 04 au 06 avril 2026<\/td>\n<td width=\"246\"><a href=\"http:\/\/www.echecs.asso.fr\/FicheTournoi.aspx?Ref=71111\">9eme Open International de Givet<\/a><\/td>\n<td width=\"151\">Givet (08)<\/td>\n<\/tr>\n<tr>\n<td width=\"113\">12 avril 2026<\/td>\n<td width=\"246\"><a href=\"http:\/\/www.echecs.asso.fr\/FicheTournoi.aspx?Ref=71504\">Troph\u00e9e Roza Lallemand 2026 ZID Alsace<\/a><\/td>\n<td width=\"151\">Ensisheim (68)<\/td>\n<\/tr>\n<tr>\n<td width=\"113\">12 avril 2026<\/td>\n<td width=\"246\"><a href=\"https:\/\/www.echecs.asso.fr\/FicheTournoi.aspx?Ref=69057\">1er Blitz de Saint-Dizier<\/a><\/td>\n<td width=\"151\">Saint-Dizier (52)<\/td>\n<\/tr>\n<tr>\n<td width=\"113\">12 avril 2026<\/td>\n<td width=\"246\"><a href=\"http:\/\/www.echecs.asso.fr\/FicheTournoi.aspx?Ref=70937\">Tournoi rapide de la R\u00e9gence 2026<\/a><\/td>\n<td width=\"151\">Ensisheim (68)<\/td>\n<\/tr>\n<tr>\n<td width=\"113\">Du 13 au 16 avril 2026<\/td>\n<td width=\"246\"><a href=\"http:\/\/www.echecs.asso.fr\/FicheTournoi.aspx?Ref=71103\">Tournoi FIDE de P\u00e2ques 2026 du Philidor<\/a><\/td>\n<td width=\"151\">Mulhouse (68)<\/td>\n<\/tr>\n<tr>\n<td width=\"113\">01 mai 2026<\/td>\n<td width=\"246\"><a href=\"https:\/\/www.echecs.asso.fr\/FicheTournoi.aspx?Ref=70493\">3\u00e8me Rapide Bogny-sur-Meuse 2026 &#8211; Cinquantenaire 1976-2026<\/a><\/td>\n<td width=\"151\">Bogny sur Meuse (08)<\/td>\n<\/tr>\n<tr>\n<td width=\"113\">03 mai 2026<\/td>\n<td width=\"246\"><a href=\"https:\/\/www.echecs.asso.fr\/FicheTournoi.aspx?Ref=69314\">2\u00e8me Open Rapide de Vouziers &#8211; Principal<\/a><\/td>\n<td width=\"151\">Vouziers (08)<\/td>\n<\/tr>\n<tr>\n<td width=\"113\">03 mai 2026<\/td>\n<td width=\"246\"><a href=\"https:\/\/www.echecs.asso.fr\/FicheTournoi.aspx?Ref=69315\">2\u00e8me Open Rapide de Vouziers &#8211; 1600 Elo<\/a><\/td>\n<td width=\"151\">Vouziers (08)<\/td>\n<\/tr>\n<tr>\n<td width=\"113\">03 mai 2026<\/td>\n<td width=\"246\"><a href=\"http:\/\/www.echecs.asso.fr\/FicheTournoi.aspx?Ref=71397\">Tournoi Rapide de l\u2019Ornain<\/a><\/td>\n<td width=\"151\">Bar le Duc (55)<\/td>\n<\/tr>\n<tr>\n<td width=\"113\">08 mai 2026<\/td>\n<td width=\"246\"><a href=\"http:\/\/www.echecs.asso.fr\/FicheTournoi.aspx?Ref=70794\">23\u00e8me Troph\u00e9e de la ville de Reims Principal<\/a><\/td>\n<td width=\"151\">Reims (51)<\/td>\n<\/tr>\n<tr>\n<td width=\"113\">08 mai 2026<\/td>\n<td width=\"246\"><a href=\"http:\/\/www.echecs.asso.fr\/FicheTournoi.aspx?Ref=70795\">23\u00e8me Troph\u00e9e de la ville de Reims Jeune (-1600)<\/a><\/td>\n<td width=\"151\">Reims (51)<\/td>\n<\/tr>\n<tr>\n<td width=\"113\">Du 23 au 25 mai 2026<\/td>\n<td width=\"246\"><a href=\"http:\/\/www.echecs.asso.fr\/FicheTournoi.aspx?Ref=71470\">Open de Champagne<\/a><\/td>\n<td width=\"151\">Reims (51)<\/td>\n<\/tr>\n<tr>\n<td width=\"113\">Du 23 au 25 mai 2026<\/td>\n<td width=\"246\"><a href=\"http:\/\/www.echecs.asso.fr\/FicheTournoi.aspx?Ref=71318\">2\u00e8mes Masters de Nancy 50 ans et plus (-2400)<\/a><\/td>\n<td width=\"151\">Nancy (54)<\/td>\n<\/tr>\n<tr>\n<td width=\"113\">30 mai 2026<\/td>\n<td width=\"246\"><a href=\"http:\/\/www.echecs.asso.fr\/FicheTournoi.aspx?Ref=71489\">Blitz Bischwiller toutes cat\u00e9gories<\/a><\/td>\n<td width=\"151\">Bischwiller (67)<\/td>\n<\/tr>\n<tr>\n<td width=\"113\">30 mai 2026<\/td>\n<td width=\"246\"><a href=\"http:\/\/www.echecs.asso.fr\/FicheTournoi.aspx?Ref=71493\">Blitz jeunes Bischwiller<\/a><\/td>\n<td width=\"151\">Bischwiller (67)<\/td>\n<\/tr>\n<tr>\n<td width=\"113\">31 mai 2026<\/td>\n<td width=\"246\"><a href=\"http:\/\/www.echecs.asso.fr\/FicheTournoi.aspx?Ref=71490\">Rapide Bischwiller<\/a><\/td>\n<td width=\"151\">Bischwiller (67)<\/td>\n<\/tr>\n<tr>\n<td width=\"113\">31 mai 2026<\/td>\n<td width=\"246\"><a href=\"http:\/\/www.echecs.asso.fr\/FicheTournoi.aspx?Ref=71491\">Rapide Jeunes Bischwiller<\/a><\/td>\n<td width=\"151\">Bischwiller (67)<\/td>\n<\/tr>\n<tr>\n<td width=\"113\">06 juin 2026<\/td>\n<td width=\"246\"><a href=\"https:\/\/www.echecs.asso.fr\/FicheTournoi.aspx?Ref=69019\">16\u00e8me Rapide de Seichamps Echecs<\/a><\/td>\n<td width=\"151\">Seichamps (54)<\/td>\n<\/tr>\n<tr>\n<td width=\"113\">14 juin 2026<\/td>\n<td width=\"246\"><a href=\"https:\/\/www.echecs.asso.fr\/FicheTournoi.aspx?Ref=70567\">3\u00e8me Rapide de Bischheim &#8211; Open A (+1500 Elo)<\/a><\/td>\n<td width=\"151\">Bischheim (67)<\/td>\n<\/tr>\n<tr>\n<td width=\"113\">14 juin 2026<\/td>\n<td width=\"246\"><a href=\"https:\/\/www.echecs.asso.fr\/FicheTournoi.aspx?Ref=70566\">3\u00e8me Rapide de Bischheim &#8211; Open B (-1600 Elo)<\/a><\/td>\n<td width=\"151\">Bischheim (67)<\/td>\n<\/tr>\n<tr>\n<td width=\"113\">Du 08 au 12 juillet 2026<\/td>\n<td width=\"246\"><a href=\"http:\/\/www.echecs.asso.fr\/FicheTournoi.aspx?Ref=71104\">16\u00e8me Festival d&rsquo;Et\u00e9 de Strasbourg &#8211; A<\/a><\/td>\n<td width=\"151\">Strasbourg (67)<\/td>\n<\/tr>\n<tr>\n<td width=\"113\">Du 08 au 12 juillet 2026<\/td>\n<td width=\"246\"><a href=\"http:\/\/www.echecs.asso.fr\/FicheTournoi.aspx?Ref=71105\">16\u00e8me Festival d&rsquo;Et\u00e9 de Strasbourg &#8211; B<\/a><\/td>\n<td width=\"151\">Strasbourg (67)<\/td>\n<\/tr>\n<tr>\n<td width=\"113\">Du 30 juillet au 02 ao\u00fbt 2026<\/td>\n<td width=\"246\"><a href=\"http:\/\/www.echecs.asso.fr\/FicheTournoi.aspx?Ref=71494\">28\u00e8me Open International de Wasselonne &#8211; Tournoi A (plus de 1800)<\/a><\/td>\n<td width=\"151\">Wasselonne (67)<\/td>\n<\/tr>\n<tr>\n<td width=\"113\">Du 30 juillet au 02 ao\u00fbt 2026<\/td>\n<td width=\"246\"><a href=\"http:\/\/www.echecs.asso.fr\/FicheTournoi.aspx?Ref=71495\">28\u00e8me Open International de Wasselonne &#8211; Tournoi B (1600 &#8211; 1899)<\/a><\/td>\n<td width=\"151\">Wasselonne (67)<\/td>\n<\/tr>\n<tr>\n<td width=\"113\">Du 30 juillet au 02 ao\u00fbt 2026<\/td>\n<td width=\"246\"><a href=\"http:\/\/www.echecs.asso.fr\/FicheTournoi.aspx?Ref=71496\">28\u00e8me Open International de Wasselonne &#8211; Tournoi C (moins de 1700)<\/a><\/td>\n<td width=\"151\">Wasselonne (67)<\/td>\n<\/tr>\n<\/tbody>\n<\/table>\n<p>&nbsp;<\/p>\n","protected":false},"excerpt":{"rendered":"<p>Retrouvez la liste (non exhaustive) des tournois homologu\u00e9s annonc\u00e9s dans le Grand Est : https:\/\/ligueechecsgrandest.fr\/?page_id=3208 Pour annoncer vos tournois sur les r\u00e9seaux sociaux de la LEGE, merci d&rsquo;envoyer votre annonce \u00e0 : communication@grandest-echecs.fr 07 mars 2026 Blitz par \u00e9quipe du &hellip; <a href=\"https:\/\/ligueechecsgrandest.fr\/?page_id=3208\">Continuer la lecture <span class=\"meta-nav\">&rarr;<\/span><\/a><\/p>\n","protected":false},"author":3,"featured_media":0,"parent":0,"menu_order":0,"comment_status":"closed","ping_status":"closed","template":"","meta":{"_EventAllDay":false,"_EventTimezone":"","_EventStartDate":"","_EventEndDate":"","_EventStartDateUTC":"","_EventEndDateUTC":"","_EventShowMap":false,"_EventShowMapLink":false,"_EventURL":"","_EventCost":"","_EventCostDescription":"","_EventCurrencySymbol":"","_EventCurrencyCode":"","_EventCurrencyPosition":"","_EventDateTimeSeparator":"","_EventTimeRangeSeparator":"","_EventOrganizerID":[],"_EventVenueID":[],"_OrganizerEmail":"","_OrganizerPhone":"","_OrganizerWebsite":"","_VenueAddress":"","_VenueCity":"","_VenueCountry":"","_VenueProvince":"","_VenueState":"","_VenueZip":"","_VenuePhone":"","_VenueURL":"","_VenueStateProvince":"","_VenueLat":"","_VenueLng":"","_VenueShowMap":false,"_VenueShowMapLink":false,"footnotes":""},"class_list":["post-3208","page","type-page","status-publish","hentry"],"aioseo_notices":[],"_links":{"self":[{"href":"https:\/\/ligueechecsgrandest.fr\/index.php?rest_route=\/wp\/v2\/pages\/3208","targetHints":{"allow":["GET"]}}],"collection":[{"href":"https:\/\/ligueechecsgrandest.fr\/index.php?rest_route=\/wp\/v2\/pages"}],"about":[{"href":"https:\/\/ligueechecsgrandest.fr\/index.php?rest_route=\/wp\/v2\/types\/page"}],"author":[{"embeddable":true,"href":"https:\/\/ligueechecsgrandest.fr\/index.php?rest_route=\/wp\/v2\/users\/3"}],"replies":[{"embeddable":true,"href":"https:\/\/ligueechecsgrandest.fr\/index.php?rest_route=%2Fwp%2Fv2%2Fcomments&post=3208"}],"version-history":[{"count":25,"href":"https:\/\/ligueechecsgrandest.fr\/index.php?rest_route=\/wp\/v2\/pages\/3208\/revisions"}],"predecessor-version":[{"id":6221,"href":"https:\/\/ligueechecsgrandest.fr\/index.php?rest_route=\/wp\/v2\/pages\/3208\/revisions\/6221"}],"wp:attachment":[{"href":"https:\/\/ligueechecsgrandest.fr\/index.php?rest_route=%2Fwp%2Fv2%2Fmedia&parent=3208"}],"curies":[{"name":"wp","href":"https:\/\/api.w.org\/{rel}","templated":true}]}}