{"id":29,"date":"2021-05-30T19:54:10","date_gmt":"2021-05-30T17:54:10","guid":{"rendered":"https:\/\/ligueechecsgrandest.fr\/?page_id=29"},"modified":"2021-07-12T21:47:49","modified_gmt":"2021-07-12T19:47:49","slug":"les-clubs","status":"publish","type":"page","link":"https:\/\/ligueechecsgrandest.fr\/?page_id=29","title":{"rendered":"Les clubs"},"content":{"rendered":"<p>En cliquant sur le lien ci-apr\u00e8s puis sur le d\u00e9partement qui vous int\u00e9resse, vous trouverez la liste de tous <span style=\"color: #800080;\"><em><strong>les clubs d&rsquo;\u00e9checs affili\u00e9s \u00e0 la F\u00e9d\u00e9ration Fran\u00e7aise des Echecs<\/strong><\/em><\/span>.<br \/>\nLe nom de la ville qui est indiqu\u00e9 pour chaque club est celui de son si\u00e8ge administratif. Certains clubs ont \u00e9galement des salles de jeu et de formation dans d&rsquo;autres villes proches de leur si\u00e8ge.<\/p>\n<p>N&rsquo;h\u00e9sitez pas \u00e0 consulter le site Internet du club le plus proche de la ville qui vous int\u00e9resse, pour savoir s&rsquo;il existe d&rsquo;autres salles de jeu dans les villes voisines.<\/p>\n<p>Si vous ne trouvez toujours pas, faites nous le savoir !<br \/>\n<em><span style=\"color: #800080;\">La LEGE a pour objectif de densifier le r\u00e9seau des clubs d&rsquo;\u00e9checs sur le territoire de la R\u00e9gion Gra<\/span><span style=\"color: #800080;\">nd Es<\/span><span style=\"color: #800080;\">t et de couvrir les zones blanches.<\/span><\/em><\/p>\n<h3><a href=\"http:\/\/www.echecs.asso.fr\/Comites.aspx\">La liste des clubs par d\u00e9partement sur le site de la FFE<\/a><\/h3>\n<p>Vous trouverez \u00e9galement des informations utiles dans les sites sur Internet et\/ou Facebook des Comit\u00e9s D\u00e9partementaux du Jeu d&rsquo;\u00e9checs.<\/p>\n<p>&nbsp;<\/p>\n","protected":false},"excerpt":{"rendered":"<p>En cliquant sur le lien ci-apr\u00e8s puis sur le d\u00e9partement qui vous int\u00e9resse, vous trouverez la liste de tous les clubs d&rsquo;\u00e9checs affili\u00e9s \u00e0 la F\u00e9d\u00e9ration Fran\u00e7aise des Echecs. Le nom de la ville qui est indiqu\u00e9 pour chaque club &hellip; <a href=\"https:\/\/ligueechecsgrandest.fr\/?page_id=29\">Continuer la lecture <span class=\"meta-nav\">&rarr;<\/span><\/a><\/p>\n","protected":false},"author":1,"featured_media":0,"parent":0,"menu_order":0,"comment_status":"closed","ping_status":"closed","template":"","meta":{"_EventAllDay":false,"_EventTimezone":"","_EventStartDate":"","_EventEndDate":"","_EventStartDateUTC":"","_EventEndDateUTC":"","_EventShowMap":false,"_EventShowMapLink":false,"_EventURL":"","_EventCost":"","_EventCostDescription":"","_EventCurrencySymbol":"","_EventCurrencyCode":"","_EventCurrencyPosition":"","_EventDateTimeSeparator":"","_EventTimeRangeSeparator":"","_EventOrganizerID":[],"_EventVenueID":[],"_OrganizerEmail":"","_OrganizerPhone":"","_OrganizerWebsite":"","_VenueAddress":"","_VenueCity":"","_VenueCountry":"","_VenueProvince":"","_VenueState":"","_VenueZip":"","_VenuePhone":"","_VenueURL":"","_VenueStateProvince":"","_VenueLat":"","_VenueLng":"","_VenueShowMap":false,"_VenueShowMapLink":false,"footnotes":""},"class_list":["post-29","page","type-page","status-publish","hentry"],"aioseo_notices":[],"_links":{"self":[{"href":"https:\/\/ligueechecsgrandest.fr\/index.php?rest_route=\/wp\/v2\/pages\/29","targetHints":{"allow":["GET"]}}],"collection":[{"href":"https:\/\/ligueechecsgrandest.fr\/index.php?rest_route=\/wp\/v2\/pages"}],"about":[{"href":"https:\/\/ligueechecsgrandest.fr\/index.php?rest_route=\/wp\/v2\/types\/page"}],"author":[{"embeddable":true,"href":"https:\/\/ligueechecsgrandest.fr\/index.php?rest_route=\/wp\/v2\/users\/1"}],"replies":[{"embeddable":true,"href":"https:\/\/ligueechecsgrandest.fr\/index.php?rest_route=%2Fwp%2Fv2%2Fcomments&post=29"}],"version-history":[{"count":9,"href":"https:\/\/ligueechecsgrandest.fr\/index.php?rest_route=\/wp\/v2\/pages\/29\/revisions"}],"predecessor-version":[{"id":631,"href":"https:\/\/ligueechecsgrandest.fr\/index.php?rest_route=\/wp\/v2\/pages\/29\/revisions\/631"}],"wp:attachment":[{"href":"https:\/\/ligueechecsgrandest.fr\/index.php?rest_route=%2Fwp%2Fv2%2Fmedia&parent=29"}],"curies":[{"name":"wp","href":"https:\/\/api.w.org\/{rel}","templated":true}]}}