{"id":2679,"date":"2024-04-27T18:22:25","date_gmt":"2024-04-27T16:22:25","guid":{"rendered":"https:\/\/ligueechecsgrandest.fr\/?page_id=2679"},"modified":"2024-08-28T19:08:33","modified_gmt":"2024-08-28T17:08:33","slug":"infos-generale","status":"publish","type":"page","link":"https:\/\/ligueechecsgrandest.fr\/?page_id=2679","title":{"rendered":"Infos g\u00e9n\u00e9rales"},"content":{"rendered":"<p>La FFE a mis \u00e0 jours ses r\u00e8glements pour la saison 2024-2025.<\/p>\n<p>Les modifications : <a href=\"http:\/\/www.echecs.asso.fr\/Actus\/2864\/Suivi_modifications_2024_25.pdf\">http:\/\/www.echecs.asso.fr\/Actus\/2864\/Suivi_modifications_2024_25.pdf<\/a><\/p>\n<p>Toutes les infos sur le site de la FFE : http:\/\/www.echecs.asso.fr\/Actu.aspx?Ref=13512<\/p>\n<p style=\"text-align: center;\">****<\/p>\n<p>Le calendrier de l&rsquo;intersaison 2024 : <a href=\"http:\/\/www.echecs.asso.fr\/Actus\/6762\/Calendrier_Intersaison_2024.pdf\">Ici<\/a><\/p>\n<p style=\"text-align: center;\"><img loading=\"lazy\" decoding=\"async\" class=\"alignnone wp-image-2684\" src=\"http:\/\/ligueechecsgrandest.fr\/wp-content\/uploads\/2024\/04\/calendrierintersaison2024-288x300.jpg\" alt=\"\" width=\"405\" height=\"422\" srcset=\"https:\/\/ligueechecsgrandest.fr\/wp-content\/uploads\/2024\/04\/calendrierintersaison2024-288x300.jpg 288w, https:\/\/ligueechecsgrandest.fr\/wp-content\/uploads\/2024\/04\/calendrierintersaison2024.jpg 651w\" sizes=\"auto, (max-width: 405px) 100vw, 405px\" \/><\/p>\n<p style=\"text-align: center;\">****<\/p>\n<p>Le calendrier 2024-2025 : <a href=\"http:\/\/www.echecs.asso.fr\/Actus\/6762\/FFE_calendrier_2024-2025.pdf\">Ici<\/a><\/p>\n<p><img loading=\"lazy\" decoding=\"async\" class=\"alignnone wp-image-2685 aligncenter\" src=\"http:\/\/ligueechecsgrandest.fr\/wp-content\/uploads\/2024\/04\/calendrier20242025-300x197.jpg\" alt=\"\" width=\"549\" height=\"361\" srcset=\"https:\/\/ligueechecsgrandest.fr\/wp-content\/uploads\/2024\/04\/calendrier20242025-300x197.jpg 300w, https:\/\/ligueechecsgrandest.fr\/wp-content\/uploads\/2024\/04\/calendrier20242025-768x504.jpg 768w, https:\/\/ligueechecsgrandest.fr\/wp-content\/uploads\/2024\/04\/calendrier20242025.jpg 1016w\" sizes=\"auto, (max-width: 549px) 100vw, 549px\" \/><\/p>\n","protected":false},"excerpt":{"rendered":"<p>La FFE a mis \u00e0 jours ses r\u00e8glements pour la saison 2024-2025. Les modifications : http:\/\/www.echecs.asso.fr\/Actus\/2864\/Suivi_modifications_2024_25.pdf Toutes les infos sur le site de la FFE : http:\/\/www.echecs.asso.fr\/Actu.aspx?Ref=13512 **** Le calendrier de l&rsquo;intersaison 2024 : Ici **** Le calendrier 2024-2025 : &hellip; <a href=\"https:\/\/ligueechecsgrandest.fr\/?page_id=2679\">Continuer la lecture <span class=\"meta-nav\">&rarr;<\/span><\/a><\/p>\n","protected":false},"author":3,"featured_media":0,"parent":0,"menu_order":0,"comment_status":"closed","ping_status":"closed","template":"","meta":{"_EventAllDay":false,"_EventTimezone":"","_EventStartDate":"","_EventEndDate":"","_EventStartDateUTC":"","_EventEndDateUTC":"","_EventShowMap":false,"_EventShowMapLink":false,"_EventURL":"","_EventCost":"","_EventCostDescription":"","_EventCurrencySymbol":"","_EventCurrencyCode":"","_EventCurrencyPosition":"","_EventDateTimeSeparator":"","_EventTimeRangeSeparator":"","_EventOrganizerID":[],"_EventVenueID":[],"_OrganizerEmail":"","_OrganizerPhone":"","_OrganizerWebsite":"","_VenueAddress":"","_VenueCity":"","_VenueCountry":"","_VenueProvince":"","_VenueState":"","_VenueZip":"","_VenuePhone":"","_VenueURL":"","_VenueStateProvince":"","_VenueLat":"","_VenueLng":"","_VenueShowMap":false,"_VenueShowMapLink":false,"footnotes":""},"class_list":["post-2679","page","type-page","status-publish","hentry"],"aioseo_notices":[],"_links":{"self":[{"href":"https:\/\/ligueechecsgrandest.fr\/index.php?rest_route=\/wp\/v2\/pages\/2679","targetHints":{"allow":["GET"]}}],"collection":[{"href":"https:\/\/ligueechecsgrandest.fr\/index.php?rest_route=\/wp\/v2\/pages"}],"about":[{"href":"https:\/\/ligueechecsgrandest.fr\/index.php?rest_route=\/wp\/v2\/types\/page"}],"author":[{"embeddable":true,"href":"https:\/\/ligueechecsgrandest.fr\/index.php?rest_route=\/wp\/v2\/users\/3"}],"replies":[{"embeddable":true,"href":"https:\/\/ligueechecsgrandest.fr\/index.php?rest_route=%2Fwp%2Fv2%2Fcomments&post=2679"}],"version-history":[{"count":6,"href":"https:\/\/ligueechecsgrandest.fr\/index.php?rest_route=\/wp\/v2\/pages\/2679\/revisions"}],"predecessor-version":[{"id":3325,"href":"https:\/\/ligueechecsgrandest.fr\/index.php?rest_route=\/wp\/v2\/pages\/2679\/revisions\/3325"}],"wp:attachment":[{"href":"https:\/\/ligueechecsgrandest.fr\/index.php?rest_route=%2Fwp%2Fv2%2Fmedia&parent=2679"}],"curies":[{"name":"wp","href":"https:\/\/api.w.org\/{rel}","templated":true}]}}