{"id":245,"date":"2021-06-08T07:52:46","date_gmt":"2021-06-08T05:52:46","guid":{"rendered":"https:\/\/ligueechecsgrandest.fr\/?page_id=245"},"modified":"2025-06-15T10:47:18","modified_gmt":"2025-06-15T08:47:18","slug":"scolaires","status":"publish","type":"page","link":"https:\/\/ligueechecsgrandest.fr\/?page_id=245","title":{"rendered":"Scolaires"},"content":{"rendered":"<h1 class=\"entry-title\"><strong style=\"font-size: 16px;\"><em>Saison 2024\/2025<\/em><\/strong><\/h1>\n<div class=\"entry-content\">\n<p><strong>Finale du Championnat de France des \u00e9coles<\/strong><\/p>\n<p>L&rsquo;Echiquier Grenoblois a organis\u00e9 \u00e0 Autrens, durant trois jours, la finale du Championnat de France des \u00e9coles, qui r\u00e9unissait 26 \u00e9quipes.<\/p>\n<p>Trois \u00e9tablissements ont port\u00e9 les couleurs de notre R\u00e9gion avec des r\u00e9sultats tr\u00e8s encourageants puisque les \u00e9coles Pierre Brossolette ( Acad\u00e9mie de Strasbourg ) et Notre Dame Saint-Sigisbert ( Acad\u00e9mie de Nancy-Metz ) se classent 10\u00e8mes ex-aequo. Parcours u eu plus compliqu\u00e9 pour l&rsquo;\u00e9cole Sainte-Marie ( Acad\u00e9mie de Reims ) qui obtient la 26\u00e8me place.<\/p>\n<p>Bravo \u00e0 tous les jeunes joueurs, \u00e0 leurs enseignants , entraineurs et accompagnateurs.<\/p>\n<p>Toutes les infos sur le site de la FFE : <a href=\"https:\/\/www.echecs.asso.fr\/Actu.aspx?Ref=15472\">Ici<\/a><\/p>\n<p style=\"text-align: center;\"><img loading=\"lazy\" decoding=\"async\" class=\"alignnone wp-image-5146\" src=\"http:\/\/ligueechecsgrandest.fr\/wp-content\/uploads\/2025\/06\/20242025finalesecoles-206x300.jpg\" alt=\"\" width=\"416\" height=\"605\" \/><\/p>\n<p><strong>Finale du Championnat de France des coll\u00e8ges<\/strong><\/p>\n<p>Bischheim a accueilli durant 3 jours les 24 \u00e9quipes en lice pour le titre de champion de France des coll\u00e8ges.<\/p>\n<p>A l&rsquo;issue des 9 rondes de comp\u00e9tition, les trois coll\u00e8ges de notre R\u00e9gion terminent au pied du podium, en effet, les coll\u00e8ges de l&rsquo;acad\u00e9mie de Strasbourg,\u00a0 Ried Bischheim et Missions Africaines Hague se classent respectivement 4\u00e8me et 6\u00e8me tandis que le coll\u00e8ge La Malgrange de l&rsquo;acad\u00e9mie de Nancy-Metz d\u00e9croche la 7\u00e8me place.<\/p>\n<p>Bravo \u00e0 tous et notamment \u00e0 l&rsquo;\u00e9quipe d&rsquo;organisation.<\/p>\n<p>Plus d&rsquo;infos sur le site de la FFE : <a href=\"https:\/\/www.echecs.asso.fr\/Actu.aspx?Ref=15471\">Ici<\/a><\/p>\n<p style=\"text-align: center;\"><img loading=\"lazy\" decoding=\"async\" class=\"alignnone wp-image-5151\" src=\"http:\/\/ligueechecsgrandest.fr\/wp-content\/uploads\/2025\/06\/20242025finalescolleges-214x300.jpg\" alt=\"\" width=\"390\" height=\"547\" srcset=\"https:\/\/ligueechecsgrandest.fr\/wp-content\/uploads\/2025\/06\/20242025finalescolleges-214x300.jpg 214w, https:\/\/ligueechecsgrandest.fr\/wp-content\/uploads\/2025\/06\/20242025finalescolleges.jpg 409w\" sizes=\"auto, (max-width: 390px) 100vw, 390px\" \/><\/p>\n<\/div>\n<p style=\"text-align: center;\">****<\/p>\n<h1 class=\"entry-title\"><strong style=\"font-size: 16px;\"><em>Saison 2023\/2024<\/em><\/strong><\/h1>\n<div class=\"entry-content\">\n<p><strong>Finale du Championnat de France des \u00e9coles<\/strong><\/p>\n<p>A l&rsquo;occasion des premiers jours de l&rsquo;\u00e9t\u00e9, L&rsquo;Echiquier L\u00e9donien a organis\u00e9 \u00e0 Montmorot la Finale du Championnat de France des \u00e9coles.<\/p>\n<p>A l&rsquo;issue des 9 rondes, les 2 \u00e9coles de la LEGE, Brossolette de Strasbourg et Paul L\u00e9vy de Saint-Max se classent respectivement 13\u00e8me et 21\u00e8me.<\/p>\n<p>Bravo aux enfants, enseignants, entraineurs et accompagnateurs !!!!<\/p>\n<p>Toutes les infos sur le site de la FFE : <a href=\"http:\/\/www.echecs.asso.fr\/Actu.aspx?Ref=14982\">http:\/\/www.echecs.asso.fr\/Actu.aspx?Ref=14982<\/a><\/p>\n<p style=\"text-align: center;\"><img loading=\"lazy\" decoding=\"async\" class=\"alignnone wp-image-2949\" src=\"http:\/\/ligueechecsgrandest.fr\/wp-content\/uploads\/2024\/06\/20232024finaleecoles-206x300.jpg\" alt=\"\" width=\"385\" height=\"561\" srcset=\"https:\/\/ligueechecsgrandest.fr\/wp-content\/uploads\/2024\/06\/20232024finaleecoles-206x300.jpg 206w, https:\/\/ligueechecsgrandest.fr\/wp-content\/uploads\/2024\/06\/20232024finaleecoles.jpg 449w\" sizes=\"auto, (max-width: 385px) 100vw, 385px\" \/><\/p>\n<p style=\"text-align: center;\"><img loading=\"lazy\" decoding=\"async\" class=\"alignnone wp-image-2951\" src=\"http:\/\/ligueechecsgrandest.fr\/wp-content\/uploads\/2024\/06\/20232024finaleecolesaffiche-209x300.jpg\" alt=\"\" width=\"371\" height=\"532\" srcset=\"https:\/\/ligueechecsgrandest.fr\/wp-content\/uploads\/2024\/06\/20232024finaleecolesaffiche-209x300.jpg 209w, https:\/\/ligueechecsgrandest.fr\/wp-content\/uploads\/2024\/06\/20232024finaleecolesaffiche.jpg 449w\" sizes=\"auto, (max-width: 371px) 100vw, 371px\" \/><\/p>\n<p><strong>Le coll\u00e8ge Saint L\u00e9on IX de Nancy champion de France des coll\u00e8ges !<\/strong><\/p>\n<p>L&rsquo;Echiquier L\u00e9donien a accueilli la finale nationale des Coll\u00e8ges.<\/p>\n<p>Les \u00e9quipes \u00e9taient constitu\u00e9es de 8 joueurs et ont, durant les 2 jours de comp\u00e9titions, disput\u00e9es 9 rondes.<\/p>\n<p>A l&rsquo;issue d&rsquo;un parcours parfait ponctu\u00e9 de 9 victoires, le coll\u00e8ge Saint-L\u00e9on IX de Nancy remporte le titre !!!!<\/p>\n<p>Toutes nos f\u00e9licitations \u00e0 Lucia Stoll, Iris Ciarletta, Eliot Herman, Nathan Felten, Elias Stoll, Cl\u00e9ment Berthe, Louis Carl Michel et Antonin Longo, sans oublier leurs enseignants, accompagnateurs et entraineurs.<\/p>\n<p>Coup de chapeau au coll\u00e8ge Le Ried de Strasbourg qui se classe 5\u00e8me.<\/p>\n<p>Plus d&rsquo;infos sur le site de la FFE : <a href=\"http:\/\/www.echecs.asso.fr\/Actu.aspx?Ref=14960\">Ici<\/a><\/p>\n<p style=\"text-align: center;\"><img loading=\"lazy\" decoding=\"async\" class=\"alignnone wp-image-2867\" src=\"http:\/\/ligueechecsgrandest.fr\/wp-content\/uploads\/2024\/06\/20232024finalecollegesp-300x135.jpg\" alt=\"\" width=\"462\" height=\"208\" srcset=\"https:\/\/ligueechecsgrandest.fr\/wp-content\/uploads\/2024\/06\/20232024finalecollegesp-300x135.jpg 300w, https:\/\/ligueechecsgrandest.fr\/wp-content\/uploads\/2024\/06\/20232024finalecollegesp-1024x459.jpg 1024w, https:\/\/ligueechecsgrandest.fr\/wp-content\/uploads\/2024\/06\/20232024finalecollegesp-768x344.jpg 768w, https:\/\/ligueechecsgrandest.fr\/wp-content\/uploads\/2024\/06\/20232024finalecollegesp.jpg 1200w\" sizes=\"auto, (max-width: 462px) 100vw, 462px\" \/><\/p>\n<p style=\"text-align: center;\"><img loading=\"lazy\" decoding=\"async\" class=\"alignnone wp-image-2866\" src=\"http:\/\/ligueechecsgrandest.fr\/wp-content\/uploads\/2024\/06\/20232024finalecolleges-198x300.jpg\" alt=\"\" width=\"370\" height=\"561\" srcset=\"https:\/\/ligueechecsgrandest.fr\/wp-content\/uploads\/2024\/06\/20232024finalecolleges-198x300.jpg 198w, https:\/\/ligueechecsgrandest.fr\/wp-content\/uploads\/2024\/06\/20232024finalecolleges.jpg 447w\" sizes=\"auto, (max-width: 370px) 100vw, 370px\" \/><\/p>\n<\/div>\n","protected":false},"excerpt":{"rendered":"<p>Saison 2024\/2025 Finale du Championnat de France des \u00e9coles L&rsquo;Echiquier Grenoblois a organis\u00e9 \u00e0 Autrens, durant trois jours, la finale du Championnat de France des \u00e9coles, qui r\u00e9unissait 26 \u00e9quipes. Trois \u00e9tablissements ont port\u00e9 les couleurs de notre R\u00e9gion avec &hellip; <a href=\"https:\/\/ligueechecsgrandest.fr\/?page_id=245\">Continuer la lecture <span class=\"meta-nav\">&rarr;<\/span><\/a><\/p>\n","protected":false},"author":1,"featured_media":0,"parent":0,"menu_order":0,"comment_status":"closed","ping_status":"closed","template":"","meta":{"_EventAllDay":false,"_EventTimezone":"","_EventStartDate":"","_EventEndDate":"","_EventStartDateUTC":"","_EventEndDateUTC":"","_EventShowMap":false,"_EventShowMapLink":false,"_EventURL":"","_EventCost":"","_EventCostDescription":"","_EventCurrencySymbol":"","_EventCurrencyCode":"","_EventCurrencyPosition":"","_EventDateTimeSeparator":"","_EventTimeRangeSeparator":"","_EventOrganizerID":[],"_EventVenueID":[],"_OrganizerEmail":"","_OrganizerPhone":"","_OrganizerWebsite":"","_VenueAddress":"","_VenueCity":"","_VenueCountry":"","_VenueProvince":"","_VenueState":"","_VenueZip":"","_VenuePhone":"","_VenueURL":"","_VenueStateProvince":"","_VenueLat":"","_VenueLng":"","_VenueShowMap":false,"_VenueShowMapLink":false,"footnotes":""},"class_list":["post-245","page","type-page","status-publish","hentry"],"aioseo_notices":[],"_links":{"self":[{"href":"https:\/\/ligueechecsgrandest.fr\/index.php?rest_route=\/wp\/v2\/pages\/245","targetHints":{"allow":["GET"]}}],"collection":[{"href":"https:\/\/ligueechecsgrandest.fr\/index.php?rest_route=\/wp\/v2\/pages"}],"about":[{"href":"https:\/\/ligueechecsgrandest.fr\/index.php?rest_route=\/wp\/v2\/types\/page"}],"author":[{"embeddable":true,"href":"https:\/\/ligueechecsgrandest.fr\/index.php?rest_route=\/wp\/v2\/users\/1"}],"replies":[{"embeddable":true,"href":"https:\/\/ligueechecsgrandest.fr\/index.php?rest_route=%2Fwp%2Fv2%2Fcomments&post=245"}],"version-history":[{"count":12,"href":"https:\/\/ligueechecsgrandest.fr\/index.php?rest_route=\/wp\/v2\/pages\/245\/revisions"}],"predecessor-version":[{"id":5156,"href":"https:\/\/ligueechecsgrandest.fr\/index.php?rest_route=\/wp\/v2\/pages\/245\/revisions\/5156"}],"wp:attachment":[{"href":"https:\/\/ligueechecsgrandest.fr\/index.php?rest_route=%2Fwp%2Fv2%2Fmedia&parent=245"}],"curies":[{"name":"wp","href":"https:\/\/api.w.org\/{rel}","templated":true}]}}