{"id":243,"date":"2021-06-08T07:52:31","date_gmt":"2021-06-08T05:52:31","guid":{"rendered":"https:\/\/ligueechecsgrandest.fr\/?page_id=243"},"modified":"2026-03-23T18:38:36","modified_gmt":"2026-03-23T17:38:36","slug":"coupe-loubatiere","status":"publish","type":"page","link":"https:\/\/ligueechecsgrandest.fr\/?page_id=243","title":{"rendered":"Coupe Loubati\u00e8re"},"content":{"rendered":"<p><strong><em>Saison 2025\/2026<\/em><\/strong><\/p>\n<p><strong>Phase 2 :<\/strong><\/p>\n<p><img loading=\"lazy\" decoding=\"async\" class=\"alignnone wp-image-6314 aligncenter\" src=\"http:\/\/ligueechecsgrandest.fr\/wp-content\/uploads\/2026\/03\/20252026jcl2g-300x153.jpg\" alt=\"\" width=\"433\" height=\"221\" srcset=\"https:\/\/ligueechecsgrandest.fr\/wp-content\/uploads\/2026\/03\/20252026jcl2g-300x153.jpg 300w, https:\/\/ligueechecsgrandest.fr\/wp-content\/uploads\/2026\/03\/20252026jcl2g.jpg 410w\" sizes=\"auto, (max-width: 433px) 100vw, 433px\" \/> <img loading=\"lazy\" decoding=\"async\" class=\"alignnone wp-image-6315 aligncenter\" src=\"http:\/\/ligueechecsgrandest.fr\/wp-content\/uploads\/2026\/03\/20252026jcl2f-300x165.jpg\" alt=\"\" width=\"438\" height=\"241\" srcset=\"https:\/\/ligueechecsgrandest.fr\/wp-content\/uploads\/2026\/03\/20252026jcl2f-300x165.jpg 300w, https:\/\/ligueechecsgrandest.fr\/wp-content\/uploads\/2026\/03\/20252026jcl2f.jpg 407w\" sizes=\"auto, (max-width: 438px) 100vw, 438px\" \/> <img loading=\"lazy\" decoding=\"async\" class=\"alignnone wp-image-6316 aligncenter\" src=\"http:\/\/ligueechecsgrandest.fr\/wp-content\/uploads\/2026\/03\/20252026jcl2e-300x209.jpg\" alt=\"\" width=\"423\" height=\"295\" srcset=\"https:\/\/ligueechecsgrandest.fr\/wp-content\/uploads\/2026\/03\/20252026jcl2e-300x209.jpg 300w, https:\/\/ligueechecsgrandest.fr\/wp-content\/uploads\/2026\/03\/20252026jcl2e.jpg 407w\" sizes=\"auto, (max-width: 423px) 100vw, 423px\" \/> <img loading=\"lazy\" decoding=\"async\" class=\"alignnone wp-image-6317 aligncenter\" src=\"http:\/\/ligueechecsgrandest.fr\/wp-content\/uploads\/2026\/03\/20252026jcl2d-300x206.jpg\" alt=\"\" width=\"415\" height=\"285\" srcset=\"https:\/\/ligueechecsgrandest.fr\/wp-content\/uploads\/2026\/03\/20252026jcl2d-300x206.jpg 300w, https:\/\/ligueechecsgrandest.fr\/wp-content\/uploads\/2026\/03\/20252026jcl2d.jpg 409w\" sizes=\"auto, (max-width: 415px) 100vw, 415px\" \/> <img loading=\"lazy\" decoding=\"async\" class=\"alignnone wp-image-6318 aligncenter\" src=\"http:\/\/ligueechecsgrandest.fr\/wp-content\/uploads\/2026\/03\/20252026jcl2c-300x206.jpg\" alt=\"\" width=\"414\" height=\"284\" srcset=\"https:\/\/ligueechecsgrandest.fr\/wp-content\/uploads\/2026\/03\/20252026jcl2c-300x206.jpg 300w, https:\/\/ligueechecsgrandest.fr\/wp-content\/uploads\/2026\/03\/20252026jcl2c.jpg 410w\" sizes=\"auto, (max-width: 414px) 100vw, 414px\" \/> <img loading=\"lazy\" decoding=\"async\" class=\"alignnone wp-image-6319 aligncenter\" src=\"http:\/\/ligueechecsgrandest.fr\/wp-content\/uploads\/2026\/03\/20252026jcl2b-300x208.jpg\" alt=\"\" width=\"403\" height=\"280\" srcset=\"https:\/\/ligueechecsgrandest.fr\/wp-content\/uploads\/2026\/03\/20252026jcl2b-300x208.jpg 300w, https:\/\/ligueechecsgrandest.fr\/wp-content\/uploads\/2026\/03\/20252026jcl2b.jpg 409w\" sizes=\"auto, (max-width: 403px) 100vw, 403px\" \/> <img loading=\"lazy\" decoding=\"async\" class=\"alignnone wp-image-6320 aligncenter\" src=\"http:\/\/ligueechecsgrandest.fr\/wp-content\/uploads\/2026\/03\/20252026jcl2a-300x233.jpg\" alt=\"\" width=\"402\" height=\"313\" srcset=\"https:\/\/ligueechecsgrandest.fr\/wp-content\/uploads\/2026\/03\/20252026jcl2a-300x233.jpg 300w, https:\/\/ligueechecsgrandest.fr\/wp-content\/uploads\/2026\/03\/20252026jcl2a.jpg 410w\" sizes=\"auto, (max-width: 402px) 100vw, 402px\" \/><\/p>\n<p><strong>Phase d\u00e9partementale :<\/strong><\/p>\n<p><img loading=\"lazy\" decoding=\"async\" class=\"alignnone wp-image-5813 aligncenter\" src=\"http:\/\/ligueechecsgrandest.fr\/wp-content\/uploads\/2025\/11\/20252026jcl68-265x300.jpg\" alt=\"\" width=\"347\" height=\"393\" srcset=\"https:\/\/ligueechecsgrandest.fr\/wp-content\/uploads\/2025\/11\/20252026jcl68-265x300.jpg 265w, https:\/\/ligueechecsgrandest.fr\/wp-content\/uploads\/2025\/11\/20252026jcl68.jpg 409w\" sizes=\"auto, (max-width: 347px) 100vw, 347px\" \/><\/p>\n<p><img loading=\"lazy\" decoding=\"async\" class=\"wp-image-5796 aligncenter\" src=\"http:\/\/ligueechecsgrandest.fr\/wp-content\/uploads\/2025\/11\/20252026jcl671-300x114.jpg\" alt=\"\" width=\"384\" height=\"146\" srcset=\"https:\/\/ligueechecsgrandest.fr\/wp-content\/uploads\/2025\/11\/20252026jcl671-300x114.jpg 300w, https:\/\/ligueechecsgrandest.fr\/wp-content\/uploads\/2025\/11\/20252026jcl671.jpg 407w\" sizes=\"auto, (max-width: 384px) 100vw, 384px\" \/><\/p>\n<p><img loading=\"lazy\" decoding=\"async\" class=\"wp-image-5804 aligncenter\" src=\"http:\/\/ligueechecsgrandest.fr\/wp-content\/uploads\/2025\/11\/20252026jcl67-2-182x300.jpg\" alt=\"\" width=\"388\" height=\"639\" srcset=\"https:\/\/ligueechecsgrandest.fr\/wp-content\/uploads\/2025\/11\/20252026jcl67-2-182x300.jpg 182w, https:\/\/ligueechecsgrandest.fr\/wp-content\/uploads\/2025\/11\/20252026jcl67-2.jpg 410w\" sizes=\"auto, (max-width: 388px) 100vw, 388px\" \/><\/p>\n<p><img loading=\"lazy\" decoding=\"async\" class=\"wp-image-5791 aligncenter\" src=\"http:\/\/ligueechecsgrandest.fr\/wp-content\/uploads\/2025\/11\/20252026jcl51-300x260.jpg\" alt=\"\" width=\"383\" height=\"332\" srcset=\"https:\/\/ligueechecsgrandest.fr\/wp-content\/uploads\/2025\/11\/20252026jcl51-300x260.jpg 300w, https:\/\/ligueechecsgrandest.fr\/wp-content\/uploads\/2025\/11\/20252026jcl51.jpg 409w\" sizes=\"auto, (max-width: 383px) 100vw, 383px\" \/><\/p>\n<p><img loading=\"lazy\" decoding=\"async\" class=\"wp-image-5784 aligncenter\" src=\"http:\/\/ligueechecsgrandest.fr\/wp-content\/uploads\/2025\/11\/20252026jcl08-300x205.jpg\" alt=\"\" width=\"405\" height=\"277\" srcset=\"https:\/\/ligueechecsgrandest.fr\/wp-content\/uploads\/2025\/11\/20252026jcl08-300x205.jpg 300w, https:\/\/ligueechecsgrandest.fr\/wp-content\/uploads\/2025\/11\/20252026jcl08.jpg 409w\" sizes=\"auto, (max-width: 405px) 100vw, 405px\" \/><\/p>\n<p><img loading=\"lazy\" decoding=\"async\" class=\"wp-image-5785 aligncenter\" src=\"http:\/\/ligueechecsgrandest.fr\/wp-content\/uploads\/2025\/11\/20252026jcl081-300x113.jpg\" alt=\"\" width=\"406\" height=\"153\" srcset=\"https:\/\/ligueechecsgrandest.fr\/wp-content\/uploads\/2025\/11\/20252026jcl081-300x113.jpg 300w, https:\/\/ligueechecsgrandest.fr\/wp-content\/uploads\/2025\/11\/20252026jcl081.jpg 408w\" sizes=\"auto, (max-width: 406px) 100vw, 406px\" \/><\/p>\n<p>&nbsp;<\/p>\n<p style=\"text-align: center;\"><img loading=\"lazy\" decoding=\"async\" class=\"alignnone wp-image-5747\" src=\"http:\/\/ligueechecsgrandest.fr\/wp-content\/uploads\/2025\/11\/20252026jcl88-300x154.jpg\" alt=\"\" width=\"374\" height=\"192\" srcset=\"https:\/\/ligueechecsgrandest.fr\/wp-content\/uploads\/2025\/11\/20252026jcl88-300x154.jpg 300w, https:\/\/ligueechecsgrandest.fr\/wp-content\/uploads\/2025\/11\/20252026jcl88.jpg 410w\" sizes=\"auto, (max-width: 374px) 100vw, 374px\" \/><\/p>\n<p style=\"text-align: center;\"><img loading=\"lazy\" decoding=\"async\" class=\"alignnone wp-image-5897\" src=\"http:\/\/ligueechecsgrandest.fr\/wp-content\/uploads\/2025\/11\/20252026jcl882-300x115.jpg\" alt=\"\" width=\"366\" height=\"140\" srcset=\"https:\/\/ligueechecsgrandest.fr\/wp-content\/uploads\/2025\/11\/20252026jcl882-300x115.jpg 300w, https:\/\/ligueechecsgrandest.fr\/wp-content\/uploads\/2025\/11\/20252026jcl882.jpg 411w\" sizes=\"auto, (max-width: 366px) 100vw, 366px\" \/><\/p>\n<p><img loading=\"lazy\" decoding=\"async\" class=\"wp-image-5744 aligncenter\" src=\"http:\/\/ligueechecsgrandest.fr\/wp-content\/uploads\/2025\/11\/20252026jcl54-182x300.jpg\" alt=\"\" width=\"301\" height=\"496\" srcset=\"https:\/\/ligueechecsgrandest.fr\/wp-content\/uploads\/2025\/11\/20252026jcl54-182x300.jpg 182w, https:\/\/ligueechecsgrandest.fr\/wp-content\/uploads\/2025\/11\/20252026jcl54.jpg 409w\" sizes=\"auto, (max-width: 301px) 100vw, 301px\" \/><\/p>\n<p><img loading=\"lazy\" decoding=\"async\" class=\"alignnone wp-image-5741 aligncenter\" src=\"http:\/\/ligueechecsgrandest.fr\/wp-content\/uploads\/2025\/11\/20252026jcl10-300x126.jpg\" alt=\"\" width=\"402\" height=\"169\" srcset=\"https:\/\/ligueechecsgrandest.fr\/wp-content\/uploads\/2025\/11\/20252026jcl10-300x126.jpg 300w, https:\/\/ligueechecsgrandest.fr\/wp-content\/uploads\/2025\/11\/20252026jcl10.jpg 407w\" sizes=\"auto, (max-width: 402px) 100vw, 402px\" \/><\/p>\n<p><img loading=\"lazy\" decoding=\"async\" class=\"wp-image-5913 aligncenter\" src=\"http:\/\/ligueechecsgrandest.fr\/wp-content\/uploads\/2025\/12\/20252026jcl52-1-300x142.jpg\" alt=\"\" width=\"368\" height=\"174\" srcset=\"https:\/\/ligueechecsgrandest.fr\/wp-content\/uploads\/2025\/12\/20252026jcl52-1-300x142.jpg 300w, https:\/\/ligueechecsgrandest.fr\/wp-content\/uploads\/2025\/12\/20252026jcl52-1.jpg 409w\" sizes=\"auto, (max-width: 368px) 100vw, 368px\" \/><\/p>\n<p><img loading=\"lazy\" decoding=\"async\" class=\"wp-image-5854 aligncenter\" src=\"http:\/\/ligueechecsgrandest.fr\/wp-content\/uploads\/2025\/12\/20252026jcl57-182x300.jpg\" alt=\"\" width=\"318\" height=\"524\" srcset=\"https:\/\/ligueechecsgrandest.fr\/wp-content\/uploads\/2025\/12\/20252026jcl57-182x300.jpg 182w, https:\/\/ligueechecsgrandest.fr\/wp-content\/uploads\/2025\/12\/20252026jcl57.jpg 413w\" sizes=\"auto, (max-width: 318px) 100vw, 318px\" \/><\/p>\n<p style=\"text-align: center;\">****<\/p>\n<p><strong><em>Saison 2024\/2025<\/em><\/strong><\/p>\n<p><strong>Phase finale :<\/strong><\/p>\n<p>Chartres a accueilli les 16 \u00e9quipes qualifi\u00e9es pour la phase finale de Coupe Loubati\u00e8re avec au programme 5 rondes disput\u00e9es sur 2 jours.<\/p>\n<p>Le tenant du tire, Nancy Stanislas est pass\u00e9 tout pr\u00e8s de conserver son titre, mais est tomb\u00e9 sur une \u00e9quipe de Tremblay-en-France, en tr\u00e8s grande forme. Au final ,Les Lorrains d\u00e9crochent une tr\u00e8s belle deuxi\u00e8me place.<\/p>\n<p>Mulhouse Philidor n&rsquo;est pas loin du podium, \u00e0 la 5\u00e8me place au d\u00e9partage tandis que la seconde \u00e9quipe de Nancy Stanislas termine en milieu de tableau.<\/p>\n<p>Bravo \u00e0 tous et rendez-vous \u00e0 l&rsquo;automne pour de nouvelles aventures !!!!<\/p>\n<p style=\"text-align: center;\"><img loading=\"lazy\" decoding=\"async\" class=\"alignnone wp-image-5207\" src=\"http:\/\/ligueechecsgrandest.fr\/wp-content\/uploads\/2025\/06\/20242025jclfinale-300x282.jpg\" alt=\"\" width=\"426\" height=\"401\" srcset=\"https:\/\/ligueechecsgrandest.fr\/wp-content\/uploads\/2025\/06\/20242025jclfinale-300x282.jpg 300w, https:\/\/ligueechecsgrandest.fr\/wp-content\/uploads\/2025\/06\/20242025jclfinale.jpg 411w\" sizes=\"auto, (max-width: 426px) 100vw, 426px\" \/><\/p>\n<p><strong>Phase 3 :<\/strong><\/p>\n<p style=\"text-align: center;\"><img loading=\"lazy\" decoding=\"async\" class=\"alignnone wp-image-4991\" src=\"http:\/\/ligueechecsgrandest.fr\/wp-content\/uploads\/2025\/05\/20242025jclphase33-300x153.jpg\" alt=\"\" width=\"467\" height=\"238\" srcset=\"https:\/\/ligueechecsgrandest.fr\/wp-content\/uploads\/2025\/05\/20242025jclphase33-300x153.jpg 300w, https:\/\/ligueechecsgrandest.fr\/wp-content\/uploads\/2025\/05\/20242025jclphase33.jpg 411w\" sizes=\"auto, (max-width: 467px) 100vw, 467px\" \/><\/p>\n<p style=\"text-align: center;\"><img loading=\"lazy\" decoding=\"async\" class=\"alignnone wp-image-4992\" src=\"http:\/\/ligueechecsgrandest.fr\/wp-content\/uploads\/2025\/05\/20242025jclphase32-300x179.jpg\" alt=\"\" width=\"453\" height=\"270\" srcset=\"https:\/\/ligueechecsgrandest.fr\/wp-content\/uploads\/2025\/05\/20242025jclphase32-300x179.jpg 300w, https:\/\/ligueechecsgrandest.fr\/wp-content\/uploads\/2025\/05\/20242025jclphase32.jpg 410w\" sizes=\"auto, (max-width: 453px) 100vw, 453px\" \/><\/p>\n<p style=\"text-align: center;\"><img loading=\"lazy\" decoding=\"async\" class=\"alignnone wp-image-4993\" src=\"http:\/\/ligueechecsgrandest.fr\/wp-content\/uploads\/2025\/05\/20242025jclphase31-300x180.jpg\" alt=\"\" width=\"442\" height=\"265\" srcset=\"https:\/\/ligueechecsgrandest.fr\/wp-content\/uploads\/2025\/05\/20242025jclphase31-300x180.jpg 300w, https:\/\/ligueechecsgrandest.fr\/wp-content\/uploads\/2025\/05\/20242025jclphase31.jpg 409w\" sizes=\"auto, (max-width: 442px) 100vw, 442px\" \/><\/p>\n<p><strong>Phase 2 :<\/strong><\/p>\n<p style=\"text-align: center;\"><img loading=\"lazy\" decoding=\"async\" class=\"alignnone wp-image-4663\" src=\"http:\/\/ligueechecsgrandest.fr\/wp-content\/uploads\/2025\/03\/20242025jclphase2estf-279x300.jpg\" alt=\"\" width=\"442\" height=\"475\" srcset=\"https:\/\/ligueechecsgrandest.fr\/wp-content\/uploads\/2025\/03\/20242025jclphase2estf-279x300.jpg 279w, https:\/\/ligueechecsgrandest.fr\/wp-content\/uploads\/2025\/03\/20242025jclphase2estf.jpg 409w\" sizes=\"auto, (max-width: 442px) 100vw, 442px\" \/><\/p>\n<p>&nbsp;<\/p>\n<p style=\"text-align: center;\"><img loading=\"lazy\" decoding=\"async\" class=\"alignnone wp-image-4664\" src=\"http:\/\/ligueechecsgrandest.fr\/wp-content\/uploads\/2025\/03\/20242025jclphase2este-300x271.jpg\" alt=\"\" width=\"449\" height=\"406\" srcset=\"https:\/\/ligueechecsgrandest.fr\/wp-content\/uploads\/2025\/03\/20242025jclphase2este-300x271.jpg 300w, https:\/\/ligueechecsgrandest.fr\/wp-content\/uploads\/2025\/03\/20242025jclphase2este.jpg 409w\" sizes=\"auto, (max-width: 449px) 100vw, 449px\" \/><\/p>\n<p>&nbsp;<\/p>\n<p style=\"text-align: center;\"><img loading=\"lazy\" decoding=\"async\" class=\"alignnone wp-image-4665\" src=\"http:\/\/ligueechecsgrandest.fr\/wp-content\/uploads\/2025\/03\/20242025jclphase2estd-288x300.jpg\" alt=\"\" width=\"456\" height=\"475\" srcset=\"https:\/\/ligueechecsgrandest.fr\/wp-content\/uploads\/2025\/03\/20242025jclphase2estd-288x300.jpg 288w, https:\/\/ligueechecsgrandest.fr\/wp-content\/uploads\/2025\/03\/20242025jclphase2estd.jpg 409w\" sizes=\"auto, (max-width: 456px) 100vw, 456px\" \/><\/p>\n<p>&nbsp;<\/p>\n<p style=\"text-align: center;\"><img loading=\"lazy\" decoding=\"async\" class=\"alignnone wp-image-4666\" src=\"http:\/\/ligueechecsgrandest.fr\/wp-content\/uploads\/2025\/03\/20242025jclphase2estc-300x273.jpg\" alt=\"\" width=\"453\" height=\"412\" srcset=\"https:\/\/ligueechecsgrandest.fr\/wp-content\/uploads\/2025\/03\/20242025jclphase2estc-300x273.jpg 300w, https:\/\/ligueechecsgrandest.fr\/wp-content\/uploads\/2025\/03\/20242025jclphase2estc.jpg 407w\" sizes=\"auto, (max-width: 453px) 100vw, 453px\" \/><\/p>\n<p style=\"text-align: center;\"><img loading=\"lazy\" decoding=\"async\" class=\"alignnone wp-image-4667\" src=\"http:\/\/ligueechecsgrandest.fr\/wp-content\/uploads\/2025\/03\/20242025jclphase2estb-300x221.jpg\" alt=\"\" width=\"448\" height=\"330\" srcset=\"https:\/\/ligueechecsgrandest.fr\/wp-content\/uploads\/2025\/03\/20242025jclphase2estb-300x221.jpg 300w, https:\/\/ligueechecsgrandest.fr\/wp-content\/uploads\/2025\/03\/20242025jclphase2estb.jpg 407w\" sizes=\"auto, (max-width: 448px) 100vw, 448px\" \/><\/p>\n<p style=\"text-align: center;\"><img loading=\"lazy\" decoding=\"async\" class=\"alignnone wp-image-4668\" src=\"http:\/\/ligueechecsgrandest.fr\/wp-content\/uploads\/2025\/03\/20242025jclphase2esta-232x300.jpg\" alt=\"\" width=\"449\" height=\"580\" srcset=\"https:\/\/ligueechecsgrandest.fr\/wp-content\/uploads\/2025\/03\/20242025jclphase2esta-232x300.jpg 232w, https:\/\/ligueechecsgrandest.fr\/wp-content\/uploads\/2025\/03\/20242025jclphase2esta.jpg 408w\" sizes=\"auto, (max-width: 449px) 100vw, 449px\" \/><\/p>\n<p style=\"text-align: center;\">****<\/p>\n<p><strong><em>Saison 2023\/2024<\/em><\/strong><\/p>\n<p><strong>Finale :<\/strong><\/p>\n<p>Ils l&rsquo;ont fait !!!!<\/p>\n<p>Colin Sur Cotier, Eliot Herman, Hadrien Vallet et Alexandre Huguet, de Nancy Stanislas, entrent dans l&rsquo;Histoire des \u00e9checs en s&rsquo;adjugeant la Coupe Loubati\u00e8re.<\/p>\n<p>A l&rsquo;issue d&rsquo;un parcours quasi parfait, les Nanc\u00e9iens s&rsquo;imposent et ram\u00e8nent la Coupe \u00e0 la Maison.<\/p>\n<p>Toutes nos f\u00e9licitations aux joueurs, entraineurs et accompagnateurs pour ce r\u00e9sultat formidable.<\/p>\n<p>Coup de chapeau aussi \u00e0 Mundolsheim qui finit un peu plus loin non sans avoir r\u00e9ussi de tr\u00e8s belles performances.<\/p>\n<p>Tous nos remerciements au club d&rsquo;Oyonnax pour l&rsquo;organisation de cette finale \u00e0 Hauteville.<\/p>\n<p><img loading=\"lazy\" decoding=\"async\" class=\"alignnone wp-image-3009 aligncenter\" src=\"http:\/\/ligueechecsgrandest.fr\/wp-content\/uploads\/2024\/07\/20232024jclg-268x300.jpg\" alt=\"\" width=\"419\" height=\"469\" srcset=\"https:\/\/ligueechecsgrandest.fr\/wp-content\/uploads\/2024\/07\/20232024jclg-268x300.jpg 268w, https:\/\/ligueechecsgrandest.fr\/wp-content\/uploads\/2024\/07\/20232024jclg.jpg 511w\" sizes=\"auto, (max-width: 419px) 100vw, 419px\" \/><\/p>\n<p><img loading=\"lazy\" decoding=\"async\" class=\"alignnone wp-image-3010 aligncenter\" src=\"http:\/\/ligueechecsgrandest.fr\/wp-content\/uploads\/2024\/07\/20232024jclp-300x225.jpg\" alt=\"\" width=\"404\" height=\"303\" srcset=\"https:\/\/ligueechecsgrandest.fr\/wp-content\/uploads\/2024\/07\/20232024jclp-300x225.jpg 300w, https:\/\/ligueechecsgrandest.fr\/wp-content\/uploads\/2024\/07\/20232024jclp-768x576.jpg 768w, https:\/\/ligueechecsgrandest.fr\/wp-content\/uploads\/2024\/07\/20232024jclp.jpg 1024w\" sizes=\"auto, (max-width: 404px) 100vw, 404px\" \/><\/p>\n","protected":false},"excerpt":{"rendered":"<p>Saison 2025\/2026 Phase 2 : Phase d\u00e9partementale : &nbsp; **** Saison 2024\/2025 Phase finale : Chartres a accueilli les 16 \u00e9quipes qualifi\u00e9es pour la phase finale de Coupe Loubati\u00e8re avec au programme 5 rondes disput\u00e9es sur 2 jours. Le tenant &hellip; <a href=\"https:\/\/ligueechecsgrandest.fr\/?page_id=243\">Continuer la lecture <span class=\"meta-nav\">&rarr;<\/span><\/a><\/p>\n","protected":false},"author":1,"featured_media":0,"parent":0,"menu_order":0,"comment_status":"closed","ping_status":"closed","template":"","meta":{"_EventAllDay":false,"_EventTimezone":"","_EventStartDate":"","_EventEndDate":"","_EventStartDateUTC":"","_EventEndDateUTC":"","_EventShowMap":false,"_EventShowMapLink":false,"_EventURL":"","_EventCost":"","_EventCostDescription":"","_EventCurrencySymbol":"","_EventCurrencyCode":"","_EventCurrencyPosition":"","_EventDateTimeSeparator":"","_EventTimeRangeSeparator":"","_EventOrganizerID":[],"_EventVenueID":[],"_OrganizerEmail":"","_OrganizerPhone":"","_OrganizerWebsite":"","_VenueAddress":"","_VenueCity":"","_VenueCountry":"","_VenueProvince":"","_VenueState":"","_VenueZip":"","_VenuePhone":"","_VenueURL":"","_VenueStateProvince":"","_VenueLat":"","_VenueLng":"","_VenueShowMap":false,"_VenueShowMapLink":false,"footnotes":""},"class_list":["post-243","page","type-page","status-publish","hentry"],"aioseo_notices":[],"_links":{"self":[{"href":"https:\/\/ligueechecsgrandest.fr\/index.php?rest_route=\/wp\/v2\/pages\/243","targetHints":{"allow":["GET"]}}],"collection":[{"href":"https:\/\/ligueechecsgrandest.fr\/index.php?rest_route=\/wp\/v2\/pages"}],"about":[{"href":"https:\/\/ligueechecsgrandest.fr\/index.php?rest_route=\/wp\/v2\/types\/page"}],"author":[{"embeddable":true,"href":"https:\/\/ligueechecsgrandest.fr\/index.php?rest_route=\/wp\/v2\/users\/1"}],"replies":[{"embeddable":true,"href":"https:\/\/ligueechecsgrandest.fr\/index.php?rest_route=%2Fwp%2Fv2%2Fcomments&post=243"}],"version-history":[{"count":11,"href":"https:\/\/ligueechecsgrandest.fr\/index.php?rest_route=\/wp\/v2\/pages\/243\/revisions"}],"predecessor-version":[{"id":6328,"href":"https:\/\/ligueechecsgrandest.fr\/index.php?rest_route=\/wp\/v2\/pages\/243\/revisions\/6328"}],"wp:attachment":[{"href":"https:\/\/ligueechecsgrandest.fr\/index.php?rest_route=%2Fwp%2Fv2%2Fmedia&parent=243"}],"curies":[{"name":"wp","href":"https:\/\/api.w.org\/{rel}","templated":true}]}}