{"id":239,"date":"2021-06-08T07:51:41","date_gmt":"2021-06-08T05:51:41","guid":{"rendered":"https:\/\/ligueechecsgrandest.fr\/?page_id=239"},"modified":"2026-03-17T19:54:40","modified_gmt":"2026-03-17T18:54:40","slug":"coupe-de-la-parite","status":"publish","type":"page","link":"https:\/\/ligueechecsgrandest.fr\/?page_id=239","title":{"rendered":"Coupe de la Parit\u00e9"},"content":{"rendered":"<p><strong><em>Saison 2025\/2026<\/em><\/strong><\/p>\n<p><strong>Phase 1 &#8211; Alsace :<\/strong><\/p>\n<p>Cinq \u00e9quipes alsaciennes se sont rencontr\u00e9es \u00e0 Illkirch Graffenstaden pour y d\u00e9crocher une place qualificative pour la phase suivante.<\/p>\n<p>Les laur\u00e9ats poursuivront l&rsquo;aventure dans quelques semaines.<\/p>\n<p style=\"text-align: center;\"><img loading=\"lazy\" decoding=\"async\" class=\"alignnone wp-image-6294\" src=\"http:\/\/ligueechecsgrandest.fr\/wp-content\/uploads\/2026\/03\/20252026parite-als-300x143.jpg\" alt=\"\" width=\"373\" height=\"178\" srcset=\"https:\/\/ligueechecsgrandest.fr\/wp-content\/uploads\/2026\/03\/20252026parite-als-300x143.jpg 300w, https:\/\/ligueechecsgrandest.fr\/wp-content\/uploads\/2026\/03\/20252026parite-als.jpg 408w\" sizes=\"auto, (max-width: 373px) 100vw, 373px\" \/><\/p>\n<p><strong>Phase 1 &#8211; Lorraine :<\/strong><\/p>\n<p>Dix \u00e9quipes lorraines se sont rencontr\u00e9es \u00e0 Vandoeuvre pour y d\u00e9crocher une place qualificative pour la phase suivante.<\/p>\n<p>Vandoeuvre 1, Stanislas 1, Metz Fischer et Vandoeuvre 2 poursuivront l&rsquo;aventure dans quelques mois.<\/p>\n<p><img loading=\"lazy\" decoding=\"async\" class=\"alignnone wp-image-5820 aligncenter\" src=\"http:\/\/ligueechecsgrandest.fr\/wp-content\/uploads\/2025\/11\/20252026paritelorraine-300x206.jpg\" alt=\"\" width=\"389\" height=\"267\" srcset=\"https:\/\/ligueechecsgrandest.fr\/wp-content\/uploads\/2025\/11\/20252026paritelorraine-300x206.jpg 300w, https:\/\/ligueechecsgrandest.fr\/wp-content\/uploads\/2025\/11\/20252026paritelorraine.jpg 410w\" sizes=\"auto, (max-width: 389px) 100vw, 389px\" \/><\/p>\n<p><strong>Phase 1 &#8211; Champagne-Ardenne<\/strong><\/p>\n<p>Deux \u00e9quipes champardennaises se sont rencontr\u00e9es \u00e0 Ch\u00e2lons en Champagne pour y d\u00e9crocher une place qualificative pour la phase suivante.<\/p>\n<p>L&rsquo;Echiquier Ch\u00e2lonnais poursuivra l&rsquo;aventure dans quelques mois.<\/p>\n<p><img loading=\"lazy\" decoding=\"async\" class=\"alignnone wp-image-6140 aligncenter\" src=\"http:\/\/ligueechecsgrandest.fr\/wp-content\/uploads\/2026\/02\/20252026paritecha-300x104.jpg\" alt=\"\" width=\"407\" height=\"141\" srcset=\"https:\/\/ligueechecsgrandest.fr\/wp-content\/uploads\/2026\/02\/20252026paritecha-300x104.jpg 300w, https:\/\/ligueechecsgrandest.fr\/wp-content\/uploads\/2026\/02\/20252026paritecha.jpg 409w\" sizes=\"auto, (max-width: 407px) 100vw, 407px\" \/><\/p>\n<p>______________________________________________________________<\/p>\n<p style=\"text-align: center;\">****<\/p>\n<p><strong><em>Saison 2024\/2025<\/em><\/strong><\/p>\n<p><strong>Phase finale<\/strong><\/p>\n<p>Poitiers a accueilli la phase finale de Coupe de la Parit\u00e9 disput\u00e9e en 5 rondes sur 2 jours.<\/p>\n<p>Bischwiller, encore aur\u00e9ol\u00e9 de son titre de la saison derni\u00e8re, s&rsquo;est d\u00e9fendu jusqu&rsquo;au bout pour d\u00e9crocher le podium avec une tr\u00e8s belle troisi\u00e8me place.<\/p>\n<p>Les 2 \u00e9quipes de Vandoeuvre se classent quant \u00e0 elles sixi\u00e8me et quinzi\u00e8me.<\/p>\n<p>Toutes nos f\u00e9licitations aux participantes et participants !!!!<\/p>\n<p style=\"text-align: center;\"><img loading=\"lazy\" decoding=\"async\" class=\"alignnone wp-image-5211\" src=\"http:\/\/ligueechecsgrandest.fr\/wp-content\/uploads\/2025\/06\/20242025paritefinale-300x282.jpg\" alt=\"\" width=\"402\" height=\"378\" srcset=\"https:\/\/ligueechecsgrandest.fr\/wp-content\/uploads\/2025\/06\/20242025paritefinale-300x282.jpg 300w, https:\/\/ligueechecsgrandest.fr\/wp-content\/uploads\/2025\/06\/20242025paritefinale.jpg 413w\" sizes=\"auto, (max-width: 402px) 100vw, 402px\" \/><\/p>\n<p><strong>Phase 2 &#8211; Interligue<\/strong><\/p>\n<p>7 \u00e9quipes de la LEGE ont particip\u00e9, dans 3 groupes diff\u00e9rents, \u00e0 la phase Interligue de Coupe de la Parit\u00e9.<\/p>\n<p>Avec pas moins de 4 \u00e9quipes pr\u00e9sentes, Vandoeuvre r\u00e9ussi le tour de force de qualifier 2 teams pour la finale des 28 et 29 juin 2025, qui rejoignent donc le tenant du titre Bischwiller.<\/p>\n<p>Bravo \u00e0 toutes et \u00e0 tous !!!!<\/p>\n<p><img loading=\"lazy\" decoding=\"async\" class=\" wp-image-4997 aligncenter\" src=\"http:\/\/ligueechecsgrandest.fr\/wp-content\/uploads\/2025\/05\/20242025ariteinteligue3-300x115.jpg\" alt=\"\" width=\"480\" height=\"184\" srcset=\"https:\/\/ligueechecsgrandest.fr\/wp-content\/uploads\/2025\/05\/20242025ariteinteligue3-300x115.jpg 300w, https:\/\/ligueechecsgrandest.fr\/wp-content\/uploads\/2025\/05\/20242025ariteinteligue3.jpg 408w\" sizes=\"auto, (max-width: 480px) 100vw, 480px\" \/><\/p>\n<p><img loading=\"lazy\" decoding=\"async\" class=\"wp-image-4998 aligncenter\" src=\"http:\/\/ligueechecsgrandest.fr\/wp-content\/uploads\/2025\/05\/20242025ariteinteligue2-300x115.jpg\" alt=\"\" width=\"472\" height=\"181\" srcset=\"https:\/\/ligueechecsgrandest.fr\/wp-content\/uploads\/2025\/05\/20242025ariteinteligue2-300x115.jpg 300w, https:\/\/ligueechecsgrandest.fr\/wp-content\/uploads\/2025\/05\/20242025ariteinteligue2.jpg 410w\" sizes=\"auto, (max-width: 472px) 100vw, 472px\" \/><\/p>\n<p><img loading=\"lazy\" decoding=\"async\" class=\" wp-image-4999 aligncenter\" src=\"http:\/\/ligueechecsgrandest.fr\/wp-content\/uploads\/2025\/05\/20242025ariteinteligue1-300x127.jpg\" alt=\"\" width=\"470\" height=\"199\" srcset=\"https:\/\/ligueechecsgrandest.fr\/wp-content\/uploads\/2025\/05\/20242025ariteinteligue1-300x127.jpg 300w, https:\/\/ligueechecsgrandest.fr\/wp-content\/uploads\/2025\/05\/20242025ariteinteligue1.jpg 410w\" sizes=\"auto, (max-width: 470px) 100vw, 470px\" \/><\/p>\n<p><strong>Phase 1 &#8211; Alsace<\/strong><\/p>\n<p>Guebwiller a accueilli les cinq \u00e9quipes alsaciennes engag\u00e9es ce te saison en Coupe de la Parit\u00e9.<\/p>\n<p>A l&rsquo;issue des trois rondes disput\u00e9es en format Molter, le Club d&rsquo;Echecs des 3 pays et Illkirch terminent en t\u00eate ex-aequo parfaits.<\/p>\n<p>Bravo \u00e0 toutes et \u00e0 tous et rendez-vous dans quelques semaines pour la suite de la comp\u00e9tition.<\/p>\n<p style=\"text-align: center;\"><img loading=\"lazy\" decoding=\"async\" class=\"alignnone wp-image-4538\" src=\"http:\/\/ligueechecsgrandest.fr\/wp-content\/uploads\/2025\/03\/20242025coupedelapariteals-300x84.jpg\" alt=\"\" width=\"979\" height=\"274\" srcset=\"https:\/\/ligueechecsgrandest.fr\/wp-content\/uploads\/2025\/03\/20242025coupedelapariteals-300x84.jpg 300w, https:\/\/ligueechecsgrandest.fr\/wp-content\/uploads\/2025\/03\/20242025coupedelapariteals-768x216.jpg 768w, https:\/\/ligueechecsgrandest.fr\/wp-content\/uploads\/2025\/03\/20242025coupedelapariteals.jpg 961w\" sizes=\"auto, (max-width: 979px) 100vw, 979px\" \/><\/p>\n<p><strong>Phase 1 &#8211; Champagne-Ardenne<\/strong><\/p>\n<p>Ch\u00e2lons en Champagne a accueilli la phase Champagne-Ardenne de Coupe de la Parit\u00e9. Deux \u00e9quipes ont r\u00e9pondu pr\u00e9sent et se sont donc affront\u00e9es en aller-retour.<\/p>\n<p>A l&rsquo;issue de l&rsquo;apr\u00e8s-midi de comp\u00e9tition, ce sont les locaux qui l&#8217;emportent devant L&rsquo;Echiquier Aubois.<\/p>\n<p>Bravo aux participant(e)s ainsi qu&rsquo;\u00e0 l&rsquo;\u00e9quipe d&rsquo;organisation.<\/p>\n<p><img loading=\"lazy\" decoding=\"async\" class=\"alignnone wp-image-4499\" src=\"http:\/\/ligueechecsgrandest.fr\/wp-content\/uploads\/2025\/02\/20242025coupedelaparitecha-300x42.jpg\" alt=\"\" width=\"1164\" height=\"163\" srcset=\"https:\/\/ligueechecsgrandest.fr\/wp-content\/uploads\/2025\/02\/20242025coupedelaparitecha-300x42.jpg 300w, https:\/\/ligueechecsgrandest.fr\/wp-content\/uploads\/2025\/02\/20242025coupedelaparitecha-768x109.jpg 768w, https:\/\/ligueechecsgrandest.fr\/wp-content\/uploads\/2025\/02\/20242025coupedelaparitecha.jpg 961w\" sizes=\"auto, (max-width: 1164px) 100vw, 1164px\" \/><\/p>\n<p><strong>Phase 1 &#8211; Lorraine :<\/strong><\/p>\n<p>La Lorraine a ouvert le bal des phases ZID de Coupe de la Parit\u00e9 dans le Grand Est.<\/p>\n<p>Pour l&rsquo;occasion, pas moins de treize \u00e9quipes se sont retrouv\u00e9es \u00e0 Vandoeuvre pour se disputer les places qualificatives pour l&rsquo;\u00e9tape suivante.<\/p>\n<p>Les locaux ont r\u00e9ussi le tour de force de truster les premi\u00e8res places, bien accompagn\u00e9s par Nancy Stanislas.<\/p>\n<p>Toutes nos f\u00e9licitations aux joueuses et joueurs ainsi qu&rsquo;\u00e0 l&rsquo;\u00e9quipe d&rsquo;organisation.<\/p>\n<p style=\"text-align: center;\"><img loading=\"lazy\" decoding=\"async\" class=\"alignnone wp-image-4405\" src=\"http:\/\/ligueechecsgrandest.fr\/wp-content\/uploads\/2025\/02\/20242025paritelorraine1-300x104.jpg\" alt=\"\" width=\"998\" height=\"346\" srcset=\"https:\/\/ligueechecsgrandest.fr\/wp-content\/uploads\/2025\/02\/20242025paritelorraine1-300x104.jpg 300w, https:\/\/ligueechecsgrandest.fr\/wp-content\/uploads\/2025\/02\/20242025paritelorraine1-768x266.jpg 768w, https:\/\/ligueechecsgrandest.fr\/wp-content\/uploads\/2025\/02\/20242025paritelorraine1.jpg 960w\" sizes=\"auto, (max-width: 998px) 100vw, 998px\" \/><\/p>\n<p>&nbsp;<\/p>\n<p><img loading=\"lazy\" decoding=\"async\" class=\"alignnone wp-image-4404\" src=\"http:\/\/ligueechecsgrandest.fr\/wp-content\/uploads\/2025\/02\/20242025paritelorraine2-300x120.jpg\" alt=\"\" width=\"940\" height=\"376\" srcset=\"https:\/\/ligueechecsgrandest.fr\/wp-content\/uploads\/2025\/02\/20242025paritelorraine2-300x120.jpg 300w, https:\/\/ligueechecsgrandest.fr\/wp-content\/uploads\/2025\/02\/20242025paritelorraine2-768x307.jpg 768w, https:\/\/ligueechecsgrandest.fr\/wp-content\/uploads\/2025\/02\/20242025paritelorraine2.jpg 961w\" sizes=\"auto, (max-width: 940px) 100vw, 940px\" \/><\/p>\n<p style=\"text-align: center;\">****<\/p>\n<p><strong><em>Saison 2023\/2024<\/em><\/strong><\/p>\n<p><strong>Finale :<\/strong><\/p>\n<p>La finale de Bischwiller en finale de Coupe de la Parit\u00e9 en 3 mots : Veni, Vidi, Vici !!!!<\/p>\n<p>5 matchs, 5 victoires, seulement 2 parties individuelles perdues, la perfection ou presque.<\/p>\n<p>Toutes nos f\u00e9licitations \u00e0 Alexandre Pigeat, Sofia Bellahcene, Julien Steibel et Charl\u00e8ne Ge, sans oublier leurs entraineurs et accompagnateurs.<\/p>\n<p>Beau parcours \u00e9galement de L&rsquo;Echiquier Ch\u00e2lonnais qui entre dans le Top 10 de la comp\u00e9tition.<\/p>\n<p>Tous nos remerciements \u00e0 l&rsquo;\u00e9quipe d&rsquo;organisation de Hauteville.<\/p>\n<p><img loading=\"lazy\" decoding=\"async\" class=\" wp-image-2978 aligncenter\" src=\"http:\/\/ligueechecsgrandest.fr\/wp-content\/uploads\/2024\/07\/20232024coupedelaparitefinaleclassement-263x300.jpg\" alt=\"\" width=\"475\" height=\"541\" srcset=\"https:\/\/ligueechecsgrandest.fr\/wp-content\/uploads\/2024\/07\/20232024coupedelaparitefinaleclassement-263x300.jpg 263w, https:\/\/ligueechecsgrandest.fr\/wp-content\/uploads\/2024\/07\/20232024coupedelaparitefinaleclassement.jpg 411w\" sizes=\"auto, (max-width: 475px) 100vw, 475px\" \/><\/p>\n","protected":false},"excerpt":{"rendered":"<p>Saison 2025\/2026 Phase 1 &#8211; Alsace : Cinq \u00e9quipes alsaciennes se sont rencontr\u00e9es \u00e0 Illkirch Graffenstaden pour y d\u00e9crocher une place qualificative pour la phase suivante. Les laur\u00e9ats poursuivront l&rsquo;aventure dans quelques semaines. Phase 1 &#8211; Lorraine : Dix \u00e9quipes &hellip; <a href=\"https:\/\/ligueechecsgrandest.fr\/?page_id=239\">Continuer la lecture <span class=\"meta-nav\">&rarr;<\/span><\/a><\/p>\n","protected":false},"author":1,"featured_media":0,"parent":0,"menu_order":0,"comment_status":"closed","ping_status":"closed","template":"","meta":{"_EventAllDay":false,"_EventTimezone":"","_EventStartDate":"","_EventEndDate":"","_EventStartDateUTC":"","_EventEndDateUTC":"","_EventShowMap":false,"_EventShowMapLink":false,"_EventURL":"","_EventCost":"","_EventCostDescription":"","_EventCurrencySymbol":"","_EventCurrencyCode":"","_EventCurrencyPosition":"","_EventDateTimeSeparator":"","_EventTimeRangeSeparator":"","_EventOrganizerID":[],"_EventVenueID":[],"_OrganizerEmail":"","_OrganizerPhone":"","_OrganizerWebsite":"","_VenueAddress":"","_VenueCity":"","_VenueCountry":"","_VenueProvince":"","_VenueState":"","_VenueZip":"","_VenuePhone":"","_VenueURL":"","_VenueStateProvince":"","_VenueLat":"","_VenueLng":"","_VenueShowMap":false,"_VenueShowMapLink":false,"footnotes":""},"class_list":["post-239","page","type-page","status-publish","hentry"],"aioseo_notices":[],"_links":{"self":[{"href":"https:\/\/ligueechecsgrandest.fr\/index.php?rest_route=\/wp\/v2\/pages\/239","targetHints":{"allow":["GET"]}}],"collection":[{"href":"https:\/\/ligueechecsgrandest.fr\/index.php?rest_route=\/wp\/v2\/pages"}],"about":[{"href":"https:\/\/ligueechecsgrandest.fr\/index.php?rest_route=\/wp\/v2\/types\/page"}],"author":[{"embeddable":true,"href":"https:\/\/ligueechecsgrandest.fr\/index.php?rest_route=\/wp\/v2\/users\/1"}],"replies":[{"embeddable":true,"href":"https:\/\/ligueechecsgrandest.fr\/index.php?rest_route=%2Fwp%2Fv2%2Fcomments&post=239"}],"version-history":[{"count":17,"href":"https:\/\/ligueechecsgrandest.fr\/index.php?rest_route=\/wp\/v2\/pages\/239\/revisions"}],"predecessor-version":[{"id":6300,"href":"https:\/\/ligueechecsgrandest.fr\/index.php?rest_route=\/wp\/v2\/pages\/239\/revisions\/6300"}],"wp:attachment":[{"href":"https:\/\/ligueechecsgrandest.fr\/index.php?rest_route=%2Fwp%2Fv2%2Fmedia&parent=239"}],"curies":[{"name":"wp","href":"https:\/\/api.w.org\/{rel}","templated":true}]}}