{"id":235,"date":"2021-06-08T07:50:59","date_gmt":"2021-06-08T05:50:59","guid":{"rendered":"https:\/\/ligueechecsgrandest.fr\/?page_id=235"},"modified":"2026-03-12T07:29:19","modified_gmt":"2026-03-12T06:29:19","slug":"interclubs-jeunes","status":"publish","type":"page","link":"https:\/\/ligueechecsgrandest.fr\/?page_id=235","title":{"rendered":"Interclubs jeunes"},"content":{"rendered":"<p><em><strong><span style=\"color: #993366;\">Saison 2025\/2026<\/span><\/strong><\/em><\/p>\n<p><strong>Top Jeunes<\/strong><\/p>\n<p><strong>Poule B :<\/strong><\/p>\n<p>Les deux \u00e9quipes du Grand Est \u00e9voluant en Top Jeunes cette saison, Bischwiller et Mulhouse, ont disput\u00e9 la premi\u00e8re phase de poules dans le groupe B.<\/p>\n<p>Mulhouse a r\u00e9alis\u00e9 un parcours solide qui lui permet de d\u00e9crocher la troisi\u00e8me place de la poule, synonyme de Poule Haute et donc de maintien d&rsquo;ores et et d\u00e9j\u00e0 assur\u00e9. M\u00eame si le titre para\u00eet compliqu\u00e9 \u00e0 d\u00e9crocher, un podium sera sans doute envisageable.<\/p>\n<p>Septi\u00e8me \u00e0 l&rsquo;issue des sept rondes, Bischwiller file en poule Basse pour y \u00e9viter une des quatre derni\u00e8res places de rel\u00e9gable. Un challenge atteignable gr\u00e2ce notamment aux points accumul\u00e9s jusqu&rsquo;\u00e0 pr\u00e9sent.<\/p>\n<p>Rendez-vous du 23 au 25 mai 2026 pour le d\u00e9nouement de cette saison de Top Jeunes.<\/p>\n<p style=\"text-align: center;\"><img loading=\"lazy\" decoding=\"async\" class=\"alignnone  wp-image-5966\" src=\"http:\/\/ligueechecsgrandest.fr\/wp-content\/uploads\/2026\/01\/20252026topjpouleb-300x181.jpg\" alt=\"\" width=\"396\" height=\"239\" srcset=\"https:\/\/ligueechecsgrandest.fr\/wp-content\/uploads\/2026\/01\/20252026topjpouleb-300x181.jpg 300w, https:\/\/ligueechecsgrandest.fr\/wp-content\/uploads\/2026\/01\/20252026topjpouleb.jpg 407w\" sizes=\"auto, (max-width: 396px) 100vw, 396px\" \/><\/p>\n<p>&nbsp;<\/p>\n<p><strong>N1 Jeunes<\/strong><\/p>\n<p>Les r\u00e9sultats de N1 &#8211; Groupe Est : <a href=\"https:\/\/www.echecs.asso.fr\/EquipesCalendrier.aspx?Ref=8&amp;Saison=3000\">https:\/\/www.echecs.asso.fr\/EquipesCalendrier.aspx?Ref=8&amp;Saison=3000<\/a><\/p>\n<p style=\"text-align: center;\"><img loading=\"lazy\" decoding=\"async\" class=\"alignnone wp-image-6150\" src=\"http:\/\/ligueechecsgrandest.fr\/wp-content\/uploads\/2026\/02\/20252026n1jest-300x180.png\" alt=\"\" width=\"400\" height=\"240\" srcset=\"https:\/\/ligueechecsgrandest.fr\/wp-content\/uploads\/2026\/02\/20252026n1jest-300x180.png 300w, https:\/\/ligueechecsgrandest.fr\/wp-content\/uploads\/2026\/02\/20252026n1jest.png 406w\" sizes=\"auto, (max-width: 400px) 100vw, 400px\" \/><\/p>\n<p>&nbsp;<\/p>\n<p><strong>N2 Jeunes<\/strong><\/p>\n<p>Les r\u00e9sultats de N2 Jeunes &#8211; Groupe 3 : <a href=\"https:\/\/www.echecs.asso.fr\/EquipesCalendrier.aspx?Ref=12&amp;Saison=3000\">https:\/\/www.echecs.asso.fr\/EquipesCalendrier.aspx?Ref=12&amp;Saison=3000<\/a><\/p>\n<p style=\"text-align: center;\"><img loading=\"lazy\" decoding=\"async\" class=\"alignnone wp-image-6260\" src=\"http:\/\/ligueechecsgrandest.fr\/wp-content\/uploads\/2026\/03\/20252026n2j3-300x180.png\" alt=\"\" width=\"423\" height=\"254\" srcset=\"https:\/\/ligueechecsgrandest.fr\/wp-content\/uploads\/2026\/03\/20252026n2j3-300x180.png 300w, https:\/\/ligueechecsgrandest.fr\/wp-content\/uploads\/2026\/03\/20252026n2j3.png 406w\" sizes=\"auto, (max-width: 423px) 100vw, 423px\" \/><\/p>\n<p>Les r\u00e9sultats de N2 Jeunes &#8211; Groupe 4 : <a href=\"https:\/\/www.echecs.asso.fr\/EquipesCalendrier.aspx?Ref=13&amp;Saison=3000\">https:\/\/www.echecs.asso.fr\/EquipesCalendrier.aspx?Ref=13&amp;Saison=3000<\/a><\/p>\n<p style=\"text-align: center;\"><img loading=\"lazy\" decoding=\"async\" class=\"alignnone wp-image-6261\" src=\"http:\/\/ligueechecsgrandest.fr\/wp-content\/uploads\/2026\/03\/20252026n2j4-300x180.png\" alt=\"\" width=\"421\" height=\"253\" srcset=\"https:\/\/ligueechecsgrandest.fr\/wp-content\/uploads\/2026\/03\/20252026n2j4-300x180.png 300w, https:\/\/ligueechecsgrandest.fr\/wp-content\/uploads\/2026\/03\/20252026n2j4.png 409w\" sizes=\"auto, (max-width: 421px) 100vw, 421px\" \/><\/p>\n<p style=\"text-align: center;\">****<\/p>\n<p><em><strong><span style=\"color: #993366;\">Saison 2024\/2025<\/span><\/strong><\/em><\/p>\n<p><strong>Top Jeunes<\/strong><\/p>\n<p><strong>Poule Basse :<\/strong><\/p>\n<p>Les meilleures \u00e9quipes jeunes de France \u00e9taient r\u00e9unies \u00e0 la Mairie du XV\u00e8me arrondissement de Paris pour y disputer le dernier acte du Top Jeunes version 2024-2025.<\/p>\n<p>Suite \u00e0 la premi\u00e8re phase, Bischwiller avait \u00e9t\u00e9 revers\u00e9 dans la poule Basse avec l&rsquo;objectif unique d&rsquo;\u00e9viter une des quatre derni\u00e8res places synonymes de rel\u00e9gation.<\/p>\n<p>Au moment de lancer les pendules, le capital points d\u00e9j\u00e0 acquis pla\u00e7ait les Alsaciens en situation tr\u00e8s favorable.<\/p>\n<p>En tr\u00e8s grande forme, les jeunes Bischwillerois ont r\u00e9ussi le parcours parfait en enchainant quatre victoires de rang\u00a0 qui leur permettent de se classer premier de la poule Basse et donc d&rsquo;obtenir le maintien tr\u00e8s facilement.<\/p>\n<p>La saison 2025-2026 verra donc Bischwiller rempiler en Top Jeunes, mais \u00e9galement une seconde \u00e9quipe rejoindre l&rsquo;\u00e9lite, Mulhouse Philidor, titr\u00e9 voil\u00e0 quelques semaines en N1Jeunes.<\/p>\n<p><img loading=\"lazy\" decoding=\"async\" class=\"alignnone wp-image-5104 aligncenter\" src=\"http:\/\/ligueechecsgrandest.fr\/wp-content\/uploads\/2025\/06\/20242025topjeunespoulebasse-300x177.jpg\" alt=\"\" width=\"469\" height=\"277\" srcset=\"https:\/\/ligueechecsgrandest.fr\/wp-content\/uploads\/2025\/06\/20242025topjeunespoulebasse-300x177.jpg 300w, https:\/\/ligueechecsgrandest.fr\/wp-content\/uploads\/2025\/06\/20242025topjeunespoulebasse.jpg 411w\" sizes=\"auto, (max-width: 469px) 100vw, 469px\" \/><\/p>\n<p>&nbsp;<\/p>\n<p><strong>Poule A :<\/strong><\/p>\n<p>Cette saison, Bischwiller est la seule \u00e9quipe \u00e0 repr\u00e9senter notre R\u00e9gion en Top Jeunes.<\/p>\n<p>Comme de coutume, les seize \u00e9quipes en piste ont \u00e9t\u00e9 vers\u00e9es, dans un premier temps, dans deux poules diff\u00e9rentes pour un toutes rondes disput\u00e9 sur deux week-ends.<\/p>\n<p>Le verdict est tomb\u00e9 \u00e0 l&rsquo;issue des sept matchs avec une pointe de d\u00e9ception pour les Alsaciens qui terminent cinqui\u00e8mes et basculent donc en Poule Basse.<\/p>\n<p>En ballottage favorable avec d\u00e9j\u00e0 treize points au compteur, les Bischwillerois auront pour objectif de d\u00e9rocher rapidement une des quatre premi\u00e8res places synonymes de maintien lors de l&rsquo;ultime \u00e9tape programm\u00e9e le week-end de la Pentec\u00f4te.<\/p>\n<p style=\"text-align: center;\"><strong>Les r\u00e9sultats et le classement final<\/strong><\/p>\n<p style=\"text-align: center;\"><img loading=\"lazy\" decoding=\"async\" class=\"alignnone wp-image-4183\" src=\"http:\/\/ligueechecsgrandest.fr\/wp-content\/uploads\/2025\/01\/topjeunespouleb05012024-1-300x200.jpg\" alt=\"\" width=\"794\" height=\"530\" srcset=\"https:\/\/ligueechecsgrandest.fr\/wp-content\/uploads\/2025\/01\/topjeunespouleb05012024-1-300x200.jpg 300w, https:\/\/ligueechecsgrandest.fr\/wp-content\/uploads\/2025\/01\/topjeunespouleb05012024-1.jpg 960w\" sizes=\"auto, (max-width: 794px) 100vw, 794px\" \/><\/p>\n<p>&nbsp;<\/p>\n<p><strong>N1 Jeunes<\/strong><\/p>\n<p>Parcours triomphal pour les jeunes mulhousiens ponctu\u00e9e par une ultime triple ronde tout aussi parfaite que les pr\u00e9c\u00e9dentes. 7 matchs, 7 victoires, pas moins de 81 points de parties gagn\u00e9s. Mulhouse Philidor retrouvera donc le Top Jeunes la saison apr\u00e8s un bref passage en N1Jeunes.<\/p>\n<p>Le podium de la comp\u00e9tition est 100% Grand Est puisque Nancy Stanislas et Vandoeuvre terminent ex-aequo aux deuxi\u00e8me et troisi\u00e8me place.<\/p>\n<p>Saluons \u00e9galement la tr\u00e8s belle quatri\u00e8me place de Ch\u00e2lons en Champagne.<\/p>\n<p>Fin de parcours difficile pour Strasbourg qui, esp\u00e9rons-le, pourra b\u00e9n\u00e9ficier d&rsquo;un rep\u00eachage.<\/p>\n<p>Toutes nos f\u00e9licitations \u00e0 tous les jeunes ainsi qu&rsquo;\u00e0 leurs entraineurs et accompagnateurs et tous nos remerciements aux arbitres et aux organisateurs.<\/p>\n<p><img loading=\"lazy\" decoding=\"async\" class=\"alignnone wp-image-4280 aligncenter\" src=\"http:\/\/ligueechecsgrandest.fr\/wp-content\/uploads\/2025\/01\/n1j27012025-300x198.png\" alt=\"\" width=\"1088\" height=\"718\" srcset=\"https:\/\/ligueechecsgrandest.fr\/wp-content\/uploads\/2025\/01\/n1j27012025-300x198.png 300w, https:\/\/ligueechecsgrandest.fr\/wp-content\/uploads\/2025\/01\/n1j27012025-768x507.png 768w, https:\/\/ligueechecsgrandest.fr\/wp-content\/uploads\/2025\/01\/n1j27012025.png 959w\" sizes=\"auto, (max-width: 1088px) 100vw, 1088px\" \/><\/p>\n<p>&nbsp;<\/p>\n<p style=\"text-align: left;\"><strong>N2 Jeunes<\/strong><\/p>\n<p>Cette saison, les six \u00e9quipes du Grand Est engag\u00e9es en N2 Jeunes \u00e9voluaient dans un groupe unique accompagn\u00e9es par deux teams de la r\u00e9gion parisienne.<\/p>\n<p>A l&rsquo;issue d&rsquo;un parcours quasi parfait, Bischwiller remporte le titre et son billet pour acc\u00e9der \u00e0 l&rsquo;\u00e9chelon sup\u00e9rieur. Toutes nos f\u00e9licitations.<\/p>\n<p>Saluons la tr\u00e8s belle performance de Reims Echec et Mat qui termine sur le podium, deuxi\u00e8me ex-aequo et troisi\u00e8me au d\u00e9partage.<\/p>\n<p>Mundolsheim et Nancy Stanislas 2 r\u00e9alisent des parcours tranquilles pour se classer en milieu de tableau.<\/p>\n<p>Saison un peu plus compliqu\u00e9e pour Thionville et Mossig qui reviendront plus forts la saison prochaine.<\/p>\n<p>Bravo aux jeunes talents de notre R\u00e9gion ainsi qu&rsquo;\u00e0 leurs entraineurs et merci aux b\u00e9n\u00e9voles qui se sont mobilis\u00e9s pour organiser les parties et accompagner la rel\u00e8ve \u00e9chiqu\u00e9enne.<\/p>\n<p style=\"text-align: center;\"><img loading=\"lazy\" decoding=\"async\" class=\"alignnone wp-image-4580\" src=\"http:\/\/ligueechecsgrandest.fr\/wp-content\/uploads\/2025\/03\/20242025n2jeunes1032025-300x199.jpg\" alt=\"\" width=\"862\" height=\"572\" srcset=\"https:\/\/ligueechecsgrandest.fr\/wp-content\/uploads\/2025\/03\/20242025n2jeunes1032025-300x199.jpg 300w, https:\/\/ligueechecsgrandest.fr\/wp-content\/uploads\/2025\/03\/20242025n2jeunes1032025-768x509.jpg 768w, https:\/\/ligueechecsgrandest.fr\/wp-content\/uploads\/2025\/03\/20242025n2jeunes1032025.jpg 959w\" sizes=\"auto, (max-width: 862px) 100vw, 862px\" \/><\/p>\n<p style=\"text-align: center;\">****<\/p>\n<p><em><strong><span style=\"color: #993366;\">Saison 2023\/2024<\/span><\/strong><\/em><\/p>\n<p><strong>Top Jeunes<\/strong><\/p>\n<p>Le Top Jeunes a connu son \u00e9pilogue en ce week-end de la Pentec\u00f4te avec 4 rondes disput\u00e9es dans le cadre de la Mairie du XV\u00e8me Arrondissement de Paris.<\/p>\n<p>Dans la Poule Haute, Bischwiller s&rsquo;est mesur\u00e9 aux cadors nationaux et d\u00e9croche une prometteuse 5\u00e8me place. Rendez-vous dans quelques mois pour de nouvelles aventures en Top Jeunes !!!!<\/p>\n<p><img loading=\"lazy\" decoding=\"async\" class=\"alignnone wp-image-2905 aligncenter\" src=\"http:\/\/ligueechecsgrandest.fr\/wp-content\/uploads\/2024\/06\/20232024topjeuneshaute-300x179.jpg\" alt=\"\" width=\"446\" height=\"266\" srcset=\"https:\/\/ligueechecsgrandest.fr\/wp-content\/uploads\/2024\/06\/20232024topjeuneshaute-300x179.jpg 300w, https:\/\/ligueechecsgrandest.fr\/wp-content\/uploads\/2024\/06\/20232024topjeuneshaute-768x459.jpg 768w, https:\/\/ligueechecsgrandest.fr\/wp-content\/uploads\/2024\/06\/20232024topjeuneshaute.jpg 812w\" sizes=\"auto, (max-width: 446px) 100vw, 446px\" \/><\/p>\n<p>Dans la Poule Basse, Mulhouse et Vandoeuvre avaient en t\u00eate de d\u00e9crocher le maintien. Malheureusement, avec des \u00e9quipes tr\u00e8s proches les unes des autres, nos 2 repr\u00e9sentants n&rsquo;ont pas r\u00e9ussi \u00e0 tirer leur \u00e9pingle du jeu et rejoignent donc la N1 Jeunes.<\/p>\n<p><img loading=\"lazy\" decoding=\"async\" class=\"alignnone wp-image-2904 aligncenter\" src=\"http:\/\/ligueechecsgrandest.fr\/wp-content\/uploads\/2024\/06\/20232024topjeunesbasse-300x179.jpg\" alt=\"\" width=\"440\" height=\"263\" srcset=\"https:\/\/ligueechecsgrandest.fr\/wp-content\/uploads\/2024\/06\/20232024topjeunesbasse-300x179.jpg 300w, https:\/\/ligueechecsgrandest.fr\/wp-content\/uploads\/2024\/06\/20232024topjeunesbasse-768x459.jpg 768w, https:\/\/ligueechecsgrandest.fr\/wp-content\/uploads\/2024\/06\/20232024topjeunesbasse.jpg 815w\" sizes=\"auto, (max-width: 440px) 100vw, 440px\" \/><\/p>\n<p>Bravo \u00e0 tous les jeunes qui se sont battus jusqu&rsquo;au bout ainsi qu&rsquo;\u00e0 leurs entraineurs et accompagnateurs pour leur d\u00e9vouement.<\/p>\n<p><strong>N1 Jeunes<\/strong><\/p>\n<p>Nos \u00e9quipes ont \u00e9volu\u00e9 cette saison dans un groupe allant de Lille \u00e0 Belfort, beaucoup de route et de matchs \u00e0 mi-distance au programme.<\/p>\n<p>Au final, Ch\u00e2lons, Nancy Stanislas et Bischwiller 2 r\u00e9alisent un joli tir group\u00e9 en terminant aux 3\u00e8me, 5\u00e8me et 6\u00e8me places. Saison finalement tranquille sans pression de la mont\u00e9e ou de la rel\u00e9gation.<\/p>\n<p>Retour sur les \u00e9chiquiers dans quelques mois !!!!<\/p>\n<p style=\"text-align: center;\"><img loading=\"lazy\" decoding=\"async\" class=\"alignnone wp-image-2903\" src=\"http:\/\/ligueechecsgrandest.fr\/wp-content\/uploads\/2024\/06\/20232024n1jeunes-300x179.jpg\" alt=\"\" width=\"459\" height=\"274\" srcset=\"https:\/\/ligueechecsgrandest.fr\/wp-content\/uploads\/2024\/06\/20232024n1jeunes-300x179.jpg 300w, https:\/\/ligueechecsgrandest.fr\/wp-content\/uploads\/2024\/06\/20232024n1jeunes-768x459.jpg 768w, https:\/\/ligueechecsgrandest.fr\/wp-content\/uploads\/2024\/06\/20232024n1jeunes.jpg 806w\" sizes=\"auto, (max-width: 459px) 100vw, 459px\" \/><\/p>\n<p><strong>N2 Jeunes<\/strong><\/p>\n<p>8 \u00e9quipes de la LEGE en piste dans le groupe 4 avec en jeu un ticket pour l&rsquo;antichambre de l&rsquo;\u00e9lite fran\u00e7aise.<\/p>\n<p>A l&rsquo;issue d&rsquo;un mano \u00e0 mano \u00e9poustouflant, Strasbourg d\u00e9croche le pr\u00e9cieux s\u00e9same au d\u00e9partage devant Mulhouse 2<\/p>\n<p><img loading=\"lazy\" decoding=\"async\" class=\"wp-image-2902 aligncenter\" src=\"http:\/\/ligueechecsgrandest.fr\/wp-content\/uploads\/2024\/06\/20232024n2jeunes-300x179.jpg\" alt=\"\" width=\"489\" height=\"292\" srcset=\"https:\/\/ligueechecsgrandest.fr\/wp-content\/uploads\/2024\/06\/20232024n2jeunes-300x179.jpg 300w, https:\/\/ligueechecsgrandest.fr\/wp-content\/uploads\/2024\/06\/20232024n2jeunes-768x457.jpg 768w, https:\/\/ligueechecsgrandest.fr\/wp-content\/uploads\/2024\/06\/20232024n2jeunes.jpg 811w\" sizes=\"auto, (max-width: 489px) 100vw, 489px\" \/><\/p>\n<p style=\"text-align: center;\">****<\/p>\n<p><em><strong><span style=\"color: #993366;\">Saison 2022\/2023<\/span><\/strong><\/em><\/p>\n<p><strong>Poule haute<\/strong><\/p>\n<p>5\u00e8me\u00a0 Bischwiller\u00a0 \u00a0 \u00a027 points<br \/>\n8\u00e8me Mulhouse\u00a0 \u00a0 \u00a017 points<\/p>\n<p><strong>Poule basse<\/strong><\/p>\n<p>3\u00e8me\u00a0 \u00a0Vandoeuvre Echecs\u00a0 \u00a021 points<br \/>\n6\u00e8me\u00a0 \u00a0Nancy Stanislas\u00a0 \u00a0 \u00a0 \u00a0 \u00a0 18 points<\/p>\n","protected":false},"excerpt":{"rendered":"<p>Saison 2025\/2026 Top Jeunes Poule B : Les deux \u00e9quipes du Grand Est \u00e9voluant en Top Jeunes cette saison, Bischwiller et Mulhouse, ont disput\u00e9 la premi\u00e8re phase de poules dans le groupe B. Mulhouse a r\u00e9alis\u00e9 un parcours solide qui &hellip; <a href=\"https:\/\/ligueechecsgrandest.fr\/?page_id=235\">Continuer la lecture <span class=\"meta-nav\">&rarr;<\/span><\/a><\/p>\n","protected":false},"author":1,"featured_media":0,"parent":0,"menu_order":0,"comment_status":"closed","ping_status":"closed","template":"","meta":{"_EventAllDay":false,"_EventTimezone":"","_EventStartDate":"","_EventEndDate":"","_EventStartDateUTC":"","_EventEndDateUTC":"","_EventShowMap":false,"_EventShowMapLink":false,"_EventURL":"","_EventCost":"","_EventCostDescription":"","_EventCurrencySymbol":"","_EventCurrencyCode":"","_EventCurrencyPosition":"","_EventDateTimeSeparator":"","_EventTimeRangeSeparator":"","_EventOrganizerID":[],"_EventVenueID":[],"_OrganizerEmail":"","_OrganizerPhone":"","_OrganizerWebsite":"","_VenueAddress":"","_VenueCity":"","_VenueCountry":"","_VenueProvince":"","_VenueState":"","_VenueZip":"","_VenuePhone":"","_VenueURL":"","_VenueStateProvince":"","_VenueLat":"","_VenueLng":"","_VenueShowMap":false,"_VenueShowMapLink":false,"footnotes":""},"class_list":["post-235","page","type-page","status-publish","hentry"],"aioseo_notices":[],"_links":{"self":[{"href":"https:\/\/ligueechecsgrandest.fr\/index.php?rest_route=\/wp\/v2\/pages\/235","targetHints":{"allow":["GET"]}}],"collection":[{"href":"https:\/\/ligueechecsgrandest.fr\/index.php?rest_route=\/wp\/v2\/pages"}],"about":[{"href":"https:\/\/ligueechecsgrandest.fr\/index.php?rest_route=\/wp\/v2\/types\/page"}],"author":[{"embeddable":true,"href":"https:\/\/ligueechecsgrandest.fr\/index.php?rest_route=\/wp\/v2\/users\/1"}],"replies":[{"embeddable":true,"href":"https:\/\/ligueechecsgrandest.fr\/index.php?rest_route=%2Fwp%2Fv2%2Fcomments&post=235"}],"version-history":[{"count":36,"href":"https:\/\/ligueechecsgrandest.fr\/index.php?rest_route=\/wp\/v2\/pages\/235\/revisions"}],"predecessor-version":[{"id":6264,"href":"https:\/\/ligueechecsgrandest.fr\/index.php?rest_route=\/wp\/v2\/pages\/235\/revisions\/6264"}],"wp:attachment":[{"href":"https:\/\/ligueechecsgrandest.fr\/index.php?rest_route=%2Fwp%2Fv2%2Fmedia&parent=235"}],"curies":[{"name":"wp","href":"https:\/\/api.w.org\/{rel}","templated":true}]}}