{"id":233,"date":"2021-06-08T07:50:32","date_gmt":"2021-06-08T05:50:32","guid":{"rendered":"https:\/\/ligueechecsgrandest.fr\/?page_id=233"},"modified":"2026-03-28T18:22:49","modified_gmt":"2026-03-28T17:22:49","slug":"interclubs-feminins","status":"publish","type":"page","link":"https:\/\/ligueechecsgrandest.fr\/?page_id=233","title":{"rendered":"Interclubs f\u00e9minins"},"content":{"rendered":"<p class=\"para_justifie\" style=\"text-align: center;\"><strong><em><span style=\"color: #993366;\">Saison 2025\/2026<\/span><\/em><\/strong><\/p>\n<p><strong>Top12 F\u00e9minin &#8211; Phase finale<\/strong><\/p>\n<p>&nbsp;<\/p>\n<p><strong>Top12 F\u00e9minin &#8211; Phase de poules<\/strong><\/p>\n<p>&nbsp;<\/p>\n<p style=\"text-align: center;\">****<\/p>\n<p><strong>N1 F\u00e9minin<\/strong><\/p>\n<p>&nbsp;<\/p>\n<p style=\"text-align: center;\">****<\/p>\n<p><strong>N2 F\u00e9minin<\/strong><\/p>\n<p>S\u00e9lestat a accueilli la Phase Alsace de N2F \u00e0 laquelle pas moins de 7 \u00e9quipes ont particip\u00e9. Qui dit nombre impair dit molter avec au final la victoire d&rsquo;entente S\u00e9lestat-Obernai devant Strasbourg 1 et 2.<\/p>\n<p>Ces 3 \u00e9quipes ont rendez-vous pour la prochaine \u00e9tape le 17 mai 2026 avec la phase Inter ZID qui d\u00e9terminera les \u00e9quipes invit\u00e9es \u00e0 \u00e9voluer \u00e0 l&rsquo;\u00e9chelon sup\u00e9rieur la saison prochaine.<\/p>\n<p style=\"text-align: center;\"><img loading=\"lazy\" decoding=\"async\" class=\"alignnone wp-image-5996\" src=\"http:\/\/ligueechecsgrandest.fr\/wp-content\/uploads\/2026\/01\/20252026n2falsace-300x167.jpg\" alt=\"\" width=\"390\" height=\"217\" srcset=\"https:\/\/ligueechecsgrandest.fr\/wp-content\/uploads\/2026\/01\/20252026n2falsace-300x167.jpg 300w, https:\/\/ligueechecsgrandest.fr\/wp-content\/uploads\/2026\/01\/20252026n2falsace.jpg 409w\" sizes=\"auto, (max-width: 390px) 100vw, 390px\" \/><\/p>\n<p>Saint-Max a accueilli la Phase Lorraine de N2F \u00e0 laquelle 8 \u00e9quipes ont particip\u00e9. Saint-Max 1 s&rsquo;impose et sera accompagn\u00e9 de Vandoeuvre et Metz Benko pour disputer\u00a0le 17 mai 2026 la phase Inter ZID qui d\u00e9terminera les \u00e9quipes invit\u00e9es \u00e0 \u00e9voluer \u00e0 l\u2019\u00e9chelon sup\u00e9rieur la saison prochaine.<\/p>\n<p><img loading=\"lazy\" decoding=\"async\" class=\"wp-image-6350 aligncenter\" src=\"http:\/\/ligueechecsgrandest.fr\/wp-content\/uploads\/2026\/03\/20252026n2florraine-300x178.png\" alt=\"\" width=\"394\" height=\"234\" srcset=\"https:\/\/ligueechecsgrandest.fr\/wp-content\/uploads\/2026\/03\/20252026n2florraine-300x178.png 300w, https:\/\/ligueechecsgrandest.fr\/wp-content\/uploads\/2026\/03\/20252026n2florraine.png 404w\" sizes=\"auto, (max-width: 394px) 100vw, 394px\" \/><\/p>\n<p style=\"text-align: center;\">****<\/p>\n<p class=\"para_justifie\" style=\"text-align: center;\"><strong><em><span style=\"color: #993366;\">Saison 2024\/2025<\/span><\/em><\/strong><\/p>\n<p><strong>Top12 F\u00e9minin &#8211; Phase finale<\/strong><\/p>\n<p style=\"text-align: left;\">Poitiers a accueilli la phase finale du Top12 F\u00e9minin, r\u00e9unissant les 4 meilleures \u00e9quipes des phases de poules.<\/p>\n<p>Les demi-finales du samedi ont vu une rencontre 100% Grand Est puisque Mulhouse Philidor et Vandoeuvre se disputaient une place pour aller encore plus haut. A l&rsquo;issue d&rsquo;une rencontre de haut vol, ce sont les Alsaciennes qui s&rsquo;imposent sur le score de 3 \u00e0 0, l&rsquo;autre rencontre voyant Monaco s&rsquo;imposer devant Chartres.<\/p>\n<p><img loading=\"lazy\" decoding=\"async\" class=\"wp-image-5202 aligncenter\" src=\"http:\/\/ligueechecsgrandest.fr\/wp-content\/uploads\/2025\/06\/20242025top12fdemifinale-300x103.jpg\" alt=\"\" width=\"513\" height=\"176\" srcset=\"https:\/\/ligueechecsgrandest.fr\/wp-content\/uploads\/2025\/06\/20242025top12fdemifinale-300x103.jpg 300w, https:\/\/ligueechecsgrandest.fr\/wp-content\/uploads\/2025\/06\/20242025top12fdemifinale.jpg 541w\" sizes=\"auto, (max-width: 513px) 100vw, 513px\" \/><\/p>\n<p>Dimanche de finale pour les Mulhousiennes face aux joueuses de la Principaut\u00e9 pour un affrontement \u00e9pique qui a vu les joueuses de notre R\u00e9gion se surpasser et accrocher le match nul 1 \u00e0 1. Malheureusement, au jeu du d\u00e9partage, elles sont finalement deuxi\u00e8me et donc vice-championnes de France<\/p>\n<p>Rencontre plus difficile pour les Vandop\u00e9riennes qui ne parviennent pas \u00e0 d\u00e9crocher le podium.<\/p>\n<p style=\"text-align: center;\"><img loading=\"lazy\" decoding=\"async\" class=\"alignnone wp-image-5203\" src=\"http:\/\/ligueechecsgrandest.fr\/wp-content\/uploads\/2025\/06\/20242025top12finale-300x104.jpg\" alt=\"\" width=\"519\" height=\"180\" srcset=\"https:\/\/ligueechecsgrandest.fr\/wp-content\/uploads\/2025\/06\/20242025top12finale-300x104.jpg 300w, https:\/\/ligueechecsgrandest.fr\/wp-content\/uploads\/2025\/06\/20242025top12finale.jpg 542w\" sizes=\"auto, (max-width: 519px) 100vw, 519px\" \/><\/p>\n<p>Toutes nos f\u00e9licitations aux joueuses de Mulhouse Philidor et Vandoeuvre !!!!<\/p>\n<p><strong>Top12 F\u00e9minin &#8211; Phase de poules<\/strong><\/p>\n<p>Les 12 meilleures \u00e9quipes f\u00e9minines de France s&rsquo;\u00e9taient donn\u00e9es rendez-vous dans la Ville Lumi\u00e8re pour y disputer la phase de poules de Top12F.<\/p>\n<p>Programme tr\u00e8s simple : 2 groupes de 6 &#8211; 4 \u00e9quipes du Grand Est en lice ( 2 par groupe ) &#8211; 5 matchs pour chaque \u00e9quipes &#8211; Les 2 premi\u00e8res filent en demi-finale &#8211; Les 2 suivantes se maintiennent &#8211; Les 2 derni\u00e8res descendent d&rsquo;une division.<\/p>\n<p>La comp\u00e9tition a \u00e9t\u00e9 des plus disput\u00e9es et il a fallu attendre les ultimes parties pour conna\u00eetre la destin\u00e9e de chaque \u00e9quipe.<\/p>\n<p>Notre R\u00e9gion a connu des r\u00e9sultats tr\u00e8s contrast\u00e9s. C\u00f4t\u00e9 bonnes ( et m\u00eame excellentes ) nouvelles, Vandoeuvre et Mulhouse Philidor ont d\u00e9croch\u00e9 leur ticket pour les demi-finales et auront m\u00eame l&rsquo;occasion de se rencontrer \u00e0 cette occasion. C\u00f4t\u00e9 r\u00e9sultats moins positifs, L&rsquo;Echiquier Ch\u00e2lonnais et Bischwiller n&rsquo;ont pas r\u00e9ussi \u00e0 sauver leur place parmi l&rsquo;\u00e9lite et devront donc batailler la saison prochaine en N1F pour retrouver rapidement le plus haut-niveau.<\/p>\n<p>Rendez-vous d\u00e9sormais le 28 juin 2025 pour le choc Vandoeuvre &#8211; Mulhouse Philidor.<\/p>\n<p>F\u00e9licitations \u00e0 toutes les joueuses !!!!<\/p>\n<p style=\"text-align: center;\">\u00a0<img loading=\"lazy\" decoding=\"async\" class=\"alignnone wp-image-4969\" src=\"http:\/\/ligueechecsgrandest.fr\/wp-content\/uploads\/2025\/05\/20242025top12fa-300x152.jpg\" alt=\"\" width=\"491\" height=\"249\" srcset=\"https:\/\/ligueechecsgrandest.fr\/wp-content\/uploads\/2025\/05\/20242025top12fa-300x152.jpg 300w, https:\/\/ligueechecsgrandest.fr\/wp-content\/uploads\/2025\/05\/20242025top12fa.jpg 409w\" sizes=\"auto, (max-width: 491px) 100vw, 491px\" \/><\/p>\n<p style=\"text-align: center;\"><img loading=\"lazy\" decoding=\"async\" class=\"alignnone wp-image-4968\" src=\"http:\/\/ligueechecsgrandest.fr\/wp-content\/uploads\/2025\/05\/20242025top12fb-300x155.jpg\" alt=\"\" width=\"494\" height=\"255\" srcset=\"https:\/\/ligueechecsgrandest.fr\/wp-content\/uploads\/2025\/05\/20242025top12fb-300x155.jpg 300w, https:\/\/ligueechecsgrandest.fr\/wp-content\/uploads\/2025\/05\/20242025top12fb.jpg 408w\" sizes=\"auto, (max-width: 494px) 100vw, 494px\" \/><\/p>\n<p style=\"text-align: center;\">****<\/p>\n<p><strong>N1 F\u00e9minin<\/strong><\/p>\n<p>L&rsquo;Echiquier Ch\u00e2lonnais a accueilli les 09 et 10 mai 2025 les \u00e9quipes f\u00e9minines engag\u00e9es en N1F sur un quart Est \u00e9largi.<\/p>\n<p>Week-end de comp\u00e9tition \u00e9videmment, mais aussi et surtout, week-end plac\u00e9 sous le signe de la convivialit\u00e9 et de la bonne humeur.<\/p>\n<p>Deux \u00e9quipes n&rsquo;ayant pu r\u00e9pondre pr\u00e9sentes, ce sont donc six teams f\u00e9minins qui se sont affront\u00e9s durant deux jours.<\/p>\n<p>Lyon Olympique Echecs, avec son effectif taill\u00e9 pour l&#8217;emporter, s&rsquo;impose logiquement. Nos quatre repr\u00e9sentants n&rsquo;ont pas \u00e0 rougir de leurs r\u00e9sultats puisque Nancy Stanislas est un brillant dauphin, Reims Echec et Mat, Strasbourg et L&rsquo;Echiquier Ch\u00e2lonnais se classant de la quatri\u00e8me \u00e0 la sixi\u00e8me place.<\/p>\n<p>Bravo \u00e0 toutes ainsi qu&rsquo;aux organisateurs.<\/p>\n<p style=\"text-align: center;\"><img loading=\"lazy\" decoding=\"async\" class=\"alignnone wp-image-4964\" src=\"http:\/\/ligueechecsgrandest.fr\/wp-content\/uploads\/2025\/05\/20242025n1f-300x181.jpg\" alt=\"\" width=\"476\" height=\"287\" srcset=\"https:\/\/ligueechecsgrandest.fr\/wp-content\/uploads\/2025\/05\/20242025n1f-300x181.jpg 300w, https:\/\/ligueechecsgrandest.fr\/wp-content\/uploads\/2025\/05\/20242025n1f.jpg 410w\" sizes=\"auto, (max-width: 476px) 100vw, 476px\" \/><\/p>\n<p style=\"text-align: center;\">****<\/p>\n<p><strong>N2 F\u00e9minin<\/strong><\/p>\n<p>Vandoeuvre a accueilli la phase Inter ZID de N2F en ce 10 mai 2025. Avec 3 \u00e9quipes en piste ( les locales de l&rsquo;\u00e9tape, les voisines de Nancy Stanislas et les repr\u00e9sentantes de Huningue ), la comp\u00e9tition s&rsquo;est donc d\u00e9roul\u00e9e en toutes rondes.<\/p>\n<p>Les Vandop\u00e9riennes r\u00e9alisent un parcours sans-faute et rejoindront la N1F la saison prochaine.<\/p>\n<p>Toutes nos f\u00e9licitations aux participantes et \u00e0 l&rsquo;\u00e9quipe d&rsquo;organisation.<\/p>\n<p style=\"text-align: center;\"><img loading=\"lazy\" decoding=\"async\" class=\"alignnone wp-image-4959\" src=\"http:\/\/ligueechecsgrandest.fr\/wp-content\/uploads\/2025\/05\/20242025n2f-300x113.jpg\" alt=\"\" width=\"475\" height=\"179\" srcset=\"https:\/\/ligueechecsgrandest.fr\/wp-content\/uploads\/2025\/05\/20242025n2f-300x113.jpg 300w, https:\/\/ligueechecsgrandest.fr\/wp-content\/uploads\/2025\/05\/20242025n2f.jpg 409w\" sizes=\"auto, (max-width: 475px) 100vw, 475px\" \/><\/p>\n<p style=\"text-align: center;\">****<\/p>\n<p class=\"para_justifie\" style=\"text-align: center;\"><strong><em><span style=\"color: #993366;\">Saison 2023\/2024<\/span><\/em><\/strong><\/p>\n<p><strong>Top12 F\u00e9minin &#8211;\u00a0<\/strong><strong>Phase finale<\/strong><\/p>\n<p>Chartres accueillait, en ce dernier week-end de juin, le carr\u00e9 final de Top12F.<\/p>\n<p>L&rsquo;\u00e9quipe ch\u00e2lonnaise se pr\u00e9sentait avec l&rsquo;effectif th\u00e9oriquement le moins fort mais avec l&rsquo;objectif de renverser des montagnes.<\/p>\n<p>Pour la demi-finale, c&rsquo;est Asni\u00e8res qui se pr\u00e9sentait avec de s\u00e9rieux atouts \u00e0 faire valoir. L&rsquo;\u00e9quipe champardennaise a fait mieux que se d\u00e9fendre et a longtemps fait douter son adversaire du jour avant de ne s&rsquo;incliner que sur le score de 2 \u00e0 1.<\/p>\n<p style=\"text-align: center;\"><img loading=\"lazy\" decoding=\"async\" class=\"alignnone wp-image-2974\" src=\"http:\/\/ligueechecsgrandest.fr\/wp-content\/uploads\/2024\/07\/20232024top12fdemifinale-300x51.jpg\" alt=\"\" width=\"477\" height=\"81\" srcset=\"https:\/\/ligueechecsgrandest.fr\/wp-content\/uploads\/2024\/07\/20232024top12fdemifinale-300x51.jpg 300w, https:\/\/ligueechecsgrandest.fr\/wp-content\/uploads\/2024\/07\/20232024top12fdemifinale.jpg 598w\" sizes=\"auto, (max-width: 477px) 100vw, 477px\" \/><\/p>\n<p>Match de classement ou petite finale le lendemain avec une confrontation avec les locales de l&rsquo;\u00e9tape. Une nouvelle fois, nos repr\u00e9sentantes s&rsquo;inclinent sur le plus faible des \u00e9carts apr\u00e8s s&rsquo;\u00eatre d\u00e9fendues brillamment.<\/p>\n<p style=\"text-align: center;\"><img loading=\"lazy\" decoding=\"async\" class=\"alignnone wp-image-2973\" src=\"http:\/\/ligueechecsgrandest.fr\/wp-content\/uploads\/2024\/07\/20232024top12fdfinale-300x51.jpg\" alt=\"\" width=\"488\" height=\"83\" srcset=\"https:\/\/ligueechecsgrandest.fr\/wp-content\/uploads\/2024\/07\/20232024top12fdfinale-300x51.jpg 300w, https:\/\/ligueechecsgrandest.fr\/wp-content\/uploads\/2024\/07\/20232024top12fdfinale.jpg 596w\" sizes=\"auto, (max-width: 488px) 100vw, 488px\" \/><\/p>\n<p>La saison se termine sur une belle 4\u00e8me place.<\/p>\n<p>Toutes nos f\u00e9licitations \u00e0 Ana\u00eblle, Silvia, Liza et Margaux, sans oublier l&rsquo;\u00e9quipe d&rsquo;encadrement !!!!<\/p>\n<p><strong>Top12 F\u00e9minin &#8211; Phase de poules<\/strong><\/p>\n<p>Pour cette premi\u00e8re phase de Top F\u00e9minin, les \u00e9quipes \u00e9taient r\u00e9parties en deux poules avec pas moins de quatre \u00e9quipes du Grand Est dans les starting-blocks. A l&rsquo;sue des cinq rondes, les deux premiers partent en demi-finale et les deux derniers retournent en N1F<\/p>\n<p>Dans la Poule A, Bischwiller r\u00e9alise un beau parcours et se classe troisi\u00e8me derri\u00e8re les intouchables Chartes et Asni\u00e8res.<\/p>\n<p><img loading=\"lazy\" decoding=\"async\" class=\"alignnone wp-image-2739 aligncenter\" src=\"http:\/\/ligueechecsgrandest.fr\/wp-content\/uploads\/2024\/05\/20232024top12a-300x115.jpg\" alt=\"\" width=\"713\" height=\"273\" srcset=\"https:\/\/ligueechecsgrandest.fr\/wp-content\/uploads\/2024\/05\/20232024top12a-300x115.jpg 300w, https:\/\/ligueechecsgrandest.fr\/wp-content\/uploads\/2024\/05\/20232024top12a-768x293.jpg 768w, https:\/\/ligueechecsgrandest.fr\/wp-content\/uploads\/2024\/05\/20232024top12a.jpg 961w\" sizes=\"auto, (max-width: 713px) 100vw, 713px\" \/><\/p>\n<p>Fortunes diverses pour nos trois repr\u00e9sentants dans la Poule B. L&rsquo;Echiquier Ch\u00e2lonnais tire son \u00e9pingle du jeu \u00e0 l&rsquo;issue d&rsquo;une ultime ronde face \u00e0 Vandoeuvre tout en ma\u00eetrise et d\u00e9croche son ticket pour les demi-finales. Pourtant favorites de ce match, les Vandops ratent le coche et s&rsquo;en retournent en Lorraine pleines de regrets avec une quatri\u00e8me place. Strasbourg a fait de son mieux, mais face aux cadors pr\u00e9sentes, la marche \u00e9tait trop haute pour esp\u00e9rer se maintenir.<\/p>\n<p style=\"text-align: center;\"><img loading=\"lazy\" decoding=\"async\" class=\"alignnone wp-image-2740\" src=\"http:\/\/ligueechecsgrandest.fr\/wp-content\/uploads\/2024\/05\/20232024top12b-300x115.jpg\" alt=\"\" width=\"713\" height=\"273\" srcset=\"https:\/\/ligueechecsgrandest.fr\/wp-content\/uploads\/2024\/05\/20232024top12b-300x115.jpg 300w, https:\/\/ligueechecsgrandest.fr\/wp-content\/uploads\/2024\/05\/20232024top12b-768x293.jpg 768w, https:\/\/ligueechecsgrandest.fr\/wp-content\/uploads\/2024\/05\/20232024top12b.jpg 964w\" sizes=\"auto, (max-width: 713px) 100vw, 713px\" \/><\/p>\n<p>Bravo \u00e0 toutes les participantes ainsi qu&rsquo;au club de Chartres qui a accueilli l&rsquo;\u00e9v\u00e9nement.<\/p>\n<p style=\"text-align: center;\">****<\/p>\n<p><strong>N1 F\u00e9minin<\/strong><\/p>\n<p>Les joueuses de N1F ont profit\u00e9 du viaduc de mai pour disputer leur championnat. Au programme, des groupes de huit \u00e9quipes, trois rondes \u00e0 disputer, la premi\u00e8re monte en TOP12F et les deux derni\u00e8res descendent en N2F.<\/p>\n<p>Les \u00e9quipes de la LEGE \u00e9voluaient dans 2 groupes diff\u00e9rents.<\/p>\n<p>&#8212; Groupe Est : Mulhouse avec une \u00e9quipe digne du Top12F a survol\u00e9 la comp\u00e9tition malgr\u00e9 quelques ( petites ) frayeurs lors de la derni\u00e8re ronde. Les \u00e9quipes 2 de Ch\u00e2lons en Champagne et Bischwiller ainsi que Nancy Stanislas assurent tranquillement leur maintien \u00e0 ce niveau de comp\u00e9tition. Mention particuli\u00e8re \u00e0 Ch\u00e2lons pour l&rsquo;accueil super sympa.<\/p>\n<p><img loading=\"lazy\" decoding=\"async\" class=\"alignnone wp-image-2745 aligncenter\" src=\"http:\/\/ligueechecsgrandest.fr\/wp-content\/uploads\/2024\/05\/20232024n1fest-300x117.jpg\" alt=\"\" width=\"738\" height=\"288\" srcset=\"https:\/\/ligueechecsgrandest.fr\/wp-content\/uploads\/2024\/05\/20232024n1fest-300x117.jpg 300w, https:\/\/ligueechecsgrandest.fr\/wp-content\/uploads\/2024\/05\/20232024n1fest-768x299.jpg 768w, https:\/\/ligueechecsgrandest.fr\/wp-content\/uploads\/2024\/05\/20232024n1fest.jpg 960w\" sizes=\"auto, (max-width: 738px) 100vw, 738px\" \/><\/p>\n<p>&#8212; Groupe Nord : Reims, bascul\u00e9 dans le groupe Nord, n&rsquo;a pas r\u00e9ussi \u00e0 tirer son \u00e9pingle du jeu avec \u00e0 la cl\u00e9 un retour en N2F pour les filles de la Cit\u00e9 des Sacres<\/p>\n<p style=\"text-align: center;\"><img loading=\"lazy\" decoding=\"async\" class=\"alignnone wp-image-2746\" src=\"http:\/\/ligueechecsgrandest.fr\/wp-content\/uploads\/2024\/05\/20232024n1fnord-300x115.jpg\" alt=\"\" width=\"634\" height=\"243\" srcset=\"https:\/\/ligueechecsgrandest.fr\/wp-content\/uploads\/2024\/05\/20232024n1fnord-300x115.jpg 300w, https:\/\/ligueechecsgrandest.fr\/wp-content\/uploads\/2024\/05\/20232024n1fnord-768x295.jpg 768w, https:\/\/ligueechecsgrandest.fr\/wp-content\/uploads\/2024\/05\/20232024n1fnord.jpg 963w\" sizes=\"auto, (max-width: 634px) 100vw, 634px\" \/><\/p>\n<p style=\"text-align: center;\">****<\/p>\n<p style=\"text-align: center;\"><strong><span style=\"color: #993366;\">Saison 2022\/2023<\/span><\/strong><\/p>\n<p><strong>Top12 F\u00e9minin<br \/>\n<\/strong>1er\u00a0 \u00a0 \u00a0 Vandoeuvre Echecs<br \/>\n2\u00e8me\u00a0 Bischwiller<\/p>\n<p><em><strong>National 1 F\u00a0 Groupe Est<\/strong><\/em><br \/>\n1er\u00a0 \u00a0 \u00a0 \u00a0C.E. Starsbourg\u00a0 \u00a0 \u00a0 \u00a0 \u00a0 22 points<br \/>\n2\u00e8me\u00a0 Bischwiller\u00a0 \u00a0 \u00a0 \u00a0 \u00a0 \u00a0 \u00a0 \u00a0 \u00a0 \u00a013 points<br \/>\n3\u00e8eme Nancy Stanislas\u00a0 \u00a0 \u00a0 \u00a0 \u00a0 15 points<\/p>\n","protected":false},"excerpt":{"rendered":"<p>Saison 2025\/2026 Top12 F\u00e9minin &#8211; Phase finale &nbsp; Top12 F\u00e9minin &#8211; Phase de poules &nbsp; **** N1 F\u00e9minin &nbsp; **** N2 F\u00e9minin S\u00e9lestat a accueilli la Phase Alsace de N2F \u00e0 laquelle pas moins de 7 \u00e9quipes ont particip\u00e9. Qui &hellip; <a href=\"https:\/\/ligueechecsgrandest.fr\/?page_id=233\">Continuer la lecture <span class=\"meta-nav\">&rarr;<\/span><\/a><\/p>\n","protected":false},"author":1,"featured_media":0,"parent":0,"menu_order":0,"comment_status":"closed","ping_status":"closed","template":"","meta":{"_EventAllDay":false,"_EventTimezone":"","_EventStartDate":"","_EventEndDate":"","_EventStartDateUTC":"","_EventEndDateUTC":"","_EventShowMap":false,"_EventShowMapLink":false,"_EventURL":"","_EventCost":"","_EventCostDescription":"","_EventCurrencySymbol":"","_EventCurrencyCode":"","_EventCurrencyPosition":"","_EventDateTimeSeparator":"","_EventTimeRangeSeparator":"","_EventOrganizerID":[],"_EventVenueID":[],"_OrganizerEmail":"","_OrganizerPhone":"","_OrganizerWebsite":"","_VenueAddress":"","_VenueCity":"","_VenueCountry":"","_VenueProvince":"","_VenueState":"","_VenueZip":"","_VenuePhone":"","_VenueURL":"","_VenueStateProvince":"","_VenueLat":"","_VenueLng":"","_VenueShowMap":false,"_VenueShowMapLink":false,"footnotes":""},"class_list":["post-233","page","type-page","status-publish","hentry"],"aioseo_notices":[],"_links":{"self":[{"href":"https:\/\/ligueechecsgrandest.fr\/index.php?rest_route=\/wp\/v2\/pages\/233","targetHints":{"allow":["GET"]}}],"collection":[{"href":"https:\/\/ligueechecsgrandest.fr\/index.php?rest_route=\/wp\/v2\/pages"}],"about":[{"href":"https:\/\/ligueechecsgrandest.fr\/index.php?rest_route=\/wp\/v2\/types\/page"}],"author":[{"embeddable":true,"href":"https:\/\/ligueechecsgrandest.fr\/index.php?rest_route=\/wp\/v2\/users\/1"}],"replies":[{"embeddable":true,"href":"https:\/\/ligueechecsgrandest.fr\/index.php?rest_route=%2Fwp%2Fv2%2Fcomments&post=233"}],"version-history":[{"count":20,"href":"https:\/\/ligueechecsgrandest.fr\/index.php?rest_route=\/wp\/v2\/pages\/233\/revisions"}],"predecessor-version":[{"id":6351,"href":"https:\/\/ligueechecsgrandest.fr\/index.php?rest_route=\/wp\/v2\/pages\/233\/revisions\/6351"}],"wp:attachment":[{"href":"https:\/\/ligueechecsgrandest.fr\/index.php?rest_route=%2Fwp%2Fv2%2Fmedia&parent=233"}],"curies":[{"name":"wp","href":"https:\/\/api.w.org\/{rel}","templated":true}]}}