{"id":231,"date":"2021-06-08T07:50:14","date_gmt":"2021-06-08T05:50:14","guid":{"rendered":"https:\/\/ligueechecsgrandest.fr\/?page_id=231"},"modified":"2021-08-23T21:14:26","modified_gmt":"2021-08-23T19:14:26","slug":"interclubs","status":"publish","type":"page","link":"https:\/\/ligueechecsgrandest.fr\/?page_id=231","title":{"rendered":"Interclubs"},"content":{"rendered":"<p><img loading=\"lazy\" decoding=\"async\" class=\"size-full wp-image-468 alignleft\" src=\"http:\/\/ligueechecsgrandest.fr\/wp-content\/uploads\/2021\/06\/FFE-Interclubs.jpg\" alt=\"\" width=\"169\" height=\"121\" \/>Pour avoir toutes les informations sur les comp\u00e9titions Interclubs du Top16 \u00e0 la N4<br \/>\nrendez vous sur le site de la FFE s\u00e9lectionner \u00ab\u00a0Interclub adultes\u00a0\u00bb puis le niveau de la comp\u00e9tition recherch\u00e9e.<\/p>\n<p style=\"padding-left: 80px;\"><a title=\"FFE - Comp\u00e9titions par Equipe\" href=\"http:\/\/www.echecs.asso.fr\/Equipes.aspx\">FFE &#8211; Comp\u00e9titions par \u00e9quipe<\/a><\/p>\n<p>Les Interclubs sont des comp\u00e9titions qui opposent des \u00e9quipes compos\u00e9es de joueurs licenci\u00e9s dans un m\u00eame club.<br \/>\nLes interclubs concernent 3 niveaux : le niveau national, le niveau Ligue, le niveau d\u00e9partemental.<\/p>\n<p><strong>Pour le niveau national\u00a0<\/strong> :<br \/>\n.\u00a0 \u00a0 \u00a0 \u00a0 \u00a0 \u00a0 <a href=\"https:\/\/ligueechecsgrandest.fr\/?page_id=799\" target=\"_blank\" rel=\"noopener\">Top 16<\/a>\u00a0 \u00a0 \u00a0 \u00a0 \u00a0 \u00a0 \u00a0 \u00a0 \u00a0 \u00a0 1\u00a0 groupe\u00a0 \u00a0de\u00a0 \u00a012 \u00e9quipes<br \/>\n.\u00a0 \u00a0 \u00a0 \u00a0 \u00a0 \u00a0 <a href=\"https:\/\/ligueechecsgrandest.fr\/?page_id=801\" target=\"_blank\" rel=\"noopener\">National 1<\/a>\u00a0 N1\u00a0 \u00a0 \u00a04\u00a0 groupes de\u00a0 \u00a010 \u00e9quipes<br \/>\n.\u00a0 \u00a0 \u00a0 \u00a0 \u00a0 \u00a0 <a href=\"https:\/\/ligueechecsgrandest.fr\/?page_id=803\" target=\"_blank\" rel=\"noopener\">National 2<\/a>\u00a0 N2\u00a0 \u00a0 \u00a08\u00a0 groupes de\u00a0 10 \u00e9quipes<br \/>\n.\u00a0 \u00a0 \u00a0 \u00a0 \u00a0 \u00a0 <a href=\"https:\/\/ligueechecsgrandest.fr\/?page_id=805\">National 3<\/a>\u00a0N3\u00a0 \u00a018 groupes de\u00a0 \u00a010 \u00e9quipes<\/p>\n<p><strong>Pour le niveau LEGE<\/strong><br \/>\n.\u00a0 \u00a0 \u00a0 \u00a0 \u00a0 \u00a0 <a href=\"https:\/\/ligueechecsgrandest.fr\/?page_id=807\" target=\"_blank\" rel=\"noopener\">National 4<\/a>\u00a0 \u00a0 7 groupes de\u00a0 7 \u00e9quipes<br \/>\n.\u00a0 \u00a0 \u00a0 \u00a0 \u00a0 \u00a0 Pour la LEGE, la N4 est sous la Responsabilit\u00e9 du Directeur Technique R\u00e9gional et<br \/>\n.\u00a0 \u00a0 \u00a0 \u00a0 \u00a0 \u00a0 des 3 Directeurs de Groupe (un par r\u00e9gion).<\/p>\n<p><strong>Pour le niveau d\u00e9partemental<\/strong> (ou interd\u00e9partemental)<br \/>\n.\u00a0 \u00a0 \u00a0 \u00a0 \u00a0 \u00a0D\u00e9partemental 2\u00a0 \u00a0D2\u00a0 1 groupe de \u00ab\u00a0n\u00a0\u00bb \u00e9quipes (n \u00e9tant d\u00e9cid\u00e9 par les CDJE)<br \/>\n.\u00a0 \u00a0 \u00a0 \u00a0 \u00a0 \u00a0D\u00e9partemental 1\u00a0 \u00a0D1\u00a0 \u00a01 groupe de \u00ab\u00a0n\u00a0\u00bb \u00e9quipes<br \/>\n.\u00a0 \u00a0 \u00a0 \u00a0 \u00a0 \u00a0Les directeurs de groupe sont d\u00e9sign\u00e9s par les CDJE<\/p>\n","protected":false},"excerpt":{"rendered":"<p>Pour avoir toutes les informations sur les comp\u00e9titions Interclubs du Top16 \u00e0 la N4 rendez vous sur le site de la FFE s\u00e9lectionner \u00ab\u00a0Interclub adultes\u00a0\u00bb puis le niveau de la comp\u00e9tition recherch\u00e9e. FFE &#8211; Comp\u00e9titions par \u00e9quipe Les Interclubs sont &hellip; <a href=\"https:\/\/ligueechecsgrandest.fr\/?page_id=231\">Continuer la lecture <span class=\"meta-nav\">&rarr;<\/span><\/a><\/p>\n","protected":false},"author":1,"featured_media":0,"parent":0,"menu_order":0,"comment_status":"closed","ping_status":"closed","template":"","meta":{"_EventAllDay":false,"_EventTimezone":"","_EventStartDate":"","_EventEndDate":"","_EventStartDateUTC":"","_EventEndDateUTC":"","_EventShowMap":false,"_EventShowMapLink":false,"_EventURL":"","_EventCost":"","_EventCostDescription":"","_EventCurrencySymbol":"","_EventCurrencyCode":"","_EventCurrencyPosition":"","_EventDateTimeSeparator":"","_EventTimeRangeSeparator":"","_EventOrganizerID":[],"_EventVenueID":[],"_OrganizerEmail":"","_OrganizerPhone":"","_OrganizerWebsite":"","_VenueAddress":"","_VenueCity":"","_VenueCountry":"","_VenueProvince":"","_VenueState":"","_VenueZip":"","_VenuePhone":"","_VenueURL":"","_VenueStateProvince":"","_VenueLat":"","_VenueLng":"","_VenueShowMap":false,"_VenueShowMapLink":false,"footnotes":""},"class_list":["post-231","page","type-page","status-publish","hentry"],"aioseo_notices":[],"_links":{"self":[{"href":"https:\/\/ligueechecsgrandest.fr\/index.php?rest_route=\/wp\/v2\/pages\/231","targetHints":{"allow":["GET"]}}],"collection":[{"href":"https:\/\/ligueechecsgrandest.fr\/index.php?rest_route=\/wp\/v2\/pages"}],"about":[{"href":"https:\/\/ligueechecsgrandest.fr\/index.php?rest_route=\/wp\/v2\/types\/page"}],"author":[{"embeddable":true,"href":"https:\/\/ligueechecsgrandest.fr\/index.php?rest_route=\/wp\/v2\/users\/1"}],"replies":[{"embeddable":true,"href":"https:\/\/ligueechecsgrandest.fr\/index.php?rest_route=%2Fwp%2Fv2%2Fcomments&post=231"}],"version-history":[{"count":18,"href":"https:\/\/ligueechecsgrandest.fr\/index.php?rest_route=\/wp\/v2\/pages\/231\/revisions"}],"predecessor-version":[{"id":828,"href":"https:\/\/ligueechecsgrandest.fr\/index.php?rest_route=\/wp\/v2\/pages\/231\/revisions\/828"}],"wp:attachment":[{"href":"https:\/\/ligueechecsgrandest.fr\/index.php?rest_route=%2Fwp%2Fv2%2Fmedia&parent=231"}],"curies":[{"name":"wp","href":"https:\/\/api.w.org\/{rel}","templated":true}]}}